{"id":20592,"date":"2024-12-31T21:09:57","date_gmt":"2025-01-01T02:09:57","guid":{"rendered":"https:\/\/www.cupssupplier.com\/product\/custom-diamond-tumbler\/"},"modified":"2025-05-21T05:00:25","modified_gmt":"2025-05-21T09:00:25","slug":"custom-diamond-tumbler","status":"publish","type":"product","link":"https:\/\/www.cupssupplier.com\/fr\/custom-diamond-tumbler\/","title":{"rendered":"Gobelet Diamant Personnalis\u00e9 en Acier Inoxydable"},"content":{"rendered":"<h3 class=\"\" data-start=\"109\" data-end=\"196\"><strong data-start=\"118\" data-end=\"196\">Gobelet Diamant Personnalis\u00e9 en Acier Inoxydable \u2013 \u00c9l\u00e9gance et Performance<\/strong><\/h3>\n<p class=\"\" data-start=\"198\" data-end=\"649\"><strong data-start=\"198\" data-end=\"296\">Rehaussez votre exp\u00e9rience de boisson avec le Gobelet Diamant Personnalis\u00e9 en Acier Inoxydable<\/strong>, alliant glamour et praticit\u00e9. Avec son motif textur\u00e9 en forme de diamant, ce gobelet est fabriqu\u00e9 \u00e0 partir de mat\u00e9riaux de haute qualit\u00e9 pour une performance durable. L&rsquo;isolation \u00e0 double paroi garde vos boissons chaudes ou froides pendant des heures, tandis que le couvercle anti-\u00e9claboussures offre une utilisation pratique lors de vos d\u00e9placements.<\/p>\n<p class=\"\" data-start=\"651\" data-end=\"675\"><strong data-start=\"651\" data-end=\"673\">Caract\u00e9ristiques :<\/strong><\/p>\n<ul>\n<li style=\"list-style-type: none;\">\n<ul data-start=\"676\" data-end=\"1038\">\n<li class=\"\" data-start=\"676\" data-end=\"728\">\n<p class=\"\" data-start=\"678\" data-end=\"728\"><strong data-start=\"678\" data-end=\"692\">Mat\u00e9riau :<\/strong> Acier inoxydable de haute qualit\u00e9<\/p>\n<\/li>\n<li class=\"\" data-start=\"729\" data-end=\"776\">\n<p class=\"\" data-start=\"731\" data-end=\"776\"><strong data-start=\"731\" data-end=\"743\">Design :<\/strong> Motif diamant, personnalisable<\/p>\n<\/li>\n<li class=\"\" data-start=\"777\" data-end=\"853\">\n<p class=\"\" data-start=\"779\" data-end=\"853\"><strong data-start=\"779\" data-end=\"794\">Isolation :<\/strong> Double paroi pour garder les boissons chaudes ou froides<\/p>\n<\/li>\n<li class=\"\" data-start=\"854\" data-end=\"903\">\n<p class=\"\" data-start=\"856\" data-end=\"903\"><strong data-start=\"856\" data-end=\"878\">Personnalisation :<\/strong> Texte ou logo au choix<\/p>\n<\/li>\n<li class=\"\" data-start=\"904\" data-end=\"983\">\n<p class=\"\" data-start=\"906\" data-end=\"983\"><strong data-start=\"906\" data-end=\"923\">Utilisation :<\/strong> Id\u00e9al pour le sport, le bureau, les activit\u00e9s ext\u00e9rieures<\/p>\n<\/li>\n<li class=\"\" data-start=\"984\" data-end=\"1038\">\n<p class=\"\" data-start=\"986\" data-end=\"1038\"><strong data-start=\"986\" data-end=\"1002\">Durabilit\u00e9 :<\/strong> R\u00e9sistant aux rayures et sans BPA<\/p>\n<\/li>\n<\/ul>\n<\/li>\n<\/ul>\n<p><img loading=\"lazy\" decoding=\"async\" class=\"aligncenter wp-image-1796 \" src=\"https:\/\/www.cupssupplier.com\/wp-content\/uploads\/2024\/12\/6-7.webp\" alt=\"Custom Diamond Tumbler\" width=\"1080\" height=\"1080\" srcset=\"https:\/\/www.cupssupplier.com\/wp-content\/uploads\/2024\/12\/6-7.webp 960w, https:\/\/www.cupssupplier.com\/wp-content\/uploads\/2024\/12\/6-7-300x300.webp 300w, https:\/\/www.cupssupplier.com\/wp-content\/uploads\/2024\/12\/6-7-150x150.webp 150w, https:\/\/www.cupssupplier.com\/wp-content\/uploads\/2024\/12\/6-7-768x768.webp 768w, https:\/\/www.cupssupplier.com\/wp-content\/uploads\/2024\/12\/6-7-600x600.webp 600w, https:\/\/www.cupssupplier.com\/wp-content\/uploads\/2024\/12\/6-7-100x100.webp 100w\" sizes=\"auto, (max-width: 1080px) 100vw, 1080px\" title=\"\"> <img loading=\"lazy\" decoding=\"async\" class=\"aligncenter wp-image-1795 size-full\" src=\"https:\/\/www.cupssupplier.com\/wp-content\/uploads\/2024\/12\/5-7.webp\" alt=\"auto draft\" width=\"1080\" height=\"1080\" srcset=\"https:\/\/www.cupssupplier.com\/wp-content\/uploads\/2024\/12\/5-7.webp 1080w, https:\/\/www.cupssupplier.com\/wp-content\/uploads\/2024\/12\/5-7-300x300.webp 300w, https:\/\/www.cupssupplier.com\/wp-content\/uploads\/2024\/12\/5-7-1024x1024.webp 1024w, https:\/\/www.cupssupplier.com\/wp-content\/uploads\/2024\/12\/5-7-150x150.webp 150w, https:\/\/www.cupssupplier.com\/wp-content\/uploads\/2024\/12\/5-7-768x768.webp 768w, https:\/\/www.cupssupplier.com\/wp-content\/uploads\/2024\/12\/5-7-600x600.webp 600w, https:\/\/www.cupssupplier.com\/wp-content\/uploads\/2024\/12\/5-7-100x100.webp 100w\" sizes=\"auto, (max-width: 1080px) 100vw, 1080px\" title=\"\"> <img loading=\"lazy\" decoding=\"async\" class=\"aligncenter wp-image-1799 size-full\" src=\"https:\/\/www.cupssupplier.com\/wp-content\/uploads\/2024\/12\/3-8.webp\" alt=\"Custom Diamond Tumbler\" width=\"1080\" height=\"1080\" srcset=\"https:\/\/www.cupssupplier.com\/wp-content\/uploads\/2024\/12\/3-8.webp 1080w, https:\/\/www.cupssupplier.com\/wp-content\/uploads\/2024\/12\/3-8-300x300.webp 300w, https:\/\/www.cupssupplier.com\/wp-content\/uploads\/2024\/12\/3-8-1024x1024.webp 1024w, https:\/\/www.cupssupplier.com\/wp-content\/uploads\/2024\/12\/3-8-150x150.webp 150w, https:\/\/www.cupssupplier.com\/wp-content\/uploads\/2024\/12\/3-8-768x768.webp 768w, https:\/\/www.cupssupplier.com\/wp-content\/uploads\/2024\/12\/3-8-600x600.webp 600w, https:\/\/www.cupssupplier.com\/wp-content\/uploads\/2024\/12\/3-8-100x100.webp 100w\" sizes=\"auto, (max-width: 1080px) 100vw, 1080px\" title=\"\"><\/p>\n<p>&nbsp;<\/p>\n<p class=\"\" data-start=\"1040\" data-end=\"1099\"><strong data-start=\"1040\" data-end=\"1097\">Pourquoi choisir notre Gobelet Diamant Personnalis\u00e9 ?<\/strong><\/p>\n<ul>\n<li style=\"list-style-type: none;\">\n<ul data-start=\"1100\" data-end=\"1345\">\n<li class=\"\" data-start=\"1100\" data-end=\"1168\">\n<p class=\"\" data-start=\"1102\" data-end=\"1168\"><strong data-start=\"1102\" data-end=\"1120\">Style unique :<\/strong> Personnalisez-le avec une gravure sur mesure.<\/p>\n<\/li>\n<li class=\"\" data-start=\"1169\" data-end=\"1267\">\n<p class=\"\" data-start=\"1171\" data-end=\"1267\"><strong data-start=\"1171\" data-end=\"1203\">Ma\u00eetrise de la temp\u00e9rature :<\/strong> Gardez vos boissons \u00e0 la temp\u00e9rature id\u00e9ale toute la journ\u00e9e.<\/p>\n<\/li>\n<li class=\"\" data-start=\"1268\" data-end=\"1345\">\n<p class=\"\" data-start=\"1270\" data-end=\"1345\"><strong data-start=\"1270\" data-end=\"1295\">\u00c9l\u00e9gant et pratique :<\/strong> Son design diamant\u00e9 apporte une touche de luxe.<\/p>\n<\/li>\n<\/ul>\n<\/li>\n<\/ul>\n","protected":false},"excerpt":{"rendered":"<p class=\"\" data-start=\"1347\" data-end=\"1799\">Restez \u00e9l\u00e9gant et hydrat\u00e9 avec notre gobelet diamant personnalis\u00e9 en acier inoxydable, con\u00e7u pour briller comme un bijou. Ce gobelet attrayant arbore un motif diamant unique qui refl\u00e8te magnifiquement la lumi\u00e8re, ce qui en fait un accessoire remarquable en toute occasion. Gr\u00e2ce \u00e0 sa double paroi isolante, il garde vos boissons froides jusqu&rsquo;\u00e0 12 heures et chaudes jusqu&rsquo;\u00e0 6 heures. Personnalisez-le avec votre nom, votre logo ou votre citation pr\u00e9f\u00e9r\u00e9e pour une touche personnelle. Id\u00e9al pour une hydratation nomade, que vous soyez \u00e0 la salle de sport, au bureau ou en aventure.<\/p>\n<p class=\"\" data-start=\"1801\" data-end=\"2065\">\n","protected":false},"featured_media":4126,"template":"","meta":{"om_disable_all_campaigns":false},"product_brand":[],"product_cat":[284],"product_tag":[],"class_list":{"0":"post-20592","1":"product","2":"type-product","3":"status-publish","4":"has-post-thumbnail","6":"product_cat-gobelet","8":"first","9":"instock","10":"shipping-taxable","11":"product-type-simple"},"_links":{"self":[{"href":"https:\/\/www.cupssupplier.com\/fr\/wp-json\/wp\/v2\/product\/20592","targetHints":{"allow":["GET"]}}],"collection":[{"href":"https:\/\/www.cupssupplier.com\/fr\/wp-json\/wp\/v2\/product"}],"about":[{"href":"https:\/\/www.cupssupplier.com\/fr\/wp-json\/wp\/v2\/types\/product"}],"wp:featuredmedia":[{"embeddable":true,"href":"https:\/\/www.cupssupplier.com\/fr\/wp-json\/wp\/v2\/media\/4126"}],"wp:attachment":[{"href":"https:\/\/www.cupssupplier.com\/fr\/wp-json\/wp\/v2\/media?parent=20592"}],"wp:term":[{"taxonomy":"product_brand","embeddable":true,"href":"https:\/\/www.cupssupplier.com\/fr\/wp-json\/wp\/v2\/product_brand?post=20592"},{"taxonomy":"product_cat","embeddable":true,"href":"https:\/\/www.cupssupplier.com\/fr\/wp-json\/wp\/v2\/product_cat?post=20592"},{"taxonomy":"product_tag","embeddable":true,"href":"https:\/\/www.cupssupplier.com\/fr\/wp-json\/wp\/v2\/product_tag?post=20592"}],"curies":[{"name":"wp","href":"https:\/\/api.w.org\/{rel}","templated":true}]}}