{"id":20578,"date":"2024-12-31T21:31:07","date_gmt":"2025-01-01T02:31:07","guid":{"rendered":"https:\/\/www.cupssupplier.com\/product\/custom-metal-tumblers\/"},"modified":"2025-05-21T04:00:55","modified_gmt":"2025-05-21T08:00:55","slug":"custom-metal-tumblers","status":"publish","type":"product","link":"https:\/\/www.cupssupplier.com\/fr\/custom-metal-tumblers\/","title":{"rendered":"Gobelets M\u00e9talliques Personnalis\u00e9s en Gros"},"content":{"rendered":"<p class=\"\" data-start=\"129\" data-end=\"213\"><strong data-start=\"129\" data-end=\"213\">Gobelets M\u00e9talliques Personnalis\u00e9s en Gros \u2013 \u00c9l\u00e9gants, Isol\u00e9s et \u00c9coresponsables<\/strong><\/p>\n<p class=\"\" data-start=\"215\" data-end=\"377\">Restez \u00e9l\u00e9gant et hydrat\u00e9 avec nos gobelets m\u00e9talliques personnalis\u00e9s en gros de haute qualit\u00e9, alliant fonctionnalit\u00e9 et personnalisation. Ces gobelets offrent :<\/p>\n<ul data-start=\"379\" data-end=\"888\">\n<li class=\"\" data-start=\"379\" data-end=\"496\">\n<p class=\"\" data-start=\"381\" data-end=\"496\"><strong data-start=\"381\" data-end=\"430\">Construction M\u00e9tallique de Qualit\u00e9 Sup\u00e9rieure<\/strong> : Fabriqu\u00e9s en acier inoxydable sans BPA, robustes et durables.<\/p>\n<\/li>\n<li class=\"\" data-start=\"497\" data-end=\"596\">\n<p class=\"\" data-start=\"499\" data-end=\"596\"><strong data-start=\"499\" data-end=\"527\">Options Personnalisables<\/strong> : Ajoutez des noms, logos ou messages selon votre style ou marque.<\/p>\n<\/li>\n<li class=\"\" data-start=\"597\" data-end=\"690\">\n<p class=\"\" data-start=\"599\" data-end=\"690\"><strong data-start=\"599\" data-end=\"623\">Conception Isotherme<\/strong> : Garde les boissons chaudes jusqu&rsquo;\u00e0 12h et froides jusqu&rsquo;\u00e0 24h.<\/p>\n<\/li>\n<li class=\"\" data-start=\"691\" data-end=\"786\">\n<p class=\"\" data-start=\"693\" data-end=\"786\"><strong data-start=\"693\" data-end=\"727\">\u00c9coresponsable et R\u00e9utilisable<\/strong> : Une alternative durable aux plastiques \u00e0 usage unique.<\/p>\n<\/li>\n<li class=\"\" data-start=\"787\" data-end=\"888\">\n<p class=\"\" data-start=\"789\" data-end=\"888\"><strong data-start=\"789\" data-end=\"817\">Polyvalents et Portables<\/strong> : Id\u00e9als pour le travail, les voyages, les \u00e9v\u00e9nements ou comme cadeau.<\/p>\n<\/li>\n<\/ul>\n<p class=\"\" data-start=\"890\" data-end=\"1047\">Que ce soit pour un usage personnel ou comme cadeau unique et personnalis\u00e9, nos gobelets m\u00e9talliques offrent l\u2019\u00e9quilibre parfait entre \u00e9l\u00e9gance et praticit\u00e9.<\/p>\n<p><img loading=\"lazy\" decoding=\"async\" class=\"aligncenter wp-image-1810 size-full\" src=\"https:\/\/www.cupssupplier.com\/wp-content\/uploads\/2024\/12\/3-10.webp\" alt=\"custom metal tumblers\" width=\"1563\" height=\"1836\" srcset=\"https:\/\/www.cupssupplier.com\/wp-content\/uploads\/2024\/12\/3-10.webp 1563w, https:\/\/www.cupssupplier.com\/wp-content\/uploads\/2024\/12\/3-10-255x300.webp 255w, https:\/\/www.cupssupplier.com\/wp-content\/uploads\/2024\/12\/3-10-872x1024.webp 872w, https:\/\/www.cupssupplier.com\/wp-content\/uploads\/2024\/12\/3-10-768x902.webp 768w, https:\/\/www.cupssupplier.com\/wp-content\/uploads\/2024\/12\/3-10-1308x1536.webp 1308w, https:\/\/www.cupssupplier.com\/wp-content\/uploads\/2024\/12\/3-10-300x352.webp 300w, https:\/\/www.cupssupplier.com\/wp-content\/uploads\/2024\/12\/3-10-600x705.webp 600w\" sizes=\"auto, (max-width: 1563px) 100vw, 1563px\" title=\"\"> <img loading=\"lazy\" decoding=\"async\" class=\"aligncenter wp-image-1811 size-full\" src=\"https:\/\/www.cupssupplier.com\/wp-content\/uploads\/2024\/12\/4-8.webp\" alt=\"custom metal tumblers\" width=\"1563\" height=\"2156\" srcset=\"https:\/\/www.cupssupplier.com\/wp-content\/uploads\/2024\/12\/4-8.webp 1563w, https:\/\/www.cupssupplier.com\/wp-content\/uploads\/2024\/12\/4-8-217x300.webp 217w, https:\/\/www.cupssupplier.com\/wp-content\/uploads\/2024\/12\/4-8-742x1024.webp 742w, https:\/\/www.cupssupplier.com\/wp-content\/uploads\/2024\/12\/4-8-768x1059.webp 768w, https:\/\/www.cupssupplier.com\/wp-content\/uploads\/2024\/12\/4-8-1114x1536.webp 1114w, https:\/\/www.cupssupplier.com\/wp-content\/uploads\/2024\/12\/4-8-1485x2048.webp 1485w, https:\/\/www.cupssupplier.com\/wp-content\/uploads\/2024\/12\/4-8-300x414.webp 300w, https:\/\/www.cupssupplier.com\/wp-content\/uploads\/2024\/12\/4-8-600x828.webp 600w\" sizes=\"auto, (max-width: 1563px) 100vw, 1563px\" title=\"\"> <img loading=\"lazy\" decoding=\"async\" class=\"aligncenter wp-image-1812 size-full\" src=\"https:\/\/www.cupssupplier.com\/wp-content\/uploads\/2024\/12\/5-10.webp\" alt=\"custom metal tumblers\" width=\"1563\" height=\"1771\" srcset=\"https:\/\/www.cupssupplier.com\/wp-content\/uploads\/2024\/12\/5-10.webp 1563w, https:\/\/www.cupssupplier.com\/wp-content\/uploads\/2024\/12\/5-10-265x300.webp 265w, https:\/\/www.cupssupplier.com\/wp-content\/uploads\/2024\/12\/5-10-904x1024.webp 904w, https:\/\/www.cupssupplier.com\/wp-content\/uploads\/2024\/12\/5-10-768x870.webp 768w, https:\/\/www.cupssupplier.com\/wp-content\/uploads\/2024\/12\/5-10-1356x1536.webp 1356w, https:\/\/www.cupssupplier.com\/wp-content\/uploads\/2024\/12\/5-10-300x340.webp 300w, https:\/\/www.cupssupplier.com\/wp-content\/uploads\/2024\/12\/5-10-600x680.webp 600w\" sizes=\"auto, (max-width: 1563px) 100vw, 1563px\" title=\"\"> <img loading=\"lazy\" decoding=\"async\" class=\"aligncenter wp-image-1808 size-full\" src=\"https:\/\/www.cupssupplier.com\/wp-content\/uploads\/2024\/12\/5-9.webp\" alt=\"custom metal tumblers\" width=\"1200\" height=\"1200\" srcset=\"https:\/\/www.cupssupplier.com\/wp-content\/uploads\/2024\/12\/5-9.webp 1200w, https:\/\/www.cupssupplier.com\/wp-content\/uploads\/2024\/12\/5-9-300x300.webp 300w, https:\/\/www.cupssupplier.com\/wp-content\/uploads\/2024\/12\/5-9-1024x1024.webp 1024w, https:\/\/www.cupssupplier.com\/wp-content\/uploads\/2024\/12\/5-9-150x150.webp 150w, https:\/\/www.cupssupplier.com\/wp-content\/uploads\/2024\/12\/5-9-768x768.webp 768w, https:\/\/www.cupssupplier.com\/wp-content\/uploads\/2024\/12\/5-9-600x600.webp 600w, https:\/\/www.cupssupplier.com\/wp-content\/uploads\/2024\/12\/5-9-100x100.webp 100w\" sizes=\"auto, (max-width: 1200px) 100vw, 1200px\" title=\"\"><\/p>\n","protected":false},"excerpt":{"rendered":"<p class=\"\" data-start=\"451\" data-end=\"897\">D\u00e9couvrez nos gobelets m\u00e9talliques personnalis\u00e9s en gros, fabriqu\u00e9s en acier inoxydable durable et enti\u00e8rement personnalisables. Leur isolation garde les boissons chaudes ou froides pendant des heures. \u00c9cologiques et r\u00e9utilisables, ils sont parfaits pour les cadeaux, les \u00e9v\u00e9nements ou une utilisation quotidienne. Commandez d\u00e8s aujourd\u2019hui !<\/p>\n<p class=\"\" data-start=\"451\" data-end=\"897\">\n","protected":false},"featured_media":4258,"template":"","meta":{"om_disable_all_campaigns":false},"product_brand":[],"product_cat":[284],"product_tag":[],"class_list":{"0":"post-20578","1":"product","2":"type-product","3":"status-publish","4":"has-post-thumbnail","6":"product_cat-gobelet","8":"first","9":"instock","10":"shipping-taxable","11":"product-type-simple"},"_links":{"self":[{"href":"https:\/\/www.cupssupplier.com\/fr\/wp-json\/wp\/v2\/product\/20578","targetHints":{"allow":["GET"]}}],"collection":[{"href":"https:\/\/www.cupssupplier.com\/fr\/wp-json\/wp\/v2\/product"}],"about":[{"href":"https:\/\/www.cupssupplier.com\/fr\/wp-json\/wp\/v2\/types\/product"}],"wp:featuredmedia":[{"embeddable":true,"href":"https:\/\/www.cupssupplier.com\/fr\/wp-json\/wp\/v2\/media\/4258"}],"wp:attachment":[{"href":"https:\/\/www.cupssupplier.com\/fr\/wp-json\/wp\/v2\/media?parent=20578"}],"wp:term":[{"taxonomy":"product_brand","embeddable":true,"href":"https:\/\/www.cupssupplier.com\/fr\/wp-json\/wp\/v2\/product_brand?post=20578"},{"taxonomy":"product_cat","embeddable":true,"href":"https:\/\/www.cupssupplier.com\/fr\/wp-json\/wp\/v2\/product_cat?post=20578"},{"taxonomy":"product_tag","embeddable":true,"href":"https:\/\/www.cupssupplier.com\/fr\/wp-json\/wp\/v2\/product_tag?post=20578"}],"curies":[{"name":"wp","href":"https:\/\/api.w.org\/{rel}","templated":true}]}}