{"id":20564,"date":"2025-01-01T02:27:51","date_gmt":"2025-01-01T07:27:51","guid":{"rendered":"https:\/\/www.cupssupplier.com\/product\/bulk-custom-20-oz-tumbler\/"},"modified":"2025-05-21T01:15:59","modified_gmt":"2025-05-21T05:15:59","slug":"bulk-custom-20-oz-tumbler","status":"publish","type":"product","link":"https:\/\/www.cupssupplier.com\/fr\/bulk-custom-20-oz-tumbler\/","title":{"rendered":"Gobelets Personnalis\u00e9s de 20 oz en Gros"},"content":{"rendered":"<h3 class=\"\" data-start=\"88\" data-end=\"178\"><strong data-start=\"97\" data-end=\"178\">Gobelets Personnalis\u00e9s de 20 oz en Gros \u2013 Vaisselle Isotherme &amp; Personnalis\u00e9e<\/strong><\/h3>\n<p class=\"\" data-start=\"180\" data-end=\"352\">Am\u00e9liorez votre exp\u00e9rience de boisson avec nos gobelets personnalis\u00e9s de 20 oz en gros, alliant praticit\u00e9 et personnalisation dans un design \u00e9l\u00e9gant. Ces gobelets offrent :<\/p>\n<ul data-start=\"354\" data-end=\"951\">\n<li class=\"\" data-start=\"354\" data-end=\"459\">\n<p class=\"\" data-start=\"356\" data-end=\"459\"><strong data-start=\"356\" data-end=\"377\">Isolation Premium<\/strong> : Conserve les boissons chaudes jusqu&rsquo;\u00e0 12 heures ou froides jusqu&rsquo;\u00e0 24 heures.<\/p>\n<\/li>\n<li class=\"\" data-start=\"460\" data-end=\"581\">\n<p class=\"\" data-start=\"462\" data-end=\"581\"><strong data-start=\"462\" data-end=\"488\">Design Personnalisable<\/strong> : Ajoutez logos, slogans ou messages sur mesure pour refl\u00e9ter votre marque ou votre style.<\/p>\n<\/li>\n<li class=\"\" data-start=\"582\" data-end=\"724\">\n<p class=\"\" data-start=\"584\" data-end=\"724\"><strong data-start=\"584\" data-end=\"611\">Durables et \u00c9cologiques<\/strong> : Fabriqu\u00e9s en acier inoxydable sans BPA pour une utilisation longue dur\u00e9e et respectueuse de l\u2019environnement.<\/p>\n<\/li>\n<li class=\"\" data-start=\"725\" data-end=\"822\">\n<p class=\"\" data-start=\"727\" data-end=\"822\"><strong data-start=\"727\" data-end=\"746\">Taille Parfaite<\/strong> : Capacit\u00e9 de 20 oz, id\u00e9ale pour le caf\u00e9, le th\u00e9, les smoothies ou l\u2019eau.<\/p>\n<\/li>\n<li class=\"\" data-start=\"823\" data-end=\"951\">\n<p class=\"\" data-start=\"825\" data-end=\"951\"><strong data-start=\"825\" data-end=\"860\">Avantages des Commandes en Gros<\/strong> : Parfait pour les \u00e9v\u00e9nements, cadeaux d\u2019entreprise ou de groupe \u2013 \u00e9conomique et uniforme.<\/p>\n<\/li>\n<\/ul>\n<p class=\"\" data-start=\"953\" data-end=\"1089\">Que ce soit pour une promotion commerciale, un \u00e9v\u00e9nement sp\u00e9cial ou un usage personnel, ces gobelets sont un choix pratique et tendance.<\/p>\n<p class=\"\" data-start=\"1091\" data-end=\"1240\"><strong data-start=\"1091\" data-end=\"1240\">Faites rayonner votre marque ou profitez d&rsquo;une boisson personnalis\u00e9e avec nos gobelets de 20 oz personnalis\u00e9s en gros. Commandez d\u00e8s maintenant !<\/strong><\/p>\n<p><img loading=\"lazy\" decoding=\"async\" class=\"aligncenter wp-image-1810 size-full\" src=\"https:\/\/www.cupssupplier.com\/wp-content\/uploads\/2024\/12\/3-10.webp\" alt=\"custom metal tumblers\" width=\"1563\" height=\"1836\" srcset=\"https:\/\/www.cupssupplier.com\/wp-content\/uploads\/2024\/12\/3-10.webp 1563w, https:\/\/www.cupssupplier.com\/wp-content\/uploads\/2024\/12\/3-10-255x300.webp 255w, https:\/\/www.cupssupplier.com\/wp-content\/uploads\/2024\/12\/3-10-872x1024.webp 872w, https:\/\/www.cupssupplier.com\/wp-content\/uploads\/2024\/12\/3-10-768x902.webp 768w, https:\/\/www.cupssupplier.com\/wp-content\/uploads\/2024\/12\/3-10-1308x1536.webp 1308w, https:\/\/www.cupssupplier.com\/wp-content\/uploads\/2024\/12\/3-10-300x352.webp 300w, https:\/\/www.cupssupplier.com\/wp-content\/uploads\/2024\/12\/3-10-600x705.webp 600w\" sizes=\"auto, (max-width: 1563px) 100vw, 1563px\" title=\"\"> <img loading=\"lazy\" decoding=\"async\" class=\"aligncenter wp-image-1811 size-full\" src=\"https:\/\/www.cupssupplier.com\/wp-content\/uploads\/2024\/12\/4-8.webp\" alt=\"custom metal tumblers\" width=\"1563\" height=\"2156\" srcset=\"https:\/\/www.cupssupplier.com\/wp-content\/uploads\/2024\/12\/4-8.webp 1563w, https:\/\/www.cupssupplier.com\/wp-content\/uploads\/2024\/12\/4-8-217x300.webp 217w, https:\/\/www.cupssupplier.com\/wp-content\/uploads\/2024\/12\/4-8-742x1024.webp 742w, https:\/\/www.cupssupplier.com\/wp-content\/uploads\/2024\/12\/4-8-768x1059.webp 768w, https:\/\/www.cupssupplier.com\/wp-content\/uploads\/2024\/12\/4-8-1114x1536.webp 1114w, https:\/\/www.cupssupplier.com\/wp-content\/uploads\/2024\/12\/4-8-1485x2048.webp 1485w, https:\/\/www.cupssupplier.com\/wp-content\/uploads\/2024\/12\/4-8-300x414.webp 300w, https:\/\/www.cupssupplier.com\/wp-content\/uploads\/2024\/12\/4-8-600x828.webp 600w\" sizes=\"auto, (max-width: 1563px) 100vw, 1563px\" title=\"\"> <img loading=\"lazy\" decoding=\"async\" class=\"aligncenter wp-image-1819 size-full\" src=\"https:\/\/www.cupssupplier.com\/wp-content\/uploads\/2024\/12\/2-8.webp\" alt=\"bulk custom 20 oz tumbler\" width=\"1000\" height=\"1000\" srcset=\"https:\/\/www.cupssupplier.com\/wp-content\/uploads\/2024\/12\/2-8.webp 1000w, https:\/\/www.cupssupplier.com\/wp-content\/uploads\/2024\/12\/2-8-300x300.webp 300w, https:\/\/www.cupssupplier.com\/wp-content\/uploads\/2024\/12\/2-8-150x150.webp 150w, https:\/\/www.cupssupplier.com\/wp-content\/uploads\/2024\/12\/2-8-768x768.webp 768w, https:\/\/www.cupssupplier.com\/wp-content\/uploads\/2024\/12\/2-8-600x600.webp 600w, https:\/\/www.cupssupplier.com\/wp-content\/uploads\/2024\/12\/2-8-100x100.webp 100w\" sizes=\"auto, (max-width: 1000px) 100vw, 1000px\" title=\"\"> <img loading=\"lazy\" decoding=\"async\" class=\"aligncenter wp-image-1821 \" src=\"https:\/\/www.cupssupplier.com\/wp-content\/uploads\/2024\/12\/4-9.webp\" alt=\"bulk custom 20 oz tumbler\" width=\"1000\" height=\"1000\" srcset=\"https:\/\/www.cupssupplier.com\/wp-content\/uploads\/2024\/12\/4-9.webp 1200w, https:\/\/www.cupssupplier.com\/wp-content\/uploads\/2024\/12\/4-9-300x300.webp 300w, https:\/\/www.cupssupplier.com\/wp-content\/uploads\/2024\/12\/4-9-1024x1024.webp 1024w, https:\/\/www.cupssupplier.com\/wp-content\/uploads\/2024\/12\/4-9-150x150.webp 150w, https:\/\/www.cupssupplier.com\/wp-content\/uploads\/2024\/12\/4-9-768x768.webp 768w, https:\/\/www.cupssupplier.com\/wp-content\/uploads\/2024\/12\/4-9-600x600.webp 600w, https:\/\/www.cupssupplier.com\/wp-content\/uploads\/2024\/12\/4-9-100x100.webp 100w\" sizes=\"auto, (max-width: 1000px) 100vw, 1000px\" title=\"\"><\/p>\n","protected":false},"excerpt":{"rendered":"<p class=\"\" data-start=\"181\" data-end=\"554\">Faites la promotion de votre marque ou profitez d\u2019une vaisselle personnalis\u00e9e avec nos gobelets personnalis\u00e9s de 20 oz en gros. Durables et isothermes, ces gobelets gardent vos boissons chaudes ou froides pendant des heures. Personnalisables avec des logos, des designs ou des messages, ils sont parfaits pour les \u00e9v\u00e9nements, les cadeaux d\u2019entreprise ou un usage personnel.<\/p>\n<p class=\"\" data-start=\"556\" data-end=\"639\">\n","protected":false},"featured_media":4313,"template":"","meta":{"om_disable_all_campaigns":false},"product_brand":[],"product_cat":[284],"product_tag":[],"class_list":{"0":"post-20564","1":"product","2":"type-product","3":"status-publish","4":"has-post-thumbnail","6":"product_cat-gobelet","8":"first","9":"instock","10":"shipping-taxable","11":"product-type-simple"},"_links":{"self":[{"href":"https:\/\/www.cupssupplier.com\/fr\/wp-json\/wp\/v2\/product\/20564","targetHints":{"allow":["GET"]}}],"collection":[{"href":"https:\/\/www.cupssupplier.com\/fr\/wp-json\/wp\/v2\/product"}],"about":[{"href":"https:\/\/www.cupssupplier.com\/fr\/wp-json\/wp\/v2\/types\/product"}],"wp:featuredmedia":[{"embeddable":true,"href":"https:\/\/www.cupssupplier.com\/fr\/wp-json\/wp\/v2\/media\/4313"}],"wp:attachment":[{"href":"https:\/\/www.cupssupplier.com\/fr\/wp-json\/wp\/v2\/media?parent=20564"}],"wp:term":[{"taxonomy":"product_brand","embeddable":true,"href":"https:\/\/www.cupssupplier.com\/fr\/wp-json\/wp\/v2\/product_brand?post=20564"},{"taxonomy":"product_cat","embeddable":true,"href":"https:\/\/www.cupssupplier.com\/fr\/wp-json\/wp\/v2\/product_cat?post=20564"},{"taxonomy":"product_tag","embeddable":true,"href":"https:\/\/www.cupssupplier.com\/fr\/wp-json\/wp\/v2\/product_tag?post=20564"}],"curies":[{"name":"wp","href":"https:\/\/api.w.org\/{rel}","templated":true}]}}