{"id":20551,"date":"2025-01-01T03:08:57","date_gmt":"2025-01-01T08:08:57","guid":{"rendered":"https:\/\/www.cupssupplier.com\/product\/bulk-tumblers-with-logo\/"},"modified":"2025-05-21T00:53:14","modified_gmt":"2025-05-21T04:53:14","slug":"bulk-tumblers-with-logo","status":"publish","type":"product","link":"https:\/\/www.cupssupplier.com\/fr\/bulk-tumblers-with-logo\/","title":{"rendered":"Gobelets Personnalis\u00e9s en Gros avec Logo"},"content":{"rendered":"<h3 class=\"\" data-start=\"111\" data-end=\"195\"><strong data-start=\"120\" data-end=\"195\">Gobelets Personnalis\u00e9s en Gros avec Logo &#8211; Gourdes Isothermes de Marque<\/strong><\/h3>\n<p class=\"\" data-start=\"197\" data-end=\"386\">Faites la promotion de votre entreprise ou \u00e9v\u00e9nement avec nos <strong data-start=\"259\" data-end=\"303\">gobelets personnalis\u00e9s en gros avec logo<\/strong>, con\u00e7us pour allier fonctionnalit\u00e9 et visibilit\u00e9 de marque. Ces gobelets offrent :<\/p>\n<ul data-start=\"388\" data-end=\"949\">\n<li class=\"\" data-start=\"388\" data-end=\"512\">\n<p class=\"\" data-start=\"390\" data-end=\"512\"><strong data-start=\"390\" data-end=\"421\">Personnalisation sur mesure<\/strong> : Ajoutez votre logo ou design pour un article promotionnel professionnel et accrocheur.<\/p>\n<\/li>\n<li class=\"\" data-start=\"513\" data-end=\"617\">\n<p class=\"\" data-start=\"515\" data-end=\"617\"><strong data-start=\"515\" data-end=\"538\">Isolation thermique<\/strong> : Garde les boissons chaudes jusqu&rsquo;\u00e0 12 heures ou froides jusqu&rsquo;\u00e0 24 heures.<\/p>\n<\/li>\n<li class=\"\" data-start=\"618\" data-end=\"717\">\n<p class=\"\" data-start=\"620\" data-end=\"717\"><strong data-start=\"620\" data-end=\"645\">Durable et \u00e9cologique<\/strong> : Fabriqu\u00e9 en acier inoxydable sans BPA, pour un mode de vie durable.<\/p>\n<\/li>\n<li class=\"\" data-start=\"718\" data-end=\"851\">\n<p class=\"\" data-start=\"720\" data-end=\"851\"><strong data-start=\"720\" data-end=\"756\">Id\u00e9al pour les commandes en gros<\/strong> : Parfait pour les \u00e9v\u00e9nements d&rsquo;entreprise, cadeaux d&rsquo;\u00e9quipe, promotions ou vente au d\u00e9tail.<\/p>\n<\/li>\n<li class=\"\" data-start=\"852\" data-end=\"949\">\n<p class=\"\" data-start=\"854\" data-end=\"949\"><strong data-start=\"854\" data-end=\"875\">Design polyvalent<\/strong> : Convient pour le caf\u00e9, le th\u00e9, l&rsquo;eau ou toute autre boisson \u00e0 emporter.<\/p>\n<\/li>\n<\/ul>\n<p class=\"\" data-start=\"951\" data-end=\"1073\">Faites une impression durable avec nos gobelets personnalis\u00e9s en gros, une solution promotionnelle pratique et impactante.<\/p>\n<p class=\"\" data-start=\"1075\" data-end=\"1250\"><strong data-start=\"1075\" data-end=\"1118\">Renforcez la visibilit\u00e9 de votre marque<\/strong> avec des gobelets durables, isothermes et personnalisables. Id\u00e9al pour les \u00e9v\u00e9nements, cadeaux d\u2019entreprise ou campagnes marketing.<\/p>\n<p>&nbsp;<\/p>\n<p><img loading=\"lazy\" decoding=\"async\" class=\"aligncenter wp-image-1840 size-full\" src=\"https:\/\/www.cupssupplier.com\/wp-content\/uploads\/2025\/01\/4-1.webp\" alt=\"bulk tumblers with logo\" width=\"960\" height=\"960\" srcset=\"https:\/\/www.cupssupplier.com\/wp-content\/uploads\/2025\/01\/4-1.webp 960w, https:\/\/www.cupssupplier.com\/wp-content\/uploads\/2025\/01\/4-1-300x300.webp 300w, https:\/\/www.cupssupplier.com\/wp-content\/uploads\/2025\/01\/4-1-150x150.webp 150w, https:\/\/www.cupssupplier.com\/wp-content\/uploads\/2025\/01\/4-1-768x768.webp 768w, https:\/\/www.cupssupplier.com\/wp-content\/uploads\/2025\/01\/4-1-600x600.webp 600w, https:\/\/www.cupssupplier.com\/wp-content\/uploads\/2025\/01\/4-1-100x100.webp 100w\" sizes=\"auto, (max-width: 960px) 100vw, 960px\" title=\"\"> <img loading=\"lazy\" decoding=\"async\" class=\"aligncenter wp-image-1837 size-full\" src=\"https:\/\/www.cupssupplier.com\/wp-content\/uploads\/2025\/01\/1-1.webp\" alt=\"bulk tumblers with logo\" width=\"960\" height=\"960\" srcset=\"https:\/\/www.cupssupplier.com\/wp-content\/uploads\/2025\/01\/1-1.webp 960w, https:\/\/www.cupssupplier.com\/wp-content\/uploads\/2025\/01\/1-1-300x300.webp 300w, https:\/\/www.cupssupplier.com\/wp-content\/uploads\/2025\/01\/1-1-150x150.webp 150w, https:\/\/www.cupssupplier.com\/wp-content\/uploads\/2025\/01\/1-1-768x768.webp 768w, https:\/\/www.cupssupplier.com\/wp-content\/uploads\/2025\/01\/1-1-600x600.webp 600w, https:\/\/www.cupssupplier.com\/wp-content\/uploads\/2025\/01\/1-1-100x100.webp 100w\" sizes=\"auto, (max-width: 960px) 100vw, 960px\" title=\"\"> <img loading=\"lazy\" decoding=\"async\" class=\"aligncenter wp-image-1836 \" src=\"https:\/\/www.cupssupplier.com\/wp-content\/uploads\/2025\/01\/6.webp\" alt=\"bulk tumblers with logo\" width=\"887\" height=\"887\" srcset=\"https:\/\/www.cupssupplier.com\/wp-content\/uploads\/2025\/01\/6.webp 800w, https:\/\/www.cupssupplier.com\/wp-content\/uploads\/2025\/01\/6-300x300.webp 300w, https:\/\/www.cupssupplier.com\/wp-content\/uploads\/2025\/01\/6-150x150.webp 150w, https:\/\/www.cupssupplier.com\/wp-content\/uploads\/2025\/01\/6-768x768.webp 768w, https:\/\/www.cupssupplier.com\/wp-content\/uploads\/2025\/01\/6-600x600.webp 600w, https:\/\/www.cupssupplier.com\/wp-content\/uploads\/2025\/01\/6-100x100.webp 100w\" sizes=\"auto, (max-width: 887px) 100vw, 887px\" title=\"\"> <img loading=\"lazy\" decoding=\"async\" class=\"aligncenter wp-image-1821 size-large\" src=\"https:\/\/www.cupssupplier.com\/wp-content\/uploads\/2024\/12\/4-9-1024x1024.webp\" alt=\"bulk custom 20 oz tumbler\" width=\"1024\" height=\"1024\" srcset=\"https:\/\/www.cupssupplier.com\/wp-content\/uploads\/2024\/12\/4-9-1024x1024.webp 1024w, https:\/\/www.cupssupplier.com\/wp-content\/uploads\/2024\/12\/4-9-300x300.webp 300w, https:\/\/www.cupssupplier.com\/wp-content\/uploads\/2024\/12\/4-9-150x150.webp 150w, https:\/\/www.cupssupplier.com\/wp-content\/uploads\/2024\/12\/4-9-768x768.webp 768w, https:\/\/www.cupssupplier.com\/wp-content\/uploads\/2024\/12\/4-9-600x600.webp 600w, https:\/\/www.cupssupplier.com\/wp-content\/uploads\/2024\/12\/4-9-100x100.webp 100w, https:\/\/www.cupssupplier.com\/wp-content\/uploads\/2024\/12\/4-9.webp 1200w\" sizes=\"auto, (max-width: 1024px) 100vw, 1024px\" title=\"\"><\/p>\n","protected":false},"excerpt":{"rendered":"<p><strong data-start=\"166\" data-end=\"260\">Renforcez la visibilit\u00e9 de votre marque avec nos gobelets personnalis\u00e9s en gros avec logo.<\/strong><br data-start=\"260\" data-end=\"263\" \/>Durables, isothermes et respectueux de l\u2019environnement, ces gobelets personnalisables sont parfaits pour les promotions, cadeaux d\u2019entreprise ou \u00e9v\u00e9nements. Mettez votre logo en valeur tout en gardant les boissons chaudes ou froides pendant des heures.<\/p>\n","protected":false},"featured_media":4445,"template":"","meta":{"om_disable_all_campaigns":false},"product_brand":[],"product_cat":[284],"product_tag":[],"class_list":{"0":"post-20551","1":"product","2":"type-product","3":"status-publish","4":"has-post-thumbnail","6":"product_cat-gobelet","8":"first","9":"instock","10":"shipping-taxable","11":"product-type-simple"},"_links":{"self":[{"href":"https:\/\/www.cupssupplier.com\/fr\/wp-json\/wp\/v2\/product\/20551","targetHints":{"allow":["GET"]}}],"collection":[{"href":"https:\/\/www.cupssupplier.com\/fr\/wp-json\/wp\/v2\/product"}],"about":[{"href":"https:\/\/www.cupssupplier.com\/fr\/wp-json\/wp\/v2\/types\/product"}],"wp:featuredmedia":[{"embeddable":true,"href":"https:\/\/www.cupssupplier.com\/fr\/wp-json\/wp\/v2\/media\/4445"}],"wp:attachment":[{"href":"https:\/\/www.cupssupplier.com\/fr\/wp-json\/wp\/v2\/media?parent=20551"}],"wp:term":[{"taxonomy":"product_brand","embeddable":true,"href":"https:\/\/www.cupssupplier.com\/fr\/wp-json\/wp\/v2\/product_brand?post=20551"},{"taxonomy":"product_cat","embeddable":true,"href":"https:\/\/www.cupssupplier.com\/fr\/wp-json\/wp\/v2\/product_cat?post=20551"},{"taxonomy":"product_tag","embeddable":true,"href":"https:\/\/www.cupssupplier.com\/fr\/wp-json\/wp\/v2\/product_tag?post=20551"}],"curies":[{"name":"wp","href":"https:\/\/api.w.org\/{rel}","templated":true}]}}