{"id":20540,"date":"2025-01-01T21:29:59","date_gmt":"2025-01-02T02:29:59","guid":{"rendered":"https:\/\/www.cupssupplier.com\/product\/bulk-stainless-steel-water-bottles\/"},"modified":"2025-05-21T00:18:22","modified_gmt":"2025-05-21T04:18:22","slug":"bulk-stainless-steel-water-bottles","status":"publish","type":"product","link":"https:\/\/www.cupssupplier.com\/fr\/bulk-stainless-steel-water-bottles\/","title":{"rendered":"Bouteilles d\u2019Eau en Acier Inoxydable en Gros"},"content":{"rendered":"<h3 class=\"\" data-start=\"109\" data-end=\"201\"><strong data-start=\"118\" data-end=\"201\">Bouteilles d\u2019Eau en Acier Inoxydable en Gros \u2013 Hydratation \u00c9cologique et Isol\u00e9e<\/strong><\/h3>\n<p class=\"\" data-start=\"203\" data-end=\"386\">Am\u00e9liorez votre commande en gros avec nos <strong data-start=\"245\" data-end=\"307\">bouteilles d\u2019eau en acier inoxydable de qualit\u00e9 sup\u00e9rieure<\/strong>. Parfaites pour promouvoir votre marque ou encourager une hydratation durable.<\/p>\n<p class=\"\" data-start=\"388\" data-end=\"424\"><strong data-start=\"388\" data-end=\"422\">Caract\u00e9ristiques principales :<\/strong><\/p>\n<ul data-start=\"425\" data-end=\"953\">\n<li class=\"\" data-start=\"425\" data-end=\"528\">\n<p class=\"\" data-start=\"427\" data-end=\"528\"><strong data-start=\"427\" data-end=\"464\">Acier inoxydable de haute qualit\u00e9<\/strong> : Durable, sans BPA, con\u00e7u pour une utilisation \u00e0 long terme.<\/p>\n<\/li>\n<li class=\"\" data-start=\"529\" data-end=\"634\">\n<p class=\"\" data-start=\"531\" data-end=\"634\"><strong data-start=\"531\" data-end=\"555\">Performance isolante<\/strong> : Garde les boissons chaudes pendant 12 heures ou froides pendant 24 heures.<\/p>\n<\/li>\n<li class=\"\" data-start=\"635\" data-end=\"737\">\n<p class=\"\" data-start=\"637\" data-end=\"737\"><strong data-start=\"637\" data-end=\"665\">Options personnalisables<\/strong> : Id\u00e9al pour les logos, designs ou messages publicitaires percutants.<\/p>\n<\/li>\n<li class=\"\" data-start=\"738\" data-end=\"842\">\n<p class=\"\" data-start=\"740\" data-end=\"842\"><strong data-start=\"740\" data-end=\"770\">\u00c9cologique et r\u00e9utilisable<\/strong> : Une alternative durable aux bouteilles en plastique \u00e0 usage unique.<\/p>\n<\/li>\n<li class=\"\" data-start=\"843\" data-end=\"953\">\n<p class=\"\" data-start=\"845\" data-end=\"953\"><strong data-start=\"845\" data-end=\"882\">Parfait pour toutes les occasions<\/strong> : \u00c9v\u00e9nements, cadeaux d&rsquo;entreprise, articles promotionnels ou revente.<\/p>\n<\/li>\n<\/ul>\n<p class=\"\" data-start=\"955\" data-end=\"1146\">Que ce soit pour organiser un \u00e9v\u00e9nement ou r\u00e9duire les d\u00e9chets, nos bouteilles d\u2019eau en gros en acier inoxydable sont une solution polyvalente et \u00e9conomique pour l\u2019hydratation et le branding.<\/p>\n<p class=\"\" data-start=\"1148\" data-end=\"1351\"><strong data-start=\"1148\" data-end=\"1176\">Commandez d\u00e8s maintenant<\/strong> pour une hydratation de qualit\u00e9, durable et respectueuse de l\u2019environnement. Pratiques, r\u00e9utilisables et \u00e9l\u00e9gantes, ces bouteilles sont le choix parfait pour chaque occasion.<\/p>\n<figure id=\"attachment_1865\" aria-describedby=\"caption-attachment-1865\" style=\"width: 750px\" class=\"wp-caption aligncenter\"><img loading=\"lazy\" decoding=\"async\" class=\"wp-image-1865 size-full\" src=\"https:\/\/www.cupssupplier.com\/wp-content\/uploads\/2025\/01\/1-4.webp\" alt=\"bulk stainless steel water bottles\" width=\"750\" height=\"602\" srcset=\"https:\/\/www.cupssupplier.com\/wp-content\/uploads\/2025\/01\/1-4.webp 750w, https:\/\/www.cupssupplier.com\/wp-content\/uploads\/2025\/01\/1-4-300x241.webp 300w, https:\/\/www.cupssupplier.com\/wp-content\/uploads\/2025\/01\/1-4-600x482.webp 600w\" sizes=\"auto, (max-width: 750px) 100vw, 750px\" title=\"\"><figcaption id=\"caption-attachment-1865\" class=\"wp-caption-text\">bulk stainless steel water bottles<\/figcaption><\/figure>\n<figure id=\"attachment_1866\" aria-describedby=\"caption-attachment-1866\" style=\"width: 750px\" class=\"wp-caption aligncenter\"><img loading=\"lazy\" decoding=\"async\" class=\"wp-image-1866 size-full\" src=\"https:\/\/www.cupssupplier.com\/wp-content\/uploads\/2025\/01\/2-4.webp\" alt=\"bulk stainless steel water bottles\" width=\"750\" height=\"380\" srcset=\"https:\/\/www.cupssupplier.com\/wp-content\/uploads\/2025\/01\/2-4.webp 750w, https:\/\/www.cupssupplier.com\/wp-content\/uploads\/2025\/01\/2-4-300x152.webp 300w, https:\/\/www.cupssupplier.com\/wp-content\/uploads\/2025\/01\/2-4-600x304.webp 600w\" sizes=\"auto, (max-width: 750px) 100vw, 750px\" title=\"\"><figcaption id=\"caption-attachment-1866\" class=\"wp-caption-text\">bulk stainless steel water bottles<\/figcaption><\/figure>\n<figure id=\"attachment_1863\" aria-describedby=\"caption-attachment-1863\" style=\"width: 750px\" class=\"wp-caption aligncenter\"><img loading=\"lazy\" decoding=\"async\" class=\"wp-image-1863 size-full\" src=\"https:\/\/www.cupssupplier.com\/wp-content\/uploads\/2025\/01\/3-3.webp\" alt=\"bulk stainless steel water bottles\" width=\"750\" height=\"602\" srcset=\"https:\/\/www.cupssupplier.com\/wp-content\/uploads\/2025\/01\/3-3.webp 750w, https:\/\/www.cupssupplier.com\/wp-content\/uploads\/2025\/01\/3-3-300x241.webp 300w, https:\/\/www.cupssupplier.com\/wp-content\/uploads\/2025\/01\/3-3-600x482.webp 600w\" sizes=\"auto, (max-width: 750px) 100vw, 750px\" title=\"\"><figcaption id=\"caption-attachment-1863\" class=\"wp-caption-text\">bulk stainless steel water bottles<\/figcaption><\/figure>\n<figure id=\"attachment_1864\" aria-describedby=\"caption-attachment-1864\" style=\"width: 750px\" class=\"wp-caption aligncenter\"><img loading=\"lazy\" decoding=\"async\" class=\"wp-image-1864 size-full\" src=\"https:\/\/www.cupssupplier.com\/wp-content\/uploads\/2025\/01\/10.webp\" alt=\"bulk stainless steel water bottles\" width=\"750\" height=\"602\" srcset=\"https:\/\/www.cupssupplier.com\/wp-content\/uploads\/2025\/01\/10.webp 750w, https:\/\/www.cupssupplier.com\/wp-content\/uploads\/2025\/01\/10-300x241.webp 300w, https:\/\/www.cupssupplier.com\/wp-content\/uploads\/2025\/01\/10-600x482.webp 600w\" sizes=\"auto, (max-width: 750px) 100vw, 750px\" title=\"\"><figcaption id=\"caption-attachment-1864\" class=\"wp-caption-text\">bulk stainless steel water bottles<\/figcaption><\/figure>\n","protected":false},"excerpt":{"rendered":"<p><strong data-start=\"82\" data-end=\"181\">Faites le plein d\u2019hydratation de qualit\u00e9 avec nos bouteilles d\u2019eau en acier inoxydable en gros.<\/strong><br data-start=\"181\" data-end=\"184\" \/>Durables, \u00e9cologiques et r\u00e9utilisables, ces bouteilles sont parfaites pour les \u00e9v\u00e9nements, les cadeaux d\u2019entreprise ou les \u00e9quipements d\u2019\u00e9quipe. Con\u00e7ues pour garder les boissons chaudes ou froides, elles allient praticit\u00e9 et durabilit\u00e9.<\/p>\n","protected":false},"featured_media":4555,"template":"","meta":{"om_disable_all_campaigns":false},"product_brand":[],"product_cat":[283],"product_tag":[],"class_list":{"0":"post-20540","1":"product","2":"type-product","3":"status-publish","4":"has-post-thumbnail","6":"product_cat-gourde-en-acier-inoxydable","8":"first","9":"instock","10":"shipping-taxable","11":"product-type-simple"},"_links":{"self":[{"href":"https:\/\/www.cupssupplier.com\/fr\/wp-json\/wp\/v2\/product\/20540","targetHints":{"allow":["GET"]}}],"collection":[{"href":"https:\/\/www.cupssupplier.com\/fr\/wp-json\/wp\/v2\/product"}],"about":[{"href":"https:\/\/www.cupssupplier.com\/fr\/wp-json\/wp\/v2\/types\/product"}],"wp:featuredmedia":[{"embeddable":true,"href":"https:\/\/www.cupssupplier.com\/fr\/wp-json\/wp\/v2\/media\/4555"}],"wp:attachment":[{"href":"https:\/\/www.cupssupplier.com\/fr\/wp-json\/wp\/v2\/media?parent=20540"}],"wp:term":[{"taxonomy":"product_brand","embeddable":true,"href":"https:\/\/www.cupssupplier.com\/fr\/wp-json\/wp\/v2\/product_brand?post=20540"},{"taxonomy":"product_cat","embeddable":true,"href":"https:\/\/www.cupssupplier.com\/fr\/wp-json\/wp\/v2\/product_cat?post=20540"},{"taxonomy":"product_tag","embeddable":true,"href":"https:\/\/www.cupssupplier.com\/fr\/wp-json\/wp\/v2\/product_tag?post=20540"}],"curies":[{"name":"wp","href":"https:\/\/api.w.org\/{rel}","templated":true}]}}