{"id":20527,"date":"2025-01-02T02:04:19","date_gmt":"2025-01-02T07:04:19","guid":{"rendered":"https:\/\/www.cupssupplier.com\/product\/personalized-insulated-stainless-steel-water-bottles\/"},"modified":"2025-05-20T23:50:17","modified_gmt":"2025-05-21T03:50:17","slug":"personalized-insulated-stainless-steel-water-bottles","status":"publish","type":"product","link":"https:\/\/www.cupssupplier.com\/fr\/personalized-insulated-stainless-steel-water-bottles\/","title":{"rendered":"Bouteilles Isothermes Personnalis\u00e9es en Acier Inoxydable en Gros"},"content":{"rendered":"<p class=\"\" data-start=\"157\" data-end=\"256\"><strong data-start=\"157\" data-end=\"256\">Bouteilles Isothermes Personnalis\u00e9es en Acier Inoxydable en Gros \u2013 Personnalis\u00e9es &amp; \u00c9cologiques<\/strong><\/p>\n<p class=\"\" data-start=\"258\" data-end=\"395\">Am\u00e9liorez votre collection de gourdes avec nos Bouteilles Isothermes Personnalis\u00e9es en Acier Inoxydable en Gros. Ces bouteilles offrent :<\/p>\n<ul data-start=\"397\" data-end=\"983\">\n<li class=\"\" data-start=\"397\" data-end=\"498\">\n<p class=\"\" data-start=\"399\" data-end=\"498\"><strong data-start=\"399\" data-end=\"425\">Design personnalisable<\/strong> : Ajoutez votre nom, logo ou message unique pour une touche personnelle.<\/p>\n<\/li>\n<li class=\"\" data-start=\"499\" data-end=\"605\">\n<p class=\"\" data-start=\"501\" data-end=\"605\"><strong data-start=\"501\" data-end=\"525\">Isolation sup\u00e9rieure<\/strong> : Conserve les boissons chaudes jusqu\u2019\u00e0 12 heures ou froides jusqu\u2019\u00e0 24 heures.<\/p>\n<\/li>\n<li class=\"\" data-start=\"606\" data-end=\"729\">\n<p class=\"\" data-start=\"608\" data-end=\"729\"><strong data-start=\"608\" data-end=\"636\">Acier inoxydable durable<\/strong> : Fabriqu\u00e9 en acier inoxydable de haute qualit\u00e9 sans BPA, pour une utilisation longue dur\u00e9e.<\/p>\n<\/li>\n<li class=\"\" data-start=\"730\" data-end=\"842\">\n<p class=\"\" data-start=\"732\" data-end=\"842\"><strong data-start=\"732\" data-end=\"762\">\u00c9cologique et r\u00e9utilisable<\/strong> : R\u00e9duisez les d\u00e9chets plastiques gr\u00e2ce \u00e0 cette solution durable d\u2019hydratation.<\/p>\n<\/li>\n<li class=\"\" data-start=\"843\" data-end=\"983\">\n<p class=\"\" data-start=\"845\" data-end=\"983\"><strong data-start=\"845\" data-end=\"884\">Parfaites pour toutes les occasions<\/strong> : Id\u00e9ales pour les cadeaux, \u00e9v\u00e9nements d\u2019entreprise, distributions d\u2019\u00e9quipe ou un usage quotidien.<\/p>\n<\/li>\n<\/ul>\n<p class=\"\" data-start=\"985\" data-end=\"1163\">Alliez praticit\u00e9 et personnalisation avec les Bouteilles Isothermes Personnalis\u00e9es en Acier Inoxydable \u2013 un choix id\u00e9al pour offrir ou promouvoir votre marque de mani\u00e8re durable.<\/p>\n<p class=\"\" data-start=\"1165\" data-end=\"1400\">Restez \u00e9l\u00e9gant et hydrat\u00e9 avec nos bouteilles personnalisables. Parfaites pour les cadeaux, \u00e9v\u00e9nements ou usage personnel, elles allient fonctionnalit\u00e9 et style tout en maintenant vos boissons \u00e0 la bonne temp\u00e9rature pendant des heures.<\/p>\n<p><img loading=\"lazy\" decoding=\"async\" class=\"aligncenter wp-image-1872 size-full\" src=\"https:\/\/www.cupssupplier.com\/wp-content\/uploads\/2025\/01\/3-4.webp\" alt=\"personalized insulated stainless steel water bottles\" width=\"800\" height=\"800\" srcset=\"https:\/\/www.cupssupplier.com\/wp-content\/uploads\/2025\/01\/3-4.webp 800w, https:\/\/www.cupssupplier.com\/wp-content\/uploads\/2025\/01\/3-4-300x300.webp 300w, https:\/\/www.cupssupplier.com\/wp-content\/uploads\/2025\/01\/3-4-150x150.webp 150w, https:\/\/www.cupssupplier.com\/wp-content\/uploads\/2025\/01\/3-4-768x768.webp 768w, https:\/\/www.cupssupplier.com\/wp-content\/uploads\/2025\/01\/3-4-600x600.webp 600w, https:\/\/www.cupssupplier.com\/wp-content\/uploads\/2025\/01\/3-4-100x100.webp 100w\" sizes=\"auto, (max-width: 800px) 100vw, 800px\" title=\"\"><\/p>\n<p><img loading=\"lazy\" decoding=\"async\" class=\"aligncenter wp-image-1876 \" src=\"https:\/\/www.cupssupplier.com\/wp-content\/uploads\/2025\/01\/1-6.webp\" alt=\"personalized insulated stainless steel water bottles\" width=\"811\" height=\"651\" srcset=\"https:\/\/www.cupssupplier.com\/wp-content\/uploads\/2025\/01\/1-6.webp 750w, https:\/\/www.cupssupplier.com\/wp-content\/uploads\/2025\/01\/1-6-300x241.webp 300w, https:\/\/www.cupssupplier.com\/wp-content\/uploads\/2025\/01\/1-6-600x482.webp 600w\" sizes=\"auto, (max-width: 811px) 100vw, 811px\" title=\"\"><\/p>\n<p><img loading=\"lazy\" decoding=\"async\" class=\"aligncenter wp-image-1877 \" src=\"https:\/\/www.cupssupplier.com\/wp-content\/uploads\/2025\/01\/2-6.webp\" alt=\"personalized insulated stainless steel water bottles\" width=\"817\" height=\"477\" srcset=\"https:\/\/www.cupssupplier.com\/wp-content\/uploads\/2025\/01\/2-6.webp 750w, https:\/\/www.cupssupplier.com\/wp-content\/uploads\/2025\/01\/2-6-300x175.webp 300w, https:\/\/www.cupssupplier.com\/wp-content\/uploads\/2025\/01\/2-6-600x350.webp 600w\" sizes=\"auto, (max-width: 817px) 100vw, 817px\" title=\"\"><\/p>\n<p><img loading=\"lazy\" decoding=\"async\" class=\"aligncenter wp-image-1878 \" src=\"https:\/\/www.cupssupplier.com\/wp-content\/uploads\/2025\/01\/4-4.webp\" alt=\"personalized insulated stainless steel water bottles\" width=\"809\" height=\"650\" srcset=\"https:\/\/www.cupssupplier.com\/wp-content\/uploads\/2025\/01\/4-4.webp 750w, https:\/\/www.cupssupplier.com\/wp-content\/uploads\/2025\/01\/4-4-300x241.webp 300w, https:\/\/www.cupssupplier.com\/wp-content\/uploads\/2025\/01\/4-4-600x482.webp 600w\" sizes=\"auto, (max-width: 809px) 100vw, 809px\" title=\"\"><\/p>\n<p><img loading=\"lazy\" decoding=\"async\" class=\"wp-image-1879 size-full aligncenter\" src=\"https:\/\/www.cupssupplier.com\/wp-content\/uploads\/2025\/01\/5-4.webp\" alt=\"personalized insulated stainless steel water bottles\" width=\"750\" height=\"602\" srcset=\"https:\/\/www.cupssupplier.com\/wp-content\/uploads\/2025\/01\/5-4.webp 750w, https:\/\/www.cupssupplier.com\/wp-content\/uploads\/2025\/01\/5-4-300x241.webp 300w, https:\/\/www.cupssupplier.com\/wp-content\/uploads\/2025\/01\/5-4-600x482.webp 600w\" sizes=\"auto, (max-width: 750px) 100vw, 750px\" title=\"\"><\/p>\n<p><img loading=\"lazy\" decoding=\"async\" class=\"aligncenter wp-image-1880 size-full\" src=\"https:\/\/www.cupssupplier.com\/wp-content\/uploads\/2025\/01\/6-5.webp\" alt=\"personalized insulated stainless steel water bottles\" width=\"750\" height=\"602\" srcset=\"https:\/\/www.cupssupplier.com\/wp-content\/uploads\/2025\/01\/6-5.webp 750w, https:\/\/www.cupssupplier.com\/wp-content\/uploads\/2025\/01\/6-5-300x241.webp 300w, https:\/\/www.cupssupplier.com\/wp-content\/uploads\/2025\/01\/6-5-600x482.webp 600w\" sizes=\"auto, (max-width: 750px) 100vw, 750px\" title=\"\"><\/p>\n","protected":false},"excerpt":{"rendered":"<p><strong data-start=\"95\" data-end=\"197\">Restez styl\u00e9 et hydrat\u00e9 avec nos bouteilles isothermes personnalis\u00e9es en acier inoxydable en gros.<\/strong><br data-start=\"197\" data-end=\"200\" \/>Personnalisables avec des noms, logos ou motifs, ces bouteilles \u00e9cologiques sont parfaites pour les cadeaux, les \u00e9v\u00e9nements ou un usage personnel. Con\u00e7ues pour garder les boissons chaudes ou froides pendant des heures, elles allient fonctionnalit\u00e9 et touche personnelle.<\/p>\n","protected":false},"featured_media":4665,"template":"","meta":{"om_disable_all_campaigns":false},"product_brand":[],"product_cat":[283],"product_tag":[],"class_list":{"0":"post-20527","1":"product","2":"type-product","3":"status-publish","4":"has-post-thumbnail","6":"product_cat-gourde-en-acier-inoxydable","8":"first","9":"instock","10":"shipping-taxable","11":"product-type-simple"},"_links":{"self":[{"href":"https:\/\/www.cupssupplier.com\/fr\/wp-json\/wp\/v2\/product\/20527","targetHints":{"allow":["GET"]}}],"collection":[{"href":"https:\/\/www.cupssupplier.com\/fr\/wp-json\/wp\/v2\/product"}],"about":[{"href":"https:\/\/www.cupssupplier.com\/fr\/wp-json\/wp\/v2\/types\/product"}],"wp:featuredmedia":[{"embeddable":true,"href":"https:\/\/www.cupssupplier.com\/fr\/wp-json\/wp\/v2\/media\/4665"}],"wp:attachment":[{"href":"https:\/\/www.cupssupplier.com\/fr\/wp-json\/wp\/v2\/media?parent=20527"}],"wp:term":[{"taxonomy":"product_brand","embeddable":true,"href":"https:\/\/www.cupssupplier.com\/fr\/wp-json\/wp\/v2\/product_brand?post=20527"},{"taxonomy":"product_cat","embeddable":true,"href":"https:\/\/www.cupssupplier.com\/fr\/wp-json\/wp\/v2\/product_cat?post=20527"},{"taxonomy":"product_tag","embeddable":true,"href":"https:\/\/www.cupssupplier.com\/fr\/wp-json\/wp\/v2\/product_tag?post=20527"}],"curies":[{"name":"wp","href":"https:\/\/api.w.org\/{rel}","templated":true}]}}