{"id":20514,"date":"2025-01-02T05:49:35","date_gmt":"2025-01-02T10:49:35","guid":{"rendered":"https:\/\/www.cupssupplier.com\/product\/wide-mouth-stainless-steel-water-bottle\/"},"modified":"2025-05-20T23:19:23","modified_gmt":"2025-05-21T03:19:23","slug":"wide-mouth-stainless-steel-water-bottle","status":"publish","type":"product","link":"https:\/\/www.cupssupplier.com\/fr\/wide-mouth-stainless-steel-water-bottle\/","title":{"rendered":"Gourde en Acier Inoxydable \u00e0 Large Ouverture"},"content":{"rendered":"<p class=\"\" data-start=\"155\" data-end=\"235\"><strong data-start=\"155\" data-end=\"235\">Gourde en Acier Inoxydable \u00e0 Large Ouverture \u2013 Hydratation Durable et Isol\u00e9e<\/strong><\/p>\n<p class=\"\" data-start=\"237\" data-end=\"392\">Restez hydrat\u00e9 avec la gourde en acier inoxydable \u00e0 large ouverture, con\u00e7ue pour la durabilit\u00e9 et la commodit\u00e9. Ses caract\u00e9ristiques principales incluent :<\/p>\n<ul data-start=\"394\" data-end=\"912\">\n<li class=\"\" data-start=\"394\" data-end=\"507\">\n<p class=\"\" data-start=\"396\" data-end=\"507\"><strong data-start=\"396\" data-end=\"415\">Large ouverture<\/strong> : Facile \u00e0 remplir avec des gla\u00e7ons, \u00e0 nettoyer en profondeur et \u00e0 boire confortablement.<\/p>\n<\/li>\n<li class=\"\" data-start=\"508\" data-end=\"614\">\n<p class=\"\" data-start=\"510\" data-end=\"614\"><strong data-start=\"510\" data-end=\"535\">Isolation performante<\/strong> : Garde les boissons chaudes jusqu&rsquo;\u00e0 12 heures ou froides jusqu&rsquo;\u00e0 24 heures.<\/p>\n<\/li>\n<li class=\"\" data-start=\"615\" data-end=\"700\">\n<p class=\"\" data-start=\"617\" data-end=\"700\"><strong data-start=\"617\" data-end=\"648\">Acier inoxydable de qualit\u00e9<\/strong> : Sans BPA et con\u00e7u pour une utilisation durable.<\/p>\n<\/li>\n<li class=\"\" data-start=\"701\" data-end=\"797\">\n<p class=\"\" data-start=\"703\" data-end=\"797\"><strong data-start=\"703\" data-end=\"733\">\u00c9cologique et r\u00e9utilisable<\/strong> : Une alternative durable aux bouteilles plastiques jetables.<\/p>\n<\/li>\n<li class=\"\" data-start=\"798\" data-end=\"912\">\n<p class=\"\" data-start=\"800\" data-end=\"912\"><strong data-start=\"800\" data-end=\"823\">\u00c9tanche et portable<\/strong> : Parfaite pour les voyages, les activit\u00e9s en plein air, la salle de sport ou le bureau.<\/p>\n<\/li>\n<\/ul>\n<p class=\"\" data-start=\"914\" data-end=\"1028\">Alliant style, fonctionnalit\u00e9 et durabilit\u00e9, cette bouteille est indispensable pour votre hydratation quotidienne.<\/p>\n<p class=\"\" data-start=\"1030\" data-end=\"1283\">Vivez une hydratation optimale avec notre gourde \u00e0 large ouverture. Facile \u00e0 remplir, nettoyer et utiliser, elle garde vos boissons \u00e0 la temp\u00e9rature id\u00e9ale pendant des heures. Parfaite pour vos aventures, s\u00e9ances de sport ou une utilisation quotidienne.<\/p>\n<p><img loading=\"lazy\" decoding=\"async\" class=\"wp-image-1917 size-full aligncenter\" src=\"https:\/\/www.cupssupplier.com\/wp-content\/uploads\/2025\/01\/1-8.webp\" alt=\"wide mouth stainless steel water bottle\" width=\"750\" height=\"602\" srcset=\"https:\/\/www.cupssupplier.com\/wp-content\/uploads\/2025\/01\/1-8.webp 750w, https:\/\/www.cupssupplier.com\/wp-content\/uploads\/2025\/01\/1-8-300x241.webp 300w, https:\/\/www.cupssupplier.com\/wp-content\/uploads\/2025\/01\/1-8-600x482.webp 600w\" sizes=\"auto, (max-width: 750px) 100vw, 750px\" title=\"\"><\/p>\n<p><img loading=\"lazy\" decoding=\"async\" class=\"wp-image-1918 size-full aligncenter\" src=\"https:\/\/www.cupssupplier.com\/wp-content\/uploads\/2025\/01\/2-8.webp\" alt=\"wide mouth stainless steel water bottle\" width=\"750\" height=\"602\" srcset=\"https:\/\/www.cupssupplier.com\/wp-content\/uploads\/2025\/01\/2-8.webp 750w, https:\/\/www.cupssupplier.com\/wp-content\/uploads\/2025\/01\/2-8-300x241.webp 300w, https:\/\/www.cupssupplier.com\/wp-content\/uploads\/2025\/01\/2-8-600x482.webp 600w\" sizes=\"auto, (max-width: 750px) 100vw, 750px\" title=\"\"><\/p>\n<p><img loading=\"lazy\" decoding=\"async\" class=\"wp-image-1919 size-full aligncenter\" src=\"https:\/\/www.cupssupplier.com\/wp-content\/uploads\/2025\/01\/3-6.webp\" alt=\"wide mouth stainless steel water bottle\" width=\"750\" height=\"602\" srcset=\"https:\/\/www.cupssupplier.com\/wp-content\/uploads\/2025\/01\/3-6.webp 750w, https:\/\/www.cupssupplier.com\/wp-content\/uploads\/2025\/01\/3-6-300x241.webp 300w, https:\/\/www.cupssupplier.com\/wp-content\/uploads\/2025\/01\/3-6-600x482.webp 600w\" sizes=\"auto, (max-width: 750px) 100vw, 750px\" title=\"\"><\/p>\n<p><img loading=\"lazy\" decoding=\"async\" class=\"wp-image-1920 size-full aligncenter\" src=\"https:\/\/www.cupssupplier.com\/wp-content\/uploads\/2025\/01\/4-6.webp\" alt=\"wide mouth stainless steel water bottle\" width=\"800\" height=\"800\" srcset=\"https:\/\/www.cupssupplier.com\/wp-content\/uploads\/2025\/01\/4-6.webp 800w, https:\/\/www.cupssupplier.com\/wp-content\/uploads\/2025\/01\/4-6-300x300.webp 300w, https:\/\/www.cupssupplier.com\/wp-content\/uploads\/2025\/01\/4-6-150x150.webp 150w, https:\/\/www.cupssupplier.com\/wp-content\/uploads\/2025\/01\/4-6-768x768.webp 768w, https:\/\/www.cupssupplier.com\/wp-content\/uploads\/2025\/01\/4-6-600x600.webp 600w, https:\/\/www.cupssupplier.com\/wp-content\/uploads\/2025\/01\/4-6-100x100.webp 100w\" sizes=\"auto, (max-width: 800px) 100vw, 800px\" title=\"\"><\/p>\n<p><img loading=\"lazy\" decoding=\"async\" class=\"wp-image-1921 size-full aligncenter\" src=\"https:\/\/www.cupssupplier.com\/wp-content\/uploads\/2025\/01\/5-6.webp\" alt=\"wide mouth stainless steel water bottle\" width=\"750\" height=\"602\" srcset=\"https:\/\/www.cupssupplier.com\/wp-content\/uploads\/2025\/01\/5-6.webp 750w, https:\/\/www.cupssupplier.com\/wp-content\/uploads\/2025\/01\/5-6-300x241.webp 300w, https:\/\/www.cupssupplier.com\/wp-content\/uploads\/2025\/01\/5-6-600x482.webp 600w\" sizes=\"auto, (max-width: 750px) 100vw, 750px\" title=\"\"><\/p>\n<p><img loading=\"lazy\" decoding=\"async\" class=\"aligncenter wp-image-1922 size-full\" src=\"https:\/\/www.cupssupplier.com\/wp-content\/uploads\/2025\/01\/6-7.webp\" alt=\"wide mouth stainless steel water bottle\" width=\"800\" height=\"800\" srcset=\"https:\/\/www.cupssupplier.com\/wp-content\/uploads\/2025\/01\/6-7.webp 800w, https:\/\/www.cupssupplier.com\/wp-content\/uploads\/2025\/01\/6-7-300x300.webp 300w, https:\/\/www.cupssupplier.com\/wp-content\/uploads\/2025\/01\/6-7-150x150.webp 150w, https:\/\/www.cupssupplier.com\/wp-content\/uploads\/2025\/01\/6-7-768x768.webp 768w, https:\/\/www.cupssupplier.com\/wp-content\/uploads\/2025\/01\/6-7-600x600.webp 600w, https:\/\/www.cupssupplier.com\/wp-content\/uploads\/2025\/01\/6-7-100x100.webp 100w\" sizes=\"auto, (max-width: 800px) 100vw, 800px\" title=\"\"><\/p>\n","protected":false},"excerpt":{"rendered":"<p><strong data-start=\"86\" data-end=\"181\">D\u00e9couvrez une hydratation optimale avec notre gourde en acier inoxydable \u00e0 large ouverture.<\/strong><br data-start=\"181\" data-end=\"184\" \/>Con\u00e7ue pour un remplissage, un nettoyage et une utilisation facilit\u00e9s, cette bouteille isol\u00e9e et durable garde vos boissons chaudes ou froides pendant des heures. Parfaite pour les aventures en plein air, les s\u00e9ances de sport ou l\u2019usage quotidien.<\/p>\n","protected":false},"featured_media":4797,"template":"","meta":{"om_disable_all_campaigns":false},"product_brand":[],"product_cat":[283],"product_tag":[],"class_list":{"0":"post-20514","1":"product","2":"type-product","3":"status-publish","4":"has-post-thumbnail","6":"product_cat-gourde-en-acier-inoxydable","8":"first","9":"instock","10":"shipping-taxable","11":"product-type-simple"},"_links":{"self":[{"href":"https:\/\/www.cupssupplier.com\/fr\/wp-json\/wp\/v2\/product\/20514","targetHints":{"allow":["GET"]}}],"collection":[{"href":"https:\/\/www.cupssupplier.com\/fr\/wp-json\/wp\/v2\/product"}],"about":[{"href":"https:\/\/www.cupssupplier.com\/fr\/wp-json\/wp\/v2\/types\/product"}],"wp:featuredmedia":[{"embeddable":true,"href":"https:\/\/www.cupssupplier.com\/fr\/wp-json\/wp\/v2\/media\/4797"}],"wp:attachment":[{"href":"https:\/\/www.cupssupplier.com\/fr\/wp-json\/wp\/v2\/media?parent=20514"}],"wp:term":[{"taxonomy":"product_brand","embeddable":true,"href":"https:\/\/www.cupssupplier.com\/fr\/wp-json\/wp\/v2\/product_brand?post=20514"},{"taxonomy":"product_cat","embeddable":true,"href":"https:\/\/www.cupssupplier.com\/fr\/wp-json\/wp\/v2\/product_cat?post=20514"},{"taxonomy":"product_tag","embeddable":true,"href":"https:\/\/www.cupssupplier.com\/fr\/wp-json\/wp\/v2\/product_tag?post=20514"}],"curies":[{"name":"wp","href":"https:\/\/api.w.org\/{rel}","templated":true}]}}