{"id":20500,"date":"2025-01-03T03:55:09","date_gmt":"2025-01-03T08:55:09","guid":{"rendered":"https:\/\/www.cupssupplier.com\/product\/stainless-steel-water-bottle-with-handle\/"},"modified":"2025-05-20T22:57:09","modified_gmt":"2025-05-21T02:57:09","slug":"stainless-steel-water-bottle-with-handle","status":"publish","type":"product","link":"https:\/\/www.cupssupplier.com\/fr\/stainless-steel-water-bottle-with-handle\/","title":{"rendered":"Bouteille d&rsquo;Eau en Acier Inoxydable avec Poign\u00e9e"},"content":{"rendered":"<p class=\"\" data-start=\"140\" data-end=\"208\"><strong data-start=\"140\" data-end=\"208\">Bouteille d&rsquo;Eau en Acier Inoxydable avec Poign\u00e9e \u2013 Vente en Gros<\/strong><\/p>\n<p class=\"\" data-start=\"210\" data-end=\"392\">Restez hydrat\u00e9 et adoptez un mode de vie \u00e9coresponsable gr\u00e2ce \u00e0 notre Bouteille d&rsquo;Eau en Acier Inoxydable avec Poign\u00e9e \u2013 une solution polyvalente id\u00e9ale pour les modes de vie actifs.<\/p>\n<p class=\"\" data-start=\"394\" data-end=\"430\"><strong data-start=\"394\" data-end=\"428\">Caract\u00e9ristiques principales :<\/strong><\/p>\n<ul data-start=\"431\" data-end=\"955\">\n<li class=\"\" data-start=\"431\" data-end=\"526\">\n<p class=\"\" data-start=\"433\" data-end=\"526\"><strong data-start=\"433\" data-end=\"455\">Poign\u00e9e int\u00e9gr\u00e9e :<\/strong> Pour un transport facile et une utilisation pratique en d\u00e9placement.<\/p>\n<\/li>\n<li class=\"\" data-start=\"527\" data-end=\"636\">\n<p class=\"\" data-start=\"529\" data-end=\"636\"><strong data-start=\"529\" data-end=\"556\">Isolation performante :<\/strong> Conserve les boissons chaudes jusqu\u2019\u00e0 12 heures ou froides jusqu\u2019\u00e0 24 heures.<\/p>\n<\/li>\n<li class=\"\" data-start=\"637\" data-end=\"728\">\n<p class=\"\" data-start=\"639\" data-end=\"728\"><strong data-start=\"639\" data-end=\"678\">Acier inoxydable de haute qualit\u00e9 :<\/strong> Sans BPA et con\u00e7u pour une durabilit\u00e9 optimale.<\/p>\n<\/li>\n<li class=\"\" data-start=\"729\" data-end=\"832\">\n<p class=\"\" data-start=\"731\" data-end=\"832\"><strong data-start=\"731\" data-end=\"763\">\u00c9cologique et r\u00e9utilisable :<\/strong> R\u00e9duisez vos d\u00e9chets gr\u00e2ce \u00e0 cette solution d&rsquo;hydratation durable.<\/p>\n<\/li>\n<li class=\"\" data-start=\"833\" data-end=\"955\">\n<p class=\"\" data-start=\"835\" data-end=\"955\"><strong data-start=\"835\" data-end=\"875\">Parfaite pour toutes les activit\u00e9s :<\/strong> Id\u00e9ale pour les voyages, la salle de sport, la randonn\u00e9e ou un usage quotidien.<\/p>\n<\/li>\n<\/ul>\n<p class=\"\" data-start=\"957\" data-end=\"1128\">Gr\u00e2ce \u00e0 son design pratique et \u00e0 son excellente isolation, la Bouteille d&rsquo;Eau en Acier Inoxydable avec Poign\u00e9e est l\u2019alli\u00e9e parfaite pour rester hydrat\u00e9 o\u00f9 que vous soyez.<\/p>\n<p><img loading=\"lazy\" decoding=\"async\" class=\"aligncenter wp-image-1933 size-large\" src=\"https:\/\/www.cupssupplier.com\/wp-content\/uploads\/2025\/01\/6-8-e1735894488137-1024x638.webp\" alt=\"stainless steel water bottle with handle\" width=\"1024\" height=\"638\" srcset=\"https:\/\/www.cupssupplier.com\/wp-content\/uploads\/2025\/01\/6-8-e1735894488137-1024x638.webp 1024w, https:\/\/www.cupssupplier.com\/wp-content\/uploads\/2025\/01\/6-8-e1735894488137-300x187.webp 300w, https:\/\/www.cupssupplier.com\/wp-content\/uploads\/2025\/01\/6-8-e1735894488137-768x478.webp 768w, https:\/\/www.cupssupplier.com\/wp-content\/uploads\/2025\/01\/6-8-e1735894488137-1536x957.webp 1536w, https:\/\/www.cupssupplier.com\/wp-content\/uploads\/2025\/01\/6-8-e1735894488137-600x374.webp 600w, https:\/\/www.cupssupplier.com\/wp-content\/uploads\/2025\/01\/6-8-e1735894488137.webp 1947w\" sizes=\"auto, (max-width: 1024px) 100vw, 1024px\" title=\"\"><\/p>\n<p><img loading=\"lazy\" decoding=\"async\" class=\"wp-image-1934 size-full\" src=\"https:\/\/www.cupssupplier.com\/wp-content\/uploads\/2025\/01\/2-10.webp\" alt=\"stainless steel water bottle with handle\" width=\"1563\" height=\"1836\" srcset=\"https:\/\/www.cupssupplier.com\/wp-content\/uploads\/2025\/01\/2-10.webp 1563w, https:\/\/www.cupssupplier.com\/wp-content\/uploads\/2025\/01\/2-10-255x300.webp 255w, https:\/\/www.cupssupplier.com\/wp-content\/uploads\/2025\/01\/2-10-872x1024.webp 872w, https:\/\/www.cupssupplier.com\/wp-content\/uploads\/2025\/01\/2-10-768x902.webp 768w, https:\/\/www.cupssupplier.com\/wp-content\/uploads\/2025\/01\/2-10-1308x1536.webp 1308w, https:\/\/www.cupssupplier.com\/wp-content\/uploads\/2025\/01\/2-10-300x352.webp 300w, https:\/\/www.cupssupplier.com\/wp-content\/uploads\/2025\/01\/2-10-600x705.webp 600w\" sizes=\"auto, (max-width: 1563px) 100vw, 1563px\" title=\"\"><\/p>\n<p><img loading=\"lazy\" decoding=\"async\" class=\"wp-image-1936 size-full\" src=\"https:\/\/www.cupssupplier.com\/wp-content\/uploads\/2025\/01\/3-8.webp\" alt=\"stainless steel water bottle with handle\" width=\"1563\" height=\"1771\" srcset=\"https:\/\/www.cupssupplier.com\/wp-content\/uploads\/2025\/01\/3-8.webp 1563w, https:\/\/www.cupssupplier.com\/wp-content\/uploads\/2025\/01\/3-8-265x300.webp 265w, https:\/\/www.cupssupplier.com\/wp-content\/uploads\/2025\/01\/3-8-904x1024.webp 904w, https:\/\/www.cupssupplier.com\/wp-content\/uploads\/2025\/01\/3-8-768x870.webp 768w, https:\/\/www.cupssupplier.com\/wp-content\/uploads\/2025\/01\/3-8-1356x1536.webp 1356w, https:\/\/www.cupssupplier.com\/wp-content\/uploads\/2025\/01\/3-8-300x340.webp 300w, https:\/\/www.cupssupplier.com\/wp-content\/uploads\/2025\/01\/3-8-600x680.webp 600w\" sizes=\"auto, (max-width: 1563px) 100vw, 1563px\" title=\"\"><\/p>\n<p><img loading=\"lazy\" decoding=\"async\" class=\"aligncenter wp-image-1935 size-full\" src=\"https:\/\/www.cupssupplier.com\/wp-content\/uploads\/2025\/01\/5-8-e1735894169892.webp\" alt=\"stainless steel water bottle with handle\" width=\"1563\" height=\"966\" srcset=\"https:\/\/www.cupssupplier.com\/wp-content\/uploads\/2025\/01\/5-8-e1735894169892.webp 1563w, https:\/\/www.cupssupplier.com\/wp-content\/uploads\/2025\/01\/5-8-e1735894169892-300x185.webp 300w, https:\/\/www.cupssupplier.com\/wp-content\/uploads\/2025\/01\/5-8-e1735894169892-1024x633.webp 1024w, https:\/\/www.cupssupplier.com\/wp-content\/uploads\/2025\/01\/5-8-e1735894169892-768x475.webp 768w, https:\/\/www.cupssupplier.com\/wp-content\/uploads\/2025\/01\/5-8-e1735894169892-1536x949.webp 1536w, https:\/\/www.cupssupplier.com\/wp-content\/uploads\/2025\/01\/5-8-e1735894169892-600x371.webp 600w\" sizes=\"auto, (max-width: 1563px) 100vw, 1563px\" title=\"\"><\/p>\n","protected":false},"excerpt":{"rendered":"<p class=\"\" data-start=\"1130\" data-end=\"1390\">Transportez facilement votre bouteille avec notre mod\u00e8le dot\u00e9 d&rsquo;une poign\u00e9e int\u00e9gr\u00e9e. Durable, \u00e9cologique et isol\u00e9e, elle garde vos boissons chaudes ou froides pendant des heures. Parfaite pour vos d\u00e9placements, vos entra\u00eenements ou vos aventures en plein air.<\/p>\n<p class=\"\" data-start=\"1392\" data-end=\"1649\">\n","protected":false},"featured_media":4907,"template":"","meta":{"om_disable_all_campaigns":false},"product_brand":[],"product_cat":[283],"product_tag":[],"class_list":{"0":"post-20500","1":"product","2":"type-product","3":"status-publish","4":"has-post-thumbnail","6":"product_cat-gourde-en-acier-inoxydable","8":"first","9":"instock","10":"shipping-taxable","11":"product-type-simple"},"_links":{"self":[{"href":"https:\/\/www.cupssupplier.com\/fr\/wp-json\/wp\/v2\/product\/20500","targetHints":{"allow":["GET"]}}],"collection":[{"href":"https:\/\/www.cupssupplier.com\/fr\/wp-json\/wp\/v2\/product"}],"about":[{"href":"https:\/\/www.cupssupplier.com\/fr\/wp-json\/wp\/v2\/types\/product"}],"wp:featuredmedia":[{"embeddable":true,"href":"https:\/\/www.cupssupplier.com\/fr\/wp-json\/wp\/v2\/media\/4907"}],"wp:attachment":[{"href":"https:\/\/www.cupssupplier.com\/fr\/wp-json\/wp\/v2\/media?parent=20500"}],"wp:term":[{"taxonomy":"product_brand","embeddable":true,"href":"https:\/\/www.cupssupplier.com\/fr\/wp-json\/wp\/v2\/product_brand?post=20500"},{"taxonomy":"product_cat","embeddable":true,"href":"https:\/\/www.cupssupplier.com\/fr\/wp-json\/wp\/v2\/product_cat?post=20500"},{"taxonomy":"product_tag","embeddable":true,"href":"https:\/\/www.cupssupplier.com\/fr\/wp-json\/wp\/v2\/product_tag?post=20500"}],"curies":[{"name":"wp","href":"https:\/\/api.w.org\/{rel}","templated":true}]}}