{"id":20488,"date":"2025-01-04T02:31:22","date_gmt":"2025-01-04T07:31:22","guid":{"rendered":"https:\/\/www.cupssupplier.com\/product\/stainless-steel-reusable-water-bottle\/"},"modified":"2025-05-20T22:16:53","modified_gmt":"2025-05-21T02:16:53","slug":"stainless-steel-reusable-water-bottle","status":"publish","type":"product","link":"https:\/\/www.cupssupplier.com\/fr\/stainless-steel-reusable-water-bottle\/","title":{"rendered":"Gourde en Acier Inoxydable pour V\u00e9lo"},"content":{"rendered":"<p class=\"\" data-start=\"157\" data-end=\"220\"><strong data-start=\"157\" data-end=\"220\">Gourde en Acier Inoxydable pour V\u00e9lo &#8211; Isotherme et Durable<\/strong><\/p>\n<p class=\"\" data-start=\"222\" data-end=\"382\">Am\u00e9liorez votre exp\u00e9rience cycliste avec notre gourde en acier inoxydable pour v\u00e9lo, con\u00e7ue pour allier commodit\u00e9 et performance. Caract\u00e9ristiques principales :<\/p>\n<ul data-start=\"384\" data-end=\"845\">\n<li class=\"\" data-start=\"384\" data-end=\"483\">\n<p class=\"\" data-start=\"386\" data-end=\"483\"><strong data-start=\"386\" data-end=\"416\">Conception adapt\u00e9e au v\u00e9lo<\/strong> : Profil mince s\u2019adaptant parfaitement aux porte-bidons standards.<\/p>\n<\/li>\n<li class=\"\" data-start=\"484\" data-end=\"586\">\n<p class=\"\" data-start=\"486\" data-end=\"586\"><strong data-start=\"486\" data-end=\"509\">Isolation thermique<\/strong> : Garde vos boissons chaudes pendant 12 heures ou froides jusqu\u2019\u00e0 24 heures.<\/p>\n<\/li>\n<li class=\"\" data-start=\"587\" data-end=\"679\">\n<p class=\"\" data-start=\"589\" data-end=\"679\"><strong data-start=\"589\" data-end=\"617\">Acier inoxydable durable<\/strong> : Fabriqu\u00e9e en mat\u00e9riaux sans BPA et r\u00e9sistants \u00e0 la rouille.<\/p>\n<\/li>\n<li class=\"\" data-start=\"680\" data-end=\"769\">\n<p class=\"\" data-start=\"682\" data-end=\"769\"><strong data-start=\"682\" data-end=\"704\">Bouchon anti-fuite<\/strong> : Aucun risque de d\u00e9versement, m\u00eame sur les sentiers accident\u00e9s.<\/p>\n<\/li>\n<li class=\"\" data-start=\"770\" data-end=\"845\">\n<p class=\"\" data-start=\"772\" data-end=\"845\"><strong data-start=\"772\" data-end=\"794\">L\u00e9g\u00e8re et portable<\/strong> : Facile \u00e0 transporter sans alourdir votre trajet.<\/p>\n<\/li>\n<\/ul>\n<p class=\"\" data-start=\"847\" data-end=\"963\">Id\u00e9ale pour les cyclistes et amateurs de plein air, cette gourde est essentielle pour rester hydrat\u00e9 en d\u00e9placement.<\/p>\n<p class=\"\" data-start=\"965\" data-end=\"1249\"><strong data-start=\"965\" data-end=\"1005\">P\u00e9dalez avec style et restez hydrat\u00e9<\/strong> avec notre gourde en acier inoxydable. Con\u00e7ue pour les cyclistes, elle s\u2019int\u00e8gre parfaitement dans la plupart des porte-bidons et offre une excellente isolation pour vos boissons, que vous partiez pour une courte sortie ou une longue aventure.<\/p>\n<p><img loading=\"lazy\" decoding=\"async\" class=\"aligncenter wp-image-1949 size-full\" src=\"https:\/\/www.cupssupplier.com\/wp-content\/uploads\/2025\/01\/3-10.webp\" alt=\"stainless steel reusable water bottle\" width=\"1563\" height=\"1836\" srcset=\"https:\/\/www.cupssupplier.com\/wp-content\/uploads\/2025\/01\/3-10.webp 1563w, https:\/\/www.cupssupplier.com\/wp-content\/uploads\/2025\/01\/3-10-255x300.webp 255w, https:\/\/www.cupssupplier.com\/wp-content\/uploads\/2025\/01\/3-10-872x1024.webp 872w, https:\/\/www.cupssupplier.com\/wp-content\/uploads\/2025\/01\/3-10-768x902.webp 768w, https:\/\/www.cupssupplier.com\/wp-content\/uploads\/2025\/01\/3-10-1308x1536.webp 1308w, https:\/\/www.cupssupplier.com\/wp-content\/uploads\/2025\/01\/3-10-300x352.webp 300w, https:\/\/www.cupssupplier.com\/wp-content\/uploads\/2025\/01\/3-10-600x705.webp 600w\" sizes=\"auto, (max-width: 1563px) 100vw, 1563px\" title=\"\"><\/p>\n<p><img loading=\"lazy\" decoding=\"async\" class=\"wp-image-1950 size-full\" src=\"https:\/\/www.cupssupplier.com\/wp-content\/uploads\/2025\/01\/4-9.webp\" alt=\"stainless steel reusable water bottle\" width=\"1564\" height=\"2188\" srcset=\"https:\/\/www.cupssupplier.com\/wp-content\/uploads\/2025\/01\/4-9.webp 1564w, https:\/\/www.cupssupplier.com\/wp-content\/uploads\/2025\/01\/4-9-214x300.webp 214w, https:\/\/www.cupssupplier.com\/wp-content\/uploads\/2025\/01\/4-9-732x1024.webp 732w, https:\/\/www.cupssupplier.com\/wp-content\/uploads\/2025\/01\/4-9-768x1074.webp 768w, https:\/\/www.cupssupplier.com\/wp-content\/uploads\/2025\/01\/4-9-1098x1536.webp 1098w, https:\/\/www.cupssupplier.com\/wp-content\/uploads\/2025\/01\/4-9-1464x2048.webp 1464w, https:\/\/www.cupssupplier.com\/wp-content\/uploads\/2025\/01\/4-9-300x420.webp 300w, https:\/\/www.cupssupplier.com\/wp-content\/uploads\/2025\/01\/4-9-600x839.webp 600w\" sizes=\"auto, (max-width: 1564px) 100vw, 1564px\" title=\"\"><\/p>\n<p><img loading=\"lazy\" decoding=\"async\" class=\"wp-image-1951 size-full\" src=\"https:\/\/www.cupssupplier.com\/wp-content\/uploads\/2025\/01\/5-10.webp\" alt=\"stainless steel reusable water bottle\" width=\"1563\" height=\"1771\" srcset=\"https:\/\/www.cupssupplier.com\/wp-content\/uploads\/2025\/01\/5-10.webp 1563w, https:\/\/www.cupssupplier.com\/wp-content\/uploads\/2025\/01\/5-10-265x300.webp 265w, https:\/\/www.cupssupplier.com\/wp-content\/uploads\/2025\/01\/5-10-904x1024.webp 904w, https:\/\/www.cupssupplier.com\/wp-content\/uploads\/2025\/01\/5-10-768x870.webp 768w, https:\/\/www.cupssupplier.com\/wp-content\/uploads\/2025\/01\/5-10-1356x1536.webp 1356w, https:\/\/www.cupssupplier.com\/wp-content\/uploads\/2025\/01\/5-10-300x340.webp 300w, https:\/\/www.cupssupplier.com\/wp-content\/uploads\/2025\/01\/5-10-600x680.webp 600w\" sizes=\"auto, (max-width: 1563px) 100vw, 1563px\" title=\"\"><\/p>\n<p><img loading=\"lazy\" decoding=\"async\" class=\"wp-image-1952 size-full\" src=\"https:\/\/www.cupssupplier.com\/wp-content\/uploads\/2025\/01\/7.webp\" alt=\"stainless steel reusable water bottle\" width=\"1563\" height=\"1251\" srcset=\"https:\/\/www.cupssupplier.com\/wp-content\/uploads\/2025\/01\/7.webp 1563w, https:\/\/www.cupssupplier.com\/wp-content\/uploads\/2025\/01\/7-300x240.webp 300w, https:\/\/www.cupssupplier.com\/wp-content\/uploads\/2025\/01\/7-1024x820.webp 1024w, https:\/\/www.cupssupplier.com\/wp-content\/uploads\/2025\/01\/7-768x615.webp 768w, https:\/\/www.cupssupplier.com\/wp-content\/uploads\/2025\/01\/7-1536x1229.webp 1536w, https:\/\/www.cupssupplier.com\/wp-content\/uploads\/2025\/01\/7-600x480.webp 600w\" sizes=\"auto, (max-width: 1563px) 100vw, 1563px\" title=\"\"><\/p>\n","protected":false},"excerpt":{"rendered":"<p class=\"\" data-start=\"193\" data-end=\"601\">Roulez avec style et restez hydrat\u00e9 gr\u00e2ce \u00e0 notre bouteille d\u2019eau en acier inoxydable pour v\u00e9lo. Con\u00e7ue pour les cyclistes, cette bouteille l\u00e9g\u00e8re et r\u00e9sistante s\u2019adapte parfaitement \u00e0 la plupart des porte-bidons de v\u00e9lo. Gr\u00e2ce \u00e0 son isolation sup\u00e9rieure, elle garde vos boissons chaudes ou froides pendant des heures, ce qui en fait le compagnon id\u00e9al pour les longues balades et les aventures en plein air.<\/p>\n<p class=\"\" data-start=\"603\" data-end=\"846\">\n","protected":false},"featured_media":5050,"template":"","meta":{"om_disable_all_campaigns":false},"product_brand":[],"product_cat":[283],"product_tag":[],"class_list":{"0":"post-20488","1":"product","2":"type-product","3":"status-publish","4":"has-post-thumbnail","6":"product_cat-gourde-en-acier-inoxydable","8":"first","9":"instock","10":"shipping-taxable","11":"product-type-simple"},"_links":{"self":[{"href":"https:\/\/www.cupssupplier.com\/fr\/wp-json\/wp\/v2\/product\/20488","targetHints":{"allow":["GET"]}}],"collection":[{"href":"https:\/\/www.cupssupplier.com\/fr\/wp-json\/wp\/v2\/product"}],"about":[{"href":"https:\/\/www.cupssupplier.com\/fr\/wp-json\/wp\/v2\/types\/product"}],"wp:featuredmedia":[{"embeddable":true,"href":"https:\/\/www.cupssupplier.com\/fr\/wp-json\/wp\/v2\/media\/5050"}],"wp:attachment":[{"href":"https:\/\/www.cupssupplier.com\/fr\/wp-json\/wp\/v2\/media?parent=20488"}],"wp:term":[{"taxonomy":"product_brand","embeddable":true,"href":"https:\/\/www.cupssupplier.com\/fr\/wp-json\/wp\/v2\/product_brand?post=20488"},{"taxonomy":"product_cat","embeddable":true,"href":"https:\/\/www.cupssupplier.com\/fr\/wp-json\/wp\/v2\/product_cat?post=20488"},{"taxonomy":"product_tag","embeddable":true,"href":"https:\/\/www.cupssupplier.com\/fr\/wp-json\/wp\/v2\/product_tag?post=20488"}],"curies":[{"name":"wp","href":"https:\/\/api.w.org\/{rel}","templated":true}]}}