{"id":20474,"date":"2025-01-04T22:12:33","date_gmt":"2025-01-05T03:12:33","guid":{"rendered":"https:\/\/www.cupssupplier.com\/product\/stainless-steel-water-bottle-for-bike\/"},"modified":"2025-05-20T11:15:10","modified_gmt":"2025-05-20T15:15:10","slug":"stainless-steel-water-bottle-for-bike","status":"publish","type":"product","link":"https:\/\/www.cupssupplier.com\/fr\/stainless-steel-water-bottle-for-bike\/","title":{"rendered":"Gourde en Acier Inoxydable pour V\u00e9lo"},"content":{"rendered":"<p class=\"\" data-start=\"157\" data-end=\"220\"><strong data-start=\"157\" data-end=\"220\">Gourde en Acier Inoxydable pour V\u00e9lo &#8211; Isotherme et Durable<\/strong><\/p>\n<p class=\"\" data-start=\"222\" data-end=\"382\">Am\u00e9liorez votre exp\u00e9rience cycliste avec notre gourde en acier inoxydable pour v\u00e9lo, con\u00e7ue pour allier commodit\u00e9 et performance. Caract\u00e9ristiques principales :<\/p>\n<ul data-start=\"384\" data-end=\"845\">\n<li class=\"\" data-start=\"384\" data-end=\"483\">\n<p class=\"\" data-start=\"386\" data-end=\"483\"><strong data-start=\"386\" data-end=\"416\">Conception adapt\u00e9e au v\u00e9lo<\/strong> : Profil mince s\u2019adaptant parfaitement aux porte-bidons standards.<\/p>\n<\/li>\n<li class=\"\" data-start=\"484\" data-end=\"586\">\n<p class=\"\" data-start=\"486\" data-end=\"586\"><strong data-start=\"486\" data-end=\"509\">Isolation thermique<\/strong> : Garde vos boissons chaudes pendant 12 heures ou froides jusqu\u2019\u00e0 24 heures.<\/p>\n<\/li>\n<li class=\"\" data-start=\"587\" data-end=\"679\">\n<p class=\"\" data-start=\"589\" data-end=\"679\"><strong data-start=\"589\" data-end=\"617\">Acier inoxydable durable<\/strong> : Fabriqu\u00e9e en mat\u00e9riaux sans BPA et r\u00e9sistants \u00e0 la rouille.<\/p>\n<\/li>\n<li class=\"\" data-start=\"680\" data-end=\"769\">\n<p class=\"\" data-start=\"682\" data-end=\"769\"><strong data-start=\"682\" data-end=\"704\">Bouchon anti-fuite<\/strong> : Aucun risque de d\u00e9versement, m\u00eame sur les sentiers accident\u00e9s.<\/p>\n<\/li>\n<li class=\"\" data-start=\"770\" data-end=\"845\">\n<p class=\"\" data-start=\"772\" data-end=\"845\"><strong data-start=\"772\" data-end=\"794\">L\u00e9g\u00e8re et portable<\/strong> : Facile \u00e0 transporter sans alourdir votre trajet.<\/p>\n<\/li>\n<\/ul>\n<p class=\"\" data-start=\"847\" data-end=\"963\">Id\u00e9ale pour les cyclistes et amateurs de plein air, cette gourde est essentielle pour rester hydrat\u00e9 en d\u00e9placement.<\/p>\n<p><img loading=\"lazy\" decoding=\"async\" class=\"aligncenter wp-image-1961 size-full\" src=\"https:\/\/www.cupssupplier.com\/wp-content\/uploads\/2025\/01\/3-12-e1736047493387.webp\" alt=\"stainless steel water bottle for bike\" width=\"750\" height=\"620\" srcset=\"https:\/\/www.cupssupplier.com\/wp-content\/uploads\/2025\/01\/3-12-e1736047493387.webp 750w, https:\/\/www.cupssupplier.com\/wp-content\/uploads\/2025\/01\/3-12-e1736047493387-300x248.webp 300w, https:\/\/www.cupssupplier.com\/wp-content\/uploads\/2025\/01\/3-12-e1736047493387-600x496.webp 600w\" sizes=\"auto, (max-width: 750px) 100vw, 750px\" title=\"\"><\/p>\n<p><img loading=\"lazy\" decoding=\"async\" class=\"wp-image-1962 size-full aligncenter\" src=\"https:\/\/www.cupssupplier.com\/wp-content\/uploads\/2025\/01\/4-11-e1736047545758.webp\" alt=\"stainless steel water bottle for bike\" width=\"750\" height=\"884\" srcset=\"https:\/\/www.cupssupplier.com\/wp-content\/uploads\/2025\/01\/4-11-e1736047545758.webp 750w, https:\/\/www.cupssupplier.com\/wp-content\/uploads\/2025\/01\/4-11-e1736047545758-255x300.webp 255w, https:\/\/www.cupssupplier.com\/wp-content\/uploads\/2025\/01\/4-11-e1736047545758-300x354.webp 300w, https:\/\/www.cupssupplier.com\/wp-content\/uploads\/2025\/01\/4-11-e1736047545758-600x707.webp 600w\" sizes=\"auto, (max-width: 750px) 100vw, 750px\" title=\"\"><\/p>\n<p><img loading=\"lazy\" decoding=\"async\" class=\"wp-image-1964 size-full aligncenter\" src=\"https:\/\/www.cupssupplier.com\/wp-content\/uploads\/2025\/01\/7-1-e1736047683188.webp\" alt=\"stainless steel water bottle for bike\" width=\"750\" height=\"1465\" srcset=\"https:\/\/www.cupssupplier.com\/wp-content\/uploads\/2025\/01\/7-1-e1736047683188.webp 750w, https:\/\/www.cupssupplier.com\/wp-content\/uploads\/2025\/01\/7-1-e1736047683188-154x300.webp 154w, https:\/\/www.cupssupplier.com\/wp-content\/uploads\/2025\/01\/7-1-e1736047683188-524x1024.webp 524w, https:\/\/www.cupssupplier.com\/wp-content\/uploads\/2025\/01\/7-1-e1736047683188-300x586.webp 300w, https:\/\/www.cupssupplier.com\/wp-content\/uploads\/2025\/01\/7-1-e1736047683188-600x1172.webp 600w\" sizes=\"auto, (max-width: 750px) 100vw, 750px\" title=\"\"><\/p>\n<p><img loading=\"lazy\" decoding=\"async\" class=\"wp-image-1965 size-full aligncenter\" src=\"https:\/\/www.cupssupplier.com\/wp-content\/uploads\/2025\/01\/8.webp\" alt=\"stainless steel water bottle for bike\" width=\"750\" height=\"1808\" srcset=\"https:\/\/www.cupssupplier.com\/wp-content\/uploads\/2025\/01\/8.webp 750w, https:\/\/www.cupssupplier.com\/wp-content\/uploads\/2025\/01\/8-124x300.webp 124w, https:\/\/www.cupssupplier.com\/wp-content\/uploads\/2025\/01\/8-425x1024.webp 425w, https:\/\/www.cupssupplier.com\/wp-content\/uploads\/2025\/01\/8-637x1536.webp 637w, https:\/\/www.cupssupplier.com\/wp-content\/uploads\/2025\/01\/8-300x723.webp 300w, https:\/\/www.cupssupplier.com\/wp-content\/uploads\/2025\/01\/8-600x1446.webp 600w\" sizes=\"auto, (max-width: 750px) 100vw, 750px\" title=\"\"><\/p>\n<p><img loading=\"lazy\" decoding=\"async\" class=\"aligncenter wp-image-1966 size-full\" src=\"https:\/\/www.cupssupplier.com\/wp-content\/uploads\/2025\/01\/9.webp\" alt=\"stainless steel water bottle for bike\" width=\"750\" height=\"1454\" srcset=\"https:\/\/www.cupssupplier.com\/wp-content\/uploads\/2025\/01\/9.webp 750w, https:\/\/www.cupssupplier.com\/wp-content\/uploads\/2025\/01\/9-155x300.webp 155w, https:\/\/www.cupssupplier.com\/wp-content\/uploads\/2025\/01\/9-528x1024.webp 528w, https:\/\/www.cupssupplier.com\/wp-content\/uploads\/2025\/01\/9-300x582.webp 300w, https:\/\/www.cupssupplier.com\/wp-content\/uploads\/2025\/01\/9-600x1163.webp 600w\" sizes=\"auto, (max-width: 750px) 100vw, 750px\" title=\"\"><\/p>\n","protected":false},"excerpt":{"rendered":"<p class=\"\" data-start=\"193\" data-end=\"601\">Roulez avec style et restez hydrat\u00e9 gr\u00e2ce \u00e0 notre bouteille d\u2019eau en acier inoxydable pour v\u00e9lo. Con\u00e7ue pour les cyclistes, cette bouteille l\u00e9g\u00e8re et r\u00e9sistante s\u2019adapte parfaitement \u00e0 la plupart des porte-bidons de v\u00e9lo. Gr\u00e2ce \u00e0 son isolation sup\u00e9rieure, elle garde vos boissons chaudes ou froides pendant des heures, ce qui en fait le compagnon id\u00e9al pour les longues balades et les aventures en plein air.<\/p>\n<p class=\"\" data-start=\"603\" data-end=\"846\">\n","protected":false},"featured_media":5127,"template":"","meta":{"om_disable_all_campaigns":false},"product_brand":[],"product_cat":[283],"product_tag":[],"class_list":{"0":"post-20474","1":"product","2":"type-product","3":"status-publish","4":"has-post-thumbnail","6":"product_cat-gourde-en-acier-inoxydable","8":"first","9":"instock","10":"shipping-taxable","11":"product-type-simple"},"_links":{"self":[{"href":"https:\/\/www.cupssupplier.com\/fr\/wp-json\/wp\/v2\/product\/20474","targetHints":{"allow":["GET"]}}],"collection":[{"href":"https:\/\/www.cupssupplier.com\/fr\/wp-json\/wp\/v2\/product"}],"about":[{"href":"https:\/\/www.cupssupplier.com\/fr\/wp-json\/wp\/v2\/types\/product"}],"wp:featuredmedia":[{"embeddable":true,"href":"https:\/\/www.cupssupplier.com\/fr\/wp-json\/wp\/v2\/media\/5127"}],"wp:attachment":[{"href":"https:\/\/www.cupssupplier.com\/fr\/wp-json\/wp\/v2\/media?parent=20474"}],"wp:term":[{"taxonomy":"product_brand","embeddable":true,"href":"https:\/\/www.cupssupplier.com\/fr\/wp-json\/wp\/v2\/product_brand?post=20474"},{"taxonomy":"product_cat","embeddable":true,"href":"https:\/\/www.cupssupplier.com\/fr\/wp-json\/wp\/v2\/product_cat?post=20474"},{"taxonomy":"product_tag","embeddable":true,"href":"https:\/\/www.cupssupplier.com\/fr\/wp-json\/wp\/v2\/product_tag?post=20474"}],"curies":[{"name":"wp","href":"https:\/\/api.w.org\/{rel}","templated":true}]}}