{"id":20461,"date":"2025-01-04T23:17:33","date_gmt":"2025-01-05T04:17:33","guid":{"rendered":"https:\/\/www.cupssupplier.com\/product\/wholesale-stainless-steel-water-bottles\/"},"modified":"2025-05-20T10:14:56","modified_gmt":"2025-05-20T14:14:56","slug":"wholesale-stainless-steel-water-bottles","status":"publish","type":"product","link":"https:\/\/www.cupssupplier.com\/fr\/wholesale-stainless-steel-water-bottles\/","title":{"rendered":"Bouteilles d&rsquo;Eau en Acier Inoxydable en Gros"},"content":{"rendered":"<p class=\"\" data-start=\"129\" data-end=\"221\"><strong data-start=\"129\" data-end=\"221\">Bouteilles d&rsquo;Eau en Acier Inoxydable en Gros \u2013 Durables, \u00c9cologiques et Personnalisables<\/strong><\/p>\n<p class=\"\" data-start=\"223\" data-end=\"384\">Choisissez nos bouteilles d\u2019eau en acier inoxydable en gros pour des commandes group\u00e9es qui allient durabilit\u00e9, \u00e9cologie et style. Caract\u00e9ristiques principales :<\/p>\n<ul data-start=\"386\" data-end=\"975\">\n<li class=\"\" data-start=\"386\" data-end=\"496\">\n<p class=\"\" data-start=\"388\" data-end=\"496\"><strong data-start=\"388\" data-end=\"422\">Mat\u00e9riau de Qualit\u00e9 Sup\u00e9rieure<\/strong> : Fabriqu\u00e9es en acier inoxydable sans BPA pour une performance durable.<\/p>\n<\/li>\n<li class=\"\" data-start=\"497\" data-end=\"603\">\n<p class=\"\" data-start=\"499\" data-end=\"603\"><strong data-start=\"499\" data-end=\"519\">Design Isotherme<\/strong> : Conservent les boissons chaudes jusqu&rsquo;\u00e0 12 heures et froides jusqu&rsquo;\u00e0 24 heures.<\/p>\n<\/li>\n<li class=\"\" data-start=\"604\" data-end=\"719\">\n<p class=\"\" data-start=\"606\" data-end=\"719\"><strong data-start=\"606\" data-end=\"634\">Options Personnalisables<\/strong> : Ajoutez des logos ou des designs pour cr\u00e9er des bouteilles uniques ou de marque.<\/p>\n<\/li>\n<li class=\"\" data-start=\"720\" data-end=\"859\">\n<p class=\"\" data-start=\"722\" data-end=\"859\"><strong data-start=\"722\" data-end=\"754\">\u00c9cologiques et R\u00e9utilisables<\/strong> : Une alternative durable aux bouteilles en plastique jetables, soutenant vos initiatives \u00e9cologiques.<\/p>\n<\/li>\n<li class=\"\" data-start=\"860\" data-end=\"975\">\n<p class=\"\" data-start=\"862\" data-end=\"975\"><strong data-start=\"862\" data-end=\"891\">Polyvalentes et Pratiques<\/strong> : Id\u00e9ales pour les \u00e9v\u00e9nements, les cadeaux d&rsquo;entreprise, les \u00e9quipes ou la revente.<\/p>\n<\/li>\n<\/ul>\n<p class=\"\" data-start=\"977\" data-end=\"1148\">Que ce soit pour des promotions ou de la vente au d\u00e9tail, nos bouteilles en acier inoxydable en gros offrent valeur, performance et engagement \u00e9cologique \u00e0 grande \u00e9chelle.<\/p>\n<p><img loading=\"lazy\" decoding=\"async\" class=\"aligncenter wp-image-1975 size-full\" src=\"https:\/\/www.cupssupplier.com\/wp-content\/uploads\/2025\/01\/1-13.webp\" alt=\"wholesale stainless steel water bottles\" width=\"1000\" height=\"2446\" srcset=\"https:\/\/www.cupssupplier.com\/wp-content\/uploads\/2025\/01\/1-13.webp 1000w, https:\/\/www.cupssupplier.com\/wp-content\/uploads\/2025\/01\/1-13-123x300.webp 123w, https:\/\/www.cupssupplier.com\/wp-content\/uploads\/2025\/01\/1-13-419x1024.webp 419w, https:\/\/www.cupssupplier.com\/wp-content\/uploads\/2025\/01\/1-13-768x1879.webp 768w, https:\/\/www.cupssupplier.com\/wp-content\/uploads\/2025\/01\/1-13-628x1536.webp 628w, https:\/\/www.cupssupplier.com\/wp-content\/uploads\/2025\/01\/1-13-837x2048.webp 837w, https:\/\/www.cupssupplier.com\/wp-content\/uploads\/2025\/01\/1-13-300x734.webp 300w, https:\/\/www.cupssupplier.com\/wp-content\/uploads\/2025\/01\/1-13-600x1468.webp 600w\" sizes=\"auto, (max-width: 1000px) 100vw, 1000px\" title=\"\"><\/p>\n<p><img loading=\"lazy\" decoding=\"async\" class=\"aligncenter wp-image-1976 size-full\" src=\"https:\/\/www.cupssupplier.com\/wp-content\/uploads\/2025\/01\/2-15.webp\" alt=\"wholesale stainless steel water bottles\" width=\"1000\" height=\"3264\" srcset=\"https:\/\/www.cupssupplier.com\/wp-content\/uploads\/2025\/01\/2-15.webp 1000w, https:\/\/www.cupssupplier.com\/wp-content\/uploads\/2025\/01\/2-15-92x300.webp 92w, https:\/\/www.cupssupplier.com\/wp-content\/uploads\/2025\/01\/2-15-314x1024.webp 314w, https:\/\/www.cupssupplier.com\/wp-content\/uploads\/2025\/01\/2-15-768x2507.webp 768w, https:\/\/www.cupssupplier.com\/wp-content\/uploads\/2025\/01\/2-15-471x1536.webp 471w, https:\/\/www.cupssupplier.com\/wp-content\/uploads\/2025\/01\/2-15-627x2048.webp 627w, https:\/\/www.cupssupplier.com\/wp-content\/uploads\/2025\/01\/2-15-300x979.webp 300w, https:\/\/www.cupssupplier.com\/wp-content\/uploads\/2025\/01\/2-15-600x1958.webp 600w\" sizes=\"auto, (max-width: 1000px) 100vw, 1000px\" title=\"\"><\/p>\n","protected":false},"excerpt":{"rendered":"<p class=\"\" data-start=\"187\" data-end=\"552\">Procurez-vous des bouteilles d&rsquo;eau en acier inoxydable en gros de haute qualit\u00e9 pour votre entreprise, \u00e9v\u00e9nement ou organisation. Durables, \u00e9cologiques et personnalisables, ces bouteilles sont id\u00e9ales pour les promotions, les cadeaux d&rsquo;entreprise ou la revente. Con\u00e7ues pour garder les boissons chaudes ou froides, elles allient style, fonctionnalit\u00e9 et durabilit\u00e9.<\/p>\n<p class=\"\" data-start=\"554\" data-end=\"848\">\n","protected":false},"featured_media":5248,"template":"","meta":{"om_disable_all_campaigns":false},"product_brand":[],"product_cat":[283],"product_tag":[],"class_list":{"0":"post-20461","1":"product","2":"type-product","3":"status-publish","4":"has-post-thumbnail","6":"product_cat-gourde-en-acier-inoxydable","8":"first","9":"instock","10":"shipping-taxable","11":"product-type-simple"},"_links":{"self":[{"href":"https:\/\/www.cupssupplier.com\/fr\/wp-json\/wp\/v2\/product\/20461","targetHints":{"allow":["GET"]}}],"collection":[{"href":"https:\/\/www.cupssupplier.com\/fr\/wp-json\/wp\/v2\/product"}],"about":[{"href":"https:\/\/www.cupssupplier.com\/fr\/wp-json\/wp\/v2\/types\/product"}],"wp:featuredmedia":[{"embeddable":true,"href":"https:\/\/www.cupssupplier.com\/fr\/wp-json\/wp\/v2\/media\/5248"}],"wp:attachment":[{"href":"https:\/\/www.cupssupplier.com\/fr\/wp-json\/wp\/v2\/media?parent=20461"}],"wp:term":[{"taxonomy":"product_brand","embeddable":true,"href":"https:\/\/www.cupssupplier.com\/fr\/wp-json\/wp\/v2\/product_brand?post=20461"},{"taxonomy":"product_cat","embeddable":true,"href":"https:\/\/www.cupssupplier.com\/fr\/wp-json\/wp\/v2\/product_cat?post=20461"},{"taxonomy":"product_tag","embeddable":true,"href":"https:\/\/www.cupssupplier.com\/fr\/wp-json\/wp\/v2\/product_tag?post=20461"}],"curies":[{"name":"wp","href":"https:\/\/api.w.org\/{rel}","templated":true}]}}