{"id":20448,"date":"2025-01-06T05:59:31","date_gmt":"2025-01-06T10:59:31","guid":{"rendered":"https:\/\/www.cupssupplier.com\/product\/custom-coffee-tumblers-with-logo\/"},"modified":"2025-05-20T00:54:34","modified_gmt":"2025-05-20T04:54:34","slug":"custom-coffee-tumblers-with-logo","status":"publish","type":"product","link":"https:\/\/www.cupssupplier.com\/fr\/custom-coffee-tumblers-with-logo\/","title":{"rendered":"Gobelets \u00e0 caf\u00e9 personnalis\u00e9s en gros avec logo"},"content":{"rendered":"<p class=\"\" data-start=\"150\" data-end=\"233\"><strong data-start=\"150\" data-end=\"233\">Gobelets \u00e0 caf\u00e9 personnalis\u00e9s en gros avec logo \u2013 Vaisselle isotherme de marque<\/strong><\/p>\n<p class=\"\" data-start=\"235\" data-end=\"403\">Am\u00e9liorez votre image de marque avec nos <strong data-start=\"276\" data-end=\"327\">gobelets \u00e0 caf\u00e9 personnalis\u00e9s en gros avec logo<\/strong>, con\u00e7us pour allier praticit\u00e9 et \u00e9l\u00e9gance.<br data-start=\"370\" data-end=\"373\" \/>Caract\u00e9ristiques principales :<\/p>\n<ul data-start=\"405\" data-end=\"940\">\n<li class=\"\" data-start=\"405\" data-end=\"528\">\n<p class=\"\" data-start=\"407\" data-end=\"528\"><strong data-start=\"407\" data-end=\"438\">Personnalisation sur mesure<\/strong> : Ajoutez votre logo ou design pour mettre en valeur votre entreprise ou votre message.<\/p>\n<\/li>\n<li class=\"\" data-start=\"529\" data-end=\"648\">\n<p class=\"\" data-start=\"531\" data-end=\"648\"><strong data-start=\"531\" data-end=\"555\">Conception isotherme<\/strong> : Garde le caf\u00e9 chaud jusqu\u2019\u00e0 8 heures et les boissons froides fra\u00eeches jusqu\u2019\u00e0 12 heures.<\/p>\n<\/li>\n<li class=\"\" data-start=\"649\" data-end=\"759\">\n<p class=\"\" data-start=\"651\" data-end=\"759\"><strong data-start=\"651\" data-end=\"675\">Construction durable<\/strong> : Fabriqu\u00e9 avec des mat\u00e9riaux de qualit\u00e9 sup\u00e9rieure pour une longue dur\u00e9e de vie.<\/p>\n<\/li>\n<li class=\"\" data-start=\"760\" data-end=\"843\">\n<p class=\"\" data-start=\"762\" data-end=\"843\"><strong data-start=\"762\" data-end=\"792\">\u00c9cologique et r\u00e9utilisable<\/strong> : Une alternative durable aux gobelets jetables.<\/p>\n<\/li>\n<li class=\"\" data-start=\"844\" data-end=\"940\">\n<p class=\"\" data-start=\"846\" data-end=\"940\"><strong data-start=\"846\" data-end=\"883\">Parfait pour toutes les occasions<\/strong> : Cadeaux d\u2019entreprise, objets promotionnels ou revente.<\/p>\n<\/li>\n<\/ul>\n<p class=\"\" data-start=\"942\" data-end=\"1113\">Nos <strong data-start=\"946\" data-end=\"997\">gobelets \u00e0 caf\u00e9 personnalis\u00e9s en gros avec logo<\/strong> sont non seulement pratiques, mais aussi de puissants outils de marketing pour garder votre marque au premier plan.<\/p>\n<p><img loading=\"lazy\" decoding=\"async\" class=\"aligncenter wp-image-1997 size-full\" src=\"https:\/\/www.cupssupplier.com\/wp-content\/uploads\/2025\/01\/3-15-e1736239229454.webp\" alt=\"custom coffee tumblers with logo\" width=\"1560\" height=\"2820\" srcset=\"https:\/\/www.cupssupplier.com\/wp-content\/uploads\/2025\/01\/3-15-e1736239229454.webp 1560w, https:\/\/www.cupssupplier.com\/wp-content\/uploads\/2025\/01\/3-15-e1736239229454-166x300.webp 166w, https:\/\/www.cupssupplier.com\/wp-content\/uploads\/2025\/01\/3-15-e1736239229454-566x1024.webp 566w, https:\/\/www.cupssupplier.com\/wp-content\/uploads\/2025\/01\/3-15-e1736239229454-768x1388.webp 768w, https:\/\/www.cupssupplier.com\/wp-content\/uploads\/2025\/01\/3-15-e1736239229454-850x1536.webp 850w, https:\/\/www.cupssupplier.com\/wp-content\/uploads\/2025\/01\/3-15-e1736239229454-1133x2048.webp 1133w, https:\/\/www.cupssupplier.com\/wp-content\/uploads\/2025\/01\/3-15-e1736239229454-300x542.webp 300w, https:\/\/www.cupssupplier.com\/wp-content\/uploads\/2025\/01\/3-15-e1736239229454-600x1085.webp 600w\" sizes=\"auto, (max-width: 1560px) 100vw, 1560px\" title=\"\"><img loading=\"lazy\" decoding=\"async\" class=\"aligncenter wp-image-1998 size-full\" src=\"https:\/\/www.cupssupplier.com\/wp-content\/uploads\/2025\/01\/4-14.webp\" alt=\"custom coffee tumblers with logo\" width=\"1563\" height=\"2188\" srcset=\"https:\/\/www.cupssupplier.com\/wp-content\/uploads\/2025\/01\/4-14.webp 1563w, https:\/\/www.cupssupplier.com\/wp-content\/uploads\/2025\/01\/4-14-214x300.webp 214w, https:\/\/www.cupssupplier.com\/wp-content\/uploads\/2025\/01\/4-14-731x1024.webp 731w, https:\/\/www.cupssupplier.com\/wp-content\/uploads\/2025\/01\/4-14-768x1075.webp 768w, https:\/\/www.cupssupplier.com\/wp-content\/uploads\/2025\/01\/4-14-1097x1536.webp 1097w, https:\/\/www.cupssupplier.com\/wp-content\/uploads\/2025\/01\/4-14-1463x2048.webp 1463w, https:\/\/www.cupssupplier.com\/wp-content\/uploads\/2025\/01\/4-14-300x420.webp 300w, https:\/\/www.cupssupplier.com\/wp-content\/uploads\/2025\/01\/4-14-600x840.webp 600w\" sizes=\"auto, (max-width: 1563px) 100vw, 1563px\" title=\"\"><img loading=\"lazy\" decoding=\"async\" class=\"aligncenter wp-image-1996 size-full\" src=\"https:\/\/www.cupssupplier.com\/wp-content\/uploads\/2025\/01\/6-10-e1736239482587.webp\" alt=\"custom coffee tumblers with logo\" width=\"1560\" height=\"843\" srcset=\"https:\/\/www.cupssupplier.com\/wp-content\/uploads\/2025\/01\/6-10-e1736239482587.webp 1560w, https:\/\/www.cupssupplier.com\/wp-content\/uploads\/2025\/01\/6-10-e1736239482587-300x162.webp 300w, https:\/\/www.cupssupplier.com\/wp-content\/uploads\/2025\/01\/6-10-e1736239482587-1024x553.webp 1024w, https:\/\/www.cupssupplier.com\/wp-content\/uploads\/2025\/01\/6-10-e1736239482587-768x415.webp 768w, https:\/\/www.cupssupplier.com\/wp-content\/uploads\/2025\/01\/6-10-e1736239482587-1536x830.webp 1536w, https:\/\/www.cupssupplier.com\/wp-content\/uploads\/2025\/01\/6-10-e1736239482587-600x324.webp 600w\" sizes=\"auto, (max-width: 1560px) 100vw, 1560px\" title=\"\"><\/p>\n","protected":false},"excerpt":{"rendered":"<p class=\"\" data-start=\"143\" data-end=\"484\">Faites la promotion de votre marque avec des <strong data-start=\"188\" data-end=\"239\">gobelets \u00e0 caf\u00e9 personnalis\u00e9s avec logo en gros<\/strong> et \u00e9l\u00e9gants. Ces gobelets isothermes gardent les boissons chaudes ou froides pendant des heures, id\u00e9als pour les \u00e9v\u00e9nements d\u2019entreprise, les cadeaux promotionnels ou la vente au d\u00e9tail. Personnalisez-les avec votre logo pour un impact durable.<\/p>\n<p class=\"\" data-start=\"486\" data-end=\"569\">\n","protected":false},"featured_media":5314,"template":"","meta":{"om_disable_all_campaigns":false},"product_brand":[],"product_cat":[284],"product_tag":[],"class_list":{"0":"post-20448","1":"product","2":"type-product","3":"status-publish","4":"has-post-thumbnail","6":"product_cat-gobelet","8":"first","9":"instock","10":"shipping-taxable","11":"product-type-simple"},"_links":{"self":[{"href":"https:\/\/www.cupssupplier.com\/fr\/wp-json\/wp\/v2\/product\/20448","targetHints":{"allow":["GET"]}}],"collection":[{"href":"https:\/\/www.cupssupplier.com\/fr\/wp-json\/wp\/v2\/product"}],"about":[{"href":"https:\/\/www.cupssupplier.com\/fr\/wp-json\/wp\/v2\/types\/product"}],"wp:featuredmedia":[{"embeddable":true,"href":"https:\/\/www.cupssupplier.com\/fr\/wp-json\/wp\/v2\/media\/5314"}],"wp:attachment":[{"href":"https:\/\/www.cupssupplier.com\/fr\/wp-json\/wp\/v2\/media?parent=20448"}],"wp:term":[{"taxonomy":"product_brand","embeddable":true,"href":"https:\/\/www.cupssupplier.com\/fr\/wp-json\/wp\/v2\/product_brand?post=20448"},{"taxonomy":"product_cat","embeddable":true,"href":"https:\/\/www.cupssupplier.com\/fr\/wp-json\/wp\/v2\/product_cat?post=20448"},{"taxonomy":"product_tag","embeddable":true,"href":"https:\/\/www.cupssupplier.com\/fr\/wp-json\/wp\/v2\/product_tag?post=20448"}],"curies":[{"name":"wp","href":"https:\/\/api.w.org\/{rel}","templated":true}]}}