{"id":20437,"date":"2025-01-07T03:59:01","date_gmt":"2025-01-07T08:59:01","guid":{"rendered":"https:\/\/www.cupssupplier.com\/product\/custom-coffee-tumbler-bulk\/"},"modified":"2025-05-19T03:35:36","modified_gmt":"2025-05-19T07:35:36","slug":"custom-coffee-tumbler-bulk","status":"publish","type":"product","link":"https:\/\/www.cupssupplier.com\/fr\/custom-coffee-tumbler-bulk\/","title":{"rendered":"Gobelets \u00e0 Caf\u00e9 Personnalis\u00e9s en Gros"},"content":{"rendered":"<p class=\"\" data-start=\"121\" data-end=\"211\"><strong data-start=\"121\" data-end=\"211\">Gobelets \u00e0 Caf\u00e9 Personnalis\u00e9s en Gros \u2013 Vaisselle R\u00e9utilisable de Marque et \u00c9cologique<\/strong><\/p>\n<p class=\"\" data-start=\"213\" data-end=\"444\">Maximisez le potentiel de votre marque avec nos options de <strong data-start=\"272\" data-end=\"313\">gobelets \u00e0 caf\u00e9 personnalis\u00e9s en gros<\/strong>. Parfaits pour les entreprises, \u00e9v\u00e9nements ou la vente au d\u00e9tail, ces gobelets sont con\u00e7us pour allier <strong data-start=\"417\" data-end=\"443\">praticit\u00e9 et promotion<\/strong>.<\/p>\n<p class=\"\" data-start=\"446\" data-end=\"482\"><strong data-start=\"446\" data-end=\"480\">Caract\u00e9ristiques principales :<\/strong><\/p>\n<ul data-start=\"483\" data-end=\"1052\">\n<li class=\"\" data-start=\"483\" data-end=\"593\">\n<p class=\"\" data-start=\"485\" data-end=\"593\"><strong data-start=\"485\" data-end=\"511\">Design personnalisable<\/strong> : Ajoutez logos, textes ou illustrations pour cr\u00e9er des gobelets \u00e0 votre image.<\/p>\n<\/li>\n<li class=\"\" data-start=\"594\" data-end=\"714\">\n<p class=\"\" data-start=\"596\" data-end=\"714\"><strong data-start=\"596\" data-end=\"621\">Isolation performante<\/strong> : Garde le caf\u00e9 chaud jusqu&rsquo;\u00e0 8 heures et les boissons froides fra\u00eeches jusqu&rsquo;\u00e0 12 heures.<\/p>\n<\/li>\n<li class=\"\" data-start=\"715\" data-end=\"833\">\n<p class=\"\" data-start=\"717\" data-end=\"833\"><strong data-start=\"717\" data-end=\"745\">Durables &amp; r\u00e9utilisables<\/strong> : Fabriqu\u00e9s \u00e0 partir de mat\u00e9riaux de haute qualit\u00e9 et respectueux de l\u2019environnement.<\/p>\n<\/li>\n<li class=\"\" data-start=\"834\" data-end=\"931\">\n<p class=\"\" data-start=\"836\" data-end=\"931\"><strong data-start=\"836\" data-end=\"859\">Solution \u00e9cologique<\/strong> : R\u00e9duisez les d\u00e9chets gr\u00e2ce \u00e0 une vaisselle r\u00e9utilisable et durable.<\/p>\n<\/li>\n<li class=\"\" data-start=\"932\" data-end=\"1052\">\n<p class=\"\" data-start=\"934\" data-end=\"1052\"><strong data-start=\"934\" data-end=\"970\">Id\u00e9al pour les commandes en gros<\/strong> : Parfait pour les \u00e9v\u00e9nements d\u2019entreprise, campagnes promotionnelles ou revente.<\/p>\n<\/li>\n<\/ul>\n<p class=\"\" data-start=\"1054\" data-end=\"1237\">Que ce soit pour des cadeaux ou pour promouvoir votre marque, nos <strong data-start=\"1120\" data-end=\"1161\">gobelets \u00e0 caf\u00e9 personnalis\u00e9s en gros<\/strong> offrent une solution \u00e9l\u00e9gante, pratique et respectueuse de l\u2019environnement.<\/p>\n<p><img loading=\"lazy\" decoding=\"async\" class=\"aligncenter wp-image-2009 size-full\" src=\"https:\/\/www.cupssupplier.com\/wp-content\/uploads\/2025\/01\/1-16.webp\" alt=\"custom coffee tumbler bulk\" width=\"900\" height=\"1540\" srcset=\"https:\/\/www.cupssupplier.com\/wp-content\/uploads\/2025\/01\/1-16.webp 900w, https:\/\/www.cupssupplier.com\/wp-content\/uploads\/2025\/01\/1-16-175x300.webp 175w, https:\/\/www.cupssupplier.com\/wp-content\/uploads\/2025\/01\/1-16-598x1024.webp 598w, https:\/\/www.cupssupplier.com\/wp-content\/uploads\/2025\/01\/1-16-768x1314.webp 768w, https:\/\/www.cupssupplier.com\/wp-content\/uploads\/2025\/01\/1-16-898x1536.webp 898w, https:\/\/www.cupssupplier.com\/wp-content\/uploads\/2025\/01\/1-16-300x513.webp 300w, https:\/\/www.cupssupplier.com\/wp-content\/uploads\/2025\/01\/1-16-600x1027.webp 600w\" sizes=\"auto, (max-width: 900px) 100vw, 900px\" title=\"\"><\/p>\n<p><img loading=\"lazy\" decoding=\"async\" class=\"aligncenter wp-image-2010 size-full\" src=\"https:\/\/www.cupssupplier.com\/wp-content\/uploads\/2025\/01\/2-18.webp\" alt=\"custom coffee tumbler bulk\" width=\"900\" height=\"1636\" srcset=\"https:\/\/www.cupssupplier.com\/wp-content\/uploads\/2025\/01\/2-18.webp 900w, https:\/\/www.cupssupplier.com\/wp-content\/uploads\/2025\/01\/2-18-165x300.webp 165w, https:\/\/www.cupssupplier.com\/wp-content\/uploads\/2025\/01\/2-18-563x1024.webp 563w, https:\/\/www.cupssupplier.com\/wp-content\/uploads\/2025\/01\/2-18-768x1396.webp 768w, https:\/\/www.cupssupplier.com\/wp-content\/uploads\/2025\/01\/2-18-845x1536.webp 845w, https:\/\/www.cupssupplier.com\/wp-content\/uploads\/2025\/01\/2-18-300x545.webp 300w, https:\/\/www.cupssupplier.com\/wp-content\/uploads\/2025\/01\/2-18-600x1091.webp 600w\" sizes=\"auto, (max-width: 900px) 100vw, 900px\" title=\"\"><\/p>\n<p><img loading=\"lazy\" decoding=\"async\" class=\"aligncenter wp-image-2011 size-full\" src=\"https:\/\/www.cupssupplier.com\/wp-content\/uploads\/2025\/01\/3-17.webp\" alt=\"custom coffee tumbler bulk\" width=\"900\" height=\"2009\" srcset=\"https:\/\/www.cupssupplier.com\/wp-content\/uploads\/2025\/01\/3-17.webp 900w, https:\/\/www.cupssupplier.com\/wp-content\/uploads\/2025\/01\/3-17-134x300.webp 134w, https:\/\/www.cupssupplier.com\/wp-content\/uploads\/2025\/01\/3-17-459x1024.webp 459w, https:\/\/www.cupssupplier.com\/wp-content\/uploads\/2025\/01\/3-17-768x1714.webp 768w, https:\/\/www.cupssupplier.com\/wp-content\/uploads\/2025\/01\/3-17-688x1536.webp 688w, https:\/\/www.cupssupplier.com\/wp-content\/uploads\/2025\/01\/3-17-300x670.webp 300w, https:\/\/www.cupssupplier.com\/wp-content\/uploads\/2025\/01\/3-17-600x1339.webp 600w\" sizes=\"auto, (max-width: 900px) 100vw, 900px\" title=\"\"><\/p>\n","protected":false},"excerpt":{"rendered":"<p class=\"\" data-start=\"114\" data-end=\"553\">Faites le plein de gobelets \u00e0 caf\u00e9 personnalis\u00e9s en gros pour votre entreprise ou votre \u00e9v\u00e9nement. Ces gobelets isothermes et r\u00e9utilisables sont personnalisables avec des logos ou des designs, parfaits pour les cadeaux d\u2019entreprise, les promotions ou la revente. Gardez vos boissons chaudes ou froides avec style tout en valorisant votre marque.<\/p>\n<p class=\"\" data-start=\"555\" data-end=\"836\">\n","protected":false},"featured_media":5402,"template":"","meta":{"om_disable_all_campaigns":false},"product_brand":[],"product_cat":[284],"product_tag":[],"class_list":{"0":"post-20437","1":"product","2":"type-product","3":"status-publish","4":"has-post-thumbnail","6":"product_cat-gobelet","8":"first","9":"instock","10":"shipping-taxable","11":"product-type-simple"},"_links":{"self":[{"href":"https:\/\/www.cupssupplier.com\/fr\/wp-json\/wp\/v2\/product\/20437","targetHints":{"allow":["GET"]}}],"collection":[{"href":"https:\/\/www.cupssupplier.com\/fr\/wp-json\/wp\/v2\/product"}],"about":[{"href":"https:\/\/www.cupssupplier.com\/fr\/wp-json\/wp\/v2\/types\/product"}],"wp:featuredmedia":[{"embeddable":true,"href":"https:\/\/www.cupssupplier.com\/fr\/wp-json\/wp\/v2\/media\/5402"}],"wp:attachment":[{"href":"https:\/\/www.cupssupplier.com\/fr\/wp-json\/wp\/v2\/media?parent=20437"}],"wp:term":[{"taxonomy":"product_brand","embeddable":true,"href":"https:\/\/www.cupssupplier.com\/fr\/wp-json\/wp\/v2\/product_brand?post=20437"},{"taxonomy":"product_cat","embeddable":true,"href":"https:\/\/www.cupssupplier.com\/fr\/wp-json\/wp\/v2\/product_cat?post=20437"},{"taxonomy":"product_tag","embeddable":true,"href":"https:\/\/www.cupssupplier.com\/fr\/wp-json\/wp\/v2\/product_tag?post=20437"}],"curies":[{"name":"wp","href":"https:\/\/api.w.org\/{rel}","templated":true}]}}