{"id":20423,"date":"2025-01-07T21:46:13","date_gmt":"2025-01-08T02:46:13","guid":{"rendered":"https:\/\/www.cupssupplier.com\/product\/coffee-tumbler-with-logo\/"},"modified":"2025-05-19T02:32:43","modified_gmt":"2025-05-19T06:32:43","slug":"coffee-tumbler-with-logo","status":"publish","type":"product","link":"https:\/\/www.cupssupplier.com\/fr\/coffee-tumbler-with-logo\/","title":{"rendered":"Gobelet \u00e0 Caf\u00e9 Personnalis\u00e9 en Gros avec Logo"},"content":{"rendered":"<p class=\"\" data-start=\"162\" data-end=\"211\"><strong data-start=\"162\" data-end=\"211\">Gobelet \u00e0 Caf\u00e9 Personnalis\u00e9 en Gros avec Logo<\/strong><\/p>\n<p class=\"\" data-start=\"213\" data-end=\"408\">Boostez votre strat\u00e9gie marketing avec ce gobelet \u00e0 caf\u00e9 personnalisable en gros, con\u00e7u pour mettre en valeur votre marque tout en offrant une utilisation pratique. Principales caract\u00e9ristiques :<\/p>\n<ul data-start=\"410\" data-end=\"976\">\n<li class=\"\" data-start=\"410\" data-end=\"520\">\n<p class=\"\" data-start=\"412\" data-end=\"520\"><strong data-start=\"412\" data-end=\"447\">Impression de Logo Personnalis\u00e9<\/strong> : Ajoutez votre logo pour une touche professionnelle et personnalis\u00e9e.<\/p>\n<\/li>\n<li class=\"\" data-start=\"521\" data-end=\"633\">\n<p class=\"\" data-start=\"523\" data-end=\"633\"><strong data-start=\"523\" data-end=\"548\">Technologie Isotherme<\/strong> : Garde le caf\u00e9 chaud jusqu\u2019\u00e0 8 heures et les boissons fra\u00eeches jusqu\u2019\u00e0 12 heures.<\/p>\n<\/li>\n<li class=\"\" data-start=\"634\" data-end=\"754\">\n<p class=\"\" data-start=\"636\" data-end=\"754\"><strong data-start=\"636\" data-end=\"669\">Construction de Haute Qualit\u00e9<\/strong> : Fabriqu\u00e9 avec des mat\u00e9riaux durables et sans BPA pour une utilisation prolong\u00e9e.<\/p>\n<\/li>\n<li class=\"\" data-start=\"755\" data-end=\"838\">\n<p class=\"\" data-start=\"757\" data-end=\"838\"><strong data-start=\"757\" data-end=\"787\">\u00c9cologique et R\u00e9utilisable<\/strong> : Une alternative durable aux gobelets jetables.<\/p>\n<\/li>\n<li class=\"\" data-start=\"839\" data-end=\"976\">\n<p class=\"\" data-start=\"841\" data-end=\"976\"><strong data-start=\"841\" data-end=\"867\">Id\u00e9al pour le Branding<\/strong> : Parfait pour les \u00e9v\u00e9nements d\u2019entreprise, les cadeaux promotionnels ou comme produit de revente \u00e9l\u00e9gant.<\/p>\n<\/li>\n<\/ul>\n<p class=\"\" data-start=\"978\" data-end=\"1137\">Le Gobelet \u00e0 Caf\u00e9 Personnalis\u00e9 en Gros avec Logo est un excellent moyen de promouvoir votre entreprise, en alliant utilit\u00e9 quotidienne et visibilit\u00e9 de marque.<\/p>\n<p><img loading=\"lazy\" decoding=\"async\" class=\"aligncenter wp-image-2031 size-full\" src=\"https:\/\/www.cupssupplier.com\/wp-content\/uploads\/2025\/01\/2-21.webp\" alt=\"coffee tumbler with logo\" width=\"900\" height=\"3778\" srcset=\"https:\/\/www.cupssupplier.com\/wp-content\/uploads\/2025\/01\/2-21.webp 900w, https:\/\/www.cupssupplier.com\/wp-content\/uploads\/2025\/01\/2-21-244x1024.webp 244w, https:\/\/www.cupssupplier.com\/wp-content\/uploads\/2025\/01\/2-21-768x3224.webp 768w, https:\/\/www.cupssupplier.com\/wp-content\/uploads\/2025\/01\/2-21-366x1536.webp 366w, https:\/\/www.cupssupplier.com\/wp-content\/uploads\/2025\/01\/2-21-488x2048.webp 488w, https:\/\/www.cupssupplier.com\/wp-content\/uploads\/2025\/01\/2-21-300x1259.webp 300w, https:\/\/www.cupssupplier.com\/wp-content\/uploads\/2025\/01\/2-21-600x2519.webp 600w\" sizes=\"auto, (max-width: 900px) 100vw, 900px\" title=\"\"><img loading=\"lazy\" decoding=\"async\" class=\"aligncenter wp-image-2032 size-full\" src=\"https:\/\/www.cupssupplier.com\/wp-content\/uploads\/2025\/01\/3-20.webp\" alt=\"coffee tumbler with logo\" width=\"900\" height=\"3424\" srcset=\"https:\/\/www.cupssupplier.com\/wp-content\/uploads\/2025\/01\/3-20.webp 900w, https:\/\/www.cupssupplier.com\/wp-content\/uploads\/2025\/01\/3-20-79x300.webp 79w, https:\/\/www.cupssupplier.com\/wp-content\/uploads\/2025\/01\/3-20-269x1024.webp 269w, https:\/\/www.cupssupplier.com\/wp-content\/uploads\/2025\/01\/3-20-768x2922.webp 768w, https:\/\/www.cupssupplier.com\/wp-content\/uploads\/2025\/01\/3-20-404x1536.webp 404w, https:\/\/www.cupssupplier.com\/wp-content\/uploads\/2025\/01\/3-20-538x2048.webp 538w, https:\/\/www.cupssupplier.com\/wp-content\/uploads\/2025\/01\/3-20-300x1141.webp 300w, https:\/\/www.cupssupplier.com\/wp-content\/uploads\/2025\/01\/3-20-600x2283.webp 600w\" sizes=\"auto, (max-width: 900px) 100vw, 900px\" title=\"\"><img loading=\"lazy\" decoding=\"async\" class=\"wp-image-2030 size-full aligncenter\" src=\"https:\/\/www.cupssupplier.com\/wp-content\/uploads\/2025\/01\/4-19-e1736304175350.webp\" alt=\"coffee tumbler with logo\" width=\"900\" height=\"3232\" srcset=\"https:\/\/www.cupssupplier.com\/wp-content\/uploads\/2025\/01\/4-19-e1736304175350.webp 900w, https:\/\/www.cupssupplier.com\/wp-content\/uploads\/2025\/01\/4-19-e1736304175350-285x1024.webp 285w, https:\/\/www.cupssupplier.com\/wp-content\/uploads\/2025\/01\/4-19-e1736304175350-768x2758.webp 768w, https:\/\/www.cupssupplier.com\/wp-content\/uploads\/2025\/01\/4-19-e1736304175350-428x1536.webp 428w, https:\/\/www.cupssupplier.com\/wp-content\/uploads\/2025\/01\/4-19-e1736304175350-570x2048.webp 570w, https:\/\/www.cupssupplier.com\/wp-content\/uploads\/2025\/01\/4-19-e1736304175350-300x1077.webp 300w, https:\/\/www.cupssupplier.com\/wp-content\/uploads\/2025\/01\/4-19-e1736304175350-600x2155.webp 600w\" sizes=\"auto, (max-width: 900px) 100vw, 900px\" title=\"\"><\/p>\n","protected":false},"excerpt":{"rendered":"<p class=\"\" data-start=\"1139\" data-end=\"1467\">Affichez votre marque avec style gr\u00e2ce \u00e0 notre Gobelet \u00e0 Caf\u00e9 Personnalis\u00e9 en Gros. Id\u00e9al pour les promotions, cadeaux d\u2019entreprise ou la revente, ce gobelet isotherme maintient les boissons chaudes ou froides tout en mettant en avant votre logo. Durable et respectueux de l\u2019environnement, il allie fonctionnalit\u00e9 et visibilit\u00e9.<\/p>\n<p class=\"\" data-start=\"1469\" data-end=\"1532\">\n","protected":false},"featured_media":5611,"template":"","meta":{"om_disable_all_campaigns":false},"product_brand":[],"product_cat":[284],"product_tag":[],"class_list":{"0":"post-20423","1":"product","2":"type-product","3":"status-publish","4":"has-post-thumbnail","6":"product_cat-gobelet","8":"first","9":"instock","10":"shipping-taxable","11":"product-type-simple"},"_links":{"self":[{"href":"https:\/\/www.cupssupplier.com\/fr\/wp-json\/wp\/v2\/product\/20423","targetHints":{"allow":["GET"]}}],"collection":[{"href":"https:\/\/www.cupssupplier.com\/fr\/wp-json\/wp\/v2\/product"}],"about":[{"href":"https:\/\/www.cupssupplier.com\/fr\/wp-json\/wp\/v2\/types\/product"}],"wp:featuredmedia":[{"embeddable":true,"href":"https:\/\/www.cupssupplier.com\/fr\/wp-json\/wp\/v2\/media\/5611"}],"wp:attachment":[{"href":"https:\/\/www.cupssupplier.com\/fr\/wp-json\/wp\/v2\/media?parent=20423"}],"wp:term":[{"taxonomy":"product_brand","embeddable":true,"href":"https:\/\/www.cupssupplier.com\/fr\/wp-json\/wp\/v2\/product_brand?post=20423"},{"taxonomy":"product_cat","embeddable":true,"href":"https:\/\/www.cupssupplier.com\/fr\/wp-json\/wp\/v2\/product_cat?post=20423"},{"taxonomy":"product_tag","embeddable":true,"href":"https:\/\/www.cupssupplier.com\/fr\/wp-json\/wp\/v2\/product_tag?post=20423"}],"curies":[{"name":"wp","href":"https:\/\/api.w.org\/{rel}","templated":true}]}}