{"id":20410,"date":"2025-01-07T22:27:30","date_gmt":"2025-01-08T03:27:30","guid":{"rendered":"https:\/\/www.cupssupplier.com\/product\/custom-logo-wine-tumbler\/"},"modified":"2025-05-19T01:51:46","modified_gmt":"2025-05-19T05:51:46","slug":"custom-logo-wine-tumbler","status":"publish","type":"product","link":"https:\/\/www.cupssupplier.com\/fr\/custom-logo-wine-tumbler\/","title":{"rendered":"Gobelet \u00e0 Vin Personnalis\u00e9 avec Logo"},"content":{"rendered":"<p class=\"\" data-start=\"148\" data-end=\"222\"><strong data-start=\"148\" data-end=\"222\">Gobelet \u00e0 Vin Personnalis\u00e9 avec Logo \u2013 \u00c9l\u00e9gance et Isolation Thermique<\/strong><\/p>\n<p class=\"\" data-start=\"224\" data-end=\"399\">Faites de votre marque un souvenir inoubliable gr\u00e2ce \u00e0 notre gobelet \u00e0 vin personnalis\u00e9 avec logo, con\u00e7u pour allier \u00e9l\u00e9gance et fonctionnalit\u00e9. Caract\u00e9ristiques principales :<\/p>\n<ul data-start=\"401\" data-end=\"994\">\n<li class=\"\" data-start=\"401\" data-end=\"507\">\n<p class=\"\" data-start=\"403\" data-end=\"507\"><strong data-start=\"403\" data-end=\"427\">Logo Personnalisable<\/strong> : Ajoutez votre logo pour cr\u00e9er un gobelet raffin\u00e9 \u00e0 l\u2019image de votre marque.<\/p>\n<\/li>\n<li class=\"\" data-start=\"508\" data-end=\"613\">\n<p class=\"\" data-start=\"510\" data-end=\"613\"><strong data-start=\"510\" data-end=\"534\">Technologie Isolante<\/strong> : Garde votre vin frais ou chaud pendant des heures gr\u00e2ce \u00e0 sa double paroi.<\/p>\n<\/li>\n<li class=\"\" data-start=\"614\" data-end=\"733\">\n<p class=\"\" data-start=\"616\" data-end=\"733\"><strong data-start=\"616\" data-end=\"640\">Construction Durable<\/strong> : Fabriqu\u00e9 en acier inoxydable de haute qualit\u00e9, sans BPA, pour une utilisation prolong\u00e9e.<\/p>\n<\/li>\n<li class=\"\" data-start=\"734\" data-end=\"879\">\n<p class=\"\" data-start=\"736\" data-end=\"879\"><strong data-start=\"736\" data-end=\"762\">Portable et Anti-Fuite<\/strong> : Format compact avec couvercle s\u00e9curis\u00e9, id\u00e9al pour les \u00e9v\u00e9nements en plein air, les pique-niques ou les voyages.<\/p>\n<\/li>\n<li class=\"\" data-start=\"880\" data-end=\"994\">\n<p class=\"\" data-start=\"882\" data-end=\"994\"><strong data-start=\"882\" data-end=\"912\">\u00c9cologique et R\u00e9utilisable<\/strong> : Une alternative durable aux gobelets jetables, respectueuse de l\u2019environnement.<\/p>\n<\/li>\n<\/ul>\n<p class=\"\" data-start=\"996\" data-end=\"1179\">Parfait pour les campagnes promotionnelles, les cadeaux d\u2019affaires ou la vente au d\u00e9tail, ce gobelet \u00e0 vin personnalis\u00e9 allie luxe et durabilit\u00e9 pour laisser une impression m\u00e9morable.<\/p>\n<p><img loading=\"lazy\" decoding=\"async\" class=\"aligncenter wp-image-2047 size-full\" src=\"https:\/\/www.cupssupplier.com\/wp-content\/uploads\/2025\/01\/1-20.webp\" alt=\"custom logo wine tumbler\" width=\"900\" height=\"1423\" srcset=\"https:\/\/www.cupssupplier.com\/wp-content\/uploads\/2025\/01\/1-20.webp 900w, https:\/\/www.cupssupplier.com\/wp-content\/uploads\/2025\/01\/1-20-190x300.webp 190w, https:\/\/www.cupssupplier.com\/wp-content\/uploads\/2025\/01\/1-20-648x1024.webp 648w, https:\/\/www.cupssupplier.com\/wp-content\/uploads\/2025\/01\/1-20-768x1214.webp 768w, https:\/\/www.cupssupplier.com\/wp-content\/uploads\/2025\/01\/1-20-300x474.webp 300w, https:\/\/www.cupssupplier.com\/wp-content\/uploads\/2025\/01\/1-20-600x949.webp 600w\" sizes=\"auto, (max-width: 900px) 100vw, 900px\" title=\"\"><img loading=\"lazy\" decoding=\"async\" class=\"aligncenter wp-image-2048 size-full\" src=\"https:\/\/www.cupssupplier.com\/wp-content\/uploads\/2025\/01\/2-24.webp\" alt=\"custom logo wine tumbler\" width=\"900\" height=\"1319\" srcset=\"https:\/\/www.cupssupplier.com\/wp-content\/uploads\/2025\/01\/2-24.webp 900w, https:\/\/www.cupssupplier.com\/wp-content\/uploads\/2025\/01\/2-24-205x300.webp 205w, https:\/\/www.cupssupplier.com\/wp-content\/uploads\/2025\/01\/2-24-699x1024.webp 699w, https:\/\/www.cupssupplier.com\/wp-content\/uploads\/2025\/01\/2-24-768x1126.webp 768w, https:\/\/www.cupssupplier.com\/wp-content\/uploads\/2025\/01\/2-24-300x440.webp 300w, https:\/\/www.cupssupplier.com\/wp-content\/uploads\/2025\/01\/2-24-600x879.webp 600w\" sizes=\"auto, (max-width: 900px) 100vw, 900px\" title=\"\"><img loading=\"lazy\" decoding=\"async\" class=\"aligncenter wp-image-2050 size-full\" src=\"https:\/\/www.cupssupplier.com\/wp-content\/uploads\/2025\/01\/4-22.webp\" alt=\"custom logo wine tumbler\" width=\"900\" height=\"1268\" srcset=\"https:\/\/www.cupssupplier.com\/wp-content\/uploads\/2025\/01\/4-22.webp 900w, https:\/\/www.cupssupplier.com\/wp-content\/uploads\/2025\/01\/4-22-213x300.webp 213w, https:\/\/www.cupssupplier.com\/wp-content\/uploads\/2025\/01\/4-22-727x1024.webp 727w, https:\/\/www.cupssupplier.com\/wp-content\/uploads\/2025\/01\/4-22-768x1082.webp 768w, https:\/\/www.cupssupplier.com\/wp-content\/uploads\/2025\/01\/4-22-300x423.webp 300w, https:\/\/www.cupssupplier.com\/wp-content\/uploads\/2025\/01\/4-22-600x845.webp 600w\" sizes=\"auto, (max-width: 900px) 100vw, 900px\" title=\"\"><img loading=\"lazy\" decoding=\"async\" class=\"aligncenter wp-image-2049 size-full\" src=\"https:\/\/www.cupssupplier.com\/wp-content\/uploads\/2025\/01\/3-22.webp\" alt=\"custom logo wine tumbler\" width=\"900\" height=\"1047\" srcset=\"https:\/\/www.cupssupplier.com\/wp-content\/uploads\/2025\/01\/3-22.webp 900w, https:\/\/www.cupssupplier.com\/wp-content\/uploads\/2025\/01\/3-22-258x300.webp 258w, https:\/\/www.cupssupplier.com\/wp-content\/uploads\/2025\/01\/3-22-880x1024.webp 880w, https:\/\/www.cupssupplier.com\/wp-content\/uploads\/2025\/01\/3-22-768x893.webp 768w, https:\/\/www.cupssupplier.com\/wp-content\/uploads\/2025\/01\/3-22-300x349.webp 300w, https:\/\/www.cupssupplier.com\/wp-content\/uploads\/2025\/01\/3-22-600x698.webp 600w\" sizes=\"auto, (max-width: 900px) 100vw, 900px\" title=\"\"><\/p>\n","protected":false},"excerpt":{"rendered":"<p class=\"\" data-start=\"176\" data-end=\"521\">Am\u00e9liorez la visibilit\u00e9 de votre marque avec notre verre \u00e0 vin isotherme personnalis\u00e9 avec logo. \u00c9l\u00e9gants et isol\u00e9s, ces verres gardent le vin \u00e0 la temp\u00e9rature id\u00e9ale tout en mettant en valeur votre logo. Parfaits pour les \u00e9v\u00e9nements d&rsquo;entreprise, les cadeaux promotionnels ou les pr\u00e9sents personnalis\u00e9s, ils allient sophistication et praticit\u00e9.<\/p>\n<p class=\"\" data-start=\"523\" data-end=\"757\">\n","protected":false},"featured_media":5677,"template":"","meta":{"om_disable_all_campaigns":false},"product_brand":[],"product_cat":[284],"product_tag":[],"class_list":{"0":"post-20410","1":"product","2":"type-product","3":"status-publish","4":"has-post-thumbnail","6":"product_cat-gobelet","8":"first","9":"instock","10":"shipping-taxable","11":"product-type-simple"},"_links":{"self":[{"href":"https:\/\/www.cupssupplier.com\/fr\/wp-json\/wp\/v2\/product\/20410","targetHints":{"allow":["GET"]}}],"collection":[{"href":"https:\/\/www.cupssupplier.com\/fr\/wp-json\/wp\/v2\/product"}],"about":[{"href":"https:\/\/www.cupssupplier.com\/fr\/wp-json\/wp\/v2\/types\/product"}],"wp:featuredmedia":[{"embeddable":true,"href":"https:\/\/www.cupssupplier.com\/fr\/wp-json\/wp\/v2\/media\/5677"}],"wp:attachment":[{"href":"https:\/\/www.cupssupplier.com\/fr\/wp-json\/wp\/v2\/media?parent=20410"}],"wp:term":[{"taxonomy":"product_brand","embeddable":true,"href":"https:\/\/www.cupssupplier.com\/fr\/wp-json\/wp\/v2\/product_brand?post=20410"},{"taxonomy":"product_cat","embeddable":true,"href":"https:\/\/www.cupssupplier.com\/fr\/wp-json\/wp\/v2\/product_cat?post=20410"},{"taxonomy":"product_tag","embeddable":true,"href":"https:\/\/www.cupssupplier.com\/fr\/wp-json\/wp\/v2\/product_tag?post=20410"}],"curies":[{"name":"wp","href":"https:\/\/api.w.org\/{rel}","templated":true}]}}