{"id":20396,"date":"2025-01-08T03:56:13","date_gmt":"2025-01-08T08:56:13","guid":{"rendered":"https:\/\/www.cupssupplier.com\/product\/custom-logo-coffee-tumbler\/"},"modified":"2025-05-17T23:58:18","modified_gmt":"2025-05-18T03:58:18","slug":"custom-logo-coffee-tumbler","status":"publish","type":"product","link":"https:\/\/www.cupssupplier.com\/fr\/custom-logo-coffee-tumbler\/","title":{"rendered":"Gobelet \u00e0 Caf\u00e9 Personnalis\u00e9 avec Logo"},"content":{"rendered":"<p class=\"\" data-start=\"126\" data-end=\"183\"><strong data-start=\"126\" data-end=\"183\">Gobelet \u00e0 Caf\u00e9 Personnalis\u00e9 avec Logo \u2013 Vente en Gros<\/strong><\/p>\n<p class=\"\" data-start=\"185\" data-end=\"318\">Faites passer votre image de marque au niveau sup\u00e9rieur avec ce gobelet \u00e0 caf\u00e9 personnalisable, con\u00e7u pour allier praticit\u00e9 et style.<\/p>\n<p class=\"\" data-start=\"320\" data-end=\"356\"><strong data-start=\"320\" data-end=\"354\">Caract\u00e9ristiques principales :<\/strong><\/p>\n<ul data-start=\"357\" data-end=\"927\">\n<li class=\"\" data-start=\"357\" data-end=\"455\">\n<p class=\"\" data-start=\"359\" data-end=\"455\"><strong data-start=\"359\" data-end=\"397\">Impression de logo personnalis\u00e9e :<\/strong> Ajoutez votre logo pour laisser une impression durable.<\/p>\n<\/li>\n<li class=\"\" data-start=\"456\" data-end=\"566\">\n<p class=\"\" data-start=\"458\" data-end=\"566\"><strong data-start=\"458\" data-end=\"484\">Isolation sup\u00e9rieure :<\/strong> Garde le caf\u00e9 chaud jusqu\u2019\u00e0 8 heures et les boissons froides jusqu\u2019\u00e0 12 heures.<\/p>\n<\/li>\n<li class=\"\" data-start=\"567\" data-end=\"680\">\n<p class=\"\" data-start=\"569\" data-end=\"680\"><strong data-start=\"569\" data-end=\"605\">Mat\u00e9riau de qualit\u00e9 sup\u00e9rieure :<\/strong> En acier inoxydable durable sans BPA, pour une utilisation \u00e0 long terme.<\/p>\n<\/li>\n<li class=\"\" data-start=\"681\" data-end=\"775\">\n<p class=\"\" data-start=\"683\" data-end=\"775\"><strong data-start=\"683\" data-end=\"714\">\u00c9cologique &amp; r\u00e9utilisable :<\/strong> Une alternative durable et \u00e9l\u00e9gante aux gobelets jetables.<\/p>\n<\/li>\n<li class=\"\" data-start=\"776\" data-end=\"927\">\n<p class=\"\" data-start=\"778\" data-end=\"927\"><strong data-start=\"778\" data-end=\"817\">Parfait pour toutes les occasions :<\/strong> Id\u00e9al comme cadeau d\u2019entreprise, pour les salons professionnels, les campagnes promotionnelles ou la revente.<\/p>\n<\/li>\n<\/ul>\n<p class=\"\" data-start=\"929\" data-end=\"1092\">Le gobelet \u00e0 caf\u00e9 personnalis\u00e9 avec logo offre une solution \u00e9l\u00e9gante et fonctionnelle pour promouvoir votre marque tout en assurant la satisfaction de vos clients.<\/p>\n<p><img loading=\"lazy\" decoding=\"async\" class=\"aligncenter wp-image-2067 size-full\" src=\"https:\/\/www.cupssupplier.com\/wp-content\/uploads\/2025\/01\/1-22.webp\" alt=\"custom logo coffee tumbler\" width=\"900\" height=\"3504\" srcset=\"https:\/\/www.cupssupplier.com\/wp-content\/uploads\/2025\/01\/1-22.webp 900w, https:\/\/www.cupssupplier.com\/wp-content\/uploads\/2025\/01\/1-22-77x300.webp 77w, https:\/\/www.cupssupplier.com\/wp-content\/uploads\/2025\/01\/1-22-263x1024.webp 263w, https:\/\/www.cupssupplier.com\/wp-content\/uploads\/2025\/01\/1-22-768x2990.webp 768w, https:\/\/www.cupssupplier.com\/wp-content\/uploads\/2025\/01\/1-22-526x2048.webp 526w, https:\/\/www.cupssupplier.com\/wp-content\/uploads\/2025\/01\/1-22-300x1168.webp 300w, https:\/\/www.cupssupplier.com\/wp-content\/uploads\/2025\/01\/1-22-600x2336.webp 600w\" sizes=\"auto, (max-width: 900px) 100vw, 900px\" title=\"\"><img loading=\"lazy\" decoding=\"async\" class=\"aligncenter wp-image-2068 size-full\" src=\"https:\/\/www.cupssupplier.com\/wp-content\/uploads\/2025\/01\/2-27.webp\" alt=\"custom logo coffee tumbler\" width=\"900\" height=\"2343\" srcset=\"https:\/\/www.cupssupplier.com\/wp-content\/uploads\/2025\/01\/2-27.webp 900w, https:\/\/www.cupssupplier.com\/wp-content\/uploads\/2025\/01\/2-27-115x300.webp 115w, https:\/\/www.cupssupplier.com\/wp-content\/uploads\/2025\/01\/2-27-393x1024.webp 393w, https:\/\/www.cupssupplier.com\/wp-content\/uploads\/2025\/01\/2-27-768x1999.webp 768w, https:\/\/www.cupssupplier.com\/wp-content\/uploads\/2025\/01\/2-27-590x1536.webp 590w, https:\/\/www.cupssupplier.com\/wp-content\/uploads\/2025\/01\/2-27-787x2048.webp 787w, https:\/\/www.cupssupplier.com\/wp-content\/uploads\/2025\/01\/2-27-300x781.webp 300w, https:\/\/www.cupssupplier.com\/wp-content\/uploads\/2025\/01\/2-27-600x1562.webp 600w\" sizes=\"auto, (max-width: 900px) 100vw, 900px\" title=\"\"><img loading=\"lazy\" decoding=\"async\" class=\"aligncenter wp-image-2066 size-full\" src=\"https:\/\/www.cupssupplier.com\/wp-content\/uploads\/2025\/01\/3-25-e1736326501667.webp\" alt=\"custom logo coffee tumbler\" width=\"900\" height=\"1448\" srcset=\"https:\/\/www.cupssupplier.com\/wp-content\/uploads\/2025\/01\/3-25-e1736326501667.webp 900w, https:\/\/www.cupssupplier.com\/wp-content\/uploads\/2025\/01\/3-25-e1736326501667-186x300.webp 186w, https:\/\/www.cupssupplier.com\/wp-content\/uploads\/2025\/01\/3-25-e1736326501667-636x1024.webp 636w, https:\/\/www.cupssupplier.com\/wp-content\/uploads\/2025\/01\/3-25-e1736326501667-768x1236.webp 768w, https:\/\/www.cupssupplier.com\/wp-content\/uploads\/2025\/01\/3-25-e1736326501667-300x483.webp 300w, https:\/\/www.cupssupplier.com\/wp-content\/uploads\/2025\/01\/3-25-e1736326501667-600x965.webp 600w\" sizes=\"auto, (max-width: 900px) 100vw, 900px\" title=\"\"><\/p>\n<p>&nbsp;<\/p>\n<p>&nbsp;<\/p>\n","protected":false},"excerpt":{"rendered":"<p class=\"\" data-start=\"146\" data-end=\"518\">Faites rayonner votre marque avec notre <strong data-start=\"186\" data-end=\"226\">tasse \u00e0 caf\u00e9 personnalis\u00e9e avec logo<\/strong>. Isol\u00e9e pour garder vos boissons chaudes ou froides pendant des heures, cette tasse durable et \u00e9cologique met en valeur votre logo avec \u00e9l\u00e9gance. Parfaite pour les \u00e9v\u00e9nements d\u2019entreprise, les cadeaux promotionnels ou la revente, c\u2019est l\u2019alliance parfaite entre fonctionnalit\u00e9 et visibilit\u00e9.<\/p>\n<p class=\"\" data-start=\"520\" data-end=\"592\">\n","protected":false},"featured_media":5831,"template":"","meta":{"om_disable_all_campaigns":false},"product_brand":[],"product_cat":[284],"product_tag":[],"class_list":{"0":"post-20396","1":"product","2":"type-product","3":"status-publish","4":"has-post-thumbnail","6":"product_cat-gobelet","8":"first","9":"instock","10":"shipping-taxable","11":"product-type-simple"},"_links":{"self":[{"href":"https:\/\/www.cupssupplier.com\/fr\/wp-json\/wp\/v2\/product\/20396","targetHints":{"allow":["GET"]}}],"collection":[{"href":"https:\/\/www.cupssupplier.com\/fr\/wp-json\/wp\/v2\/product"}],"about":[{"href":"https:\/\/www.cupssupplier.com\/fr\/wp-json\/wp\/v2\/types\/product"}],"wp:featuredmedia":[{"embeddable":true,"href":"https:\/\/www.cupssupplier.com\/fr\/wp-json\/wp\/v2\/media\/5831"}],"wp:attachment":[{"href":"https:\/\/www.cupssupplier.com\/fr\/wp-json\/wp\/v2\/media?parent=20396"}],"wp:term":[{"taxonomy":"product_brand","embeddable":true,"href":"https:\/\/www.cupssupplier.com\/fr\/wp-json\/wp\/v2\/product_brand?post=20396"},{"taxonomy":"product_cat","embeddable":true,"href":"https:\/\/www.cupssupplier.com\/fr\/wp-json\/wp\/v2\/product_cat?post=20396"},{"taxonomy":"product_tag","embeddable":true,"href":"https:\/\/www.cupssupplier.com\/fr\/wp-json\/wp\/v2\/product_tag?post=20396"}],"curies":[{"name":"wp","href":"https:\/\/api.w.org\/{rel}","templated":true}]}}