{"id":20382,"date":"2025-01-08T04:08:52","date_gmt":"2025-01-08T09:08:52","guid":{"rendered":"https:\/\/www.cupssupplier.com\/product\/custom-coffee-tumbler\/"},"modified":"2025-05-17T23:36:00","modified_gmt":"2025-05-18T03:36:00","slug":"custom-coffee-tumbler","status":"publish","type":"product","link":"https:\/\/www.cupssupplier.com\/fr\/custom-coffee-tumbler\/","title":{"rendered":"Gobelet \u00e0 Caf\u00e9 Personnalis\u00e9 en Gros"},"content":{"rendered":"<p class=\"\" data-start=\"153\" data-end=\"215\"><strong data-start=\"153\" data-end=\"215\">Gobelet \u00e0 Caf\u00e9 Personnalis\u00e9 en Gros \u2013 \u00c9l\u00e9gant et Isotherme<\/strong><\/p>\n<p class=\"\" data-start=\"217\" data-end=\"369\">Faites forte impression avec notre gobelet \u00e0 caf\u00e9 personnalis\u00e9, con\u00e7u pour allier fonctionnalit\u00e9 et visibilit\u00e9 de marque. Principales caract\u00e9ristiques :<\/p>\n<ul data-start=\"371\" data-end=\"856\">\n<li class=\"\" data-start=\"371\" data-end=\"459\">\n<p class=\"\" data-start=\"373\" data-end=\"459\"><strong data-start=\"373\" data-end=\"399\">Design Personnalisable<\/strong> : Ajoutez votre logo ou visuel pour un rendu professionnel.<\/p>\n<\/li>\n<li class=\"\" data-start=\"460\" data-end=\"567\">\n<p class=\"\" data-start=\"462\" data-end=\"567\"><strong data-start=\"462\" data-end=\"485\">Isolation Thermique<\/strong> : Garde le caf\u00e9 chaud pendant 8 heures et les boissons froides jusqu&rsquo;\u00e0 12 heures.<\/p>\n<\/li>\n<li class=\"\" data-start=\"568\" data-end=\"651\">\n<p class=\"\" data-start=\"570\" data-end=\"651\"><strong data-start=\"570\" data-end=\"600\">Mat\u00e9riaux de Haute Qualit\u00e9<\/strong> : Acier inoxydable sans BPA, r\u00e9sistant et durable.<\/p>\n<\/li>\n<li class=\"\" data-start=\"652\" data-end=\"736\">\n<p class=\"\" data-start=\"654\" data-end=\"736\"><strong data-start=\"654\" data-end=\"684\">\u00c9cologique et R\u00e9utilisable<\/strong> : Une alternative durable pour r\u00e9duire les d\u00e9chets.<\/p>\n<\/li>\n<li class=\"\" data-start=\"737\" data-end=\"856\">\n<p class=\"\" data-start=\"739\" data-end=\"856\"><strong data-start=\"739\" data-end=\"766\">Utilisation Polyvalente<\/strong> : Parfait pour les cadeaux d&rsquo;entreprise, campagnes promotionnelles ou cadeaux personnels.<\/p>\n<\/li>\n<\/ul>\n<p class=\"\" data-start=\"858\" data-end=\"997\">Le gobelet \u00e0 caf\u00e9 personnalis\u00e9 associe style et utilit\u00e9, en faisant un objet promotionnel ou un cadeau id\u00e9al pour repr\u00e9senter votre marque.<\/p>\n<p><img loading=\"lazy\" decoding=\"async\" class=\"aligncenter wp-image-2079 \" src=\"https:\/\/www.cupssupplier.com\/wp-content\/uploads\/2025\/01\/4-25.webp\" alt=\"custom coffee tumbler\" width=\"956\" height=\"1353\" srcset=\"https:\/\/www.cupssupplier.com\/wp-content\/uploads\/2025\/01\/4-25.webp 678w, https:\/\/www.cupssupplier.com\/wp-content\/uploads\/2025\/01\/4-25-212x300.webp 212w, https:\/\/www.cupssupplier.com\/wp-content\/uploads\/2025\/01\/4-25-300x425.webp 300w, https:\/\/www.cupssupplier.com\/wp-content\/uploads\/2025\/01\/4-25-600x850.webp 600w\" sizes=\"auto, (max-width: 956px) 100vw, 956px\" title=\"\"><img loading=\"lazy\" decoding=\"async\" class=\"aligncenter wp-image-2080 size-full\" src=\"https:\/\/www.cupssupplier.com\/wp-content\/uploads\/2025\/01\/5-22.webp\" alt=\"custom coffee tumbler\" width=\"960\" height=\"960\" srcset=\"https:\/\/www.cupssupplier.com\/wp-content\/uploads\/2025\/01\/5-22.webp 960w, https:\/\/www.cupssupplier.com\/wp-content\/uploads\/2025\/01\/5-22-300x300.webp 300w, https:\/\/www.cupssupplier.com\/wp-content\/uploads\/2025\/01\/5-22-150x150.webp 150w, https:\/\/www.cupssupplier.com\/wp-content\/uploads\/2025\/01\/5-22-768x768.webp 768w, https:\/\/www.cupssupplier.com\/wp-content\/uploads\/2025\/01\/5-22-600x600.webp 600w, https:\/\/www.cupssupplier.com\/wp-content\/uploads\/2025\/01\/5-22-100x100.webp 100w\" sizes=\"auto, (max-width: 960px) 100vw, 960px\" title=\"\"><img loading=\"lazy\" decoding=\"async\" class=\"aligncenter wp-image-2081\" src=\"https:\/\/www.cupssupplier.com\/wp-content\/uploads\/2025\/01\/6-17.webp\" alt=\"custom coffee tumbler\" width=\"960\" height=\"1120\" srcset=\"https:\/\/www.cupssupplier.com\/wp-content\/uploads\/2025\/01\/6-17.webp 823w, https:\/\/www.cupssupplier.com\/wp-content\/uploads\/2025\/01\/6-17-257x300.webp 257w, https:\/\/www.cupssupplier.com\/wp-content\/uploads\/2025\/01\/6-17-768x896.webp 768w, https:\/\/www.cupssupplier.com\/wp-content\/uploads\/2025\/01\/6-17-300x350.webp 300w, https:\/\/www.cupssupplier.com\/wp-content\/uploads\/2025\/01\/6-17-600x700.webp 600w\" sizes=\"auto, (max-width: 960px) 100vw, 960px\" title=\"\"><img loading=\"lazy\" decoding=\"async\" class=\"wp-image-2082 aligncenter\" src=\"https:\/\/www.cupssupplier.com\/wp-content\/uploads\/2025\/01\/7-2.webp\" alt=\"custom coffee tumbler\" width=\"960\" height=\"1489\" srcset=\"https:\/\/www.cupssupplier.com\/wp-content\/uploads\/2025\/01\/7-2.webp 619w, https:\/\/www.cupssupplier.com\/wp-content\/uploads\/2025\/01\/7-2-193x300.webp 193w, https:\/\/www.cupssupplier.com\/wp-content\/uploads\/2025\/01\/7-2-300x465.webp 300w, https:\/\/www.cupssupplier.com\/wp-content\/uploads\/2025\/01\/7-2-600x931.webp 600w\" sizes=\"auto, (max-width: 960px) 100vw, 960px\" title=\"\"><\/p>\n","protected":false},"excerpt":{"rendered":"<p class=\"\" data-start=\"999\" data-end=\"1275\">Affichez votre marque avec notre gobelet \u00e0 caf\u00e9 personnalis\u00e9. Isol\u00e9 pour maintenir vos boissons \u00e0 la temp\u00e9rature id\u00e9ale, ce gobelet \u00e9cologique et durable est con\u00e7u pour \u00eatre personnalis\u00e9. Pour vos promotions, cadeaux d\u2019entreprise ou un usage personnel, c\u2019est le choix parfait.<\/p>\n<p class=\"\" data-start=\"1277\" data-end=\"1335\">\n","protected":false},"featured_media":5952,"template":"","meta":{"om_disable_all_campaigns":false},"product_brand":[],"product_cat":[284],"product_tag":[],"class_list":{"0":"post-20382","1":"product","2":"type-product","3":"status-publish","4":"has-post-thumbnail","6":"product_cat-gobelet","8":"first","9":"instock","10":"shipping-taxable","11":"product-type-simple"},"_links":{"self":[{"href":"https:\/\/www.cupssupplier.com\/fr\/wp-json\/wp\/v2\/product\/20382","targetHints":{"allow":["GET"]}}],"collection":[{"href":"https:\/\/www.cupssupplier.com\/fr\/wp-json\/wp\/v2\/product"}],"about":[{"href":"https:\/\/www.cupssupplier.com\/fr\/wp-json\/wp\/v2\/types\/product"}],"wp:featuredmedia":[{"embeddable":true,"href":"https:\/\/www.cupssupplier.com\/fr\/wp-json\/wp\/v2\/media\/5952"}],"wp:attachment":[{"href":"https:\/\/www.cupssupplier.com\/fr\/wp-json\/wp\/v2\/media?parent=20382"}],"wp:term":[{"taxonomy":"product_brand","embeddable":true,"href":"https:\/\/www.cupssupplier.com\/fr\/wp-json\/wp\/v2\/product_brand?post=20382"},{"taxonomy":"product_cat","embeddable":true,"href":"https:\/\/www.cupssupplier.com\/fr\/wp-json\/wp\/v2\/product_cat?post=20382"},{"taxonomy":"product_tag","embeddable":true,"href":"https:\/\/www.cupssupplier.com\/fr\/wp-json\/wp\/v2\/product_tag?post=20382"}],"curies":[{"name":"wp","href":"https:\/\/api.w.org\/{rel}","templated":true}]}}