{"id":20367,"date":"2025-01-09T03:39:31","date_gmt":"2025-01-09T08:39:31","guid":{"rendered":"https:\/\/www.cupssupplier.com\/product\/custom-insulated-coffee-tumbler\/"},"modified":"2025-05-17T06:25:24","modified_gmt":"2025-05-17T10:25:24","slug":"custom-insulated-coffee-tumbler","status":"publish","type":"product","link":"https:\/\/www.cupssupplier.com\/fr\/custom-insulated-coffee-tumbler\/","title":{"rendered":"Gobelet \u00e0 Caf\u00e9 Isotherme Personnalis\u00e9"},"content":{"rendered":"<h3 class=\"\" data-start=\"114\" data-end=\"195\"><strong data-start=\"123\" data-end=\"195\">Gobelet \u00e0 Caf\u00e9 Isotherme Personnalis\u00e9 \u2013 \u00c9cologique &amp; Personnalisable<\/strong><\/h3>\n<p class=\"\" data-start=\"197\" data-end=\"337\">Rehaussez votre image de marque avec le Gobelet \u00e0 Caf\u00e9 Isotherme Personnalis\u00e9, alliant praticit\u00e9 et \u00e9l\u00e9gance. Caract\u00e9ristiques principales :<\/p>\n<ul data-start=\"339\" data-end=\"922\">\n<li class=\"\" data-start=\"339\" data-end=\"467\">\n<p class=\"\" data-start=\"341\" data-end=\"467\"><strong data-start=\"341\" data-end=\"367\">Design Personnalisable<\/strong> : Ajoutez votre logo ou une illustration personnalis\u00e9e pour une touche professionnelle et unique.<\/p>\n<\/li>\n<li class=\"\" data-start=\"468\" data-end=\"583\">\n<p class=\"\" data-start=\"470\" data-end=\"583\"><strong data-start=\"470\" data-end=\"498\">Isolation \u00e0 Double Paroi<\/strong> : Garde le caf\u00e9 chaud jusqu\u2019\u00e0 8 heures et les boissons fra\u00eeches jusqu\u2019\u00e0 12 heures.<\/p>\n<\/li>\n<li class=\"\" data-start=\"584\" data-end=\"704\">\n<p class=\"\" data-start=\"586\" data-end=\"704\"><strong data-start=\"586\" data-end=\"610\">Construction Durable<\/strong> : Fabriqu\u00e9 en acier inoxydable sans BPA de haute qualit\u00e9 pour une performance longue dur\u00e9e.<\/p>\n<\/li>\n<li class=\"\" data-start=\"705\" data-end=\"814\">\n<p class=\"\" data-start=\"707\" data-end=\"814\"><strong data-start=\"707\" data-end=\"737\">\u00c9cologique et R\u00e9utilisable<\/strong> : Une alternative durable aux gobelets jetables, pour un avenir plus vert.<\/p>\n<\/li>\n<li class=\"\" data-start=\"815\" data-end=\"922\">\n<p class=\"\" data-start=\"817\" data-end=\"922\"><strong data-start=\"817\" data-end=\"842\">Polyvalent et \u00c9l\u00e9gant<\/strong> : Id\u00e9al pour le bureau, les voyages, les aventures en plein air et plus encore.<\/p>\n<\/li>\n<\/ul>\n<p class=\"\" data-start=\"924\" data-end=\"1082\">Le Gobelet \u00e0 Caf\u00e9 Isotherme Personnalis\u00e9 est l\u2019accessoire promotionnel id\u00e9al pour repr\u00e9senter votre marque tout en offrant une solution pratique au quotidien.<\/p>\n<table style=\"height: 477px;\" width=\"953\">\n<thead>\n<tr>\n<th><\/th>\n<th><\/th>\n<\/tr>\n<\/thead>\n<tbody>\n<tr>\n<td><strong>Couleur<\/strong><\/td>\n<td>Couleurs personnalis\u00e9es accept\u00e9es<\/td>\n<\/tr>\n<tr>\n<td><strong>Capacit\u00e9<\/strong><\/td>\n<td>16 oz<\/td>\n<\/tr>\n<tr>\n<td><strong>Logo<\/strong><\/td>\n<td>Logo personnalis\u00e9 (s\u00e9rigraphie \/ laser \/ transfert)<\/td>\n<\/tr>\n<tr>\n<td><strong>Emballage<\/strong><\/td>\n<td>Bo\u00eete couleur \/ bo\u00eete blanche \/ sachet \u00e0 bulles<\/td>\n<\/tr>\n<tr>\n<td><strong>Fonction<\/strong><\/td>\n<td>Boire de l\u2019eau, du lait, du caf\u00e9 ou du th\u00e9<\/td>\n<\/tr>\n<tr>\n<td><strong>Mat\u00e9riau<\/strong><\/td>\n<td>Acier inoxydable 304<\/td>\n<\/tr>\n<tr>\n<td><strong>Couvercle<\/strong><\/td>\n<td>Couvercle en PP 100 % sans BPA<\/td>\n<\/tr>\n<tr>\n<td><strong>Utilisation<\/strong><\/td>\n<td>Garder les boissons chaudes ou froides<\/td>\n<\/tr>\n<tr>\n<td><strong>Technologie<\/strong><\/td>\n<td>Rev\u00eatement en poudre \/ peinture \/ \u00e9lectroplacage<\/td>\n<\/tr>\n<\/tbody>\n<\/table>\n<p><!--more--><\/p>\n<p><img loading=\"lazy\" decoding=\"async\" class=\"aligncenter wp-image-2098 size-full\" src=\"https:\/\/www.cupssupplier.com\/wp-content\/uploads\/2025\/01\/2-31.webp\" alt=\"\u5b9a\u5236\u9694\u70ed\u5496\u5561\u676f\" width=\"900\" height=\"3003\" srcset=\"https:\/\/www.cupssupplier.com\/wp-content\/uploads\/2025\/01\/2-31.webp 900w, https:\/\/www.cupssupplier.com\/wp-content\/uploads\/2025\/01\/2-31-90x300.webp 90w, https:\/\/www.cupssupplier.com\/wp-content\/uploads\/2025\/01\/2-31-307x1024.webp 307w, https:\/\/www.cupssupplier.com\/wp-content\/uploads\/2025\/01\/2-31-768x2563.webp 768w, https:\/\/www.cupssupplier.com\/wp-content\/uploads\/2025\/01\/2-31-460x1536.webp 460w, https:\/\/www.cupssupplier.com\/wp-content\/uploads\/2025\/01\/2-31-614x2048.webp 614w, https:\/\/www.cupssupplier.com\/wp-content\/uploads\/2025\/01\/2-31-300x1001.webp 300w, https:\/\/www.cupssupplier.com\/wp-content\/uploads\/2025\/01\/2-31-600x2002.webp 600w\" sizes=\"auto, (max-width: 900px) 100vw, 900px\" title=\"\"> <img loading=\"lazy\" decoding=\"async\" class=\"aligncenter wp-image-2099 size-full\" src=\"https:\/\/www.cupssupplier.com\/wp-content\/uploads\/2025\/01\/3-30.webp\" alt=\"\u5b9a\u5236\u9694\u70ed\u5496\u5561\u676f\" width=\"900\" height=\"1814\" srcset=\"https:\/\/www.cupssupplier.com\/wp-content\/uploads\/2025\/01\/3-30.webp 900w, https:\/\/www.cupssupplier.com\/wp-content\/uploads\/2025\/01\/3-30-149x300.webp 149w, https:\/\/www.cupssupplier.com\/wp-content\/uploads\/2025\/01\/3-30-508x1024.webp 508w, https:\/\/www.cupssupplier.com\/wp-content\/uploads\/2025\/01\/3-30-768x1548.webp 768w, https:\/\/www.cupssupplier.com\/wp-content\/uploads\/2025\/01\/3-30-762x1536.webp 762w, https:\/\/www.cupssupplier.com\/wp-content\/uploads\/2025\/01\/3-30-300x605.webp 300w, https:\/\/www.cupssupplier.com\/wp-content\/uploads\/2025\/01\/3-30-600x1209.webp 600w\" sizes=\"auto, (max-width: 900px) 100vw, 900px\" title=\"\"> <img loading=\"lazy\" decoding=\"async\" class=\"aligncenter wp-image-2100 size-full\" src=\"https:\/\/www.cupssupplier.com\/wp-content\/uploads\/2025\/01\/5-24-e1736411684827.webp\" alt=\"\u5b9a\u5236\u9694\u70ed\u5496\u5561\u676f\" width=\"900\" height=\"2810\" srcset=\"https:\/\/www.cupssupplier.com\/wp-content\/uploads\/2025\/01\/5-24-e1736411684827.webp 900w, https:\/\/www.cupssupplier.com\/wp-content\/uploads\/2025\/01\/5-24-e1736411684827-96x300.webp 96w, https:\/\/www.cupssupplier.com\/wp-content\/uploads\/2025\/01\/5-24-e1736411684827-328x1024.webp 328w, https:\/\/www.cupssupplier.com\/wp-content\/uploads\/2025\/01\/5-24-e1736411684827-768x2398.webp 768w, https:\/\/www.cupssupplier.com\/wp-content\/uploads\/2025\/01\/5-24-e1736411684827-492x1536.webp 492w, https:\/\/www.cupssupplier.com\/wp-content\/uploads\/2025\/01\/5-24-e1736411684827-656x2048.webp 656w, https:\/\/www.cupssupplier.com\/wp-content\/uploads\/2025\/01\/5-24-e1736411684827-300x937.webp 300w, https:\/\/www.cupssupplier.com\/wp-content\/uploads\/2025\/01\/5-24-e1736411684827-600x1873.webp 600w\" sizes=\"auto, (max-width: 900px) 100vw, 900px\" title=\"\"><\/p>\n","protected":false},"excerpt":{"rendered":"<p class=\"\" data-start=\"1084\" data-end=\"1425\">Restez hydrat\u00e9 et mettez en valeur votre marque avec notre Gobelet \u00e0 Caf\u00e9 Isotherme Personnalis\u00e9. Con\u00e7u pour garder les boissons chaudes ou froides pendant des heures, ce gobelet durable et \u00e9cologique peut \u00eatre personnalis\u00e9 avec votre logo ou design. Parfait pour les cadeaux d\u2019entreprise, les \u00e9v\u00e9nements promotionnels ou un usage quotidien.<\/p>\n<p class=\"\" data-start=\"1427\" data-end=\"1764\">\n","protected":false},"featured_media":6095,"template":"","meta":{"om_disable_all_campaigns":false},"product_brand":[],"product_cat":[284],"product_tag":[],"class_list":{"0":"post-20367","1":"product","2":"type-product","3":"status-publish","4":"has-post-thumbnail","6":"product_cat-gobelet","8":"first","9":"instock","10":"shipping-taxable","11":"product-type-simple"},"_links":{"self":[{"href":"https:\/\/www.cupssupplier.com\/fr\/wp-json\/wp\/v2\/product\/20367","targetHints":{"allow":["GET"]}}],"collection":[{"href":"https:\/\/www.cupssupplier.com\/fr\/wp-json\/wp\/v2\/product"}],"about":[{"href":"https:\/\/www.cupssupplier.com\/fr\/wp-json\/wp\/v2\/types\/product"}],"wp:featuredmedia":[{"embeddable":true,"href":"https:\/\/www.cupssupplier.com\/fr\/wp-json\/wp\/v2\/media\/6095"}],"wp:attachment":[{"href":"https:\/\/www.cupssupplier.com\/fr\/wp-json\/wp\/v2\/media?parent=20367"}],"wp:term":[{"taxonomy":"product_brand","embeddable":true,"href":"https:\/\/www.cupssupplier.com\/fr\/wp-json\/wp\/v2\/product_brand?post=20367"},{"taxonomy":"product_cat","embeddable":true,"href":"https:\/\/www.cupssupplier.com\/fr\/wp-json\/wp\/v2\/product_cat?post=20367"},{"taxonomy":"product_tag","embeddable":true,"href":"https:\/\/www.cupssupplier.com\/fr\/wp-json\/wp\/v2\/product_tag?post=20367"}],"curies":[{"name":"wp","href":"https:\/\/api.w.org\/{rel}","templated":true}]}}