{"id":20353,"date":"2025-01-09T03:52:15","date_gmt":"2025-01-09T08:52:15","guid":{"rendered":"https:\/\/www.cupssupplier.com\/product\/custom-coffee-thermos\/"},"modified":"2025-05-17T02:43:53","modified_gmt":"2025-05-17T06:43:53","slug":"custom-coffee-thermos","status":"publish","type":"product","link":"https:\/\/www.cupssupplier.com\/fr\/custom-coffee-thermos\/","title":{"rendered":"Thermos \u00e0 Caf\u00e9 Personnalis\u00e9"},"content":{"rendered":"<p class=\"\" data-start=\"108\" data-end=\"176\"><strong data-start=\"108\" data-end=\"176\">Thermos \u00e0 Caf\u00e9 Personnalis\u00e9 \u2013 Bouteille Isotherme &amp; R\u00e9utilisable<\/strong><\/p>\n<p class=\"\" data-start=\"178\" data-end=\"343\">Am\u00e9liorez votre image de marque avec le Thermos \u00e0 Caf\u00e9 Personnalis\u00e9, alliant performance haut de gamme et options de personnalisation. Caract\u00e9ristiques principales :<\/p>\n<ul data-start=\"345\" data-end=\"912\">\n<li class=\"\" data-start=\"345\" data-end=\"454\">\n<p class=\"\" data-start=\"347\" data-end=\"454\"><strong data-start=\"347\" data-end=\"373\">Design Personnalisable<\/strong> : Ajoutez votre logo ou votre design pour cr\u00e9er un thermos professionnel unique.<\/p>\n<\/li>\n<li class=\"\" data-start=\"455\" data-end=\"573\">\n<p class=\"\" data-start=\"457\" data-end=\"573\"><strong data-start=\"457\" data-end=\"481\">Isolation Sup\u00e9rieure<\/strong> : Garde le caf\u00e9 chaud jusqu&rsquo;\u00e0 12 heures et les boissons froides fra\u00eeches pendant 24 heures.<\/p>\n<\/li>\n<li class=\"\" data-start=\"574\" data-end=\"691\">\n<p class=\"\" data-start=\"576\" data-end=\"691\"><strong data-start=\"576\" data-end=\"606\">Mat\u00e9riaux de Haute Qualit\u00e9<\/strong> : Fabriqu\u00e9 en acier inoxydable durable, sans BPA, pour une utilisation longue dur\u00e9e.<\/p>\n<\/li>\n<li class=\"\" data-start=\"692\" data-end=\"799\">\n<p class=\"\" data-start=\"694\" data-end=\"799\"><strong data-start=\"694\" data-end=\"724\">\u00c9cologique et R\u00e9utilisable<\/strong> : Une alternative durable aux gobelets jetables, pour r\u00e9duire les d\u00e9chets.<\/p>\n<\/li>\n<li class=\"\" data-start=\"800\" data-end=\"912\">\n<p class=\"\" data-start=\"802\" data-end=\"912\"><strong data-start=\"802\" data-end=\"828\">Polyvalent et Portable<\/strong> : Parfait pour le travail, les voyages, les aventures en plein air ou comme cadeau.<\/p>\n<\/li>\n<\/ul>\n<p class=\"\" data-start=\"914\" data-end=\"1113\">Le Thermos \u00e0 Caf\u00e9 Personnalis\u00e9 allie praticit\u00e9, style et image de marque, en faisant un excellent choix pour les \u00e9v\u00e9nements d&rsquo;entreprise, les campagnes promotionnelles et les cadeaux de remerciement.<\/p>\n<p><!--more--><br \/>\n<img loading=\"lazy\" decoding=\"async\" class=\"wp-image-2111 size-full aligncenter\" src=\"https:\/\/www.cupssupplier.com\/wp-content\/uploads\/2025\/01\/2-33.webp\" alt=\"custom coffee thermos\" width=\"1000\" height=\"3841\" srcset=\"https:\/\/www.cupssupplier.com\/wp-content\/uploads\/2025\/01\/2-33.webp 1000w, https:\/\/www.cupssupplier.com\/wp-content\/uploads\/2025\/01\/2-33-78x300.webp 78w, https:\/\/www.cupssupplier.com\/wp-content\/uploads\/2025\/01\/2-33-768x2950.webp 768w, https:\/\/www.cupssupplier.com\/wp-content\/uploads\/2025\/01\/2-33-400x1536.webp 400w, https:\/\/www.cupssupplier.com\/wp-content\/uploads\/2025\/01\/2-33-533x2048.webp 533w, https:\/\/www.cupssupplier.com\/wp-content\/uploads\/2025\/01\/2-33-300x1152.webp 300w, https:\/\/www.cupssupplier.com\/wp-content\/uploads\/2025\/01\/2-33-600x2305.webp 600w\" sizes=\"auto, (max-width: 1000px) 100vw, 1000px\" title=\"\"><img loading=\"lazy\" decoding=\"async\" class=\"wp-image-2112 size-full aligncenter\" src=\"https:\/\/www.cupssupplier.com\/wp-content\/uploads\/2025\/01\/3-32.webp\" alt=\"custom coffee thermos\" width=\"1000\" height=\"4244\" srcset=\"https:\/\/www.cupssupplier.com\/wp-content\/uploads\/2025\/01\/3-32.webp 1000w, https:\/\/www.cupssupplier.com\/wp-content\/uploads\/2025\/01\/3-32-71x300.webp 71w, https:\/\/www.cupssupplier.com\/wp-content\/uploads\/2025\/01\/3-32-241x1024.webp 241w, https:\/\/www.cupssupplier.com\/wp-content\/uploads\/2025\/01\/3-32-768x3259.webp 768w, https:\/\/www.cupssupplier.com\/wp-content\/uploads\/2025\/01\/3-32-362x1536.webp 362w, https:\/\/www.cupssupplier.com\/wp-content\/uploads\/2025\/01\/3-32-300x1273.webp 300w, https:\/\/www.cupssupplier.com\/wp-content\/uploads\/2025\/01\/3-32-600x2546.webp 600w\" sizes=\"auto, (max-width: 1000px) 100vw, 1000px\" title=\"\"><br \/>\n<img loading=\"lazy\" decoding=\"async\" class=\"aligncenter wp-image-2110 size-full\" src=\"https:\/\/www.cupssupplier.com\/wp-content\/uploads\/2025\/01\/4-29-e1736412706328.webp\" alt=\"custom coffee thermos\" width=\"1000\" height=\"3140\" srcset=\"https:\/\/www.cupssupplier.com\/wp-content\/uploads\/2025\/01\/4-29-e1736412706328.webp 1000w, https:\/\/www.cupssupplier.com\/wp-content\/uploads\/2025\/01\/4-29-e1736412706328-96x300.webp 96w, https:\/\/www.cupssupplier.com\/wp-content\/uploads\/2025\/01\/4-29-e1736412706328-326x1024.webp 326w, https:\/\/www.cupssupplier.com\/wp-content\/uploads\/2025\/01\/4-29-e1736412706328-768x2412.webp 768w, https:\/\/www.cupssupplier.com\/wp-content\/uploads\/2025\/01\/4-29-e1736412706328-489x1536.webp 489w, https:\/\/www.cupssupplier.com\/wp-content\/uploads\/2025\/01\/4-29-e1736412706328-652x2048.webp 652w, https:\/\/www.cupssupplier.com\/wp-content\/uploads\/2025\/01\/4-29-e1736412706328-300x942.webp 300w, https:\/\/www.cupssupplier.com\/wp-content\/uploads\/2025\/01\/4-29-e1736412706328-600x1884.webp 600w\" sizes=\"auto, (max-width: 1000px) 100vw, 1000px\" title=\"\"><\/p>\n","protected":false},"excerpt":{"rendered":"<p class=\"\" data-start=\"1115\" data-end=\"1488\">Gardez vos boissons \u00e0 la temp\u00e9rature id\u00e9ale avec notre Thermos \u00e0 Caf\u00e9 Personnalis\u00e9. \u00c9l\u00e9gant et durable, il peut \u00eatre personnalis\u00e9 avec votre logo \u2013 id\u00e9al pour les cadeaux d&rsquo;entreprise, les \u00e9v\u00e9nements promotionnels ou un usage quotidien. Con\u00e7u pour une isolation optimale et une fonctionnalit\u00e9 \u00e9cologique, c\u2019est l\u2019accessoire parfait pour les amateurs de caf\u00e9 en d\u00e9placement.<\/p>\n","protected":false},"featured_media":6238,"template":"","meta":{"om_disable_all_campaigns":false},"product_brand":[],"product_cat":[284],"product_tag":[],"class_list":{"0":"post-20353","1":"product","2":"type-product","3":"status-publish","4":"has-post-thumbnail","6":"product_cat-gobelet","8":"first","9":"instock","10":"shipping-taxable","11":"product-type-simple"},"_links":{"self":[{"href":"https:\/\/www.cupssupplier.com\/fr\/wp-json\/wp\/v2\/product\/20353","targetHints":{"allow":["GET"]}}],"collection":[{"href":"https:\/\/www.cupssupplier.com\/fr\/wp-json\/wp\/v2\/product"}],"about":[{"href":"https:\/\/www.cupssupplier.com\/fr\/wp-json\/wp\/v2\/types\/product"}],"wp:featuredmedia":[{"embeddable":true,"href":"https:\/\/www.cupssupplier.com\/fr\/wp-json\/wp\/v2\/media\/6238"}],"wp:attachment":[{"href":"https:\/\/www.cupssupplier.com\/fr\/wp-json\/wp\/v2\/media?parent=20353"}],"wp:term":[{"taxonomy":"product_brand","embeddable":true,"href":"https:\/\/www.cupssupplier.com\/fr\/wp-json\/wp\/v2\/product_brand?post=20353"},{"taxonomy":"product_cat","embeddable":true,"href":"https:\/\/www.cupssupplier.com\/fr\/wp-json\/wp\/v2\/product_cat?post=20353"},{"taxonomy":"product_tag","embeddable":true,"href":"https:\/\/www.cupssupplier.com\/fr\/wp-json\/wp\/v2\/product_tag?post=20353"}],"curies":[{"name":"wp","href":"https:\/\/api.w.org\/{rel}","templated":true}]}}