{"id":20327,"date":"2025-01-10T02:30:55","date_gmt":"2025-01-10T07:30:55","guid":{"rendered":"https:\/\/www.cupssupplier.com\/product\/personalised-childrens-bottles\/"},"modified":"2025-05-17T01:51:19","modified_gmt":"2025-05-17T05:51:19","slug":"personalised-childrens-bottles","status":"publish","type":"product","link":"https:\/\/www.cupssupplier.com\/fr\/personalised-childrens-bottles\/","title":{"rendered":"Bouteilles Personnalis\u00e9es pour Enfants"},"content":{"rendered":"<p class=\"\" data-start=\"116\" data-end=\"188\"><strong data-start=\"116\" data-end=\"188\">Bouteilles Personnalis\u00e9es pour Enfants \u2013 Gourdes Durables et Uniques<\/strong><\/p>\n<p class=\"\" data-start=\"190\" data-end=\"418\">Les bouteilles personnalis\u00e9es pour enfants sont parfaites pour motiver les plus jeunes \u00e0 rester bien hydrat\u00e9s. Con\u00e7ues pour allier durabilit\u00e9 et praticit\u00e9, elles sont id\u00e9ales pour l\u2019\u00e9cole, le sport ou les aventures du quotidien.<\/p>\n<p class=\"\" data-start=\"420\" data-end=\"1015\"><strong data-start=\"420\" data-end=\"448\">Designs Personnalisables<\/strong> : Ajoutez des pr\u00e9noms, des motifs ou des personnages pour une touche unique et amusante.<br data-start=\"537\" data-end=\"540\" \/><strong data-start=\"540\" data-end=\"570\">Mat\u00e9riaux Durables et S\u00fbrs<\/strong> : Fabriqu\u00e9es en mat\u00e9riaux alimentaires sans BPA pour une utilisation quotidienne en toute s\u00e9curit\u00e9.<br data-start=\"670\" data-end=\"673\" \/><strong data-start=\"673\" data-end=\"712\">Anti-Fuites et Adapt\u00e9es aux Enfants<\/strong> : Couvercles faciles \u00e0 utiliser qui emp\u00eachent les fuites, parfaits pour les enfants actifs.<br data-start=\"804\" data-end=\"807\" \/><strong data-start=\"807\" data-end=\"831\">L\u00e9g\u00e8res et Portables<\/strong> : Faciles \u00e0 transporter dans les cartables, sacs de sport ou sacs \u00e0 dos.<br data-start=\"904\" data-end=\"907\" \/><strong data-start=\"907\" data-end=\"930\">Solution \u00c9cologique<\/strong> : Une alternative r\u00e9utilisable pour r\u00e9duire les d\u00e9chets et encourager la durabilit\u00e9.<\/p>\n<p class=\"\" data-start=\"1017\" data-end=\"1256\">Les bouteilles personnalis\u00e9es pour enfants sont des cadeaux parfaits, des fournitures scolaires pratiques ou des accessoires pour les \u00e9quipes sportives. Alliant fonctionnalit\u00e9 et design personnalis\u00e9, elles s\u00e9duiront les enfants \u00e0 coup s\u00fbr.<\/p>\n<p>&nbsp;<\/p>\n<p><img loading=\"lazy\" decoding=\"async\" class=\"wp-image-2142 size-full aligncenter\" src=\"https:\/\/www.cupssupplier.com\/wp-content\/uploads\/2025\/01\/2-37.webp\" alt=\"personalised childrens bottles\" width=\"750\" height=\"4141\" srcset=\"https:\/\/www.cupssupplier.com\/wp-content\/uploads\/2025\/01\/2-37.webp 750w, https:\/\/www.cupssupplier.com\/wp-content\/uploads\/2025\/01\/2-37-278x1536.webp 278w, https:\/\/www.cupssupplier.com\/wp-content\/uploads\/2025\/01\/2-37-371x2048.webp 371w, https:\/\/www.cupssupplier.com\/wp-content\/uploads\/2025\/01\/2-37-300x1656.webp 300w, https:\/\/www.cupssupplier.com\/wp-content\/uploads\/2025\/01\/2-37-600x3313.webp 600w\" sizes=\"auto, (max-width: 750px) 100vw, 750px\" title=\"\"><\/p>\n<p><img loading=\"lazy\" decoding=\"async\" class=\"wp-image-2143 size-full aligncenter\" src=\"https:\/\/www.cupssupplier.com\/wp-content\/uploads\/2025\/01\/3-36.webp\" alt=\"personalised childrens bottles\" width=\"750\" height=\"2904\" srcset=\"https:\/\/www.cupssupplier.com\/wp-content\/uploads\/2025\/01\/3-36.webp 750w, https:\/\/www.cupssupplier.com\/wp-content\/uploads\/2025\/01\/3-36-397x1536.webp 397w, https:\/\/www.cupssupplier.com\/wp-content\/uploads\/2025\/01\/3-36-529x2048.webp 529w, https:\/\/www.cupssupplier.com\/wp-content\/uploads\/2025\/01\/3-36-300x1162.webp 300w, https:\/\/www.cupssupplier.com\/wp-content\/uploads\/2025\/01\/3-36-600x2323.webp 600w\" sizes=\"auto, (max-width: 750px) 100vw, 750px\" title=\"\"><\/p>\n<p><img loading=\"lazy\" decoding=\"async\" class=\"wp-image-2144 size-full aligncenter\" src=\"https:\/\/www.cupssupplier.com\/wp-content\/uploads\/2025\/01\/4-32-e1736494184514.webp\" alt=\"personalised childrens bottles\" width=\"748\" height=\"3570\" srcset=\"https:\/\/www.cupssupplier.com\/wp-content\/uploads\/2025\/01\/4-32-e1736494184514.webp 748w, https:\/\/www.cupssupplier.com\/wp-content\/uploads\/2025\/01\/4-32-e1736494184514-63x300.webp 63w, https:\/\/www.cupssupplier.com\/wp-content\/uploads\/2025\/01\/4-32-e1736494184514-322x1536.webp 322w, https:\/\/www.cupssupplier.com\/wp-content\/uploads\/2025\/01\/4-32-e1736494184514-429x2048.webp 429w, https:\/\/www.cupssupplier.com\/wp-content\/uploads\/2025\/01\/4-32-e1736494184514-300x1432.webp 300w, https:\/\/www.cupssupplier.com\/wp-content\/uploads\/2025\/01\/4-32-e1736494184514-600x2864.webp 600w\" sizes=\"auto, (max-width: 748px) 100vw, 748px\" title=\"\"><\/p>\n","protected":false},"excerpt":{"rendered":"<p><strong data-start=\"89\" data-end=\"181\">Rendez l\u2019hydratation amusante et unique avec les bouteilles personnalis\u00e9es pour enfants.<\/strong><br data-start=\"181\" data-end=\"184\" \/>Ces bouteilles personnalisables et adapt\u00e9es aux enfants sont con\u00e7ues pour un usage quotidien, avec des mat\u00e9riaux durables sans BPA et des options de personnalisation cr\u00e9atives. Parfaites pour l\u2019\u00e9cole, le sport ou les sorties en famille, elles encouragent les enfants \u00e0 rester hydrat\u00e9s avec style.<\/p>\n","protected":false},"featured_media":6480,"template":"","meta":{"om_disable_all_campaigns":false},"product_brand":[],"product_cat":[282],"product_tag":[],"class_list":{"0":"post-20327","1":"product","2":"type-product","3":"status-publish","4":"has-post-thumbnail","6":"product_cat-gourde-pour-enfant","8":"first","9":"instock","10":"shipping-taxable","11":"product-type-simple"},"_links":{"self":[{"href":"https:\/\/www.cupssupplier.com\/fr\/wp-json\/wp\/v2\/product\/20327","targetHints":{"allow":["GET"]}}],"collection":[{"href":"https:\/\/www.cupssupplier.com\/fr\/wp-json\/wp\/v2\/product"}],"about":[{"href":"https:\/\/www.cupssupplier.com\/fr\/wp-json\/wp\/v2\/types\/product"}],"wp:featuredmedia":[{"embeddable":true,"href":"https:\/\/www.cupssupplier.com\/fr\/wp-json\/wp\/v2\/media\/6480"}],"wp:attachment":[{"href":"https:\/\/www.cupssupplier.com\/fr\/wp-json\/wp\/v2\/media?parent=20327"}],"wp:term":[{"taxonomy":"product_brand","embeddable":true,"href":"https:\/\/www.cupssupplier.com\/fr\/wp-json\/wp\/v2\/product_brand?post=20327"},{"taxonomy":"product_cat","embeddable":true,"href":"https:\/\/www.cupssupplier.com\/fr\/wp-json\/wp\/v2\/product_cat?post=20327"},{"taxonomy":"product_tag","embeddable":true,"href":"https:\/\/www.cupssupplier.com\/fr\/wp-json\/wp\/v2\/product_tag?post=20327"}],"curies":[{"name":"wp","href":"https:\/\/api.w.org\/{rel}","templated":true}]}}