{"id":20312,"date":"2025-01-10T02:57:00","date_gmt":"2025-01-10T07:57:00","guid":{"rendered":"https:\/\/www.cupssupplier.com\/product\/wholesale-kids-water-bottles\/"},"modified":"2025-05-17T01:16:43","modified_gmt":"2025-05-17T05:16:43","slug":"wholesale-kids-water-bottles","status":"publish","type":"product","link":"https:\/\/www.cupssupplier.com\/fr\/wholesale-kids-water-bottles\/","title":{"rendered":"Bouteilles d&rsquo;Eau pour Enfants en Gros"},"content":{"rendered":"<p class=\"\" data-start=\"108\" data-end=\"171\"><strong data-start=\"108\" data-end=\"171\">Bouteilles d&rsquo;Eau pour Enfants en Gros<\/strong><\/p>\n<p class=\"\" data-start=\"173\" data-end=\"420\">Les bouteilles d&rsquo;eau pour enfants en gros offrent la combinaison parfaite de qualit\u00e9, d&rsquo;accessibilit\u00e9 et de praticit\u00e9. Con\u00e7ues pour r\u00e9pondre aux besoins des \u00e9coles, des \u00e9quipes sportives et des d\u00e9taillants, ces bouteilles allient valeur et style :<\/p>\n<ul data-start=\"422\" data-end=\"1060\">\n<li class=\"\" data-start=\"422\" data-end=\"542\">\n<p class=\"\" data-start=\"424\" data-end=\"542\"><strong data-start=\"424\" data-end=\"454\">Mat\u00e9riaux Durables et S\u00fbrs<\/strong> : Fabriqu\u00e9es en mat\u00e9riaux alimentaires sans BPA pour une utilisation s\u00fbre et durable.<\/p>\n<\/li>\n<li class=\"\" data-start=\"543\" data-end=\"686\">\n<p class=\"\" data-start=\"545\" data-end=\"686\"><strong data-start=\"545\" data-end=\"586\">Caract\u00e9ristiques Adapt\u00e9es aux Enfants<\/strong> : L\u00e9g\u00e8res et anti-fuites avec des bouchons et pailles faciles \u00e0 utiliser pour les enfants actifs.<\/p>\n<\/li>\n<li class=\"\" data-start=\"687\" data-end=\"795\">\n<p class=\"\" data-start=\"689\" data-end=\"795\"><strong data-start=\"689\" data-end=\"717\">Options Personnalisables<\/strong> : Ajoutez des logos ou des designs pour le branding ou la personnalisation.<\/p>\n<\/li>\n<li class=\"\" data-start=\"796\" data-end=\"932\">\n<p class=\"\" data-start=\"798\" data-end=\"932\"><strong data-start=\"798\" data-end=\"821\">Solution \u00c9cologique<\/strong> : Encouragez l\u2019utilisation de bouteilles r\u00e9utilisables pour r\u00e9duire les d\u00e9chets et promouvoir la durabilit\u00e9.<\/p>\n<\/li>\n<li class=\"\" data-start=\"933\" data-end=\"1060\">\n<p class=\"\" data-start=\"935\" data-end=\"1060\"><strong data-start=\"935\" data-end=\"969\">Designs et Couleurs Attractifs<\/strong> : Des options color\u00e9es et attrayantes qui rendent l\u2019hydratation amusante pour les enfants.<\/p>\n<\/li>\n<\/ul>\n<p class=\"\" data-start=\"1062\" data-end=\"1244\">Id\u00e9ales pour les commandes en gros, les bouteilles d\u2019eau pour enfants en gros sont le choix incontournable pour les organisations \u00e0 la recherche de produits r\u00e9utilisables de qualit\u00e9.<\/p>\n<p><img loading=\"lazy\" decoding=\"async\" class=\"wp-image-2154 size-full aligncenter\" src=\"https:\/\/www.cupssupplier.com\/wp-content\/uploads\/2025\/01\/1-30.webp\" alt=\"wholesale kids water bottles\" width=\"900\" height=\"3095\" srcset=\"https:\/\/www.cupssupplier.com\/wp-content\/uploads\/2025\/01\/1-30.webp 900w, https:\/\/www.cupssupplier.com\/wp-content\/uploads\/2025\/01\/1-30-87x300.webp 87w, https:\/\/www.cupssupplier.com\/wp-content\/uploads\/2025\/01\/1-30-298x1024.webp 298w, https:\/\/www.cupssupplier.com\/wp-content\/uploads\/2025\/01\/1-30-768x2641.webp 768w, https:\/\/www.cupssupplier.com\/wp-content\/uploads\/2025\/01\/1-30-447x1536.webp 447w, https:\/\/www.cupssupplier.com\/wp-content\/uploads\/2025\/01\/1-30-300x1032.webp 300w, https:\/\/www.cupssupplier.com\/wp-content\/uploads\/2025\/01\/1-30-600x2063.webp 600w\" sizes=\"auto, (max-width: 900px) 100vw, 900px\" title=\"\"><img loading=\"lazy\" decoding=\"async\" class=\"wp-image-2155 size-full aligncenter\" src=\"https:\/\/www.cupssupplier.com\/wp-content\/uploads\/2025\/01\/2-39.webp\" alt=\"wholesale kids water bottles\" width=\"900\" height=\"3337\" srcset=\"https:\/\/www.cupssupplier.com\/wp-content\/uploads\/2025\/01\/2-39.webp 900w, https:\/\/www.cupssupplier.com\/wp-content\/uploads\/2025\/01\/2-39-81x300.webp 81w, https:\/\/www.cupssupplier.com\/wp-content\/uploads\/2025\/01\/2-39-276x1024.webp 276w, https:\/\/www.cupssupplier.com\/wp-content\/uploads\/2025\/01\/2-39-768x2848.webp 768w, https:\/\/www.cupssupplier.com\/wp-content\/uploads\/2025\/01\/2-39-414x1536.webp 414w, https:\/\/www.cupssupplier.com\/wp-content\/uploads\/2025\/01\/2-39-552x2048.webp 552w, https:\/\/www.cupssupplier.com\/wp-content\/uploads\/2025\/01\/2-39-300x1112.webp 300w, https:\/\/www.cupssupplier.com\/wp-content\/uploads\/2025\/01\/2-39-600x2225.webp 600w\" sizes=\"auto, (max-width: 900px) 100vw, 900px\" title=\"\"><img loading=\"lazy\" decoding=\"async\" class=\"wp-image-2156 size-full aligncenter\" src=\"https:\/\/www.cupssupplier.com\/wp-content\/uploads\/2025\/01\/3-38.webp\" alt=\"wholesale kids water bottles\" width=\"900\" height=\"1714\" srcset=\"https:\/\/www.cupssupplier.com\/wp-content\/uploads\/2025\/01\/3-38.webp 900w, https:\/\/www.cupssupplier.com\/wp-content\/uploads\/2025\/01\/3-38-158x300.webp 158w, https:\/\/www.cupssupplier.com\/wp-content\/uploads\/2025\/01\/3-38-538x1024.webp 538w, https:\/\/www.cupssupplier.com\/wp-content\/uploads\/2025\/01\/3-38-768x1463.webp 768w, https:\/\/www.cupssupplier.com\/wp-content\/uploads\/2025\/01\/3-38-807x1536.webp 807w, https:\/\/www.cupssupplier.com\/wp-content\/uploads\/2025\/01\/3-38-300x571.webp 300w, https:\/\/www.cupssupplier.com\/wp-content\/uploads\/2025\/01\/3-38-600x1143.webp 600w\" sizes=\"auto, (max-width: 900px) 100vw, 900px\" title=\"\"><img loading=\"lazy\" decoding=\"async\" class=\"wp-image-2157 size-full aligncenter\" src=\"https:\/\/www.cupssupplier.com\/wp-content\/uploads\/2025\/01\/4-34-e1736495338889.webp\" alt=\"wholesale kids water bottles\" width=\"900\" height=\"3185\" srcset=\"https:\/\/www.cupssupplier.com\/wp-content\/uploads\/2025\/01\/4-34-e1736495338889.webp 900w, https:\/\/www.cupssupplier.com\/wp-content\/uploads\/2025\/01\/4-34-e1736495338889-85x300.webp 85w, https:\/\/www.cupssupplier.com\/wp-content\/uploads\/2025\/01\/4-34-e1736495338889-289x1024.webp 289w, https:\/\/www.cupssupplier.com\/wp-content\/uploads\/2025\/01\/4-34-e1736495338889-768x2718.webp 768w, https:\/\/www.cupssupplier.com\/wp-content\/uploads\/2025\/01\/4-34-e1736495338889-434x1536.webp 434w, https:\/\/www.cupssupplier.com\/wp-content\/uploads\/2025\/01\/4-34-e1736495338889-579x2048.webp 579w, https:\/\/www.cupssupplier.com\/wp-content\/uploads\/2025\/01\/4-34-e1736495338889-300x1062.webp 300w, https:\/\/www.cupssupplier.com\/wp-content\/uploads\/2025\/01\/4-34-e1736495338889-600x2123.webp 600w\" sizes=\"auto, (max-width: 900px) 100vw, 900px\" title=\"\"><\/p>\n","protected":false},"excerpt":{"rendered":"<p class=\"\" data-start=\"1246\" data-end=\"1542\">Faites le plein de bouteilles d\u2019eau pour enfants durables et pratiques, disponibles en gros. Sans BPA, r\u00e9utilisables et personnalisables, elles sont parfaites pour les \u00e9coles, les \u00e9quipes sportives ou les d\u00e9taillants. Avec des designs vibrants, elles rendent l\u2019hydratation amusante et \u00e9cologique.<\/p>\n<p class=\"\" data-start=\"1544\" data-end=\"1712\">\n","protected":false},"featured_media":6579,"template":"","meta":{"om_disable_all_campaigns":false},"product_brand":[],"product_cat":[282],"product_tag":[],"class_list":{"0":"post-20312","1":"product","2":"type-product","3":"status-publish","4":"has-post-thumbnail","6":"product_cat-gourde-pour-enfant","8":"first","9":"instock","10":"shipping-taxable","11":"product-type-simple"},"_links":{"self":[{"href":"https:\/\/www.cupssupplier.com\/fr\/wp-json\/wp\/v2\/product\/20312","targetHints":{"allow":["GET"]}}],"collection":[{"href":"https:\/\/www.cupssupplier.com\/fr\/wp-json\/wp\/v2\/product"}],"about":[{"href":"https:\/\/www.cupssupplier.com\/fr\/wp-json\/wp\/v2\/types\/product"}],"wp:featuredmedia":[{"embeddable":true,"href":"https:\/\/www.cupssupplier.com\/fr\/wp-json\/wp\/v2\/media\/6579"}],"wp:attachment":[{"href":"https:\/\/www.cupssupplier.com\/fr\/wp-json\/wp\/v2\/media?parent=20312"}],"wp:term":[{"taxonomy":"product_brand","embeddable":true,"href":"https:\/\/www.cupssupplier.com\/fr\/wp-json\/wp\/v2\/product_brand?post=20312"},{"taxonomy":"product_cat","embeddable":true,"href":"https:\/\/www.cupssupplier.com\/fr\/wp-json\/wp\/v2\/product_cat?post=20312"},{"taxonomy":"product_tag","embeddable":true,"href":"https:\/\/www.cupssupplier.com\/fr\/wp-json\/wp\/v2\/product_tag?post=20312"}],"curies":[{"name":"wp","href":"https:\/\/api.w.org\/{rel}","templated":true}]}}