{"id":20273,"date":"2025-01-11T03:13:37","date_gmt":"2025-01-11T08:13:37","guid":{"rendered":"https:\/\/www.cupssupplier.com\/product\/24-oz-stainless-steel-water-bottle\/"},"modified":"2025-05-15T11:41:53","modified_gmt":"2025-05-15T15:41:53","slug":"24-oz-stainless-steel-water-bottle","status":"publish","type":"product","link":"https:\/\/www.cupssupplier.com\/fr\/24-oz-stainless-steel-water-bottle\/","title":{"rendered":"Bouteille d\u2019eau en acier inoxydable 710 ml"},"content":{"rendered":"<p class=\"\" data-start=\"99\" data-end=\"165\"><strong data-start=\"99\" data-end=\"165\">Bouteille d\u2019eau en acier inoxydable 710 ml \u2013 Isol\u00e9e et \u00e9tanche<\/strong><\/p>\n<p class=\"\" data-start=\"167\" data-end=\"356\">La bouteille d\u2019eau en acier inoxydable de 710 ml offre l\u2019\u00e9quilibre parfait entre capacit\u00e9, durabilit\u00e9 et style, ce qui en fait votre solution d\u2019hydratation id\u00e9ale pour toutes les activit\u00e9s.<\/p>\n<p class=\"\" data-start=\"358\" data-end=\"1069\"><strong data-start=\"358\" data-end=\"418\">Construction en acier inoxydable de qualit\u00e9 sup\u00e9rieure :<\/strong> Fabriqu\u00e9e en acier inoxydable de qualit\u00e9 alimentaire sans BPA pour une durabilit\u00e9 exceptionnelle et une consommation sans danger.<br data-start=\"548\" data-end=\"551\" \/><strong data-start=\"551\" data-end=\"581\">Isolation \u00e0 double paroi :<\/strong> Garde vos boissons froides jusqu\u2019\u00e0 24 heures ou chaudes jusqu\u2019\u00e0 12 heures, id\u00e9ale en toute saison.<br data-start=\"680\" data-end=\"683\" \/><strong data-start=\"683\" data-end=\"720\">\u00c9tanche et facile \u00e0 transporter :<\/strong> Dot\u00e9e d\u2019un couvercle s\u00e9curis\u00e9 et d\u2019un design ergonomique pour un transport sans souci.<br data-start=\"807\" data-end=\"810\" \/><strong data-start=\"810\" data-end=\"842\">\u00c9cologique et r\u00e9utilisable :<\/strong> Une alternative durable aux bouteilles jetables, r\u00e9duisant les d\u00e9chets tout en \u00e9conomisant de l\u2019argent.<br data-start=\"946\" data-end=\"949\" \/><strong data-start=\"949\" data-end=\"983\">Design \u00e9l\u00e9gant et polyvalent :<\/strong> Disponible dans une vari\u00e9t\u00e9 de couleurs et de finitions pour s\u2019adapter \u00e0 votre style.<\/p>\n<p class=\"\" data-start=\"1071\" data-end=\"1257\">Que vous soyez au bureau, \u00e0 la salle de sport ou en plein air, la bouteille d\u2019eau de 710 ml est con\u00e7ue pour s\u2019adapter \u00e0 votre mode de vie actif tout en vous gardant parfaitement hydrat\u00e9.<\/p>\n<p><img loading=\"lazy\" decoding=\"async\" class=\"aligncenter wp-image-2204 size-full\" src=\"https:\/\/www.cupssupplier.com\/wp-content\/uploads\/2025\/01\/1-36.webp\" alt=\"24 oz stainless steel water bottle\" width=\"1000\" height=\"3955\" srcset=\"https:\/\/www.cupssupplier.com\/wp-content\/uploads\/2025\/01\/1-36.webp 1000w, https:\/\/www.cupssupplier.com\/wp-content\/uploads\/2025\/01\/1-36-76x300.webp 76w, https:\/\/www.cupssupplier.com\/wp-content\/uploads\/2025\/01\/1-36-259x1024.webp 259w, https:\/\/www.cupssupplier.com\/wp-content\/uploads\/2025\/01\/1-36-768x3037.webp 768w, https:\/\/www.cupssupplier.com\/wp-content\/uploads\/2025\/01\/1-36-388x1536.webp 388w, https:\/\/www.cupssupplier.com\/wp-content\/uploads\/2025\/01\/1-36-518x2048.webp 518w, https:\/\/www.cupssupplier.com\/wp-content\/uploads\/2025\/01\/1-36-300x1187.webp 300w, https:\/\/www.cupssupplier.com\/wp-content\/uploads\/2025\/01\/1-36-600x2373.webp 600w\" sizes=\"auto, (max-width: 1000px) 100vw, 1000px\" title=\"\"><img loading=\"lazy\" decoding=\"async\" class=\"wp-image-2205 size-full aligncenter\" src=\"https:\/\/www.cupssupplier.com\/wp-content\/uploads\/2025\/01\/2-46.webp\" alt=\"24 oz stainless steel water bottle\" width=\"1000\" height=\"2586\" srcset=\"https:\/\/www.cupssupplier.com\/wp-content\/uploads\/2025\/01\/2-46.webp 1000w, https:\/\/www.cupssupplier.com\/wp-content\/uploads\/2025\/01\/2-46-116x300.webp 116w, https:\/\/www.cupssupplier.com\/wp-content\/uploads\/2025\/01\/2-46-396x1024.webp 396w, https:\/\/www.cupssupplier.com\/wp-content\/uploads\/2025\/01\/2-46-768x1986.webp 768w, https:\/\/www.cupssupplier.com\/wp-content\/uploads\/2025\/01\/2-46-594x1536.webp 594w, https:\/\/www.cupssupplier.com\/wp-content\/uploads\/2025\/01\/2-46-792x2048.webp 792w, https:\/\/www.cupssupplier.com\/wp-content\/uploads\/2025\/01\/2-46-300x776.webp 300w, https:\/\/www.cupssupplier.com\/wp-content\/uploads\/2025\/01\/2-46-600x1552.webp 600w\" sizes=\"auto, (max-width: 1000px) 100vw, 1000px\" title=\"\"><img loading=\"lazy\" decoding=\"async\" class=\"wp-image-2206 size-full aligncenter\" src=\"https:\/\/www.cupssupplier.com\/wp-content\/uploads\/2025\/01\/3-44.webp\" alt=\"24 oz stainless steel water bottle\" width=\"1000\" height=\"1128\" srcset=\"https:\/\/www.cupssupplier.com\/wp-content\/uploads\/2025\/01\/3-44.webp 1000w, https:\/\/www.cupssupplier.com\/wp-content\/uploads\/2025\/01\/3-44-266x300.webp 266w, https:\/\/www.cupssupplier.com\/wp-content\/uploads\/2025\/01\/3-44-908x1024.webp 908w, https:\/\/www.cupssupplier.com\/wp-content\/uploads\/2025\/01\/3-44-768x866.webp 768w, https:\/\/www.cupssupplier.com\/wp-content\/uploads\/2025\/01\/3-44-300x338.webp 300w, https:\/\/www.cupssupplier.com\/wp-content\/uploads\/2025\/01\/3-44-600x677.webp 600w\" sizes=\"auto, (max-width: 1000px) 100vw, 1000px\" title=\"\"><\/p>\n<p><img loading=\"lazy\" decoding=\"async\" class=\"wp-image-2207 size-full aligncenter\" src=\"https:\/\/www.cupssupplier.com\/wp-content\/uploads\/2025\/01\/4-40-e1736583110787.webp\" alt=\"24 oz stainless steel water bottle\" width=\"1000\" height=\"3350\" srcset=\"https:\/\/www.cupssupplier.com\/wp-content\/uploads\/2025\/01\/4-40-e1736583110787.webp 1000w, https:\/\/www.cupssupplier.com\/wp-content\/uploads\/2025\/01\/4-40-e1736583110787-306x1024.webp 306w, https:\/\/www.cupssupplier.com\/wp-content\/uploads\/2025\/01\/4-40-e1736583110787-768x2573.webp 768w, https:\/\/www.cupssupplier.com\/wp-content\/uploads\/2025\/01\/4-40-e1736583110787-611x2048.webp 611w, https:\/\/www.cupssupplier.com\/wp-content\/uploads\/2025\/01\/4-40-e1736583110787-300x1005.webp 300w, https:\/\/www.cupssupplier.com\/wp-content\/uploads\/2025\/01\/4-40-e1736583110787-600x2010.webp 600w\" sizes=\"auto, (max-width: 1000px) 100vw, 1000px\" title=\"\"><\/p>\n","protected":false},"excerpt":{"rendered":"<p class=\"\" data-start=\"1259\" data-end=\"1618\"><strong data-start=\"1259\" data-end=\"1349\">Restez hydrat\u00e9 toute la journ\u00e9e avec la bouteille d\u2019eau en acier inoxydable de 710 ml.<\/strong> Con\u00e7ue en acier inoxydable de haute qualit\u00e9, cette bouteille isotherme et durable garde vos boissons chaudes ou froides pendant des heures. Parfaite pour le travail, la salle de sport ou les aventures en plein air, elle est \u00e9cologique, \u00e9tanche et facile \u00e0 transporter.<\/p>\n<p class=\"\" data-start=\"1620\" data-end=\"1686\">\n","protected":false},"featured_media":6953,"template":"","meta":{"om_disable_all_campaigns":false},"product_brand":[],"product_cat":[283],"product_tag":[],"class_list":{"0":"post-20273","1":"product","2":"type-product","3":"status-publish","4":"has-post-thumbnail","6":"product_cat-gourde-en-acier-inoxydable","8":"first","9":"instock","10":"shipping-taxable","11":"product-type-simple"},"_links":{"self":[{"href":"https:\/\/www.cupssupplier.com\/fr\/wp-json\/wp\/v2\/product\/20273","targetHints":{"allow":["GET"]}}],"collection":[{"href":"https:\/\/www.cupssupplier.com\/fr\/wp-json\/wp\/v2\/product"}],"about":[{"href":"https:\/\/www.cupssupplier.com\/fr\/wp-json\/wp\/v2\/types\/product"}],"wp:featuredmedia":[{"embeddable":true,"href":"https:\/\/www.cupssupplier.com\/fr\/wp-json\/wp\/v2\/media\/6953"}],"wp:attachment":[{"href":"https:\/\/www.cupssupplier.com\/fr\/wp-json\/wp\/v2\/media?parent=20273"}],"wp:term":[{"taxonomy":"product_brand","embeddable":true,"href":"https:\/\/www.cupssupplier.com\/fr\/wp-json\/wp\/v2\/product_brand?post=20273"},{"taxonomy":"product_cat","embeddable":true,"href":"https:\/\/www.cupssupplier.com\/fr\/wp-json\/wp\/v2\/product_cat?post=20273"},{"taxonomy":"product_tag","embeddable":true,"href":"https:\/\/www.cupssupplier.com\/fr\/wp-json\/wp\/v2\/product_tag?post=20273"}],"curies":[{"name":"wp","href":"https:\/\/api.w.org\/{rel}","templated":true}]}}