{"id":20245,"date":"2025-01-11T03:49:16","date_gmt":"2025-01-11T08:49:16","guid":{"rendered":"https:\/\/www.cupssupplier.com\/product\/double-wall-stainless-steel-water-bottle\/"},"modified":"2025-05-15T10:58:09","modified_gmt":"2025-05-15T14:58:09","slug":"double-wall-stainless-steel-water-bottle","status":"publish","type":"product","link":"https:\/\/www.cupssupplier.com\/fr\/double-wall-stainless-steel-water-bottle\/","title":{"rendered":"Gourde en Acier Inoxydable \u00e0 Double Paroi"},"content":{"rendered":"<p class=\"\" data-start=\"138\" data-end=\"203\"><strong data-start=\"138\" data-end=\"203\">Gourde en Acier Inoxydable \u00e0 Double Paroi \u2013 Isol\u00e9e et \u00c9tanche<\/strong><\/p>\n<p class=\"\" data-start=\"205\" data-end=\"419\">La gourde en acier inoxydable \u00e0 double paroi est con\u00e7ue pour offrir une excellente r\u00e9tention de temp\u00e9rature et une durabilit\u00e9 exceptionnelle, en faisant votre compagnon d\u2019hydratation id\u00e9al en toutes circonstances :<\/p>\n<ul data-start=\"421\" data-end=\"1104\">\n<li class=\"\" data-start=\"421\" data-end=\"573\">\n<p class=\"\" data-start=\"423\" data-end=\"573\"><strong data-start=\"423\" data-end=\"451\">Isolation \u00e0 double paroi<\/strong> : Conserve les boissons froides jusqu&rsquo;\u00e0 24 heures ou chaudes jusqu&rsquo;\u00e0 12 heures, pour une temp\u00e9rature toujours parfaite.<\/p>\n<\/li>\n<li class=\"\" data-start=\"574\" data-end=\"711\">\n<p class=\"\" data-start=\"576\" data-end=\"711\"><strong data-start=\"576\" data-end=\"618\">Acier inoxydable de qualit\u00e9 sup\u00e9rieure<\/strong> : Fabriqu\u00e9e en acier inoxydable alimentaire sans BPA pour une utilisation s\u00fbre et durable.<\/p>\n<\/li>\n<li class=\"\" data-start=\"712\" data-end=\"838\">\n<p class=\"\" data-start=\"714\" data-end=\"838\"><strong data-start=\"714\" data-end=\"746\">\u00c9tanche et sans condensation<\/strong> : Couvercle s\u00e9curis\u00e9 pour \u00e9viter les fuites et paroi isol\u00e9e pour garder les mains s\u00e8ches.<\/p>\n<\/li>\n<li class=\"\" data-start=\"839\" data-end=\"980\">\n<p class=\"\" data-start=\"841\" data-end=\"980\"><strong data-start=\"841\" data-end=\"871\">\u00c9cologique et r\u00e9utilisable<\/strong> : Une alternative durable aux bouteilles en plastique jetables, pour r\u00e9duire votre impact environnemental.<\/p>\n<\/li>\n<li class=\"\" data-start=\"981\" data-end=\"1104\">\n<p class=\"\" data-start=\"983\" data-end=\"1104\"><strong data-start=\"983\" data-end=\"1015\">Design \u00e9l\u00e9gant et polyvalent<\/strong> : Disponible en plusieurs tailles et coloris pour r\u00e9pondre \u00e0 tous les styles et besoins.<\/p>\n<\/li>\n<\/ul>\n<p class=\"\" data-start=\"1106\" data-end=\"1255\">Id\u00e9ale pour les trajets quotidiens, le sport ou les aventures en plein air, cette gourde garde vos boissons \u00e0 la temp\u00e9rature id\u00e9ale toute la journ\u00e9e.<\/p>\n<p class=\"\" data-start=\"1257\" data-end=\"1408\"><strong data-start=\"1257\" data-end=\"1408\">Adoptez une gourde durable, isotherme et sans fuite pour un quotidien plus responsable. Parfaite pour le bureau, la salle de sport ou les voyages !<\/strong><\/p>\n<p><img loading=\"lazy\" decoding=\"async\" class=\"wp-image-2243 size-full aligncenter\" src=\"https:\/\/www.cupssupplier.com\/wp-content\/uploads\/2025\/01\/1-39.webp\" alt=\"double wall stainless steel water bottle\" width=\"900\" height=\"1862\" srcset=\"https:\/\/www.cupssupplier.com\/wp-content\/uploads\/2025\/01\/1-39.webp 900w, https:\/\/www.cupssupplier.com\/wp-content\/uploads\/2025\/01\/1-39-145x300.webp 145w, https:\/\/www.cupssupplier.com\/wp-content\/uploads\/2025\/01\/1-39-495x1024.webp 495w, https:\/\/www.cupssupplier.com\/wp-content\/uploads\/2025\/01\/1-39-768x1589.webp 768w, https:\/\/www.cupssupplier.com\/wp-content\/uploads\/2025\/01\/1-39-742x1536.webp 742w, https:\/\/www.cupssupplier.com\/wp-content\/uploads\/2025\/01\/1-39-300x621.webp 300w, https:\/\/www.cupssupplier.com\/wp-content\/uploads\/2025\/01\/1-39-600x1241.webp 600w\" sizes=\"auto, (max-width: 900px) 100vw, 900px\" title=\"\"><img loading=\"lazy\" decoding=\"async\" class=\"aligncenter wp-image-2244 size-full\" src=\"https:\/\/www.cupssupplier.com\/wp-content\/uploads\/2025\/01\/2-52-e1736585500204.webp\" alt=\"double wall stainless steel water bottle\" width=\"900\" height=\"1340\" srcset=\"https:\/\/www.cupssupplier.com\/wp-content\/uploads\/2025\/01\/2-52-e1736585500204.webp 900w, https:\/\/www.cupssupplier.com\/wp-content\/uploads\/2025\/01\/2-52-e1736585500204-201x300.webp 201w, https:\/\/www.cupssupplier.com\/wp-content\/uploads\/2025\/01\/2-52-e1736585500204-688x1024.webp 688w, https:\/\/www.cupssupplier.com\/wp-content\/uploads\/2025\/01\/2-52-e1736585500204-768x1143.webp 768w, https:\/\/www.cupssupplier.com\/wp-content\/uploads\/2025\/01\/2-52-e1736585500204-300x447.webp 300w, https:\/\/www.cupssupplier.com\/wp-content\/uploads\/2025\/01\/2-52-e1736585500204-600x893.webp 600w\" sizes=\"auto, (max-width: 900px) 100vw, 900px\" title=\"\"><img loading=\"lazy\" decoding=\"async\" class=\"wp-image-2239 size-full aligncenter\" src=\"https:\/\/www.cupssupplier.com\/wp-content\/uploads\/2025\/01\/3-50.webp\" alt=\"double wall stainless steel water bottle\" width=\"900\" height=\"920\" srcset=\"https:\/\/www.cupssupplier.com\/wp-content\/uploads\/2025\/01\/3-50.webp 900w, https:\/\/www.cupssupplier.com\/wp-content\/uploads\/2025\/01\/3-50-293x300.webp 293w, https:\/\/www.cupssupplier.com\/wp-content\/uploads\/2025\/01\/3-50-768x785.webp 768w, https:\/\/www.cupssupplier.com\/wp-content\/uploads\/2025\/01\/3-50-300x307.webp 300w, https:\/\/www.cupssupplier.com\/wp-content\/uploads\/2025\/01\/3-50-600x613.webp 600w\" sizes=\"auto, (max-width: 900px) 100vw, 900px\" title=\"\"><img loading=\"lazy\" decoding=\"async\" class=\"wp-image-2241 size-full aligncenter\" src=\"https:\/\/www.cupssupplier.com\/wp-content\/uploads\/2025\/01\/5-38.webp\" alt=\"double wall stainless steel water bottle\" width=\"900\" height=\"1280\" srcset=\"https:\/\/www.cupssupplier.com\/wp-content\/uploads\/2025\/01\/5-38.webp 900w, https:\/\/www.cupssupplier.com\/wp-content\/uploads\/2025\/01\/5-38-211x300.webp 211w, https:\/\/www.cupssupplier.com\/wp-content\/uploads\/2025\/01\/5-38-720x1024.webp 720w, https:\/\/www.cupssupplier.com\/wp-content\/uploads\/2025\/01\/5-38-768x1092.webp 768w, https:\/\/www.cupssupplier.com\/wp-content\/uploads\/2025\/01\/5-38-300x427.webp 300w, https:\/\/www.cupssupplier.com\/wp-content\/uploads\/2025\/01\/5-38-600x853.webp 600w\" sizes=\"auto, (max-width: 900px) 100vw, 900px\" title=\"\"><\/p>\n","protected":false},"excerpt":{"rendered":"<p class=\"\" data-start=\"178\" data-end=\"600\">La bouteille d\u2019eau en acier inoxydable \u00e0 double paroi offre une isolation sup\u00e9rieure, gardant vos boissons froides jusqu\u2019\u00e0 24 heures et chaudes jusqu\u2019\u00e0 12 heures. Fabriqu\u00e9e en acier inoxydable de qualit\u00e9 sup\u00e9rieure, elle est durable, \u00e9tanche et id\u00e9ale pour le travail, la salle de sport ou les activit\u00e9s en plein air. Restez hydrat\u00e9 tout en r\u00e9duisant les d\u00e9chets plastiques avec cette bouteille r\u00e9utilisable et \u00e9cologique.<\/p>\n<p class=\"\" data-start=\"602\" data-end=\"835\">\n","protected":false},"featured_media":10267,"template":"","meta":{"om_disable_all_campaigns":false},"product_brand":[],"product_cat":[283],"product_tag":[],"class_list":{"0":"post-20245","1":"product","2":"type-product","3":"status-publish","4":"has-post-thumbnail","6":"product_cat-gourde-en-acier-inoxydable","8":"first","9":"instock","10":"shipping-taxable","11":"product-type-simple"},"_links":{"self":[{"href":"https:\/\/www.cupssupplier.com\/fr\/wp-json\/wp\/v2\/product\/20245","targetHints":{"allow":["GET"]}}],"collection":[{"href":"https:\/\/www.cupssupplier.com\/fr\/wp-json\/wp\/v2\/product"}],"about":[{"href":"https:\/\/www.cupssupplier.com\/fr\/wp-json\/wp\/v2\/types\/product"}],"wp:featuredmedia":[{"embeddable":true,"href":"https:\/\/www.cupssupplier.com\/fr\/wp-json\/wp\/v2\/media\/10267"}],"wp:attachment":[{"href":"https:\/\/www.cupssupplier.com\/fr\/wp-json\/wp\/v2\/media?parent=20245"}],"wp:term":[{"taxonomy":"product_brand","embeddable":true,"href":"https:\/\/www.cupssupplier.com\/fr\/wp-json\/wp\/v2\/product_brand?post=20245"},{"taxonomy":"product_cat","embeddable":true,"href":"https:\/\/www.cupssupplier.com\/fr\/wp-json\/wp\/v2\/product_cat?post=20245"},{"taxonomy":"product_tag","embeddable":true,"href":"https:\/\/www.cupssupplier.com\/fr\/wp-json\/wp\/v2\/product_tag?post=20245"}],"curies":[{"name":"wp","href":"https:\/\/api.w.org\/{rel}","templated":true}]}}