{"id":20231,"date":"2025-01-12T04:03:36","date_gmt":"2025-01-12T09:03:36","guid":{"rendered":"https:\/\/www.cupssupplier.com\/product\/custom-40-oz-tumbler\/"},"modified":"2025-05-15T10:03:16","modified_gmt":"2025-05-15T14:03:16","slug":"custom-40-oz-tumbler","status":"publish","type":"product","link":"https:\/\/www.cupssupplier.com\/fr\/custom-40-oz-tumbler\/","title":{"rendered":"Gobelet personnalis\u00e9 de 40 oz"},"content":{"rendered":"<p class=\"\" data-start=\"116\" data-end=\"190\"><strong data-start=\"116\" data-end=\"190\">Gobelet personnalis\u00e9 de 40 oz \u2013 Bouteille isotherme et personnalisable<\/strong><\/p>\n<p class=\"\" data-start=\"192\" data-end=\"379\">Le gobelet personnalis\u00e9 de 40 oz allie design haut de gamme et fonctionnalit\u00e9s pratiques, faisant de lui un choix polyvalent pour l&rsquo;hydratation quotidienne, les cadeaux ou les promotions.<\/p>\n<p class=\"\" data-start=\"381\" data-end=\"1074\"><strong data-start=\"381\" data-end=\"409\">Grande capacit\u00e9 de 40 oz<\/strong> : Contient davantage de votre boisson pr\u00e9f\u00e9r\u00e9e, id\u00e9al pour les longues journ\u00e9es, les voyages ou les activit\u00e9s en plein air.<br data-start=\"533\" data-end=\"536\" \/><strong data-start=\"536\" data-end=\"564\">Isolation \u00e0 double paroi<\/strong> : Garde vos boissons froides jusqu\u2019\u00e0 24 heures ou chaudes jusqu\u2019\u00e0 12 heures, en maintenant la temp\u00e9rature id\u00e9ale.<br data-start=\"678\" data-end=\"681\" \/><strong data-start=\"681\" data-end=\"707\">Design personnalisable<\/strong> : Ajoutez des logos, noms ou motifs pour un look unique ou une marque distinctive, parfait pour les entreprises ou les \u00e9v\u00e9nements.<br data-start=\"838\" data-end=\"841\" \/><strong data-start=\"841\" data-end=\"871\">Mat\u00e9riaux s\u00fbrs et durables<\/strong> : Fabriqu\u00e9 en acier inoxydable alimentaire sans BPA, pour une utilisation s\u00fbre et durable.<br data-start=\"962\" data-end=\"965\" \/><strong data-start=\"965\" data-end=\"1000\">\u00c9tanche et facile \u00e0 transporter<\/strong> : Couvercle s\u00e9curis\u00e9 et design ergonomique pour un transport sans fuites.<\/p>\n<p class=\"\" data-start=\"1076\" data-end=\"1243\">Que ce soit pour un usage personnel ou pour mettre en valeur votre marque, le gobelet personnalis\u00e9 de 40 oz offre fonctionnalit\u00e9, durabilit\u00e9 et une touche personnelle.<\/p>\n<p><img loading=\"lazy\" decoding=\"async\" class=\"wp-image-2262 size-full aligncenter\" src=\"https:\/\/www.cupssupplier.com\/wp-content\/uploads\/2025\/01\/1-41.webp\" alt=\"custom 40 oz tumbler\" width=\"900\" height=\"4191\" srcset=\"https:\/\/www.cupssupplier.com\/wp-content\/uploads\/2025\/01\/1-41.webp 900w, https:\/\/www.cupssupplier.com\/wp-content\/uploads\/2025\/01\/1-41-220x1024.webp 220w, https:\/\/www.cupssupplier.com\/wp-content\/uploads\/2025\/01\/1-41-768x3576.webp 768w, https:\/\/www.cupssupplier.com\/wp-content\/uploads\/2025\/01\/1-41-330x1536.webp 330w, https:\/\/www.cupssupplier.com\/wp-content\/uploads\/2025\/01\/1-41-440x2048.webp 440w, https:\/\/www.cupssupplier.com\/wp-content\/uploads\/2025\/01\/1-41-300x1397.webp 300w, https:\/\/www.cupssupplier.com\/wp-content\/uploads\/2025\/01\/1-41-600x2794.webp 600w\" sizes=\"auto, (max-width: 900px) 100vw, 900px\" title=\"\"><\/p>\n<p><img loading=\"lazy\" decoding=\"async\" class=\"wp-image-2263 size-full aligncenter\" src=\"https:\/\/www.cupssupplier.com\/wp-content\/uploads\/2025\/01\/3-53.webp\" alt=\"custom 40 oz tumbler\" width=\"907\" height=\"805\" srcset=\"https:\/\/www.cupssupplier.com\/wp-content\/uploads\/2025\/01\/3-53.webp 907w, https:\/\/www.cupssupplier.com\/wp-content\/uploads\/2025\/01\/3-53-300x266.webp 300w, https:\/\/www.cupssupplier.com\/wp-content\/uploads\/2025\/01\/3-53-768x682.webp 768w, https:\/\/www.cupssupplier.com\/wp-content\/uploads\/2025\/01\/3-53-600x533.webp 600w\" sizes=\"auto, (max-width: 907px) 100vw, 907px\" title=\"\"><\/p>\n<p><img loading=\"lazy\" decoding=\"async\" class=\"wp-image-2264 size-full aligncenter\" src=\"https:\/\/www.cupssupplier.com\/wp-content\/uploads\/2025\/01\/4-48.webp\" alt=\"custom 40 oz tumbler\" width=\"971\" height=\"1008\" srcset=\"https:\/\/www.cupssupplier.com\/wp-content\/uploads\/2025\/01\/4-48.webp 971w, https:\/\/www.cupssupplier.com\/wp-content\/uploads\/2025\/01\/4-48-289x300.webp 289w, https:\/\/www.cupssupplier.com\/wp-content\/uploads\/2025\/01\/4-48-768x797.webp 768w, https:\/\/www.cupssupplier.com\/wp-content\/uploads\/2025\/01\/4-48-300x311.webp 300w, https:\/\/www.cupssupplier.com\/wp-content\/uploads\/2025\/01\/4-48-600x623.webp 600w\" sizes=\"auto, (max-width: 971px) 100vw, 971px\" title=\"\"><\/p>\n","protected":false},"excerpt":{"rendered":"<p class=\"\" data-start=\"94\" data-end=\"565\">Am\u00e9liorez votre collection de gourdes avec notre Tasse Isotherme Personnalis\u00e9e 40 oz, con\u00e7ue pour allier style, praticit\u00e9 et performance. Parfaite pour la personnalisation ou la promotion de marque, cette grande tasse maintient vos boissons chaudes ou froides pendant des heures gr\u00e2ce \u00e0 son isolation \u00e0 double paroi. Ajoutez votre logo ou design pour une touche unique et personnalis\u00e9e.<\/p>\n<p class=\"\" data-start=\"567\" data-end=\"888\">\n","protected":false},"featured_media":10591,"template":"","meta":{"om_disable_all_campaigns":false},"product_brand":[],"product_cat":[284],"product_tag":[],"class_list":{"0":"post-20231","1":"product","2":"type-product","3":"status-publish","4":"has-post-thumbnail","6":"product_cat-gobelet","8":"first","9":"instock","10":"shipping-taxable","11":"product-type-simple"},"_links":{"self":[{"href":"https:\/\/www.cupssupplier.com\/fr\/wp-json\/wp\/v2\/product\/20231","targetHints":{"allow":["GET"]}}],"collection":[{"href":"https:\/\/www.cupssupplier.com\/fr\/wp-json\/wp\/v2\/product"}],"about":[{"href":"https:\/\/www.cupssupplier.com\/fr\/wp-json\/wp\/v2\/types\/product"}],"wp:featuredmedia":[{"embeddable":true,"href":"https:\/\/www.cupssupplier.com\/fr\/wp-json\/wp\/v2\/media\/10591"}],"wp:attachment":[{"href":"https:\/\/www.cupssupplier.com\/fr\/wp-json\/wp\/v2\/media?parent=20231"}],"wp:term":[{"taxonomy":"product_brand","embeddable":true,"href":"https:\/\/www.cupssupplier.com\/fr\/wp-json\/wp\/v2\/product_brand?post=20231"},{"taxonomy":"product_cat","embeddable":true,"href":"https:\/\/www.cupssupplier.com\/fr\/wp-json\/wp\/v2\/product_cat?post=20231"},{"taxonomy":"product_tag","embeddable":true,"href":"https:\/\/www.cupssupplier.com\/fr\/wp-json\/wp\/v2\/product_tag?post=20231"}],"curies":[{"name":"wp","href":"https:\/\/api.w.org\/{rel}","templated":true}]}}