{"id":20217,"date":"2025-01-12T21:04:21","date_gmt":"2025-01-13T02:04:21","guid":{"rendered":"https:\/\/www.cupssupplier.com\/product\/customized-thermal-water-bottle\/"},"modified":"2025-05-15T00:49:05","modified_gmt":"2025-05-15T04:49:05","slug":"customized-thermal-water-bottle","status":"publish","type":"product","link":"https:\/\/www.cupssupplier.com\/fr\/customized-thermal-water-bottle\/","title":{"rendered":"Gourde Isotherme Personnalis\u00e9e"},"content":{"rendered":"<p class=\"\" data-start=\"148\" data-end=\"205\"><strong data-start=\"148\" data-end=\"205\">Gourde Isotherme Personnalis\u00e9e\u00a0<\/strong><\/p>\n<p class=\"\" data-start=\"207\" data-end=\"400\">La gourde isotherme personnalis\u00e9e allie fonctionnalit\u00e9, durabilit\u00e9 et personnalisation, faisant d\u2019elle un choix de premier ordre pour l\u2019hydratation quotidienne ou les \u00e9v\u00e9nements promotionnels :<\/p>\n<ul data-start=\"402\" data-end=\"1195\">\n<li class=\"\" data-start=\"402\" data-end=\"535\">\n<p class=\"\" data-start=\"404\" data-end=\"535\"><strong data-start=\"404\" data-end=\"432\">Isolation Exceptionnelle<\/strong> : Double paroi isolante gardant les boissons chaudes jusqu&rsquo;\u00e0 12 heures ou froides jusqu&rsquo;\u00e0 24 heures.<\/p>\n<\/li>\n<li class=\"\" data-start=\"536\" data-end=\"683\">\n<p class=\"\" data-start=\"538\" data-end=\"683\"><strong data-start=\"538\" data-end=\"564\">Design Personnalisable<\/strong> : Ajoutez des logos, des noms ou des motifs uniques pour une touche personnelle ou une image de marque d&rsquo;entreprise.<\/p>\n<\/li>\n<li class=\"\" data-start=\"684\" data-end=\"806\">\n<p class=\"\" data-start=\"686\" data-end=\"806\"><strong data-start=\"686\" data-end=\"714\">Acier Inoxydable Durable<\/strong> : Fabriqu\u00e9e en acier inoxydable alimentaire sans BPA, garantissant s\u00e9curit\u00e9 et long\u00e9vit\u00e9.<\/p>\n<\/li>\n<li class=\"\" data-start=\"807\" data-end=\"924\">\n<p class=\"\" data-start=\"809\" data-end=\"924\"><strong data-start=\"809\" data-end=\"839\">\u00c9cologique et R\u00e9utilisable<\/strong> : R\u00e9duisez l\u2019usage de plastique jetable avec cette solution d\u2019hydratation durable.<\/p>\n<\/li>\n<li class=\"\" data-start=\"925\" data-end=\"1075\">\n<p class=\"\" data-start=\"927\" data-end=\"1075\"><strong data-start=\"927\" data-end=\"964\">\u00c9tanche et Pratique \u00e0 Transporter<\/strong> : Couvercle s\u00e9curis\u00e9 et design ergonomique, parfaits pour le travail, l\u2019\u00e9cole ou les aventures en plein air.<\/p>\n<\/li>\n<li class=\"\" data-start=\"1076\" data-end=\"1195\">\n<p class=\"\" data-start=\"1078\" data-end=\"1195\"><strong data-start=\"1078\" data-end=\"1103\">Styl\u00e9e et Polyvalente<\/strong> : Disponible en diff\u00e9rentes tailles, couleurs et finitions pour r\u00e9pondre \u00e0 vos pr\u00e9f\u00e9rences.<\/p>\n<\/li>\n<\/ul>\n<p class=\"\" data-start=\"1197\" data-end=\"1363\">Id\u00e9ale pour les entreprises, les \u00e9coles ou un usage personnel, cette gourde offre praticit\u00e9, style et personnalisation pour r\u00e9pondre \u00e0 tous vos besoins d\u2019hydratation.<\/p>\n<p><img loading=\"lazy\" decoding=\"async\" class=\"wp-image-2281 size-full aligncenter\" src=\"https:\/\/www.cupssupplier.com\/wp-content\/uploads\/2025\/01\/1-44.webp\" alt=\"customized thermal water bottle\" width=\"790\" height=\"3479\" srcset=\"https:\/\/www.cupssupplier.com\/wp-content\/uploads\/2025\/01\/1-44.webp 790w, https:\/\/www.cupssupplier.com\/wp-content\/uploads\/2025\/01\/1-44-68x300.webp 68w, https:\/\/www.cupssupplier.com\/wp-content\/uploads\/2025\/01\/1-44-768x3382.webp 768w, https:\/\/www.cupssupplier.com\/wp-content\/uploads\/2025\/01\/1-44-349x1536.webp 349w, https:\/\/www.cupssupplier.com\/wp-content\/uploads\/2025\/01\/1-44-465x2048.webp 465w, https:\/\/www.cupssupplier.com\/wp-content\/uploads\/2025\/01\/1-44-300x1321.webp 300w, https:\/\/www.cupssupplier.com\/wp-content\/uploads\/2025\/01\/1-44-600x2642.webp 600w\" sizes=\"auto, (max-width: 790px) 100vw, 790px\" title=\"\"><\/p>\n<p><img loading=\"lazy\" decoding=\"async\" class=\"wp-image-2282 size-full aligncenter\" src=\"https:\/\/www.cupssupplier.com\/wp-content\/uploads\/2025\/01\/2-57.webp\" alt=\"customized thermal water bottle\" width=\"790\" height=\"4776\" srcset=\"https:\/\/www.cupssupplier.com\/wp-content\/uploads\/2025\/01\/2-57.webp 790w, https:\/\/www.cupssupplier.com\/wp-content\/uploads\/2025\/01\/2-57-768x4643.webp 768w, https:\/\/www.cupssupplier.com\/wp-content\/uploads\/2025\/01\/2-57-254x1536.webp 254w, https:\/\/www.cupssupplier.com\/wp-content\/uploads\/2025\/01\/2-57-339x2048.webp 339w, https:\/\/www.cupssupplier.com\/wp-content\/uploads\/2025\/01\/2-57-300x1814.webp 300w, https:\/\/www.cupssupplier.com\/wp-content\/uploads\/2025\/01\/2-57-600x3627.webp 600w\" sizes=\"auto, (max-width: 790px) 100vw, 790px\" title=\"\"><\/p>\n","protected":false},"excerpt":{"rendered":"<p class=\"\" data-start=\"1365\" data-end=\"1693\"><strong data-start=\"1365\" data-end=\"1409\">Am\u00e9liorez votre exp\u00e9rience d\u2019hydratation<\/strong> avec la gourde isotherme personnalis\u00e9e. Con\u00e7ue pour offrir une isolation sup\u00e9rieure et une touche unique, elle garde vos boissons chaudes ou froides pendant des heures. Parfaite pour le branding, les cadeaux ou un usage personnel. Ajoutez votre logo ou design pour un mod\u00e8le unique !<\/p>\n<p class=\"\" data-start=\"1695\" data-end=\"1888\">\n","protected":false},"featured_media":10699,"template":"","meta":{"om_disable_all_campaigns":false},"product_brand":[],"product_cat":[283],"product_tag":[],"class_list":{"0":"post-20217","1":"product","2":"type-product","3":"status-publish","4":"has-post-thumbnail","6":"product_cat-gourde-en-acier-inoxydable","8":"first","9":"instock","10":"shipping-taxable","11":"product-type-simple"},"_links":{"self":[{"href":"https:\/\/www.cupssupplier.com\/fr\/wp-json\/wp\/v2\/product\/20217","targetHints":{"allow":["GET"]}}],"collection":[{"href":"https:\/\/www.cupssupplier.com\/fr\/wp-json\/wp\/v2\/product"}],"about":[{"href":"https:\/\/www.cupssupplier.com\/fr\/wp-json\/wp\/v2\/types\/product"}],"wp:featuredmedia":[{"embeddable":true,"href":"https:\/\/www.cupssupplier.com\/fr\/wp-json\/wp\/v2\/media\/10699"}],"wp:attachment":[{"href":"https:\/\/www.cupssupplier.com\/fr\/wp-json\/wp\/v2\/media?parent=20217"}],"wp:term":[{"taxonomy":"product_brand","embeddable":true,"href":"https:\/\/www.cupssupplier.com\/fr\/wp-json\/wp\/v2\/product_brand?post=20217"},{"taxonomy":"product_cat","embeddable":true,"href":"https:\/\/www.cupssupplier.com\/fr\/wp-json\/wp\/v2\/product_cat?post=20217"},{"taxonomy":"product_tag","embeddable":true,"href":"https:\/\/www.cupssupplier.com\/fr\/wp-json\/wp\/v2\/product_tag?post=20217"}],"curies":[{"name":"wp","href":"https:\/\/api.w.org\/{rel}","templated":true}]}}