{"id":20191,"date":"2025-01-13T22:25:35","date_gmt":"2025-01-14T03:25:35","guid":{"rendered":"https:\/\/www.cupssupplier.com\/product\/32-oz-stainless-steel-water-bottle\/"},"modified":"2025-05-14T23:50:56","modified_gmt":"2025-05-15T03:50:56","slug":"32-oz-stainless-steel-water-bottle","status":"publish","type":"product","link":"https:\/\/www.cupssupplier.com\/fr\/32-oz-stainless-steel-water-bottle\/","title":{"rendered":"Gourde Isotherme en Acier Inoxydable 32 oz"},"content":{"rendered":"<p class=\"\" data-start=\"150\" data-end=\"222\"><strong data-start=\"150\" data-end=\"222\">Gourde Isotherme en Acier Inoxydable 32 oz \u2013 \u00c9tanche et R\u00e9utilisable<\/strong><\/p>\n<p class=\"\" data-start=\"224\" data-end=\"386\">La bouteille d\u2019eau en acier inoxydable de 32 oz allie fonctionnalit\u00e9, durabilit\u00e9 et style, en faisant le compagnon d\u2019hydratation id\u00e9al pour toutes vos activit\u00e9s :<\/p>\n<ul data-start=\"388\" data-end=\"1043\">\n<li class=\"\" data-start=\"388\" data-end=\"503\">\n<p class=\"\" data-start=\"390\" data-end=\"503\"><strong data-start=\"390\" data-end=\"418\">Grande capacit\u00e9 de 32 oz<\/strong> : Id\u00e9ale pour rester hydrat\u00e9 toute la journ\u00e9e sans avoir \u00e0 la remplir fr\u00e9quemment.<\/p>\n<\/li>\n<li class=\"\" data-start=\"504\" data-end=\"613\">\n<p class=\"\" data-start=\"506\" data-end=\"613\"><strong data-start=\"506\" data-end=\"534\">Isolation \u00e0 double paroi<\/strong> : Garde les boissons froides jusqu\u2019\u00e0 24 heures ou chaudes jusqu\u2019\u00e0 12 heures.<\/p>\n<\/li>\n<li class=\"\" data-start=\"614\" data-end=\"731\">\n<p class=\"\" data-start=\"616\" data-end=\"731\"><strong data-start=\"616\" data-end=\"658\">Acier inoxydable de qualit\u00e9 sup\u00e9rieure<\/strong> : En acier alimentaire sans BPA, pour une utilisation s\u00fbre et durable.<\/p>\n<\/li>\n<li class=\"\" data-start=\"732\" data-end=\"831\">\n<p class=\"\" data-start=\"734\" data-end=\"831\"><strong data-start=\"734\" data-end=\"755\">Couvercle \u00e9tanche<\/strong> : \u00c9vite les fuites, parfait pour les voyages, les sacs de sport ou \u00e0 dos.<\/p>\n<\/li>\n<li class=\"\" data-start=\"832\" data-end=\"930\">\n<p class=\"\" data-start=\"834\" data-end=\"930\"><strong data-start=\"834\" data-end=\"864\">\u00c9cologique et r\u00e9utilisable<\/strong> : Une alternative durable aux bouteilles en plastique jetables.<\/p>\n<\/li>\n<li class=\"\" data-start=\"931\" data-end=\"1043\">\n<p class=\"\" data-start=\"933\" data-end=\"1043\"><strong data-start=\"933\" data-end=\"965\">Design moderne et polyvalent<\/strong> : Disponible en plusieurs couleurs et finitions pour s\u2019adapter \u00e0 votre style.<\/p>\n<\/li>\n<\/ul>\n<p class=\"\" data-start=\"1045\" data-end=\"1198\">Que ce soit pour le bureau, la salle de sport ou une aventure en plein air, cette bouteille de 32 oz vous assure performance et \u00e9l\u00e9gance \u00e0 chaque gorg\u00e9e.<\/p>\n<p class=\"\" data-start=\"1200\" data-end=\"1369\"><strong data-start=\"1200\" data-end=\"1369\">Restez hydrat\u00e9 toute la journ\u00e9e avec cette gourde isotherme de 32 oz. Durable, \u00e9cologique et \u00e9l\u00e9gante, elle garde vos boissons froides ou chaudes pendant des heures.<\/strong><\/p>\n<p class=\"\" data-start=\"1371\" data-end=\"1430\"><strong data-start=\"1371\" data-end=\"1430\">Gourde 32 oz \u2013 Achetez maintenant et buvez avec style !<\/strong><\/p>\n<p><img loading=\"lazy\" decoding=\"async\" class=\"aligncenter wp-image-2321 size-full\" src=\"https:\/\/www.cupssupplier.com\/wp-content\/uploads\/2025\/01\/2-63-e1736825109842.webp\" alt=\"32 oz stainless steel water bottle\" width=\"1000\" height=\"1767\" srcset=\"https:\/\/www.cupssupplier.com\/wp-content\/uploads\/2025\/01\/2-63-e1736825109842.webp 1000w, https:\/\/www.cupssupplier.com\/wp-content\/uploads\/2025\/01\/2-63-e1736825109842-170x300.webp 170w, https:\/\/www.cupssupplier.com\/wp-content\/uploads\/2025\/01\/2-63-e1736825109842-580x1024.webp 580w, https:\/\/www.cupssupplier.com\/wp-content\/uploads\/2025\/01\/2-63-e1736825109842-768x1357.webp 768w, https:\/\/www.cupssupplier.com\/wp-content\/uploads\/2025\/01\/2-63-e1736825109842-869x1536.webp 869w, https:\/\/www.cupssupplier.com\/wp-content\/uploads\/2025\/01\/2-63-e1736825109842-300x530.webp 300w, https:\/\/www.cupssupplier.com\/wp-content\/uploads\/2025\/01\/2-63-e1736825109842-600x1060.webp 600w\" sizes=\"auto, (max-width: 1000px) 100vw, 1000px\" title=\"\"><img loading=\"lazy\" decoding=\"async\" class=\"wp-image-2322 size-full aligncenter\" src=\"https:\/\/www.cupssupplier.com\/wp-content\/uploads\/2025\/01\/3-62-e1736824926236.webp\" alt=\"32 oz stainless steel water bottle\" width=\"1000\" height=\"1057\" srcset=\"https:\/\/www.cupssupplier.com\/wp-content\/uploads\/2025\/01\/3-62-e1736824926236.webp 1000w, https:\/\/www.cupssupplier.com\/wp-content\/uploads\/2025\/01\/3-62-e1736824926236-284x300.webp 284w, https:\/\/www.cupssupplier.com\/wp-content\/uploads\/2025\/01\/3-62-e1736824926236-969x1024.webp 969w, https:\/\/www.cupssupplier.com\/wp-content\/uploads\/2025\/01\/3-62-e1736824926236-768x812.webp 768w, https:\/\/www.cupssupplier.com\/wp-content\/uploads\/2025\/01\/3-62-e1736824926236-300x317.webp 300w, https:\/\/www.cupssupplier.com\/wp-content\/uploads\/2025\/01\/3-62-e1736824926236-600x634.webp 600w\" sizes=\"auto, (max-width: 1000px) 100vw, 1000px\" title=\"\"><img loading=\"lazy\" decoding=\"async\" class=\"aligncenter wp-image-2320 size-full\" src=\"https:\/\/www.cupssupplier.com\/wp-content\/uploads\/2025\/01\/4-55-e1736825029559.webp\" alt=\"32 oz stainless steel water bottle\" width=\"1000\" height=\"1470\" srcset=\"https:\/\/www.cupssupplier.com\/wp-content\/uploads\/2025\/01\/4-55-e1736825029559.webp 1000w, https:\/\/www.cupssupplier.com\/wp-content\/uploads\/2025\/01\/4-55-e1736825029559-204x300.webp 204w, https:\/\/www.cupssupplier.com\/wp-content\/uploads\/2025\/01\/4-55-e1736825029559-697x1024.webp 697w, https:\/\/www.cupssupplier.com\/wp-content\/uploads\/2025\/01\/4-55-e1736825029559-768x1129.webp 768w, https:\/\/www.cupssupplier.com\/wp-content\/uploads\/2025\/01\/4-55-e1736825029559-300x441.webp 300w, https:\/\/www.cupssupplier.com\/wp-content\/uploads\/2025\/01\/4-55-e1736825029559-600x882.webp 600w\" sizes=\"auto, (max-width: 1000px) 100vw, 1000px\" title=\"\"><\/p>\n","protected":false},"excerpt":{"rendered":"<p class=\"\" data-start=\"174\" data-end=\"529\">Restez hydrat\u00e9 toute la journ\u00e9e avec la bouteille d\u2019eau en acier inoxydable de 32 oz. Cette bouteille d\u2019eau isol\u00e9e et durable garde vos boissons fra\u00eeches pendant 24 heures ou chaudes pendant 12 heures. Parfaite pour le travail, la salle de sport ou les aventures en plein air, elle est \u00e9cologique, r\u00e9utilisable et con\u00e7ue pour une utilisation longue dur\u00e9e.<\/p>\n<p class=\"\" data-start=\"531\" data-end=\"602\">\n","protected":false},"featured_media":11185,"template":"","meta":{"om_disable_all_campaigns":false},"product_brand":[],"product_cat":[283],"product_tag":[],"class_list":{"0":"post-20191","1":"product","2":"type-product","3":"status-publish","4":"has-post-thumbnail","6":"product_cat-gourde-en-acier-inoxydable","8":"first","9":"instock","10":"shipping-taxable","11":"product-type-simple"},"_links":{"self":[{"href":"https:\/\/www.cupssupplier.com\/fr\/wp-json\/wp\/v2\/product\/20191","targetHints":{"allow":["GET"]}}],"collection":[{"href":"https:\/\/www.cupssupplier.com\/fr\/wp-json\/wp\/v2\/product"}],"about":[{"href":"https:\/\/www.cupssupplier.com\/fr\/wp-json\/wp\/v2\/types\/product"}],"wp:featuredmedia":[{"embeddable":true,"href":"https:\/\/www.cupssupplier.com\/fr\/wp-json\/wp\/v2\/media\/11185"}],"wp:attachment":[{"href":"https:\/\/www.cupssupplier.com\/fr\/wp-json\/wp\/v2\/media?parent=20191"}],"wp:term":[{"taxonomy":"product_brand","embeddable":true,"href":"https:\/\/www.cupssupplier.com\/fr\/wp-json\/wp\/v2\/product_brand?post=20191"},{"taxonomy":"product_cat","embeddable":true,"href":"https:\/\/www.cupssupplier.com\/fr\/wp-json\/wp\/v2\/product_cat?post=20191"},{"taxonomy":"product_tag","embeddable":true,"href":"https:\/\/www.cupssupplier.com\/fr\/wp-json\/wp\/v2\/product_tag?post=20191"}],"curies":[{"name":"wp","href":"https:\/\/api.w.org\/{rel}","templated":true}]}}