{"id":20178,"date":"2025-01-14T02:10:04","date_gmt":"2025-01-14T07:10:04","guid":{"rendered":"https:\/\/www.cupssupplier.com\/product\/personalized-stainless-steel-wine-tumbler\/"},"modified":"2025-05-14T23:16:22","modified_gmt":"2025-05-15T03:16:22","slug":"personalized-stainless-steel-wine-tumbler","status":"publish","type":"product","link":"https:\/\/www.cupssupplier.com\/fr\/personalized-stainless-steel-wine-tumbler\/","title":{"rendered":"Gobelet \u00e0 Vin Isotherme en Acier Inoxydable Personnalis\u00e9"},"content":{"rendered":"<p class=\"\" data-start=\"154\" data-end=\"235\"><strong data-start=\"154\" data-end=\"235\">Gobelet \u00e0 Vin Isotherme en Acier Inoxydable Personnalis\u00e9 \u2013 \u00c9l\u00e9gant &amp; Pratique<\/strong><\/p>\n<p class=\"\" data-start=\"237\" data-end=\"434\">Le Gobelet \u00e0 Vin Isotherme en Acier Inoxydable Personnalis\u00e9 allie \u00e9l\u00e9gance, durabilit\u00e9 et personnalisation, en faisant un incontournable pour les amateurs de vin et les organisateurs d\u2019\u00e9v\u00e9nements :<\/p>\n<ul data-start=\"436\" data-end=\"1209\">\n<li class=\"\" data-start=\"436\" data-end=\"559\">\n<p class=\"\" data-start=\"438\" data-end=\"559\"><strong data-start=\"438\" data-end=\"466\">Isolation \u00e0 Double Paroi<\/strong> : Garde le vin ou toute autre boisson froide jusqu\u2019\u00e0 12 heures ou chaude jusqu\u2019\u00e0 6 heures.<\/p>\n<\/li>\n<li class=\"\" data-start=\"560\" data-end=\"687\">\n<p class=\"\" data-start=\"562\" data-end=\"687\"><strong data-start=\"562\" data-end=\"590\">Acier Inoxydable Premium<\/strong> : Mat\u00e9riau sans BPA, de qualit\u00e9 alimentaire, pour une s\u00e9curit\u00e9 optimale et une allure moderne.<\/p>\n<\/li>\n<li class=\"\" data-start=\"688\" data-end=\"830\">\n<p class=\"\" data-start=\"690\" data-end=\"830\"><strong data-start=\"690\" data-end=\"716\">Design Personnalisable<\/strong> : Ajoutez un logo, un nom ou un motif unique \u2013 parfait pour les mariages, \u00e9v\u00e9nements professionnels ou cadeaux.<\/p>\n<\/li>\n<li class=\"\" data-start=\"831\" data-end=\"967\">\n<p class=\"\" data-start=\"833\" data-end=\"967\"><strong data-start=\"833\" data-end=\"858\">Portable &amp; Anti-Fuite<\/strong> : Format compact avec couvercle s\u00e9curis\u00e9, id\u00e9al pour les pique-niques, soir\u00e9es ou \u00e9v\u00e9nements en plein air.<\/p>\n<\/li>\n<li class=\"\" data-start=\"968\" data-end=\"1073\">\n<p class=\"\" data-start=\"970\" data-end=\"1073\"><strong data-start=\"970\" data-end=\"999\">\u00c9cologique &amp; R\u00e9utilisable<\/strong> : Alternative durable aux gobelets jetables, avec une grande long\u00e9vit\u00e9.<\/p>\n<\/li>\n<li class=\"\" data-start=\"1074\" data-end=\"1209\">\n<p class=\"\" data-start=\"1076\" data-end=\"1209\"><strong data-start=\"1076\" data-end=\"1100\">Polyvalent &amp; \u00c9l\u00e9gant<\/strong> : Convient au vin, cocktails, caf\u00e9 ou toute boisson, avec une finition raffin\u00e9e pour toutes les occasions.<\/p>\n<\/li>\n<\/ul>\n<p class=\"\" data-start=\"1211\" data-end=\"1382\">Que vous organisiez une f\u00eate, cr\u00e9iez des produits personnalis\u00e9s ou recherchiez le cadeau parfait, ce gobelet \u00e0 vin est la solution id\u00e9ale, alliant fonctionnalit\u00e9 et style.<\/p>\n<p>&nbsp;<\/p>\n<p><img loading=\"lazy\" decoding=\"async\" class=\"wp-image-2333 size-full\" src=\"https:\/\/www.cupssupplier.com\/wp-content\/uploads\/2025\/01\/3-64.webp\" alt=\"personalized stainless steel wine tumbler\" width=\"1442\" height=\"1500\" srcset=\"https:\/\/www.cupssupplier.com\/wp-content\/uploads\/2025\/01\/3-64.webp 1442w, https:\/\/www.cupssupplier.com\/wp-content\/uploads\/2025\/01\/3-64-288x300.webp 288w, https:\/\/www.cupssupplier.com\/wp-content\/uploads\/2025\/01\/3-64-984x1024.webp 984w, https:\/\/www.cupssupplier.com\/wp-content\/uploads\/2025\/01\/3-64-768x799.webp 768w, https:\/\/www.cupssupplier.com\/wp-content\/uploads\/2025\/01\/3-64-300x312.webp 300w, https:\/\/www.cupssupplier.com\/wp-content\/uploads\/2025\/01\/3-64-600x624.webp 600w\" sizes=\"auto, (max-width: 1442px) 100vw, 1442px\" title=\"\"><\/p>\n<p><img loading=\"lazy\" decoding=\"async\" class=\"wp-image-2334 \" src=\"https:\/\/www.cupssupplier.com\/wp-content\/uploads\/2025\/01\/4-57.webp\" alt=\"personalized stainless steel wine tumbler\" width=\"1359\" height=\"1767\" srcset=\"https:\/\/www.cupssupplier.com\/wp-content\/uploads\/2025\/01\/4-57.webp 1240w, https:\/\/www.cupssupplier.com\/wp-content\/uploads\/2025\/01\/4-57-231x300.webp 231w, https:\/\/www.cupssupplier.com\/wp-content\/uploads\/2025\/01\/4-57-788x1024.webp 788w, https:\/\/www.cupssupplier.com\/wp-content\/uploads\/2025\/01\/4-57-768x998.webp 768w, https:\/\/www.cupssupplier.com\/wp-content\/uploads\/2025\/01\/4-57-1182x1536.webp 1182w, https:\/\/www.cupssupplier.com\/wp-content\/uploads\/2025\/01\/4-57-300x390.webp 300w, https:\/\/www.cupssupplier.com\/wp-content\/uploads\/2025\/01\/4-57-600x780.webp 600w\" sizes=\"auto, (max-width: 1359px) 100vw, 1359px\" title=\"\"><\/p>\n<p><img loading=\"lazy\" decoding=\"async\" class=\"wp-image-2335 \" src=\"https:\/\/www.cupssupplier.com\/wp-content\/uploads\/2025\/01\/5-48.webp\" alt=\"personalized stainless steel wine tumbler\" width=\"1344\" height=\"1344\" srcset=\"https:\/\/www.cupssupplier.com\/wp-content\/uploads\/2025\/01\/5-48.webp 1200w, https:\/\/www.cupssupplier.com\/wp-content\/uploads\/2025\/01\/5-48-300x300.webp 300w, https:\/\/www.cupssupplier.com\/wp-content\/uploads\/2025\/01\/5-48-1024x1024.webp 1024w, https:\/\/www.cupssupplier.com\/wp-content\/uploads\/2025\/01\/5-48-150x150.webp 150w, https:\/\/www.cupssupplier.com\/wp-content\/uploads\/2025\/01\/5-48-768x768.webp 768w, https:\/\/www.cupssupplier.com\/wp-content\/uploads\/2025\/01\/5-48-600x600.webp 600w, https:\/\/www.cupssupplier.com\/wp-content\/uploads\/2025\/01\/5-48-100x100.webp 100w\" sizes=\"auto, (max-width: 1344px) 100vw, 1344px\" title=\"\"><\/p>\n<p><img loading=\"lazy\" decoding=\"async\" class=\"wp-image-2336 size-full\" src=\"https:\/\/www.cupssupplier.com\/wp-content\/uploads\/2025\/01\/6-39.webp\" alt=\"personalized stainless steel wine tumbler\" width=\"1351\" height=\"1500\" srcset=\"https:\/\/www.cupssupplier.com\/wp-content\/uploads\/2025\/01\/6-39.webp 1351w, https:\/\/www.cupssupplier.com\/wp-content\/uploads\/2025\/01\/6-39-270x300.webp 270w, https:\/\/www.cupssupplier.com\/wp-content\/uploads\/2025\/01\/6-39-922x1024.webp 922w, https:\/\/www.cupssupplier.com\/wp-content\/uploads\/2025\/01\/6-39-768x853.webp 768w, https:\/\/www.cupssupplier.com\/wp-content\/uploads\/2025\/01\/6-39-300x333.webp 300w, https:\/\/www.cupssupplier.com\/wp-content\/uploads\/2025\/01\/6-39-600x666.webp 600w\" sizes=\"auto, (max-width: 1351px) 100vw, 1351px\" title=\"\"><\/p>\n<p><img loading=\"lazy\" decoding=\"async\" class=\"wp-image-2337 \" src=\"https:\/\/www.cupssupplier.com\/wp-content\/uploads\/2025\/01\/7-7.webp\" alt=\"personalized stainless steel wine tumbler\" width=\"1382\" height=\"1382\" srcset=\"https:\/\/www.cupssupplier.com\/wp-content\/uploads\/2025\/01\/7-7.webp 1200w, https:\/\/www.cupssupplier.com\/wp-content\/uploads\/2025\/01\/7-7-300x300.webp 300w, https:\/\/www.cupssupplier.com\/wp-content\/uploads\/2025\/01\/7-7-1024x1024.webp 1024w, https:\/\/www.cupssupplier.com\/wp-content\/uploads\/2025\/01\/7-7-150x150.webp 150w, https:\/\/www.cupssupplier.com\/wp-content\/uploads\/2025\/01\/7-7-768x768.webp 768w, https:\/\/www.cupssupplier.com\/wp-content\/uploads\/2025\/01\/7-7-600x600.webp 600w, https:\/\/www.cupssupplier.com\/wp-content\/uploads\/2025\/01\/7-7-100x100.webp 100w\" sizes=\"auto, (max-width: 1382px) 100vw, 1382px\" title=\"\"><\/p>\n<p><img loading=\"lazy\" decoding=\"async\" class=\"wp-image-2338 \" src=\"https:\/\/www.cupssupplier.com\/wp-content\/uploads\/2025\/01\/8-4.webp\" alt=\"personalized stainless steel wine tumbler\" width=\"1334\" height=\"1334\" srcset=\"https:\/\/www.cupssupplier.com\/wp-content\/uploads\/2025\/01\/8-4.webp 1000w, https:\/\/www.cupssupplier.com\/wp-content\/uploads\/2025\/01\/8-4-300x300.webp 300w, https:\/\/www.cupssupplier.com\/wp-content\/uploads\/2025\/01\/8-4-150x150.webp 150w, https:\/\/www.cupssupplier.com\/wp-content\/uploads\/2025\/01\/8-4-768x768.webp 768w, https:\/\/www.cupssupplier.com\/wp-content\/uploads\/2025\/01\/8-4-600x600.webp 600w, https:\/\/www.cupssupplier.com\/wp-content\/uploads\/2025\/01\/8-4-100x100.webp 100w\" sizes=\"auto, (max-width: 1334px) 100vw, 1334px\" title=\"\"><\/p>\n","protected":false},"excerpt":{"rendered":"<p class=\"\" data-start=\"1384\" data-end=\"1621\"><strong data-start=\"1384\" data-end=\"1410\">Savourez avec \u00e9l\u00e9gance<\/strong> gr\u00e2ce \u00e0 ce gobelet \u00e0 vin isotherme. Conservez votre boisson \u00e0 la temp\u00e9rature parfaite et ajoutez une touche unique avec un design personnalis\u00e9. Id\u00e9al pour offrir, pour les \u00e9v\u00e9nements ou pour un usage personnel.<\/p>\n<p class=\"\" data-start=\"1623\" data-end=\"1690\">\n","protected":false},"featured_media":11473,"template":"","meta":{"om_disable_all_campaigns":false},"product_brand":[],"product_cat":[284],"product_tag":[],"class_list":{"0":"post-20178","1":"product","2":"type-product","3":"status-publish","4":"has-post-thumbnail","6":"product_cat-gobelet","8":"first","9":"instock","10":"shipping-taxable","11":"product-type-simple"},"_links":{"self":[{"href":"https:\/\/www.cupssupplier.com\/fr\/wp-json\/wp\/v2\/product\/20178","targetHints":{"allow":["GET"]}}],"collection":[{"href":"https:\/\/www.cupssupplier.com\/fr\/wp-json\/wp\/v2\/product"}],"about":[{"href":"https:\/\/www.cupssupplier.com\/fr\/wp-json\/wp\/v2\/types\/product"}],"wp:featuredmedia":[{"embeddable":true,"href":"https:\/\/www.cupssupplier.com\/fr\/wp-json\/wp\/v2\/media\/11473"}],"wp:attachment":[{"href":"https:\/\/www.cupssupplier.com\/fr\/wp-json\/wp\/v2\/media?parent=20178"}],"wp:term":[{"taxonomy":"product_brand","embeddable":true,"href":"https:\/\/www.cupssupplier.com\/fr\/wp-json\/wp\/v2\/product_brand?post=20178"},{"taxonomy":"product_cat","embeddable":true,"href":"https:\/\/www.cupssupplier.com\/fr\/wp-json\/wp\/v2\/product_cat?post=20178"},{"taxonomy":"product_tag","embeddable":true,"href":"https:\/\/www.cupssupplier.com\/fr\/wp-json\/wp\/v2\/product_tag?post=20178"}],"curies":[{"name":"wp","href":"https:\/\/api.w.org\/{rel}","templated":true}]}}