{"id":20165,"date":"2025-01-14T02:36:23","date_gmt":"2025-01-14T07:36:23","guid":{"rendered":"https:\/\/www.cupssupplier.com\/product\/bulk-personalized-coffee-tumblers\/"},"modified":"2025-05-13T03:11:43","modified_gmt":"2025-05-13T07:11:43","slug":"bulk-personalized-coffee-tumblers","status":"publish","type":"product","link":"https:\/\/www.cupssupplier.com\/fr\/bulk-personalized-coffee-tumblers\/","title":{"rendered":"Gobelets \u00e0 Caf\u00e9 Personnalis\u00e9s en Gros"},"content":{"rendered":"<h3 class=\"\" data-start=\"111\" data-end=\"192\"><strong data-start=\"120\" data-end=\"192\">Gobelets \u00e0 Caf\u00e9 Personnalis\u00e9s en Gros &#8211; Logo sur Mesure &amp; Isothermes<\/strong><\/h3>\n<p class=\"\" data-start=\"194\" data-end=\"366\">Les gobelets \u00e0 caf\u00e9 personnalis\u00e9s en gros r\u00e9pondent \u00e0 la fois aux besoins fonctionnels et esth\u00e9tiques, parfaits pour les entreprises, les \u00e9v\u00e9nements ou un usage personnel :<\/p>\n<ul data-start=\"368\" data-end=\"1174\">\n<li class=\"\" data-start=\"368\" data-end=\"498\">\n<p class=\"\" data-start=\"370\" data-end=\"498\"><strong data-start=\"370\" data-end=\"396\">Design Personnalisable<\/strong> : Ajoutez logos, pr\u00e9noms ou designs pour des cadeaux uniques ou une promotion de marque percutante.<\/p>\n<\/li>\n<li class=\"\" data-start=\"499\" data-end=\"644\">\n<p class=\"\" data-start=\"501\" data-end=\"644\"><strong data-start=\"501\" data-end=\"529\">Acier Inoxydable Durable<\/strong> : Fabriqu\u00e9s en acier inoxydable de qualit\u00e9 alimentaire sans BPA, pour une utilisation s\u00fbre, durable et \u00e9l\u00e9gante.<\/p>\n<\/li>\n<li class=\"\" data-start=\"645\" data-end=\"768\">\n<p class=\"\" data-start=\"647\" data-end=\"768\"><strong data-start=\"647\" data-end=\"675\">Isolation \u00e0 Double Paroi<\/strong> : Garde le caf\u00e9 chaud jusqu&rsquo;\u00e0 8 heures ou les boissons froides fra\u00eeches jusqu&rsquo;\u00e0 12 heures.<\/p>\n<\/li>\n<li class=\"\" data-start=\"769\" data-end=\"884\">\n<p class=\"\" data-start=\"771\" data-end=\"884\"><strong data-start=\"771\" data-end=\"802\">\u00c9cologiques &amp; R\u00e9utilisables<\/strong> : R\u00e9duisez les d\u00e9chets gr\u00e2ce \u00e0 ces alternatives durables aux gobelets jetables.<\/p>\n<\/li>\n<li class=\"\" data-start=\"885\" data-end=\"1029\">\n<p class=\"\" data-start=\"887\" data-end=\"1029\"><strong data-start=\"887\" data-end=\"920\">Commandes en Gros Disponibles<\/strong> : Id\u00e9al pour les \u00e9v\u00e9nements \u00e0 grande \u00e9chelle, le branding d\u2019entreprise ou la personnalisation en boutique.<\/p>\n<\/li>\n<li class=\"\" data-start=\"1030\" data-end=\"1174\">\n<p class=\"\" data-start=\"1032\" data-end=\"1174\"><strong data-start=\"1032\" data-end=\"1071\">\u00c9tanches &amp; Pratiques pour le Voyage<\/strong> : Dot\u00e9s d\u2019un couvercle s\u00e9curis\u00e9, parfaits pour le travail, les trajets quotidiens ou les d\u00e9placements.<\/p>\n<\/li>\n<\/ul>\n<p class=\"\" data-start=\"1176\" data-end=\"1354\">Que vous souhaitiez promouvoir votre marque, offrir un cadeau m\u00e9morable ou \u00e9quiper votre \u00e9quipe, les gobelets \u00e0 caf\u00e9 personnalis\u00e9s en gros sont une solution pratique et \u00e9l\u00e9gante.<\/p>\n<p><img loading=\"lazy\" decoding=\"async\" class=\"wp-image-2351 size-full aligncenter\" src=\"https:\/\/www.cupssupplier.com\/wp-content\/uploads\/2025\/01\/1-51.webp\" alt=\"bulk personalized coffee tumblers\" width=\"1000\" height=\"3951\" srcset=\"https:\/\/www.cupssupplier.com\/wp-content\/uploads\/2025\/01\/1-51.webp 1000w, https:\/\/www.cupssupplier.com\/wp-content\/uploads\/2025\/01\/1-51-76x300.webp 76w, https:\/\/www.cupssupplier.com\/wp-content\/uploads\/2025\/01\/1-51-259x1024.webp 259w, https:\/\/www.cupssupplier.com\/wp-content\/uploads\/2025\/01\/1-51-768x3034.webp 768w, https:\/\/www.cupssupplier.com\/wp-content\/uploads\/2025\/01\/1-51-389x1536.webp 389w, https:\/\/www.cupssupplier.com\/wp-content\/uploads\/2025\/01\/1-51-518x2048.webp 518w, https:\/\/www.cupssupplier.com\/wp-content\/uploads\/2025\/01\/1-51-300x1185.webp 300w, https:\/\/www.cupssupplier.com\/wp-content\/uploads\/2025\/01\/1-51-600x2371.webp 600w\" sizes=\"auto, (max-width: 1000px) 100vw, 1000px\" title=\"\"><img loading=\"lazy\" decoding=\"async\" class=\"wp-image-2352 size-full aligncenter\" src=\"https:\/\/www.cupssupplier.com\/wp-content\/uploads\/2025\/01\/2-67.webp\" alt=\"bulk personalized coffee tumblers\" width=\"1000\" height=\"4430\" srcset=\"https:\/\/www.cupssupplier.com\/wp-content\/uploads\/2025\/01\/2-67.webp 1000w, https:\/\/www.cupssupplier.com\/wp-content\/uploads\/2025\/01\/2-67-68x300.webp 68w, https:\/\/www.cupssupplier.com\/wp-content\/uploads\/2025\/01\/2-67-231x1024.webp 231w, https:\/\/www.cupssupplier.com\/wp-content\/uploads\/2025\/01\/2-67-768x3402.webp 768w, https:\/\/www.cupssupplier.com\/wp-content\/uploads\/2025\/01\/2-67-347x1536.webp 347w, https:\/\/www.cupssupplier.com\/wp-content\/uploads\/2025\/01\/2-67-462x2048.webp 462w, https:\/\/www.cupssupplier.com\/wp-content\/uploads\/2025\/01\/2-67-300x1329.webp 300w, https:\/\/www.cupssupplier.com\/wp-content\/uploads\/2025\/01\/2-67-600x2658.webp 600w\" sizes=\"auto, (max-width: 1000px) 100vw, 1000px\" title=\"\"><img loading=\"lazy\" decoding=\"async\" class=\"wp-image-2350 size-full aligncenter\" src=\"https:\/\/www.cupssupplier.com\/wp-content\/uploads\/2025\/01\/3-67.webp\" alt=\"bulk personalized coffee tumblers\" width=\"1000\" height=\"4430\" srcset=\"https:\/\/www.cupssupplier.com\/wp-content\/uploads\/2025\/01\/3-67.webp 1000w, https:\/\/www.cupssupplier.com\/wp-content\/uploads\/2025\/01\/3-67-68x300.webp 68w, https:\/\/www.cupssupplier.com\/wp-content\/uploads\/2025\/01\/3-67-231x1024.webp 231w, https:\/\/www.cupssupplier.com\/wp-content\/uploads\/2025\/01\/3-67-768x3402.webp 768w, https:\/\/www.cupssupplier.com\/wp-content\/uploads\/2025\/01\/3-67-347x1536.webp 347w, https:\/\/www.cupssupplier.com\/wp-content\/uploads\/2025\/01\/3-67-462x2048.webp 462w, https:\/\/www.cupssupplier.com\/wp-content\/uploads\/2025\/01\/3-67-300x1329.webp 300w, https:\/\/www.cupssupplier.com\/wp-content\/uploads\/2025\/01\/3-67-600x2658.webp 600w\" sizes=\"auto, (max-width: 1000px) 100vw, 1000px\" title=\"\"><\/p>\n","protected":false},"excerpt":{"rendered":"<p class=\"\" data-start=\"122\" data-end=\"549\">Parfaits pour les \u00e9v\u00e9nements d\u2019entreprise, les cadeaux promotionnels ou les occasions sp\u00e9ciales, ces gobelets peuvent \u00eatre personnalis\u00e9s avec votre logo ou design. Fabriqu\u00e9s en acier inoxydable isol\u00e9 et durable, ils gardent les boissons chaudes ou froides pendant des heures tout en offrant une solution \u00e9l\u00e9gante et \u00e9cologique.<\/p>\n<p class=\"\" data-start=\"551\" data-end=\"861\">\n","protected":false},"featured_media":11671,"template":"","meta":{"om_disable_all_campaigns":false},"product_brand":[],"product_cat":[284],"product_tag":[],"class_list":{"0":"post-20165","1":"product","2":"type-product","3":"status-publish","4":"has-post-thumbnail","6":"product_cat-gobelet","8":"first","9":"instock","10":"shipping-taxable","11":"product-type-simple"},"_links":{"self":[{"href":"https:\/\/www.cupssupplier.com\/fr\/wp-json\/wp\/v2\/product\/20165","targetHints":{"allow":["GET"]}}],"collection":[{"href":"https:\/\/www.cupssupplier.com\/fr\/wp-json\/wp\/v2\/product"}],"about":[{"href":"https:\/\/www.cupssupplier.com\/fr\/wp-json\/wp\/v2\/types\/product"}],"wp:featuredmedia":[{"embeddable":true,"href":"https:\/\/www.cupssupplier.com\/fr\/wp-json\/wp\/v2\/media\/11671"}],"wp:attachment":[{"href":"https:\/\/www.cupssupplier.com\/fr\/wp-json\/wp\/v2\/media?parent=20165"}],"wp:term":[{"taxonomy":"product_brand","embeddable":true,"href":"https:\/\/www.cupssupplier.com\/fr\/wp-json\/wp\/v2\/product_brand?post=20165"},{"taxonomy":"product_cat","embeddable":true,"href":"https:\/\/www.cupssupplier.com\/fr\/wp-json\/wp\/v2\/product_cat?post=20165"},{"taxonomy":"product_tag","embeddable":true,"href":"https:\/\/www.cupssupplier.com\/fr\/wp-json\/wp\/v2\/product_tag?post=20165"}],"curies":[{"name":"wp","href":"https:\/\/api.w.org\/{rel}","templated":true}]}}