{"id":20101,"date":"2025-01-17T10:01:11","date_gmt":"2025-01-17T15:01:11","guid":{"rendered":"https:\/\/www.cupssupplier.com\/product\/black-stainless-steel-water-bottle\/"},"modified":"2025-05-13T01:20:33","modified_gmt":"2025-05-13T05:20:33","slug":"black-stainless-steel-water-bottle","status":"publish","type":"product","link":"https:\/\/www.cupssupplier.com\/fr\/black-stainless-steel-water-bottle\/","title":{"rendered":"Gourde Noire en Acier Inoxydable"},"content":{"rendered":"<p class=\"\" data-start=\"131\" data-end=\"397\"><strong data-start=\"131\" data-end=\"188\">Gourde Noire en Acier Inoxydable &#8211; Isol\u00e9e et \u00c9l\u00e9gante<\/strong><\/p>\n<p class=\"\" data-start=\"399\" data-end=\"662\">La gourde noire en acier inoxydable est con\u00e7ue pour ceux qui appr\u00e9cient \u00e0 la fois le style et la performance. Parfaite pour un usage quotidien, les aventures en plein air ou comme cadeau, cette bouteille garantit que vos boissons restent \u00e0 la temp\u00e9rature id\u00e9ale :<\/p>\n<ul data-start=\"664\" data-end=\"1422\">\n<li class=\"\" data-start=\"664\" data-end=\"794\">\n<p class=\"\" data-start=\"666\" data-end=\"794\"><strong data-start=\"666\" data-end=\"708\">Acier Inoxydable de Qualit\u00e9 Sup\u00e9rieure<\/strong> : Fabriqu\u00e9e en acier inoxydable alimentaire sans BPA, elle est durable et r\u00e9sistante.<\/p>\n<\/li>\n<li class=\"\" data-start=\"795\" data-end=\"932\">\n<p class=\"\" data-start=\"797\" data-end=\"932\"><strong data-start=\"797\" data-end=\"818\">Isolation Avanc\u00e9e<\/strong> : L&rsquo;isolation \u00e0 double paroi sous vide garde les boissons froides jusqu&rsquo;\u00e0 24 heures ou chaudes jusqu&rsquo;\u00e0 12 heures.<\/p>\n<\/li>\n<li class=\"\" data-start=\"933\" data-end=\"1048\">\n<p class=\"\" data-start=\"935\" data-end=\"1048\"><strong data-start=\"935\" data-end=\"964\">Design \u00c9l\u00e9gant et Moderne<\/strong> : Sa finition noire lui conf\u00e8re un look sophistiqu\u00e9, adapt\u00e9 \u00e0 toutes les occasions.<\/p>\n<\/li>\n<li class=\"\" data-start=\"1049\" data-end=\"1161\">\n<p class=\"\" data-start=\"1051\" data-end=\"1161\"><strong data-start=\"1051\" data-end=\"1081\">\u00c9cologique et R\u00e9utilisable<\/strong> : Une alternative durable et sans d\u00e9chets aux bouteilles en plastique jetables.<\/p>\n<\/li>\n<li class=\"\" data-start=\"1162\" data-end=\"1330\">\n<p class=\"\" data-start=\"1164\" data-end=\"1330\"><strong data-start=\"1164\" data-end=\"1199\">\u00c9tanche et Facile \u00e0 Transporter<\/strong> : Dot\u00e9e d\u2019un bouchon anti-fuite et d\u2019un format portable, elle est id\u00e9ale pour les trajets, les activit\u00e9s de plein air et le sport.<\/p>\n<\/li>\n<li class=\"\" data-start=\"1331\" data-end=\"1422\">\n<p class=\"\" data-start=\"1333\" data-end=\"1422\"><strong data-start=\"1333\" data-end=\"1354\">Facile \u00e0 Nettoyer<\/strong> : Sa large ouverture permet un remplissage et un nettoyage rapides.<\/p>\n<\/li>\n<\/ul>\n<p class=\"\" data-start=\"1424\" data-end=\"1568\">La gourde noire en acier inoxydable est parfaite pour ceux qui veulent rester hydrat\u00e9s avec style tout en r\u00e9duisant leur impact environnemental.<\/p>\n<p><img loading=\"lazy\" decoding=\"async\" class=\"wp-image-2422 size-full aligncenter\" src=\"https:\/\/www.cupssupplier.com\/wp-content\/uploads\/2025\/01\/1-60.webp\" alt=\"black stainless steel water bottle\" width=\"1000\" height=\"1000\" srcset=\"https:\/\/www.cupssupplier.com\/wp-content\/uploads\/2025\/01\/1-60.webp 1000w, https:\/\/www.cupssupplier.com\/wp-content\/uploads\/2025\/01\/1-60-300x300.webp 300w, https:\/\/www.cupssupplier.com\/wp-content\/uploads\/2025\/01\/1-60-150x150.webp 150w, https:\/\/www.cupssupplier.com\/wp-content\/uploads\/2025\/01\/1-60-768x768.webp 768w, https:\/\/www.cupssupplier.com\/wp-content\/uploads\/2025\/01\/1-60-600x600.webp 600w, https:\/\/www.cupssupplier.com\/wp-content\/uploads\/2025\/01\/1-60-100x100.webp 100w\" sizes=\"auto, (max-width: 1000px) 100vw, 1000px\" title=\"\"><br \/>\n<img loading=\"lazy\" decoding=\"async\" class=\"wp-image-2425 size-full aligncenter\" src=\"https:\/\/www.cupssupplier.com\/wp-content\/uploads\/2025\/01\/4-69.webp\" alt=\"black stainless steel water bottle\" width=\"1000\" height=\"1000\" srcset=\"https:\/\/www.cupssupplier.com\/wp-content\/uploads\/2025\/01\/4-69.webp 1000w, https:\/\/www.cupssupplier.com\/wp-content\/uploads\/2025\/01\/4-69-300x300.webp 300w, https:\/\/www.cupssupplier.com\/wp-content\/uploads\/2025\/01\/4-69-150x150.webp 150w, https:\/\/www.cupssupplier.com\/wp-content\/uploads\/2025\/01\/4-69-768x768.webp 768w, https:\/\/www.cupssupplier.com\/wp-content\/uploads\/2025\/01\/4-69-600x600.webp 600w, https:\/\/www.cupssupplier.com\/wp-content\/uploads\/2025\/01\/4-69-100x100.webp 100w\" sizes=\"auto, (max-width: 1000px) 100vw, 1000px\" title=\"\"><img loading=\"lazy\" decoding=\"async\" class=\"wp-image-2424 size-full aligncenter\" src=\"https:\/\/www.cupssupplier.com\/wp-content\/uploads\/2025\/01\/3-79.webp\" alt=\"black stainless steel water bottle\" width=\"1000\" height=\"1000\" srcset=\"https:\/\/www.cupssupplier.com\/wp-content\/uploads\/2025\/01\/3-79.webp 1000w, https:\/\/www.cupssupplier.com\/wp-content\/uploads\/2025\/01\/3-79-300x300.webp 300w, https:\/\/www.cupssupplier.com\/wp-content\/uploads\/2025\/01\/3-79-150x150.webp 150w, https:\/\/www.cupssupplier.com\/wp-content\/uploads\/2025\/01\/3-79-768x768.webp 768w, https:\/\/www.cupssupplier.com\/wp-content\/uploads\/2025\/01\/3-79-600x600.webp 600w, https:\/\/www.cupssupplier.com\/wp-content\/uploads\/2025\/01\/3-79-100x100.webp 100w\" sizes=\"auto, (max-width: 1000px) 100vw, 1000px\" title=\"\"><br \/>\n<img loading=\"lazy\" decoding=\"async\" class=\"aligncenter wp-image-2428 \" src=\"https:\/\/www.cupssupplier.com\/wp-content\/uploads\/2025\/01\/2-78-e1737126262196.webp\" alt=\"black stainless steel water bottle\" width=\"1091\" height=\"1875\" srcset=\"https:\/\/www.cupssupplier.com\/wp-content\/uploads\/2025\/01\/2-78-e1737126262196.webp 900w, https:\/\/www.cupssupplier.com\/wp-content\/uploads\/2025\/01\/2-78-e1737126262196-175x300.webp 175w, https:\/\/www.cupssupplier.com\/wp-content\/uploads\/2025\/01\/2-78-e1737126262196-596x1024.webp 596w, https:\/\/www.cupssupplier.com\/wp-content\/uploads\/2025\/01\/2-78-e1737126262196-768x1319.webp 768w, https:\/\/www.cupssupplier.com\/wp-content\/uploads\/2025\/01\/2-78-e1737126262196-894x1536.webp 894w, https:\/\/www.cupssupplier.com\/wp-content\/uploads\/2025\/01\/2-78-e1737126262196-300x515.webp 300w, https:\/\/www.cupssupplier.com\/wp-content\/uploads\/2025\/01\/2-78-e1737126262196-600x1031.webp 600w\" sizes=\"auto, (max-width: 1091px) 100vw, 1091px\" title=\"\"><br \/>\n<img loading=\"lazy\" decoding=\"async\" class=\"aligncenter wp-image-2429 \" src=\"https:\/\/www.cupssupplier.com\/wp-content\/uploads\/2025\/01\/3-80.webp\" alt=\"black stainless steel water bottle\" width=\"1042\" height=\"1763\" srcset=\"https:\/\/www.cupssupplier.com\/wp-content\/uploads\/2025\/01\/3-80.webp 900w, https:\/\/www.cupssupplier.com\/wp-content\/uploads\/2025\/01\/3-80-177x300.webp 177w, https:\/\/www.cupssupplier.com\/wp-content\/uploads\/2025\/01\/3-80-605x1024.webp 605w, https:\/\/www.cupssupplier.com\/wp-content\/uploads\/2025\/01\/3-80-768x1300.webp 768w, https:\/\/www.cupssupplier.com\/wp-content\/uploads\/2025\/01\/3-80-300x508.webp 300w, https:\/\/www.cupssupplier.com\/wp-content\/uploads\/2025\/01\/3-80-600x1015.webp 600w\" sizes=\"auto, (max-width: 1042px) 100vw, 1042px\" title=\"\"><img loading=\"lazy\" decoding=\"async\" class=\"wp-image-2430 aligncenter\" src=\"https:\/\/www.cupssupplier.com\/wp-content\/uploads\/2025\/01\/4-70-e1737126365694.webp\" alt=\"black stainless steel water bottle\" width=\"995\" height=\"1882\" srcset=\"https:\/\/www.cupssupplier.com\/wp-content\/uploads\/2025\/01\/4-70-e1737126365694.webp 900w, https:\/\/www.cupssupplier.com\/wp-content\/uploads\/2025\/01\/4-70-e1737126365694-159x300.webp 159w, https:\/\/www.cupssupplier.com\/wp-content\/uploads\/2025\/01\/4-70-e1737126365694-541x1024.webp 541w, https:\/\/www.cupssupplier.com\/wp-content\/uploads\/2025\/01\/4-70-e1737126365694-768x1452.webp 768w, https:\/\/www.cupssupplier.com\/wp-content\/uploads\/2025\/01\/4-70-e1737126365694-812x1536.webp 812w, https:\/\/www.cupssupplier.com\/wp-content\/uploads\/2025\/01\/4-70-e1737126365694-300x567.webp 300w, https:\/\/www.cupssupplier.com\/wp-content\/uploads\/2025\/01\/4-70-e1737126365694-600x1135.webp 600w\" sizes=\"auto, (max-width: 995px) 100vw, 995px\" title=\"\"><\/p>\n","protected":false},"excerpt":{"rendered":"<p class=\"\" data-start=\"413\" data-end=\"786\">La gourde noire en acier inoxydable allie design \u00e9l\u00e9gant et fonctionnalit\u00e9 optimale. Fabriqu\u00e9e en acier inoxydable durable et sans BPA, elle garde vos boissons froides jusqu&rsquo;\u00e0 24 heures ou chaudes jusqu&rsquo;\u00e0 12 heures. Que vous soyez \u00e0 la salle de sport, en d\u00e9placement ou au travail, cette gourde styl\u00e9e et respectueuse de l\u2019environnement est votre alli\u00e9e hydratation id\u00e9ale.<\/p>\n","protected":false},"featured_media":12787,"template":"","meta":{"om_disable_all_campaigns":false},"product_brand":[],"product_cat":[283],"product_tag":[],"class_list":{"0":"post-20101","1":"product","2":"type-product","3":"status-publish","4":"has-post-thumbnail","6":"product_cat-gourde-en-acier-inoxydable","8":"first","9":"instock","10":"shipping-taxable","11":"product-type-simple"},"_links":{"self":[{"href":"https:\/\/www.cupssupplier.com\/fr\/wp-json\/wp\/v2\/product\/20101","targetHints":{"allow":["GET"]}}],"collection":[{"href":"https:\/\/www.cupssupplier.com\/fr\/wp-json\/wp\/v2\/product"}],"about":[{"href":"https:\/\/www.cupssupplier.com\/fr\/wp-json\/wp\/v2\/types\/product"}],"wp:featuredmedia":[{"embeddable":true,"href":"https:\/\/www.cupssupplier.com\/fr\/wp-json\/wp\/v2\/media\/12787"}],"wp:attachment":[{"href":"https:\/\/www.cupssupplier.com\/fr\/wp-json\/wp\/v2\/media?parent=20101"}],"wp:term":[{"taxonomy":"product_brand","embeddable":true,"href":"https:\/\/www.cupssupplier.com\/fr\/wp-json\/wp\/v2\/product_brand?post=20101"},{"taxonomy":"product_cat","embeddable":true,"href":"https:\/\/www.cupssupplier.com\/fr\/wp-json\/wp\/v2\/product_cat?post=20101"},{"taxonomy":"product_tag","embeddable":true,"href":"https:\/\/www.cupssupplier.com\/fr\/wp-json\/wp\/v2\/product_tag?post=20101"}],"curies":[{"name":"wp","href":"https:\/\/api.w.org\/{rel}","templated":true}]}}