{"id":20088,"date":"2025-01-17T10:16:53","date_gmt":"2025-01-17T15:16:53","guid":{"rendered":"https:\/\/www.cupssupplier.com\/product\/matte-black-stainless-steel-water-bottle\/"},"modified":"2025-05-13T00:52:48","modified_gmt":"2025-05-13T04:52:48","slug":"matte-black-stainless-steel-water-bottle","status":"publish","type":"product","link":"https:\/\/www.cupssupplier.com\/fr\/matte-black-stainless-steel-water-bottle\/","title":{"rendered":"Bouteille d\u2019eau en acier inoxydable noir mat"},"content":{"rendered":"<p class=\"\" data-start=\"137\" data-end=\"208\"><strong data-start=\"137\" data-end=\"208\">Bouteille d\u2019eau en acier inoxydable noir mat \u2013 Isol\u00e9e et \u00c9cologique<\/strong><\/p>\n<p class=\"\" data-start=\"210\" data-end=\"447\">La bouteille d\u2019eau en acier inoxydable noir mat est con\u00e7ue pour ceux qui recherchent \u00e0 la fois praticit\u00e9 et style. Que vous alliez \u00e0 la salle de sport, au travail ou en randonn\u00e9e, cette bouteille est votre compagnon d\u2019hydratation id\u00e9al :<\/p>\n<ul data-start=\"449\" data-end=\"1246\">\n<li class=\"\" data-start=\"449\" data-end=\"587\">\n<p class=\"\" data-start=\"451\" data-end=\"587\"><strong data-start=\"451\" data-end=\"488\">Finition noire mate haut de gamme<\/strong> : Un ext\u00e9rieur noir mat sophistiqu\u00e9 qui ajoute une touche moderne et \u00e9l\u00e9gante \u00e0 votre quotidien.<\/p>\n<\/li>\n<li class=\"\" data-start=\"588\" data-end=\"737\">\n<p class=\"\" data-start=\"590\" data-end=\"737\"><strong data-start=\"590\" data-end=\"621\">Isolation haute performance<\/strong> : L\u2019isolation \u00e0 double paroi sous vide garde vos boissons froides jusqu\u2019\u00e0 24 heures ou chaudes jusqu\u2019\u00e0 12 heures.<\/p>\n<\/li>\n<li class=\"\" data-start=\"738\" data-end=\"894\">\n<p class=\"\" data-start=\"740\" data-end=\"894\"><strong data-start=\"740\" data-end=\"768\">Acier inoxydable durable<\/strong> : Fabriqu\u00e9e en acier inoxydable alimentaire sans BPA, cette bouteille est s\u00fbre, r\u00e9sistante aux odeurs et con\u00e7ue pour durer.<\/p>\n<\/li>\n<li class=\"\" data-start=\"895\" data-end=\"1007\">\n<p class=\"\" data-start=\"897\" data-end=\"1007\"><strong data-start=\"897\" data-end=\"927\">\u00c9cologique et r\u00e9utilisable<\/strong> : Un choix durable pour r\u00e9duire les d\u00e9chets plastiques tout en restant styl\u00e9.<\/p>\n<\/li>\n<li class=\"\" data-start=\"1008\" data-end=\"1127\">\n<p class=\"\" data-start=\"1010\" data-end=\"1127\"><strong data-start=\"1010\" data-end=\"1035\">Conception anti-fuite<\/strong> : Couvercle \u00e9tanche, parfait pour les voyages, les trajets ou les aventures en plein air.<\/p>\n<\/li>\n<li class=\"\" data-start=\"1128\" data-end=\"1246\">\n<p class=\"\" data-start=\"1130\" data-end=\"1246\"><strong data-start=\"1130\" data-end=\"1154\">Facile \u00e0 transporter<\/strong> : L\u00e9g\u00e8re et portable, elle se glisse facilement dans un sac ou un porte-gobelet de voiture.<\/p>\n<\/li>\n<\/ul>\n<p class=\"\" data-start=\"1248\" data-end=\"1387\">La bouteille en acier inoxydable noir mat combine parfaitement style, durabilit\u00e9 et performance pour vous garder hydrat\u00e9 o\u00f9 que vous soyez.<\/p>\n<p>&nbsp;<\/p>\n<p><img loading=\"lazy\" decoding=\"async\" class=\"wp-image-2435 size-full aligncenter\" src=\"https:\/\/www.cupssupplier.com\/wp-content\/uploads\/2025\/01\/1-61.webp\" alt=\"matte black stainless steel water bottle\" width=\"960\" height=\"960\" srcset=\"https:\/\/www.cupssupplier.com\/wp-content\/uploads\/2025\/01\/1-61.webp 960w, https:\/\/www.cupssupplier.com\/wp-content\/uploads\/2025\/01\/1-61-300x300.webp 300w, https:\/\/www.cupssupplier.com\/wp-content\/uploads\/2025\/01\/1-61-150x150.webp 150w, https:\/\/www.cupssupplier.com\/wp-content\/uploads\/2025\/01\/1-61-768x768.webp 768w, https:\/\/www.cupssupplier.com\/wp-content\/uploads\/2025\/01\/1-61-600x600.webp 600w, https:\/\/www.cupssupplier.com\/wp-content\/uploads\/2025\/01\/1-61-100x100.webp 100w\" sizes=\"auto, (max-width: 960px) 100vw, 960px\" title=\"\"><\/p>\n<p><img loading=\"lazy\" decoding=\"async\" class=\"aligncenter wp-image-2438 size-full\" src=\"https:\/\/www.cupssupplier.com\/wp-content\/uploads\/2025\/01\/4-71.webp\" alt=\"matte black stainless steel water bottle\" width=\"960\" height=\"960\" srcset=\"https:\/\/www.cupssupplier.com\/wp-content\/uploads\/2025\/01\/4-71.webp 960w, https:\/\/www.cupssupplier.com\/wp-content\/uploads\/2025\/01\/4-71-300x300.webp 300w, https:\/\/www.cupssupplier.com\/wp-content\/uploads\/2025\/01\/4-71-150x150.webp 150w, https:\/\/www.cupssupplier.com\/wp-content\/uploads\/2025\/01\/4-71-768x768.webp 768w, https:\/\/www.cupssupplier.com\/wp-content\/uploads\/2025\/01\/4-71-600x600.webp 600w, https:\/\/www.cupssupplier.com\/wp-content\/uploads\/2025\/01\/4-71-100x100.webp 100w\" sizes=\"auto, (max-width: 960px) 100vw, 960px\" title=\"\"><\/p>\n<p><img loading=\"lazy\" decoding=\"async\" class=\"wp-image-2437 size-full aligncenter\" src=\"https:\/\/www.cupssupplier.com\/wp-content\/uploads\/2025\/01\/3-81.webp\" alt=\"matte black stainless steel water bottle\" width=\"960\" height=\"960\" srcset=\"https:\/\/www.cupssupplier.com\/wp-content\/uploads\/2025\/01\/3-81.webp 960w, https:\/\/www.cupssupplier.com\/wp-content\/uploads\/2025\/01\/3-81-300x300.webp 300w, https:\/\/www.cupssupplier.com\/wp-content\/uploads\/2025\/01\/3-81-150x150.webp 150w, https:\/\/www.cupssupplier.com\/wp-content\/uploads\/2025\/01\/3-81-768x768.webp 768w, https:\/\/www.cupssupplier.com\/wp-content\/uploads\/2025\/01\/3-81-600x600.webp 600w, https:\/\/www.cupssupplier.com\/wp-content\/uploads\/2025\/01\/3-81-100x100.webp 100w\" sizes=\"auto, (max-width: 960px) 100vw, 960px\" title=\"\"><\/p>\n<p><img loading=\"lazy\" decoding=\"async\" class=\"aligncenter wp-image-2436 size-large\" src=\"https:\/\/www.cupssupplier.com\/wp-content\/uploads\/2025\/01\/2-79-1024x1024.webp\" alt=\"matte black stainless steel water bottle\" width=\"1024\" height=\"1024\" srcset=\"https:\/\/www.cupssupplier.com\/wp-content\/uploads\/2025\/01\/2-79-1024x1024.webp 1024w, https:\/\/www.cupssupplier.com\/wp-content\/uploads\/2025\/01\/2-79-300x300.webp 300w, https:\/\/www.cupssupplier.com\/wp-content\/uploads\/2025\/01\/2-79-150x150.webp 150w, https:\/\/www.cupssupplier.com\/wp-content\/uploads\/2025\/01\/2-79-768x768.webp 768w, https:\/\/www.cupssupplier.com\/wp-content\/uploads\/2025\/01\/2-79-600x600.webp 600w, https:\/\/www.cupssupplier.com\/wp-content\/uploads\/2025\/01\/2-79-100x100.webp 100w, https:\/\/www.cupssupplier.com\/wp-content\/uploads\/2025\/01\/2-79.webp 1200w\" sizes=\"auto, (max-width: 1024px) 100vw, 1024px\" title=\"\"><\/p>\n<p><img loading=\"lazy\" decoding=\"async\" class=\"aligncenter wp-image-2439 size-full\" src=\"https:\/\/www.cupssupplier.com\/wp-content\/uploads\/2025\/01\/5-58.webp\" alt=\"matte black stainless steel water bottle\" width=\"960\" height=\"960\" srcset=\"https:\/\/www.cupssupplier.com\/wp-content\/uploads\/2025\/01\/5-58.webp 960w, https:\/\/www.cupssupplier.com\/wp-content\/uploads\/2025\/01\/5-58-300x300.webp 300w, https:\/\/www.cupssupplier.com\/wp-content\/uploads\/2025\/01\/5-58-150x150.webp 150w, https:\/\/www.cupssupplier.com\/wp-content\/uploads\/2025\/01\/5-58-768x768.webp 768w, https:\/\/www.cupssupplier.com\/wp-content\/uploads\/2025\/01\/5-58-600x600.webp 600w, https:\/\/www.cupssupplier.com\/wp-content\/uploads\/2025\/01\/5-58-100x100.webp 100w\" sizes=\"auto, (max-width: 960px) 100vw, 960px\" title=\"\"><\/p>\n<p><img loading=\"lazy\" decoding=\"async\" class=\"aligncenter wp-image-2440 size-large\" src=\"https:\/\/www.cupssupplier.com\/wp-content\/uploads\/2025\/01\/6-47-1024x895.webp\" alt=\"matte black stainless steel water bottle\" width=\"1024\" height=\"895\" srcset=\"https:\/\/www.cupssupplier.com\/wp-content\/uploads\/2025\/01\/6-47-1024x895.webp 1024w, https:\/\/www.cupssupplier.com\/wp-content\/uploads\/2025\/01\/6-47-300x262.webp 300w, https:\/\/www.cupssupplier.com\/wp-content\/uploads\/2025\/01\/6-47-768x671.webp 768w, https:\/\/www.cupssupplier.com\/wp-content\/uploads\/2025\/01\/6-47-600x525.webp 600w, https:\/\/www.cupssupplier.com\/wp-content\/uploads\/2025\/01\/6-47.webp 1200w\" sizes=\"auto, (max-width: 1024px) 100vw, 1024px\" title=\"\"><\/p>\n","protected":false},"excerpt":{"rendered":"<p class=\"\" data-start=\"89\" data-end=\"556\">La bouteille d&rsquo;eau en acier inoxydable noir mat allie un design moderne et \u00e9l\u00e9gant \u00e0 une fonctionnalit\u00e9 exceptionnelle. Fabriqu\u00e9e en acier inoxydable de haute qualit\u00e9, cette bouteille isotherme garde vos boissons froides jusqu&rsquo;\u00e0 24 heures ou chaudes jusqu&rsquo;\u00e0 12 heures. Son fini noir mat la rend \u00e0 la fois durable, \u00e9cologique et styl\u00e9e \u2013 id\u00e9ale pour rester hydrat\u00e9 tout au long de la journ\u00e9e.<\/p>\n<p class=\"\" data-start=\"560\" data-end=\"804\">\n","protected":false},"featured_media":12949,"template":"","meta":{"om_disable_all_campaigns":false},"product_brand":[],"product_cat":[283],"product_tag":[],"class_list":{"0":"post-20088","1":"product","2":"type-product","3":"status-publish","4":"has-post-thumbnail","6":"product_cat-gourde-en-acier-inoxydable","8":"first","9":"instock","10":"shipping-taxable","11":"product-type-simple"},"_links":{"self":[{"href":"https:\/\/www.cupssupplier.com\/fr\/wp-json\/wp\/v2\/product\/20088","targetHints":{"allow":["GET"]}}],"collection":[{"href":"https:\/\/www.cupssupplier.com\/fr\/wp-json\/wp\/v2\/product"}],"about":[{"href":"https:\/\/www.cupssupplier.com\/fr\/wp-json\/wp\/v2\/types\/product"}],"wp:featuredmedia":[{"embeddable":true,"href":"https:\/\/www.cupssupplier.com\/fr\/wp-json\/wp\/v2\/media\/12949"}],"wp:attachment":[{"href":"https:\/\/www.cupssupplier.com\/fr\/wp-json\/wp\/v2\/media?parent=20088"}],"wp:term":[{"taxonomy":"product_brand","embeddable":true,"href":"https:\/\/www.cupssupplier.com\/fr\/wp-json\/wp\/v2\/product_brand?post=20088"},{"taxonomy":"product_cat","embeddable":true,"href":"https:\/\/www.cupssupplier.com\/fr\/wp-json\/wp\/v2\/product_cat?post=20088"},{"taxonomy":"product_tag","embeddable":true,"href":"https:\/\/www.cupssupplier.com\/fr\/wp-json\/wp\/v2\/product_tag?post=20088"}],"curies":[{"name":"wp","href":"https:\/\/api.w.org\/{rel}","templated":true}]}}