{"id":20008,"date":"2025-02-10T03:18:50","date_gmt":"2025-02-10T08:18:50","guid":{"rendered":"https:\/\/www.cupssupplier.com\/product\/stainless-steel-insulated-water-bottle\/"},"modified":"2025-05-09T02:50:14","modified_gmt":"2025-05-09T06:50:14","slug":"stainless-steel-insulated-water-bottle","status":"publish","type":"product","link":"https:\/\/www.cupssupplier.com\/fr\/stainless-steel-insulated-water-bottle\/","title":{"rendered":"Bouteille Isotherme en Acier Inoxydable en Gros"},"content":{"rendered":"<p class=\"\" data-start=\"139\" data-end=\"190\"><strong data-start=\"139\" data-end=\"190\">Bouteille Isotherme en Acier Inoxydable en Gros<\/strong><\/p>\n<p class=\"\" data-start=\"192\" data-end=\"369\">Am\u00e9liorez votre exp\u00e9rience d\u2019hydratation avec la Bouteille Isotherme en Acier Inoxydable \u2013 un parfait m\u00e9lange de durabilit\u00e9, de fonctionnalit\u00e9 et de respect de l\u2019environnement :<\/p>\n<ul data-start=\"371\" data-end=\"1203\">\n<li class=\"\" data-start=\"371\" data-end=\"508\">\n<p class=\"\" data-start=\"373\" data-end=\"508\"><strong data-start=\"373\" data-end=\"404\">R\u00e9tention Thermique Avanc\u00e9e<\/strong> : L\u2019isolation sous vide \u00e0 double paroi garde vos boissons \u00e0 la temp\u00e9rature id\u00e9ale pendant des heures.<\/p>\n<\/li>\n<li class=\"\" data-start=\"509\" data-end=\"639\">\n<p class=\"\" data-start=\"511\" data-end=\"639\"><strong data-start=\"511\" data-end=\"539\">Acier Inoxydable Premium<\/strong> : Fabriqu\u00e9e en acier inoxydable de haute qualit\u00e9, sans BPA, pour une hydratation s\u00fbre et durable.<\/p>\n<\/li>\n<li class=\"\" data-start=\"640\" data-end=\"793\">\n<p class=\"\" data-start=\"642\" data-end=\"793\"><strong data-start=\"642\" data-end=\"674\">\u00c9tanche et Sans Condensation<\/strong> : Con\u00e7ue avec un couvercle s\u00e9curis\u00e9 et anti-fuite, et une surface sans condensation pour une utilisation sans souci.<\/p>\n<\/li>\n<li class=\"\" data-start=\"794\" data-end=\"941\">\n<p class=\"\" data-start=\"796\" data-end=\"941\"><strong data-start=\"796\" data-end=\"826\">\u00c9cologique et R\u00e9utilisable<\/strong> : Une alternative durable aux bouteilles en plastique \u00e0 usage unique, pour r\u00e9duire votre impact environnemental.<\/p>\n<\/li>\n<li class=\"\" data-start=\"942\" data-end=\"1071\">\n<p class=\"\" data-start=\"944\" data-end=\"1071\"><strong data-start=\"944\" data-end=\"977\">Design Ergonomique et \u00c9l\u00e9gant<\/strong> : Un look moderne et \u00e9pur\u00e9, d\u00e9clin\u00e9 en plusieurs couleurs et tailles selon vos pr\u00e9f\u00e9rences.<\/p>\n<\/li>\n<li class=\"\" data-start=\"1072\" data-end=\"1203\">\n<p class=\"\" data-start=\"1074\" data-end=\"1203\"><strong data-start=\"1074\" data-end=\"1101\">Polyvalente et Portable<\/strong> : Id\u00e9ale pour les voyages, la salle de sport, le bureau, la randonn\u00e9e ou une hydratation quotidienne.<\/p>\n<\/li>\n<\/ul>\n<p class=\"\" data-start=\"1205\" data-end=\"1366\">Que vous ayez besoin d\u2019un caf\u00e9 bien chaud par une matin\u00e9e froide ou d\u2019une boisson glac\u00e9e apr\u00e8s l&rsquo;entra\u00eenement, cette bouteille isotherme est votre alli\u00e9e id\u00e9ale.<\/p>\n<p><img loading=\"lazy\" decoding=\"async\" class=\"aligncenter wp-image-2553 size-full\" src=\"https:\/\/www.cupssupplier.com\/wp-content\/uploads\/2025\/02\/2-5-e1739175405217.webp\" alt=\"stainless steel insulated water bottle\" width=\"900\" height=\"3058\" srcset=\"https:\/\/www.cupssupplier.com\/wp-content\/uploads\/2025\/02\/2-5-e1739175405217.webp 900w, https:\/\/www.cupssupplier.com\/wp-content\/uploads\/2025\/02\/2-5-e1739175405217-88x300.webp 88w, https:\/\/www.cupssupplier.com\/wp-content\/uploads\/2025\/02\/2-5-e1739175405217-301x1024.webp 301w, https:\/\/www.cupssupplier.com\/wp-content\/uploads\/2025\/02\/2-5-e1739175405217-768x2609.webp 768w, https:\/\/www.cupssupplier.com\/wp-content\/uploads\/2025\/02\/2-5-e1739175405217-452x1536.webp 452w, https:\/\/www.cupssupplier.com\/wp-content\/uploads\/2025\/02\/2-5-e1739175405217-603x2048.webp 603w, https:\/\/www.cupssupplier.com\/wp-content\/uploads\/2025\/02\/2-5-e1739175405217-300x1019.webp 300w, https:\/\/www.cupssupplier.com\/wp-content\/uploads\/2025\/02\/2-5-e1739175405217-600x2039.webp 600w\" sizes=\"auto, (max-width: 900px) 100vw, 900px\" title=\"\"><\/p>\n<p><img loading=\"lazy\" decoding=\"async\" class=\"aligncenter wp-image-2554 size-full\" src=\"https:\/\/www.cupssupplier.com\/wp-content\/uploads\/2025\/02\/3-5-e1739175451941.webp\" alt=\"stainless steel insulated water bottle\" width=\"900\" height=\"1870\" srcset=\"https:\/\/www.cupssupplier.com\/wp-content\/uploads\/2025\/02\/3-5-e1739175451941.webp 900w, https:\/\/www.cupssupplier.com\/wp-content\/uploads\/2025\/02\/3-5-e1739175451941-144x300.webp 144w, https:\/\/www.cupssupplier.com\/wp-content\/uploads\/2025\/02\/3-5-e1739175451941-493x1024.webp 493w, https:\/\/www.cupssupplier.com\/wp-content\/uploads\/2025\/02\/3-5-e1739175451941-768x1596.webp 768w, https:\/\/www.cupssupplier.com\/wp-content\/uploads\/2025\/02\/3-5-e1739175451941-739x1536.webp 739w, https:\/\/www.cupssupplier.com\/wp-content\/uploads\/2025\/02\/3-5-e1739175451941-300x623.webp 300w, https:\/\/www.cupssupplier.com\/wp-content\/uploads\/2025\/02\/3-5-e1739175451941-600x1247.webp 600w\" sizes=\"auto, (max-width: 900px) 100vw, 900px\" title=\"\"><\/p>\n<p><img loading=\"lazy\" decoding=\"async\" class=\"aligncenter wp-image-2552 size-full\" src=\"https:\/\/www.cupssupplier.com\/wp-content\/uploads\/2025\/02\/4-3-e1739175493836.webp\" alt=\"stainless steel insulated water bottle\" width=\"900\" height=\"1522\" srcset=\"https:\/\/www.cupssupplier.com\/wp-content\/uploads\/2025\/02\/4-3-e1739175493836.webp 900w, https:\/\/www.cupssupplier.com\/wp-content\/uploads\/2025\/02\/4-3-e1739175493836-177x300.webp 177w, https:\/\/www.cupssupplier.com\/wp-content\/uploads\/2025\/02\/4-3-e1739175493836-606x1024.webp 606w, https:\/\/www.cupssupplier.com\/wp-content\/uploads\/2025\/02\/4-3-e1739175493836-768x1299.webp 768w, https:\/\/www.cupssupplier.com\/wp-content\/uploads\/2025\/02\/4-3-e1739175493836-300x507.webp 300w, https:\/\/www.cupssupplier.com\/wp-content\/uploads\/2025\/02\/4-3-e1739175493836-600x1015.webp 600w\" sizes=\"auto, (max-width: 900px) 100vw, 900px\" title=\"\"><\/p>\n","protected":false},"excerpt":{"rendered":"<p class=\"\" data-start=\"1368\" data-end=\"1696\">Con\u00e7ue pour une r\u00e9tention thermique optimale, elle garde vos boissons froides jusqu\u2019\u00e0 24 heures et chaudes jusqu\u2019\u00e0 12 heures. Robuste, sans BPA et respectueuse de l\u2019environnement, elle vous accompagne partout \u2013 travail, sport, voyages, aventures en plein air. Restez hydrat\u00e9 avec style tout en r\u00e9duisant vos d\u00e9chets plastiques !<\/p>\n<p class=\"\" data-start=\"1698\" data-end=\"1960\">\n","protected":false},"featured_media":14101,"template":"","meta":{"om_disable_all_campaigns":false},"product_brand":[],"product_cat":[283],"product_tag":[],"class_list":{"0":"post-20008","1":"product","2":"type-product","3":"status-publish","4":"has-post-thumbnail","6":"product_cat-gourde-en-acier-inoxydable","8":"first","9":"instock","10":"shipping-taxable","11":"product-type-simple"},"_links":{"self":[{"href":"https:\/\/www.cupssupplier.com\/fr\/wp-json\/wp\/v2\/product\/20008","targetHints":{"allow":["GET"]}}],"collection":[{"href":"https:\/\/www.cupssupplier.com\/fr\/wp-json\/wp\/v2\/product"}],"about":[{"href":"https:\/\/www.cupssupplier.com\/fr\/wp-json\/wp\/v2\/types\/product"}],"wp:featuredmedia":[{"embeddable":true,"href":"https:\/\/www.cupssupplier.com\/fr\/wp-json\/wp\/v2\/media\/14101"}],"wp:attachment":[{"href":"https:\/\/www.cupssupplier.com\/fr\/wp-json\/wp\/v2\/media?parent=20008"}],"wp:term":[{"taxonomy":"product_brand","embeddable":true,"href":"https:\/\/www.cupssupplier.com\/fr\/wp-json\/wp\/v2\/product_brand?post=20008"},{"taxonomy":"product_cat","embeddable":true,"href":"https:\/\/www.cupssupplier.com\/fr\/wp-json\/wp\/v2\/product_cat?post=20008"},{"taxonomy":"product_tag","embeddable":true,"href":"https:\/\/www.cupssupplier.com\/fr\/wp-json\/wp\/v2\/product_tag?post=20008"}],"curies":[{"name":"wp","href":"https:\/\/api.w.org\/{rel}","templated":true}]}}