{"id":19996,"date":"2025-02-10T03:47:45","date_gmt":"2025-02-10T08:47:45","guid":{"rendered":"https:\/\/www.cupssupplier.com\/product\/magsafe-water-bottle\/"},"modified":"2025-05-09T02:31:24","modified_gmt":"2025-05-09T06:31:24","slug":"magsafe-water-bottle","status":"publish","type":"product","link":"https:\/\/www.cupssupplier.com\/fr\/magsafe-water-bottle\/","title":{"rendered":"Bouteille d&rsquo;eau MagSafe"},"content":{"rendered":"<p class=\"\" data-start=\"115\" data-end=\"179\"><strong data-start=\"115\" data-end=\"179\">Bouteille d&rsquo;eau MagSafe \u2013 Acier inoxydable, Isol\u00e9e &amp; \u00c9tanche<\/strong><\/p>\n<p class=\"\" data-start=\"181\" data-end=\"309\">Am\u00e9liorez votre hydratation avec la Bouteille d\u2019eau MagSafe, une fusion de technologie intelligente et de design haut de gamme :<\/p>\n<p><strong data-start=\"311\" data-end=\"338\">Compatibilit\u00e9 MagSafe :<\/strong> Con\u00e7ue pour se fixer solidement aux accessoires MagSafe pour une commodit\u00e9 optimale.<br data-start=\"423\" data-end=\"426\" \/><strong data-start=\"426\" data-end=\"449\">Isolation Avanc\u00e9e :<\/strong> Double paroi sous vide maintenant les boissons froides jusqu\u2019\u00e0 24 heures et chaudes jusqu\u2019\u00e0 12 heures.<br data-start=\"552\" data-end=\"555\" \/><strong data-start=\"555\" data-end=\"588\">Acier Inoxydable de Qualit\u00e9 :<\/strong> Fabriqu\u00e9e en acier inoxydable sans BPA, pour une exp\u00e9rience saine et durable.<br data-start=\"666\" data-end=\"669\" \/><strong data-start=\"669\" data-end=\"702\">\u00c9tanche &amp; Sans Condensation :<\/strong> Couvercle anti-fuite et ext\u00e9rieur sans condensation.<br data-start=\"755\" data-end=\"758\" \/><strong data-start=\"758\" data-end=\"793\">Design Ergonomique et \u00c9l\u00e9gant :<\/strong> Moderne, confortable \u00e0 tenir, disponible en plusieurs coloris.<br data-start=\"856\" data-end=\"859\" \/><strong data-start=\"859\" data-end=\"890\">\u00c9cologique &amp; R\u00e9utilisable :<\/strong> Une alternative durable aux bouteilles en plastique jetables.<br data-start=\"952\" data-end=\"955\" \/><strong data-start=\"955\" data-end=\"984\">Parfaite en D\u00e9placement :<\/strong> Id\u00e9ale pour les voyages, le travail, la salle de sport ou un usage quotidien.<\/p>\n<p class=\"\" data-start=\"1064\" data-end=\"1170\">La Bouteille MagSafe allie style et fonctionnalit\u00e9 pour une hydratation sans effort partout o\u00f9 vous allez.<\/p>\n<p class=\"\" data-start=\"1172\" data-end=\"1376\"><strong data-start=\"1172\" data-end=\"1206\">Options d&rsquo;impression de logo :<\/strong><br data-start=\"1206\" data-end=\"1209\" \/>a. S\u00e9rigraphie b. Gravure laser c. Impression 3D\/4D\/5D d. Transfert thermique e. Impression UV f. Gaufrage g. Impression par transfert de peinture h. Transfert par eau<\/p>\n<p class=\"\" data-start=\"1378\" data-end=\"1460\"><strong data-start=\"1378\" data-end=\"1406\">Traitements de surface :<\/strong><br data-start=\"1406\" data-end=\"1409\" \/>a. Pulv\u00e9risation b. Rev\u00eatement en poudre c. D\u00e9grad\u00e9<\/p>\n<p class=\"\" data-start=\"1462\" data-end=\"1644\"><strong data-start=\"1462\" data-end=\"1477\">Avantages :<\/strong><br data-start=\"1477\" data-end=\"1480\" \/>a. Sans BPA ni phtalates, respectueuse de l\u2019environnement<br data-start=\"1537\" data-end=\"1540\" \/>b. MOQ faible et personnalisations accept\u00e9es<br data-start=\"1584\" data-end=\"1587\" \/>c. Excellente capacit\u00e9 de design et nouveaut\u00e9s fr\u00e9quentes<\/p>\n<p data-start=\"1462\" data-end=\"1644\">D\u00e9couvrez la Bouteille MagSafe \u2013 l\u2019alliance parfaite entre innovation et hydratation premium. Adoptez un mode de vie moderne et responsable.<\/p>\n<p><img loading=\"lazy\" decoding=\"async\" class=\"aligncenter wp-image-2568 size-full\" src=\"https:\/\/www.cupssupplier.com\/wp-content\/uploads\/2025\/02\/2-7.webp\" alt=\"magsafe water bottle\" width=\"750\" height=\"2327\" srcset=\"https:\/\/www.cupssupplier.com\/wp-content\/uploads\/2025\/02\/2-7.webp 750w, https:\/\/www.cupssupplier.com\/wp-content\/uploads\/2025\/02\/2-7-97x300.webp 97w, https:\/\/www.cupssupplier.com\/wp-content\/uploads\/2025\/02\/2-7-330x1024.webp 330w, https:\/\/www.cupssupplier.com\/wp-content\/uploads\/2025\/02\/2-7-495x1536.webp 495w, https:\/\/www.cupssupplier.com\/wp-content\/uploads\/2025\/02\/2-7-660x2048.webp 660w, https:\/\/www.cupssupplier.com\/wp-content\/uploads\/2025\/02\/2-7-300x931.webp 300w, https:\/\/www.cupssupplier.com\/wp-content\/uploads\/2025\/02\/2-7-600x1862.webp 600w\" sizes=\"auto, (max-width: 750px) 100vw, 750px\" title=\"\"><\/p>\n<p><img loading=\"lazy\" decoding=\"async\" class=\"wp-image-2569 size-full aligncenter\" src=\"https:\/\/www.cupssupplier.com\/wp-content\/uploads\/2025\/02\/3-8-e1739176775495.webp\" alt=\"magsafe water bottle\" width=\"750\" height=\"2166\" srcset=\"https:\/\/www.cupssupplier.com\/wp-content\/uploads\/2025\/02\/3-8-e1739176775495.webp 750w, https:\/\/www.cupssupplier.com\/wp-content\/uploads\/2025\/02\/3-8-e1739176775495-104x300.webp 104w, https:\/\/www.cupssupplier.com\/wp-content\/uploads\/2025\/02\/3-8-e1739176775495-355x1024.webp 355w, https:\/\/www.cupssupplier.com\/wp-content\/uploads\/2025\/02\/3-8-e1739176775495-532x1536.webp 532w, https:\/\/www.cupssupplier.com\/wp-content\/uploads\/2025\/02\/3-8-e1739176775495-709x2048.webp 709w, https:\/\/www.cupssupplier.com\/wp-content\/uploads\/2025\/02\/3-8-e1739176775495-300x866.webp 300w, https:\/\/www.cupssupplier.com\/wp-content\/uploads\/2025\/02\/3-8-e1739176775495-600x1733.webp 600w\" sizes=\"auto, (max-width: 750px) 100vw, 750px\" title=\"\"><\/p>\n<p><img loading=\"lazy\" decoding=\"async\" class=\"wp-image-2570 size-full aligncenter\" src=\"https:\/\/www.cupssupplier.com\/wp-content\/uploads\/2025\/02\/4-6-e1739176871836.webp\" alt=\"magsafe water bottle\" width=\"750\" height=\"787\" srcset=\"https:\/\/www.cupssupplier.com\/wp-content\/uploads\/2025\/02\/4-6-e1739176871836.webp 750w, https:\/\/www.cupssupplier.com\/wp-content\/uploads\/2025\/02\/4-6-e1739176871836-286x300.webp 286w, https:\/\/www.cupssupplier.com\/wp-content\/uploads\/2025\/02\/4-6-e1739176871836-300x315.webp 300w, https:\/\/www.cupssupplier.com\/wp-content\/uploads\/2025\/02\/4-6-e1739176871836-600x630.webp 600w\" sizes=\"auto, (max-width: 750px) 100vw, 750px\" title=\"\"><\/p>\n<p><img loading=\"lazy\" decoding=\"async\" class=\"wp-image-2571 size-full aligncenter\" src=\"https:\/\/www.cupssupplier.com\/wp-content\/uploads\/2025\/02\/5-5-e1739177026513.webp\" alt=\"magsafe water bottle\" width=\"750\" height=\"1760\" srcset=\"https:\/\/www.cupssupplier.com\/wp-content\/uploads\/2025\/02\/5-5-e1739177026513.webp 750w, https:\/\/www.cupssupplier.com\/wp-content\/uploads\/2025\/02\/5-5-e1739177026513-128x300.webp 128w, https:\/\/www.cupssupplier.com\/wp-content\/uploads\/2025\/02\/5-5-e1739177026513-436x1024.webp 436w, https:\/\/www.cupssupplier.com\/wp-content\/uploads\/2025\/02\/5-5-e1739177026513-655x1536.webp 655w, https:\/\/www.cupssupplier.com\/wp-content\/uploads\/2025\/02\/5-5-e1739177026513-300x704.webp 300w, https:\/\/www.cupssupplier.com\/wp-content\/uploads\/2025\/02\/5-5-e1739177026513-600x1408.webp 600w\" sizes=\"auto, (max-width: 750px) 100vw, 750px\" title=\"\"><\/p>\n<p>&nbsp;<\/p>\n","protected":false},"excerpt":{"rendered":"<p class=\"\" data-start=\"71\" data-end=\"586\">La bouteille d\u2019eau MagSafe associe commodit\u00e9 technologique et hydratation premium. Gr\u00e2ce \u00e0 sa compatibilit\u00e9 MagSafe, cette bouteille innovante en acier inoxydable se fixe solidement aux accessoires MagSafe tout en offrant une excellente isolation thermique, gardant vos boissons chaudes ou froides pendant des heures. Parfaite pour les adeptes de technologie \u00e0 la recherche d\u2019une solution d\u2019hydratation \u00e9l\u00e9gante, \u00e9tanche et portable.<\/p>\n<p class=\"\" data-start=\"588\" data-end=\"891\">\n","protected":false},"featured_media":14425,"template":"","meta":{"om_disable_all_campaigns":false},"product_brand":[],"product_cat":[283],"product_tag":[],"class_list":{"0":"post-19996","1":"product","2":"type-product","3":"status-publish","4":"has-post-thumbnail","6":"product_cat-gourde-en-acier-inoxydable","8":"first","9":"instock","10":"shipping-taxable","11":"product-type-simple"},"_links":{"self":[{"href":"https:\/\/www.cupssupplier.com\/fr\/wp-json\/wp\/v2\/product\/19996","targetHints":{"allow":["GET"]}}],"collection":[{"href":"https:\/\/www.cupssupplier.com\/fr\/wp-json\/wp\/v2\/product"}],"about":[{"href":"https:\/\/www.cupssupplier.com\/fr\/wp-json\/wp\/v2\/types\/product"}],"wp:featuredmedia":[{"embeddable":true,"href":"https:\/\/www.cupssupplier.com\/fr\/wp-json\/wp\/v2\/media\/14425"}],"wp:attachment":[{"href":"https:\/\/www.cupssupplier.com\/fr\/wp-json\/wp\/v2\/media?parent=19996"}],"wp:term":[{"taxonomy":"product_brand","embeddable":true,"href":"https:\/\/www.cupssupplier.com\/fr\/wp-json\/wp\/v2\/product_brand?post=19996"},{"taxonomy":"product_cat","embeddable":true,"href":"https:\/\/www.cupssupplier.com\/fr\/wp-json\/wp\/v2\/product_cat?post=19996"},{"taxonomy":"product_tag","embeddable":true,"href":"https:\/\/www.cupssupplier.com\/fr\/wp-json\/wp\/v2\/product_tag?post=19996"}],"curies":[{"name":"wp","href":"https:\/\/api.w.org\/{rel}","templated":true}]}}