{"id":19967,"date":"2025-02-11T02:51:56","date_gmt":"2025-02-11T07:51:56","guid":{"rendered":"https:\/\/www.cupssupplier.com\/product\/insulated-sports-water-bottle\/"},"modified":"2025-05-07T22:26:21","modified_gmt":"2025-05-08T02:26:21","slug":"insulated-sports-water-bottle","status":"publish","type":"product","link":"https:\/\/www.cupssupplier.com\/fr\/insulated-sports-water-bottle\/","title":{"rendered":"Gourde Isotherme de Sport"},"content":{"rendered":"<p class=\"\" data-start=\"125\" data-end=\"436\"><strong data-start=\"125\" data-end=\"187\">Gourde Isotherme de Sport \u2013 \u00c9tanche et en Acier Inoxydable<\/strong><br data-start=\"187\" data-end=\"190\" \/>Restez hydrat\u00e9 avec la gourde isotherme de sport ! En acier inoxydable, \u00e9tanche, et garde les boissons fra\u00eeches pendant 24 heures. Parfaite pour les entra\u00eenements, les voyages et les aventures en plein air. Procurez-vous la v\u00f4tre d\u00e8s maintenant !<\/p>\n<p class=\"\" data-start=\"438\" data-end=\"549\"><strong data-start=\"438\" data-end=\"549\">Am\u00e9liorez votre hydratation avec la Gourde Isotherme de Sport, con\u00e7ue pour la performance et la praticit\u00e9 :<\/strong><\/p>\n<ul data-start=\"551\" data-end=\"1218\">\n<li class=\"\" data-start=\"551\" data-end=\"666\">\n<p class=\"\" data-start=\"553\" data-end=\"666\"><strong data-start=\"553\" data-end=\"587\">Isolation double paroi avanc\u00e9e<\/strong> : Garde vos boissons froides jusqu\u2019\u00e0 24 heures et chaudes jusqu\u2019\u00e0 12 heures.<\/p>\n<\/li>\n<li class=\"\" data-start=\"667\" data-end=\"791\">\n<p class=\"\" data-start=\"669\" data-end=\"791\"><strong data-start=\"669\" data-end=\"703\">Acier inoxydable haut de gamme<\/strong> : Fabriqu\u00e9e en acier inoxydable sans BPA pour une durabilit\u00e9 maximale et un go\u00fbt pur.<\/p>\n<\/li>\n<li class=\"\" data-start=\"792\" data-end=\"943\">\n<p class=\"\" data-start=\"794\" data-end=\"943\"><strong data-start=\"794\" data-end=\"826\">\u00c9tanche et sans condensation<\/strong> : Couvercle s\u00e9curis\u00e9 emp\u00eachant les fuites, avec un ext\u00e9rieur sans condensation pour une prise en main confortable.<\/p>\n<\/li>\n<li class=\"\" data-start=\"944\" data-end=\"1082\">\n<p class=\"\" data-start=\"946\" data-end=\"1082\"><strong data-start=\"946\" data-end=\"973\">Ergonomique et portable<\/strong> : L\u00e9g\u00e8re et facile \u00e0 transporter, id\u00e9ale pour la salle de sport, la randonn\u00e9e, le cyclisme ou les voyages.<\/p>\n<\/li>\n<li class=\"\" data-start=\"1083\" data-end=\"1218\">\n<p class=\"\" data-start=\"1085\" data-end=\"1218\"><strong data-start=\"1085\" data-end=\"1115\">\u00c9cologique et r\u00e9utilisable<\/strong> : Une alternative durable aux bouteilles en plastique jetables, pour un impact environnemental r\u00e9duit.<\/p>\n<\/li>\n<\/ul>\n<p><img loading=\"lazy\" decoding=\"async\" class=\"wp-image-2602 size-full aligncenter\" src=\"https:\/\/www.cupssupplier.com\/wp-content\/uploads\/2025\/02\/2-11-e1739260136221.webp\" alt=\"insulated sports water bottle\" width=\"900\" height=\"3103\" srcset=\"https:\/\/www.cupssupplier.com\/wp-content\/uploads\/2025\/02\/2-11-e1739260136221.webp 900w, https:\/\/www.cupssupplier.com\/wp-content\/uploads\/2025\/02\/2-11-e1739260136221-87x300.webp 87w, https:\/\/www.cupssupplier.com\/wp-content\/uploads\/2025\/02\/2-11-e1739260136221-297x1024.webp 297w, https:\/\/www.cupssupplier.com\/wp-content\/uploads\/2025\/02\/2-11-e1739260136221-768x2648.webp 768w, https:\/\/www.cupssupplier.com\/wp-content\/uploads\/2025\/02\/2-11-e1739260136221-594x2048.webp 594w, https:\/\/www.cupssupplier.com\/wp-content\/uploads\/2025\/02\/2-11-e1739260136221-300x1034.webp 300w, https:\/\/www.cupssupplier.com\/wp-content\/uploads\/2025\/02\/2-11-e1739260136221-600x2069.webp 600w\" sizes=\"auto, (max-width: 900px) 100vw, 900px\" title=\"\"><\/p>\n<p><img loading=\"lazy\" decoding=\"async\" class=\"wp-image-2603 size-full aligncenter\" src=\"https:\/\/www.cupssupplier.com\/wp-content\/uploads\/2025\/02\/3-12-e1739260226651.webp\" alt=\"insulated sports water bottle\" width=\"900\" height=\"1552\" srcset=\"https:\/\/www.cupssupplier.com\/wp-content\/uploads\/2025\/02\/3-12-e1739260226651.webp 900w, https:\/\/www.cupssupplier.com\/wp-content\/uploads\/2025\/02\/3-12-e1739260226651-174x300.webp 174w, https:\/\/www.cupssupplier.com\/wp-content\/uploads\/2025\/02\/3-12-e1739260226651-594x1024.webp 594w, https:\/\/www.cupssupplier.com\/wp-content\/uploads\/2025\/02\/3-12-e1739260226651-768x1324.webp 768w, https:\/\/www.cupssupplier.com\/wp-content\/uploads\/2025\/02\/3-12-e1739260226651-891x1536.webp 891w, https:\/\/www.cupssupplier.com\/wp-content\/uploads\/2025\/02\/3-12-e1739260226651-300x517.webp 300w, https:\/\/www.cupssupplier.com\/wp-content\/uploads\/2025\/02\/3-12-e1739260226651-600x1035.webp 600w\" sizes=\"auto, (max-width: 900px) 100vw, 900px\" title=\"\"><\/p>\n<p><img loading=\"lazy\" decoding=\"async\" class=\"wp-image-2604 size-full aligncenter\" src=\"https:\/\/www.cupssupplier.com\/wp-content\/uploads\/2025\/02\/4-10-e1739260282569.webp\" alt=\"insulated sports water bottle\" width=\"900\" height=\"1670\" srcset=\"https:\/\/www.cupssupplier.com\/wp-content\/uploads\/2025\/02\/4-10-e1739260282569.webp 900w, https:\/\/www.cupssupplier.com\/wp-content\/uploads\/2025\/02\/4-10-e1739260282569-162x300.webp 162w, https:\/\/www.cupssupplier.com\/wp-content\/uploads\/2025\/02\/4-10-e1739260282569-552x1024.webp 552w, https:\/\/www.cupssupplier.com\/wp-content\/uploads\/2025\/02\/4-10-e1739260282569-768x1425.webp 768w, https:\/\/www.cupssupplier.com\/wp-content\/uploads\/2025\/02\/4-10-e1739260282569-828x1536.webp 828w, https:\/\/www.cupssupplier.com\/wp-content\/uploads\/2025\/02\/4-10-e1739260282569-300x557.webp 300w, https:\/\/www.cupssupplier.com\/wp-content\/uploads\/2025\/02\/4-10-e1739260282569-600x1113.webp 600w\" sizes=\"auto, (max-width: 900px) 100vw, 900px\" title=\"\"><\/p>\n<p class=\"\" data-start=\"1220\" data-end=\"1437\">Que vous soyez \u00e0 la salle, sur les sentiers ou en d\u00e9placement, la gourde isotherme de sport vous garde hydrat\u00e9 et pr\u00eat \u00e0 relever tous les d\u00e9fis. Commandez d\u00e8s maintenant et passez \u00e0 un niveau sup\u00e9rieur d\u2019hydratation !<\/p>\n","protected":false},"excerpt":{"rendered":"<p class=\"\" data-start=\"91\" data-end=\"623\">Con\u00e7ue pour les athl\u00e8tes et les personnes actives, cette bouteille haut de gamme en acier inoxydable dispose d\u2019une isolation \u00e0 double paroi pour garder vos boissons froides jusqu\u2019\u00e0 24 heures ou chaudes jusqu\u2019\u00e0 12 heures. Durable, \u00e9tanche et facile \u00e0 transporter, elle est id\u00e9ale pour les entra\u00eenements, les aventures en plein air et une utilisation quotidienne. Commandez la v\u00f4tre d\u00e8s aujourd\u2019hui et restez rafra\u00eechi partout o\u00f9 vous allez !<\/p>\n<p class=\"\" data-start=\"625\" data-end=\"936\">\n","protected":false},"featured_media":14821,"template":"","meta":{"om_disable_all_campaigns":false},"product_brand":[],"product_cat":[283],"product_tag":[],"class_list":{"0":"post-19967","1":"product","2":"type-product","3":"status-publish","4":"has-post-thumbnail","6":"product_cat-gourde-en-acier-inoxydable","8":"first","9":"instock","10":"shipping-taxable","11":"product-type-simple"},"_links":{"self":[{"href":"https:\/\/www.cupssupplier.com\/fr\/wp-json\/wp\/v2\/product\/19967","targetHints":{"allow":["GET"]}}],"collection":[{"href":"https:\/\/www.cupssupplier.com\/fr\/wp-json\/wp\/v2\/product"}],"about":[{"href":"https:\/\/www.cupssupplier.com\/fr\/wp-json\/wp\/v2\/types\/product"}],"wp:featuredmedia":[{"embeddable":true,"href":"https:\/\/www.cupssupplier.com\/fr\/wp-json\/wp\/v2\/media\/14821"}],"wp:attachment":[{"href":"https:\/\/www.cupssupplier.com\/fr\/wp-json\/wp\/v2\/media?parent=19967"}],"wp:term":[{"taxonomy":"product_brand","embeddable":true,"href":"https:\/\/www.cupssupplier.com\/fr\/wp-json\/wp\/v2\/product_brand?post=19967"},{"taxonomy":"product_cat","embeddable":true,"href":"https:\/\/www.cupssupplier.com\/fr\/wp-json\/wp\/v2\/product_cat?post=19967"},{"taxonomy":"product_tag","embeddable":true,"href":"https:\/\/www.cupssupplier.com\/fr\/wp-json\/wp\/v2\/product_tag?post=19967"}],"curies":[{"name":"wp","href":"https:\/\/api.w.org\/{rel}","templated":true}]}}