{"id":19938,"date":"2025-02-13T10:17:36","date_gmt":"2025-02-13T15:17:36","guid":{"rendered":"https:\/\/www.cupssupplier.com\/product\/17-oz-water-bottle\/"},"modified":"2025-05-06T23:25:51","modified_gmt":"2025-05-07T03:25:51","slug":"17-oz-water-bottle","status":"publish","type":"product","link":"https:\/\/www.cupssupplier.com\/fr\/17-oz-water-bottle\/","title":{"rendered":"Bouteille d&rsquo;eau 17 oz"},"content":{"rendered":"<p class=\"\" data-start=\"102\" data-end=\"423\"><strong data-start=\"102\" data-end=\"155\">Bouteille d&rsquo;eau 17 oz \u2013 Acier inoxydable &amp; Isol\u00e9e<\/strong><br data-start=\"155\" data-end=\"158\" \/>Restez hydrat\u00e9 avec style gr\u00e2ce \u00e0 la bouteille d\u2019eau 17 oz. De taille id\u00e9ale pour une utilisation nomade, cette bouteille \u00e9l\u00e9gante et durable est dot\u00e9e d&rsquo;une isolation \u00e0 double paroi pour garder vos boissons froides jusqu\u2019\u00e0 24 heures et chaudes jusqu\u2019\u00e0 12 heures.<\/p>\n<ul data-start=\"424\" data-end=\"901\">\n<li class=\"\" data-start=\"424\" data-end=\"545\">\n<p class=\"\" data-start=\"426\" data-end=\"545\"><strong data-start=\"426\" data-end=\"454\">Isolation \u00e0 double paroi<\/strong> : Conserve la temp\u00e9rature de vos boissons, froides jusqu\u2019\u00e0 24 h et chaudes jusqu\u2019\u00e0 12 h.<\/p>\n<\/li>\n<li class=\"\" data-start=\"546\" data-end=\"636\">\n<p class=\"\" data-start=\"548\" data-end=\"636\"><strong data-start=\"548\" data-end=\"590\">Acier inoxydable de qualit\u00e9 sup\u00e9rieure<\/strong> : Sans BPA, durable et offrant un go\u00fbt pur.<\/p>\n<\/li>\n<li class=\"\" data-start=\"637\" data-end=\"724\">\n<p class=\"\" data-start=\"639\" data-end=\"724\"><strong data-start=\"639\" data-end=\"671\">\u00c9tanche et sans condensation<\/strong> : Couvercle anti-fuite et ext\u00e9rieur sans humidit\u00e9.<\/p>\n<\/li>\n<li class=\"\" data-start=\"725\" data-end=\"815\">\n<p class=\"\" data-start=\"727\" data-end=\"815\"><strong data-start=\"727\" data-end=\"751\">Portable et pratique<\/strong> : Format 17 oz compatible avec la plupart des porte-gobelets.<\/p>\n<\/li>\n<li class=\"\" data-start=\"816\" data-end=\"901\">\n<p class=\"\" data-start=\"818\" data-end=\"901\"><strong data-start=\"818\" data-end=\"848\">\u00c9cologique et r\u00e9utilisable<\/strong> : Alternative durable aux bouteilles en plastique.<\/p>\n<\/li>\n<\/ul>\n<p><img loading=\"lazy\" decoding=\"async\" class=\"wp-image-2625 aligncenter\" src=\"https:\/\/www.cupssupplier.com\/wp-content\/uploads\/2025\/02\/1-10.webp\" alt=\"17 oz water bottle\" width=\"897\" height=\"9039\" srcset=\"https:\/\/www.cupssupplier.com\/wp-content\/uploads\/2025\/02\/1-10.webp 790w, https:\/\/www.cupssupplier.com\/wp-content\/uploads\/2025\/02\/1-10-768x7738.webp 768w, https:\/\/www.cupssupplier.com\/wp-content\/uploads\/2025\/02\/1-10-300x3023.webp 300w, https:\/\/www.cupssupplier.com\/wp-content\/uploads\/2025\/02\/1-10-600x6046.webp 600w\" sizes=\"auto, (max-width: 897px) 100vw, 897px\" title=\"\"><\/p>\n<p><strong data-start=\"100\" data-end=\"311\">Que vous soyez au bureau, \u00e0 la salle de sport ou en d\u00e9placement, la bouteille d&rsquo;eau de 17 oz est votre compagnon d&rsquo;hydratation id\u00e9al. Achetez-la d\u00e8s maintenant pour rester frais et hydrat\u00e9 toute la journ\u00e9e !<\/strong><\/p>\n","protected":false},"excerpt":{"rendered":"<p>Restez hydrat\u00e9 avec style gr\u00e2ce \u00e0 la bouteille d&rsquo;eau de 17 oz. Parfaitement dimensionn\u00e9e pour un usage nomade, cette bouteille \u00e9l\u00e9gante et r\u00e9sistante est dot\u00e9e d&rsquo;une isolation \u00e0 double paroi pour garder vos boissons froides ou chaudes pendant des heures. Fabriqu\u00e9e en acier inoxydable de qualit\u00e9 sup\u00e9rieure, elle est \u00e9tanche, \u00e9cologique et id\u00e9ale pour le travail, le sport, les voyages ou les activit\u00e9s en plein air. Commandez d\u00e8s maintenant et gardez vos boissons fra\u00eeches o\u00f9 que vous alliez !<\/p>\n","protected":false},"featured_media":15091,"template":"","meta":{"om_disable_all_campaigns":false},"product_brand":[],"product_cat":[283],"product_tag":[],"class_list":{"0":"post-19938","1":"product","2":"type-product","3":"status-publish","4":"has-post-thumbnail","6":"product_cat-gourde-en-acier-inoxydable","8":"first","9":"instock","10":"shipping-taxable","11":"product-type-simple"},"_links":{"self":[{"href":"https:\/\/www.cupssupplier.com\/fr\/wp-json\/wp\/v2\/product\/19938","targetHints":{"allow":["GET"]}}],"collection":[{"href":"https:\/\/www.cupssupplier.com\/fr\/wp-json\/wp\/v2\/product"}],"about":[{"href":"https:\/\/www.cupssupplier.com\/fr\/wp-json\/wp\/v2\/types\/product"}],"wp:featuredmedia":[{"embeddable":true,"href":"https:\/\/www.cupssupplier.com\/fr\/wp-json\/wp\/v2\/media\/15091"}],"wp:attachment":[{"href":"https:\/\/www.cupssupplier.com\/fr\/wp-json\/wp\/v2\/media?parent=19938"}],"wp:term":[{"taxonomy":"product_brand","embeddable":true,"href":"https:\/\/www.cupssupplier.com\/fr\/wp-json\/wp\/v2\/product_brand?post=19938"},{"taxonomy":"product_cat","embeddable":true,"href":"https:\/\/www.cupssupplier.com\/fr\/wp-json\/wp\/v2\/product_cat?post=19938"},{"taxonomy":"product_tag","embeddable":true,"href":"https:\/\/www.cupssupplier.com\/fr\/wp-json\/wp\/v2\/product_tag?post=19938"}],"curies":[{"name":"wp","href":"https:\/\/api.w.org\/{rel}","templated":true}]}}