{"id":19924,"date":"2025-02-13T10:41:20","date_gmt":"2025-02-13T15:41:20","guid":{"rendered":"https:\/\/www.cupssupplier.com\/product\/custom-iced-coffee-tumbler\/"},"modified":"2025-05-06T22:16:39","modified_gmt":"2025-05-07T02:16:39","slug":"custom-iced-coffee-tumbler","status":"publish","type":"product","link":"https:\/\/www.cupssupplier.com\/fr\/custom-iced-coffee-tumbler\/","title":{"rendered":"Gobelet Personnalis\u00e9 pour Caf\u00e9 Glac\u00e9"},"content":{"rendered":"<h3 class=\"\" data-start=\"93\" data-end=\"160\"><strong data-start=\"102\" data-end=\"158\">Gobelet Personnalis\u00e9 pour Caf\u00e9 Glac\u00e9 \u2013 Isol\u00e9 &amp; Styl\u00e9<\/strong><\/h3>\n<p class=\"\" data-start=\"161\" data-end=\"320\">Restez rafra\u00eechi et affirmez votre style avec notre gobelet personnalis\u00e9 pour caf\u00e9 glac\u00e9 \u2014 con\u00e7u pour une performance optimale et une personnalisation unique :<\/p>\n<ul data-start=\"322\" data-end=\"887\">\n<li class=\"\" data-start=\"322\" data-end=\"438\">\n<p class=\"\" data-start=\"324\" data-end=\"438\"><strong data-start=\"324\" data-end=\"352\">Isolation \u00e0 double paroi<\/strong> : Garde le caf\u00e9 glac\u00e9 et les boissons fra\u00eeches jusqu\u2019\u00e0 12 heures sans condensation.<\/p>\n<\/li>\n<li class=\"\" data-start=\"439\" data-end=\"533\">\n<p class=\"\" data-start=\"441\" data-end=\"533\"><strong data-start=\"441\" data-end=\"475\">Acier inoxydable haut de gamme<\/strong> : Sans BPA, r\u00e9sistant \u00e0 la rouille et con\u00e7u pour durer.<\/p>\n<\/li>\n<li class=\"\" data-start=\"534\" data-end=\"629\">\n<p class=\"\" data-start=\"536\" data-end=\"629\"><strong data-start=\"536\" data-end=\"559\">Design personnalis\u00e9<\/strong> : Ajoutez votre nom, logo ou motif pour un gobelet vraiment unique.<\/p>\n<\/li>\n<li class=\"\" data-start=\"630\" data-end=\"752\">\n<p class=\"\" data-start=\"632\" data-end=\"752\"><strong data-start=\"632\" data-end=\"686\">Couvercle anti-\u00e9claboussures &amp; paille r\u00e9utilisable<\/strong> : Couvercle s\u00e9curis\u00e9 et paille pratique pour boire sans d\u00e9g\u00e2ts.<\/p>\n<\/li>\n<li class=\"\" data-start=\"753\" data-end=\"887\">\n<p class=\"\" data-start=\"755\" data-end=\"887\"><strong data-start=\"755\" data-end=\"784\">\u00c9cologique &amp; r\u00e9utilisable<\/strong> : R\u00e9duisez les d\u00e9chets et oubliez les gobelets jetables gr\u00e2ce \u00e0 cette alternative durable et \u00e9l\u00e9gante.<\/p>\n<\/li>\n<\/ul>\n<p><img loading=\"lazy\" decoding=\"async\" class=\"wp-image-2635 aligncenter\" src=\"https:\/\/www.cupssupplier.com\/wp-content\/uploads\/2025\/02\/1-12.png\" alt=\"custom iced coffee tumbler\" width=\"1000\" height=\"8749\" srcset=\"https:\/\/www.cupssupplier.com\/wp-content\/uploads\/2025\/02\/1-12.png 750w, https:\/\/www.cupssupplier.com\/wp-content\/uploads\/2025\/02\/1-12-117x1024.webp 117w, https:\/\/www.cupssupplier.com\/wp-content\/uploads\/2025\/02\/1-12-234x2048.webp 234w, https:\/\/www.cupssupplier.com\/wp-content\/uploads\/2025\/02\/1-12-300x2625.webp 300w, https:\/\/www.cupssupplier.com\/wp-content\/uploads\/2025\/02\/1-12-600x5250.webp 600w\" sizes=\"auto, (max-width: 1000px) 100vw, 1000px\" title=\"\"><\/p>\n<p>&nbsp;<\/p>\n<p class=\"\" data-start=\"889\" data-end=\"1069\">Parfait pour la maison, le bureau ou en d\u00e9placement, ce gobelet est un excellent cadeau ou outil de branding. Commandez le v\u00f4tre maintenant et savourez chaque gorg\u00e9e avec style !<\/p>\n<p class=\"\" data-start=\"1071\" data-end=\"1344\">\n","protected":false},"excerpt":{"rendered":"<p class=\"\" data-start=\"82\" data-end=\"557\">Con\u00e7u pour les amateurs de caf\u00e9, ce gobelet haut de gamme garde vos boissons fra\u00eeches pendant des heures tout en offrant une touche \u00e9l\u00e9gante et personnalis\u00e9e. Fabriqu\u00e9 en acier inoxydable durable avec une isolation \u00e0 double paroi, il est id\u00e9al pour la maison, le travail, les voyages ou vos d\u00e9placements. Personnalisez le v\u00f4tre d\u00e8s aujourd\u2019hui et d\u00e9gustez avec style !<\/p>\n<p class=\"\" data-start=\"559\" data-end=\"822\">\n","protected":false},"featured_media":15217,"template":"","meta":{"om_disable_all_campaigns":false},"product_brand":[],"product_cat":[284],"product_tag":[],"class_list":{"0":"post-19924","1":"product","2":"type-product","3":"status-publish","4":"has-post-thumbnail","6":"product_cat-gobelet","8":"first","9":"instock","10":"shipping-taxable","11":"product-type-simple"},"_links":{"self":[{"href":"https:\/\/www.cupssupplier.com\/fr\/wp-json\/wp\/v2\/product\/19924","targetHints":{"allow":["GET"]}}],"collection":[{"href":"https:\/\/www.cupssupplier.com\/fr\/wp-json\/wp\/v2\/product"}],"about":[{"href":"https:\/\/www.cupssupplier.com\/fr\/wp-json\/wp\/v2\/types\/product"}],"wp:featuredmedia":[{"embeddable":true,"href":"https:\/\/www.cupssupplier.com\/fr\/wp-json\/wp\/v2\/media\/15217"}],"wp:attachment":[{"href":"https:\/\/www.cupssupplier.com\/fr\/wp-json\/wp\/v2\/media?parent=19924"}],"wp:term":[{"taxonomy":"product_brand","embeddable":true,"href":"https:\/\/www.cupssupplier.com\/fr\/wp-json\/wp\/v2\/product_brand?post=19924"},{"taxonomy":"product_cat","embeddable":true,"href":"https:\/\/www.cupssupplier.com\/fr\/wp-json\/wp\/v2\/product_cat?post=19924"},{"taxonomy":"product_tag","embeddable":true,"href":"https:\/\/www.cupssupplier.com\/fr\/wp-json\/wp\/v2\/product_tag?post=19924"}],"curies":[{"name":"wp","href":"https:\/\/api.w.org\/{rel}","templated":true}]}}