{"id":19910,"date":"2025-02-13T10:56:39","date_gmt":"2025-02-13T15:56:39","guid":{"rendered":"https:\/\/www.cupssupplier.com\/product\/cold-insulated-mugs\/"},"modified":"2025-05-06T21:45:16","modified_gmt":"2025-05-07T01:45:16","slug":"cold-insulated-mugs","status":"publish","type":"product","link":"https:\/\/www.cupssupplier.com\/fr\/cold-insulated-mugs\/","title":{"rendered":"Mugs Isothermes Froids"},"content":{"rendered":"<p class=\"\" data-start=\"108\" data-end=\"319\"><strong data-start=\"108\" data-end=\"175\">Mugs Isothermes Froids \u2013 Inox, Vente en Gros &amp; Personnalisation<\/strong><br data-start=\"175\" data-end=\"178\" \/>D\u00e9couvrez la fra\u00eecheur durable avec nos mugs isothermes froids, con\u00e7us pour une r\u00e9tention de temp\u00e9rature optimale et une praticit\u00e9 maximale :<\/p>\n<ul data-start=\"321\" data-end=\"1040\">\n<li class=\"\" data-start=\"321\" data-end=\"481\">\n<p class=\"\" data-start=\"323\" data-end=\"481\"><strong data-start=\"323\" data-end=\"347\">Isolation Sup\u00e9rieure<\/strong> : Isolation sous vide \u00e0 double paroi pour garder vos boissons froides pendant des heures, pour une gorg\u00e9e toujours rafra\u00eechissante.<\/p>\n<\/li>\n<li class=\"\" data-start=\"482\" data-end=\"561\">\n<p class=\"\" data-start=\"484\" data-end=\"561\"><strong data-start=\"484\" data-end=\"512\">Acier Inoxydable Premium<\/strong> : Sans BPA, r\u00e9sistant \u00e0 la rouille et durable.<\/p>\n<\/li>\n<li class=\"\" data-start=\"562\" data-end=\"678\">\n<p class=\"\" data-start=\"564\" data-end=\"678\"><strong data-start=\"564\" data-end=\"595\">Anti-Condensation &amp; \u00c9tanche<\/strong> : Aucune condensation, aucun d\u00e9sordre \u2013 une prise en main confortable et propre.<\/p>\n<\/li>\n<li class=\"\" data-start=\"679\" data-end=\"788\">\n<p class=\"\" data-start=\"681\" data-end=\"788\"><strong data-start=\"681\" data-end=\"703\">Design Ergonomique<\/strong> : Facile \u00e0 tenir, \u00e0 transporter, et compatible avec la plupart des porte-gobelets.<\/p>\n<\/li>\n<li class=\"\" data-start=\"789\" data-end=\"883\">\n<p class=\"\" data-start=\"791\" data-end=\"883\"><strong data-start=\"791\" data-end=\"820\">\u00c9cologique &amp; R\u00e9utilisable<\/strong> : Une alternative durable et styl\u00e9e aux plastiques jetables.<\/p>\n<\/li>\n<li class=\"\" data-start=\"884\" data-end=\"1040\">\n<p class=\"\" data-start=\"886\" data-end=\"1040\"><strong data-start=\"886\" data-end=\"917\">Personnalisation Disponible<\/strong> : Ajoutez votre logo, nom ou design unique \u2013 id\u00e9al pour les cadeaux d&rsquo;entreprise, \u00e9v\u00e9nements ou campagnes promotionnelles.<\/p>\n<\/li>\n<\/ul>\n<p><img loading=\"lazy\" decoding=\"async\" class=\"wp-image-2646 aligncenter\" src=\"https:\/\/www.cupssupplier.com\/wp-content\/uploads\/2025\/02\/1-14.webp\" alt=\"cold insulated mugs\" width=\"999\" height=\"9308\" srcset=\"https:\/\/www.cupssupplier.com\/wp-content\/uploads\/2025\/02\/1-14.webp 790w, https:\/\/www.cupssupplier.com\/wp-content\/uploads\/2025\/02\/1-14-110x1024.webp 110w, https:\/\/www.cupssupplier.com\/wp-content\/uploads\/2025\/02\/1-14-768x7156.webp 768w, https:\/\/www.cupssupplier.com\/wp-content\/uploads\/2025\/02\/1-14-165x1536.webp 165w, https:\/\/www.cupssupplier.com\/wp-content\/uploads\/2025\/02\/1-14-300x2795.webp 300w, https:\/\/www.cupssupplier.com\/wp-content\/uploads\/2025\/02\/1-14-600x5591.webp 600w\" sizes=\"auto, (max-width: 999px) 100vw, 999px\" title=\"\"><\/p>\n<p>Parfaits pour les caf\u00e9s, entreprises et magasins de d\u00e9tail, nos mugs isothermes froids sont disponibles en gros et personnalisables. Commandez d\u00e8s maintenant et gardez vos boissons au frais avec style !<\/p>\n","protected":false},"excerpt":{"rendered":"<p><strong data-start=\"128\" data-end=\"218\">Gardez vos boissons bien fra\u00eeches pendant des heures avec nos mugs isothermes froids !<\/strong><br data-start=\"218\" data-end=\"221\" \/>Con\u00e7us avec une isolation avanc\u00e9e \u00e0 double paroi, ces mugs en acier inoxydable robustes maintiennent une temp\u00e9rature froide id\u00e9ale tout en \u00e9vitant la condensation. Parfaits pour le caf\u00e9 glac\u00e9, le th\u00e9 ou toute boisson rafra\u00eechissante, ils conviennent aussi bien \u00e0 la maison, au bureau, en voyage qu\u2019en plein air.<br data-start=\"532\" data-end=\"535\" \/><strong data-start=\"535\" data-end=\"621\">Disponibles en gros et personnalisables \u2014 procurez-vous le v\u00f4tre d\u00e8s aujourd\u2019hui !<\/strong><\/p>\n","protected":false},"featured_media":15343,"template":"","meta":{"om_disable_all_campaigns":false},"product_brand":[],"product_cat":[284],"product_tag":[],"class_list":{"0":"post-19910","1":"product","2":"type-product","3":"status-publish","4":"has-post-thumbnail","6":"product_cat-gobelet","8":"first","9":"instock","10":"shipping-taxable","11":"product-type-simple"},"_links":{"self":[{"href":"https:\/\/www.cupssupplier.com\/fr\/wp-json\/wp\/v2\/product\/19910","targetHints":{"allow":["GET"]}}],"collection":[{"href":"https:\/\/www.cupssupplier.com\/fr\/wp-json\/wp\/v2\/product"}],"about":[{"href":"https:\/\/www.cupssupplier.com\/fr\/wp-json\/wp\/v2\/types\/product"}],"wp:featuredmedia":[{"embeddable":true,"href":"https:\/\/www.cupssupplier.com\/fr\/wp-json\/wp\/v2\/media\/15343"}],"wp:attachment":[{"href":"https:\/\/www.cupssupplier.com\/fr\/wp-json\/wp\/v2\/media?parent=19910"}],"wp:term":[{"taxonomy":"product_brand","embeddable":true,"href":"https:\/\/www.cupssupplier.com\/fr\/wp-json\/wp\/v2\/product_brand?post=19910"},{"taxonomy":"product_cat","embeddable":true,"href":"https:\/\/www.cupssupplier.com\/fr\/wp-json\/wp\/v2\/product_cat?post=19910"},{"taxonomy":"product_tag","embeddable":true,"href":"https:\/\/www.cupssupplier.com\/fr\/wp-json\/wp\/v2\/product_tag?post=19910"}],"curies":[{"name":"wp","href":"https:\/\/api.w.org\/{rel}","templated":true}]}}