{"id":19846,"date":"2025-02-14T22:16:07","date_gmt":"2025-02-15T03:16:07","guid":{"rendered":"https:\/\/www.cupssupplier.com\/product\/custom-double-wall-tumbler\/"},"modified":"2025-05-05T02:11:12","modified_gmt":"2025-05-05T06:11:12","slug":"custom-double-wall-tumbler","status":"publish","type":"product","link":"https:\/\/www.cupssupplier.com\/fr\/custom-double-wall-tumbler\/","title":{"rendered":"Gobelet Personnalis\u00e9 \u00e0 Double Paroi"},"content":{"rendered":"<p class=\"\" data-start=\"122\" data-end=\"188\"><strong data-start=\"122\" data-end=\"188\">Gobelet Personnalis\u00e9 \u00e0 Double Paroi \u2013 Isol\u00e9 et Personnalisable<\/strong><\/p>\n<p class=\"\" data-start=\"190\" data-end=\"368\">D\u00e9couvrez le Gobelet Personnalis\u00e9 \u00e0 Double Paroi, une solution id\u00e9ale pour conserver vos boissons \u00e0 la temp\u00e9rature parfaite tout en mettant en avant votre style ou votre marque :<\/p>\n<p class=\"\" data-start=\"370\" data-end=\"1107\"><strong data-start=\"370\" data-end=\"398\">Isolation \u00e0 Double Paroi<\/strong> : Conserve les boissons chaudes jusqu&rsquo;\u00e0 6 heures et froides jusqu&rsquo;\u00e0 12 heures.<br data-start=\"477\" data-end=\"480\" \/><strong data-start=\"480\" data-end=\"502\">Qualit\u00e9 Sup\u00e9rieure<\/strong> : Fabriqu\u00e9 avec des mat\u00e9riaux sans BPA de haute qualit\u00e9, garantissant durabilit\u00e9 et s\u00e9curit\u00e9.<br data-start=\"596\" data-end=\"599\" \/><strong data-start=\"599\" data-end=\"625\">Design Personnalisable<\/strong> : Ajoutez votre logo, illustration ou message pour des \u00e9v\u00e9nements, cadeaux ou articles promotionnels uniques.<br data-start=\"735\" data-end=\"738\" \/><strong data-start=\"738\" data-end=\"763\">\u00c9tanche et Anti-Fuite<\/strong> : Son couvercle s\u00e9curis\u00e9 offre une utilisation sans d\u00e9versement, parfaite pour les d\u00e9placements.<br data-start=\"860\" data-end=\"863\" \/><strong data-start=\"863\" data-end=\"893\">\u00c9cologique et R\u00e9utilisable<\/strong> : R\u00e9duisez les d\u00e9chets et soutenez un mode de vie durable avec ce gobelet \u00e9l\u00e9gant et r\u00e9utilisable.<br data-start=\"992\" data-end=\"995\" \/><strong data-start=\"995\" data-end=\"1022\">Ergonomique et Pratique<\/strong> : Prise en main confortable et format compatible avec la plupart des porte-gobelets.<\/p>\n<p><img loading=\"lazy\" decoding=\"async\" class=\"aligncenter wp-image-19758 size-full\" src=\"https:\/\/www.cupssupplier.com\/wp-content\/uploads\/2025\/02\/1-38-e1746424987523.webp\" alt=\"custom double wall tumbler\" width=\"1000\" height=\"1500\" srcset=\"https:\/\/www.cupssupplier.com\/wp-content\/uploads\/2025\/02\/1-38-e1746424987523.webp 1000w, https:\/\/www.cupssupplier.com\/wp-content\/uploads\/2025\/02\/1-38-e1746424987523-200x300.webp 200w, https:\/\/www.cupssupplier.com\/wp-content\/uploads\/2025\/02\/1-38-e1746424987523-683x1024.webp 683w, https:\/\/www.cupssupplier.com\/wp-content\/uploads\/2025\/02\/1-38-e1746424987523-768x1152.webp 768w, https:\/\/www.cupssupplier.com\/wp-content\/uploads\/2025\/02\/1-38-e1746424987523-300x450.webp 300w, https:\/\/www.cupssupplier.com\/wp-content\/uploads\/2025\/02\/1-38-e1746424987523-600x900.webp 600w\" sizes=\"auto, (max-width: 1000px) 100vw, 1000px\" title=\"\"><br \/>\n<img loading=\"lazy\" decoding=\"async\" class=\"aligncenter wp-image-19766 size-full\" src=\"https:\/\/www.cupssupplier.com\/wp-content\/uploads\/2025\/02\/2-44.webp\" alt=\"custom double wall tumbler\" width=\"1000\" height=\"1807\" srcset=\"https:\/\/www.cupssupplier.com\/wp-content\/uploads\/2025\/02\/2-44.webp 1000w, https:\/\/www.cupssupplier.com\/wp-content\/uploads\/2025\/02\/2-44-166x300.webp 166w, https:\/\/www.cupssupplier.com\/wp-content\/uploads\/2025\/02\/2-44-567x1024.webp 567w, https:\/\/www.cupssupplier.com\/wp-content\/uploads\/2025\/02\/2-44-768x1388.webp 768w, https:\/\/www.cupssupplier.com\/wp-content\/uploads\/2025\/02\/2-44-850x1536.webp 850w, https:\/\/www.cupssupplier.com\/wp-content\/uploads\/2025\/02\/2-44-300x542.webp 300w, https:\/\/www.cupssupplier.com\/wp-content\/uploads\/2025\/02\/2-44-600x1084.webp 600w\" sizes=\"auto, (max-width: 1000px) 100vw, 1000px\" title=\"\"><br \/>\n<img loading=\"lazy\" decoding=\"async\" class=\"aligncenter wp-image-19774 size-full\" src=\"https:\/\/www.cupssupplier.com\/wp-content\/uploads\/2025\/02\/3-44-e1746425056499.webp\" alt=\"custom double wall tumbler\" width=\"1000\" height=\"948\" srcset=\"https:\/\/www.cupssupplier.com\/wp-content\/uploads\/2025\/02\/3-44-e1746425056499.webp 1000w, https:\/\/www.cupssupplier.com\/wp-content\/uploads\/2025\/02\/3-44-e1746425056499-300x284.webp 300w, https:\/\/www.cupssupplier.com\/wp-content\/uploads\/2025\/02\/3-44-e1746425056499-768x728.webp 768w, https:\/\/www.cupssupplier.com\/wp-content\/uploads\/2025\/02\/3-44-e1746425056499-600x569.webp 600w\" sizes=\"auto, (max-width: 1000px) 100vw, 1000px\" title=\"\"><img loading=\"lazy\" decoding=\"async\" class=\"wp-image-19790 size-full aligncenter\" src=\"https:\/\/www.cupssupplier.com\/wp-content\/uploads\/2025\/02\/5-40.webp\" alt=\"custom double wall tumbler\" width=\"1000\" height=\"1559\" srcset=\"https:\/\/www.cupssupplier.com\/wp-content\/uploads\/2025\/02\/5-40.webp 1000w, https:\/\/www.cupssupplier.com\/wp-content\/uploads\/2025\/02\/5-40-192x300.webp 192w, https:\/\/www.cupssupplier.com\/wp-content\/uploads\/2025\/02\/5-40-657x1024.webp 657w, https:\/\/www.cupssupplier.com\/wp-content\/uploads\/2025\/02\/5-40-768x1197.webp 768w, https:\/\/www.cupssupplier.com\/wp-content\/uploads\/2025\/02\/5-40-985x1536.webp 985w, https:\/\/www.cupssupplier.com\/wp-content\/uploads\/2025\/02\/5-40-300x468.webp 300w, https:\/\/www.cupssupplier.com\/wp-content\/uploads\/2025\/02\/5-40-600x935.webp 600w\" sizes=\"auto, (max-width: 1000px) 100vw, 1000px\" title=\"\"><\/p>\n<p class=\"\" data-start=\"136\" data-end=\"416\">Parfait pour les entreprises, les \u00e9v\u00e9nements promotionnels ou comme cadeaux personnalis\u00e9s, le gobelet isotherme personnalis\u00e9 \u00e0 double paroi est un incontournable pour toutes les occasions. Commandez d\u00e8s aujourd&rsquo;hui et profitez des avantages de la vaisselle personnalis\u00e9e en gros !<\/p>\n","protected":false},"excerpt":{"rendered":"<p class=\"\" data-start=\"131\" data-end=\"746\">Restez rafra\u00eechi avec style gr\u00e2ce \u00e0 notre gobelet isotherme personnalis\u00e9 \u00e0 double paroi ! Dot\u00e9 d&rsquo;une isolation \u00e0 double paroi, il garde vos boissons chaudes ou froides pendant des heures. Parfait pour \u00eatre personnalis\u00e9 avec votre logo, votre marque ou votre message, c\u2019est un excellent choix pour des cadeaux d\u2019entreprise, des \u00e9v\u00e9nements ou la vente au d\u00e9tail. Fabriqu\u00e9 \u00e0 partir de mat\u00e9riaux durables sans BPA, il est con\u00e7u pour durer. Commandez d\u00e8s maintenant en gros pour personnaliser et promouvoir efficacement votre marque !<\/p>\n<p class=\"\" data-start=\"748\" data-end=\"1087\">\n","protected":false},"featured_media":19807,"template":"","meta":{"om_disable_all_campaigns":false},"product_brand":[],"product_cat":[284],"product_tag":[],"class_list":{"0":"post-19846","1":"product","2":"type-product","3":"status-publish","4":"has-post-thumbnail","6":"product_cat-gobelet","8":"first","9":"instock","10":"shipping-taxable","11":"product-type-simple"},"_links":{"self":[{"href":"https:\/\/www.cupssupplier.com\/fr\/wp-json\/wp\/v2\/product\/19846","targetHints":{"allow":["GET"]}}],"collection":[{"href":"https:\/\/www.cupssupplier.com\/fr\/wp-json\/wp\/v2\/product"}],"about":[{"href":"https:\/\/www.cupssupplier.com\/fr\/wp-json\/wp\/v2\/types\/product"}],"wp:featuredmedia":[{"embeddable":true,"href":"https:\/\/www.cupssupplier.com\/fr\/wp-json\/wp\/v2\/media\/19807"}],"wp:attachment":[{"href":"https:\/\/www.cupssupplier.com\/fr\/wp-json\/wp\/v2\/media?parent=19846"}],"wp:term":[{"taxonomy":"product_brand","embeddable":true,"href":"https:\/\/www.cupssupplier.com\/fr\/wp-json\/wp\/v2\/product_brand?post=19846"},{"taxonomy":"product_cat","embeddable":true,"href":"https:\/\/www.cupssupplier.com\/fr\/wp-json\/wp\/v2\/product_cat?post=19846"},{"taxonomy":"product_tag","embeddable":true,"href":"https:\/\/www.cupssupplier.com\/fr\/wp-json\/wp\/v2\/product_tag?post=19846"}],"curies":[{"name":"wp","href":"https:\/\/api.w.org\/{rel}","templated":true}]}}