{"id":19698,"date":"2025-02-16T03:18:02","date_gmt":"2025-02-16T08:18:02","guid":{"rendered":"https:\/\/www.cupssupplier.com\/product\/custom-30-oz-tumbler\/"},"modified":"2025-05-05T01:13:52","modified_gmt":"2025-05-05T05:13:52","slug":"custom-30-oz-tumbler","status":"publish","type":"product","link":"https:\/\/www.cupssupplier.com\/fr\/custom-30-oz-tumbler\/","title":{"rendered":"Gobelet Personnalis\u00e9 30 Oz"},"content":{"rendered":"<p class=\"\" data-start=\"115\" data-end=\"172\"><strong data-start=\"115\" data-end=\"172\">Gobelet Personnalis\u00e9 30 Oz \u2013 Isol\u00e9 et Personnalisable<\/strong><\/p>\n<p class=\"\" data-start=\"174\" data-end=\"266\">Le gobelet personnalis\u00e9 30 oz allie parfaitement style, fonctionnalit\u00e9 et personnalisation :<\/p>\n<ul data-start=\"268\" data-end=\"1108\">\n<li class=\"\" data-start=\"268\" data-end=\"435\">\n<p class=\"\" data-start=\"270\" data-end=\"435\"><strong data-start=\"270\" data-end=\"298\">Isolation \u00e0 Double Paroi<\/strong> : Conserve les boissons froides pendant 24 heures ou chaudes jusqu\u2019\u00e0 6 heures \u2013 id\u00e9al pour une hydratation tout au long de la journ\u00e9e.<\/p>\n<\/li>\n<li class=\"\" data-start=\"436\" data-end=\"524\">\n<p class=\"\" data-start=\"438\" data-end=\"524\"><strong data-start=\"438\" data-end=\"466\">Acier Inoxydable Premium<\/strong> : Sans BPA, r\u00e9sistant \u00e0 la rouille et con\u00e7u pour durer.<\/p>\n<\/li>\n<li class=\"\" data-start=\"525\" data-end=\"696\">\n<p class=\"\" data-start=\"527\" data-end=\"696\"><strong data-start=\"527\" data-end=\"553\">Design Personnalisable<\/strong> : Ajoutez votre logo, slogan ou design unique pour cr\u00e9er des gobelets personnalis\u00e9s pour des \u00e9v\u00e9nements, promotions ou cadeaux d\u2019entreprise.<\/p>\n<\/li>\n<li class=\"\" data-start=\"697\" data-end=\"847\">\n<p class=\"\" data-start=\"699\" data-end=\"847\"><strong data-start=\"699\" data-end=\"734\">Anti-fuite &amp; Anti-\u00e9claboussures<\/strong> : Le couvercle s\u00e9curis\u00e9 emp\u00eache les fuites, tandis que la paille int\u00e9gr\u00e9e facilite la consommation sans d\u00e9g\u00e2t.<\/p>\n<\/li>\n<li class=\"\" data-start=\"848\" data-end=\"997\">\n<p class=\"\" data-start=\"850\" data-end=\"997\"><strong data-start=\"850\" data-end=\"879\">\u00c9cologique &amp; R\u00e9utilisable<\/strong> : Une alternative durable aux gobelets jetables, id\u00e9ale pour promouvoir une marque respectueuse de l\u2019environnement.<\/p>\n<\/li>\n<li class=\"\" data-start=\"998\" data-end=\"1108\">\n<p class=\"\" data-start=\"1000\" data-end=\"1108\"><strong data-start=\"1000\" data-end=\"1028\">Grande Capacit\u00e9 de 30 Oz<\/strong> : Parfait pour rester hydrat\u00e9 au bureau, \u00e0 la salle de sport ou en d\u00e9placement.<\/p>\n<\/li>\n<\/ul>\n<p><img loading=\"lazy\" decoding=\"async\" class=\"aligncenter wp-image-19690 size-full\" src=\"https:\/\/www.cupssupplier.com\/wp-content\/uploads\/2025\/02\/6-36.webp\" alt=\"custom 30 oz tumbler\" width=\"800\" height=\"800\" srcset=\"https:\/\/www.cupssupplier.com\/wp-content\/uploads\/2025\/02\/6-36.webp 800w, https:\/\/www.cupssupplier.com\/wp-content\/uploads\/2025\/02\/6-36-300x300.webp 300w, https:\/\/www.cupssupplier.com\/wp-content\/uploads\/2025\/02\/6-36-150x150.webp 150w, https:\/\/www.cupssupplier.com\/wp-content\/uploads\/2025\/02\/6-36-768x768.webp 768w, https:\/\/www.cupssupplier.com\/wp-content\/uploads\/2025\/02\/6-36-600x600.webp 600w, https:\/\/www.cupssupplier.com\/wp-content\/uploads\/2025\/02\/6-36-100x100.webp 100w\" sizes=\"auto, (max-width: 800px) 100vw, 800px\" title=\"\"><br \/>\n<img loading=\"lazy\" decoding=\"async\" class=\"aligncenter wp-image-19682 size-full\" src=\"https:\/\/www.cupssupplier.com\/wp-content\/uploads\/2025\/02\/5-39.webp\" alt=\"custom 30 oz tumbler\" width=\"800\" height=\"800\" srcset=\"https:\/\/www.cupssupplier.com\/wp-content\/uploads\/2025\/02\/5-39.webp 800w, https:\/\/www.cupssupplier.com\/wp-content\/uploads\/2025\/02\/5-39-300x300.webp 300w, https:\/\/www.cupssupplier.com\/wp-content\/uploads\/2025\/02\/5-39-150x150.webp 150w, https:\/\/www.cupssupplier.com\/wp-content\/uploads\/2025\/02\/5-39-768x768.webp 768w, https:\/\/www.cupssupplier.com\/wp-content\/uploads\/2025\/02\/5-39-600x600.webp 600w, https:\/\/www.cupssupplier.com\/wp-content\/uploads\/2025\/02\/5-39-100x100.webp 100w\" sizes=\"auto, (max-width: 800px) 100vw, 800px\" title=\"\"><img loading=\"lazy\" decoding=\"async\" class=\"wp-image-19634 size-full aligncenter\" src=\"https:\/\/www.cupssupplier.com\/wp-content\/uploads\/2025\/02\/2-43.webp\" alt=\"custom 30 oz tumbler\" width=\"800\" height=\"800\" srcset=\"https:\/\/www.cupssupplier.com\/wp-content\/uploads\/2025\/02\/2-43.webp 800w, https:\/\/www.cupssupplier.com\/wp-content\/uploads\/2025\/02\/2-43-300x300.webp 300w, https:\/\/www.cupssupplier.com\/wp-content\/uploads\/2025\/02\/2-43-150x150.webp 150w, https:\/\/www.cupssupplier.com\/wp-content\/uploads\/2025\/02\/2-43-768x768.webp 768w, https:\/\/www.cupssupplier.com\/wp-content\/uploads\/2025\/02\/2-43-600x600.webp 600w, https:\/\/www.cupssupplier.com\/wp-content\/uploads\/2025\/02\/2-43-100x100.webp 100w\" sizes=\"auto, (max-width: 800px) 100vw, 800px\" title=\"\"><img loading=\"lazy\" decoding=\"async\" class=\"wp-image-19626 size-full aligncenter\" src=\"https:\/\/www.cupssupplier.com\/wp-content\/uploads\/2025\/02\/1-19.webp\" alt=\"custom 30 oz tumbler\" width=\"800\" height=\"800\" srcset=\"https:\/\/www.cupssupplier.com\/wp-content\/uploads\/2025\/02\/1-19.webp 800w, https:\/\/www.cupssupplier.com\/wp-content\/uploads\/2025\/02\/1-19-300x300.webp 300w, https:\/\/www.cupssupplier.com\/wp-content\/uploads\/2025\/02\/1-19-150x150.webp 150w, https:\/\/www.cupssupplier.com\/wp-content\/uploads\/2025\/02\/1-19-768x768.webp 768w, https:\/\/www.cupssupplier.com\/wp-content\/uploads\/2025\/02\/1-19-600x600.webp 600w, https:\/\/www.cupssupplier.com\/wp-content\/uploads\/2025\/02\/1-19-100x100.webp 100w\" sizes=\"auto, (max-width: 800px) 100vw, 800px\" title=\"\"><\/p>\n<p data-start=\"1378\" data-end=\"1589\">Id\u00e9al pour les entreprises, campagnes promotionnelles ou \u00e9v\u00e9nements, ce gobelet de 30 oz est disponible en gros avec personnalisation.<br data-start=\"1244\" data-end=\"1247\" \/><strong data-start=\"1247\" data-end=\"1335\">Commandez d\u00e8s maintenant et d\u00e9marquez votre marque avec des gobelets personnalis\u00e9s !<\/strong><\/p>\n<p>&nbsp;<\/p>\n","protected":false},"excerpt":{"rendered":"<p class=\"\" data-start=\"141\" data-end=\"680\">Restez rafra\u00eechi partout avec notre gobelet personnalis\u00e9 de 30 Oz ! Gr\u00e2ce \u00e0 son isolation \u00e0 double paroi, ce gobelet garde vos boissons froides pendant des heures et chaudes jusqu\u2019\u00e0 6 heures. Parfait pour \u00eatre personnalis\u00e9 avec votre logo ou message, c\u2019est un excellent choix pour les cadeaux d\u2019entreprise, les \u00e9v\u00e9nements ou les cadeaux personnels. Fabriqu\u00e9 en acier inoxydable de haute qualit\u00e9, il est \u00e0 la fois durable et \u00e9cologique. Commandez en gros d\u00e8s aujourd\u2019hui et personnalisez vos gobelets pour votre prochaine grande promotion !<\/p>\n<p class=\"\" data-start=\"682\" data-end=\"971\">\n","protected":false},"featured_media":19643,"template":"","meta":{"om_disable_all_campaigns":false},"product_brand":[],"product_cat":[284],"product_tag":[],"class_list":{"0":"post-19698","1":"product","2":"type-product","3":"status-publish","4":"has-post-thumbnail","6":"product_cat-gobelet","8":"first","9":"instock","10":"shipping-taxable","11":"product-type-simple"},"_links":{"self":[{"href":"https:\/\/www.cupssupplier.com\/fr\/wp-json\/wp\/v2\/product\/19698","targetHints":{"allow":["GET"]}}],"collection":[{"href":"https:\/\/www.cupssupplier.com\/fr\/wp-json\/wp\/v2\/product"}],"about":[{"href":"https:\/\/www.cupssupplier.com\/fr\/wp-json\/wp\/v2\/types\/product"}],"wp:featuredmedia":[{"embeddable":true,"href":"https:\/\/www.cupssupplier.com\/fr\/wp-json\/wp\/v2\/media\/19643"}],"wp:attachment":[{"href":"https:\/\/www.cupssupplier.com\/fr\/wp-json\/wp\/v2\/media?parent=19698"}],"wp:term":[{"taxonomy":"product_brand","embeddable":true,"href":"https:\/\/www.cupssupplier.com\/fr\/wp-json\/wp\/v2\/product_brand?post=19698"},{"taxonomy":"product_cat","embeddable":true,"href":"https:\/\/www.cupssupplier.com\/fr\/wp-json\/wp\/v2\/product_cat?post=19698"},{"taxonomy":"product_tag","embeddable":true,"href":"https:\/\/www.cupssupplier.com\/fr\/wp-json\/wp\/v2\/product_tag?post=19698"}],"curies":[{"name":"wp","href":"https:\/\/api.w.org\/{rel}","templated":true}]}}