{"id":19618,"date":"2025-02-17T02:53:43","date_gmt":"2025-02-17T07:53:43","guid":{"rendered":"https:\/\/www.cupssupplier.com\/?post_type=product&#038;p=19618"},"modified":"2025-05-04T04:58:04","modified_gmt":"2025-05-04T08:58:04","slug":"custom-sport-bottles","status":"publish","type":"product","link":"https:\/\/www.cupssupplier.com\/fr\/custom-sport-bottles\/","title":{"rendered":"Bouteilles de Sport Personnalis\u00e9es"},"content":{"rendered":"<p class=\"\" data-start=\"102\" data-end=\"357\"><strong data-start=\"102\" data-end=\"183\">Bouteilles de Sport Personnalis\u00e9es \u2013 Gourdes Personnalisables &amp; Vente en Gros<\/strong><br data-start=\"183\" data-end=\"186\" \/>D\u00e9couvrez nos bouteilles de sport personnalis\u00e9es, alliant fonctionnalit\u00e9, style et personnalisation \u2013 le choix id\u00e9al pour un mode de vie actif ou une promotion de marque !<\/p>\n<p class=\"\" data-start=\"359\" data-end=\"1235\"><strong data-start=\"359\" data-end=\"383\">Robustes &amp; L\u00e9g\u00e8res :<\/strong> Fabriqu\u00e9es en plastique sans BPA ou en acier inoxydable de haute qualit\u00e9 pour une utilisation durable lors du sport, du fitness et des activit\u00e9s ext\u00e9rieures.<br data-start=\"541\" data-end=\"544\" \/><strong data-start=\"544\" data-end=\"558\">\u00c9tanches :<\/strong> Conception anti-fuite avec un bouchon s\u00e9curis\u00e9 pour une utilisation propre et sans d\u00e9g\u00e2ts, m\u00eame en d\u00e9placement.<br data-start=\"670\" data-end=\"673\" \/><strong data-start=\"673\" data-end=\"695\">Personnalisables :<\/strong> Ajoutez votre logo, nom de marque ou design personnalis\u00e9 \u2013 parfait pour les \u00e9quipes, les salles de sport ou les \u00e9v\u00e9nements.<br data-start=\"819\" data-end=\"822\" \/><strong data-start=\"822\" data-end=\"849\">Faciles \u00e0 Transporter :<\/strong> Dot\u00e9es d\u2019une poign\u00e9e pratique ou d\u2019une sangle int\u00e9gr\u00e9e pour les emmener partout facilement.<br data-start=\"941\" data-end=\"944\" \/><strong data-start=\"944\" data-end=\"977\">\u00c9cologiques &amp; R\u00e9utilisables :<\/strong> Une alternative durable aux bouteilles jetables, id\u00e9ale pour r\u00e9duire les d\u00e9chets tout en faisant la promotion de votre marque.<br data-start=\"1104\" data-end=\"1107\" \/><strong data-start=\"1107\" data-end=\"1148\">Parfaites pour un Mode de Vie Actif :<\/strong> Con\u00e7ues pour les sportifs, amateurs de fitness et passionn\u00e9s d\u2019activit\u00e9s en plein air.<\/p>\n<p><img loading=\"lazy\" decoding=\"async\" class=\"wp-image-19565 size-large\" src=\"https:\/\/www.cupssupplier.com\/wp-content\/uploads\/2025\/02\/2-42-1024x1024.webp\" alt=\"custom sport bottles\" width=\"1024\" height=\"1024\" srcset=\"https:\/\/www.cupssupplier.com\/wp-content\/uploads\/2025\/02\/2-42-1024x1024.webp 1024w, https:\/\/www.cupssupplier.com\/wp-content\/uploads\/2025\/02\/2-42-300x300.webp 300w, https:\/\/www.cupssupplier.com\/wp-content\/uploads\/2025\/02\/2-42-150x150.webp 150w, https:\/\/www.cupssupplier.com\/wp-content\/uploads\/2025\/02\/2-42-768x768.webp 768w, https:\/\/www.cupssupplier.com\/wp-content\/uploads\/2025\/02\/2-42-600x600.webp 600w, https:\/\/www.cupssupplier.com\/wp-content\/uploads\/2025\/02\/2-42-100x100.webp 100w, https:\/\/www.cupssupplier.com\/wp-content\/uploads\/2025\/02\/2-42.webp 1500w\" sizes=\"auto, (max-width: 1024px) 100vw, 1024px\" title=\"\"><\/p>\n<p><img loading=\"lazy\" decoding=\"async\" class=\"wp-image-19509 size-large aligncenter\" src=\"https:\/\/www.cupssupplier.com\/wp-content\/uploads\/2025\/02\/2-19-1024x1024.webp\" alt=\"custom sport bottles\" width=\"1024\" height=\"1024\" srcset=\"https:\/\/www.cupssupplier.com\/wp-content\/uploads\/2025\/02\/2-19-1024x1024.webp 1024w, https:\/\/www.cupssupplier.com\/wp-content\/uploads\/2025\/02\/2-19-300x300.webp 300w, https:\/\/www.cupssupplier.com\/wp-content\/uploads\/2025\/02\/2-19-150x150.webp 150w, https:\/\/www.cupssupplier.com\/wp-content\/uploads\/2025\/02\/2-19-768x768.webp 768w, https:\/\/www.cupssupplier.com\/wp-content\/uploads\/2025\/02\/2-19-1536x1536.webp 1536w, https:\/\/www.cupssupplier.com\/wp-content\/uploads\/2025\/02\/2-19-2048x2048.webp 2048w, https:\/\/www.cupssupplier.com\/wp-content\/uploads\/2025\/02\/2-19-600x600.webp 600w, https:\/\/www.cupssupplier.com\/wp-content\/uploads\/2025\/02\/2-19-100x100.webp 100w\" sizes=\"auto, (max-width: 1024px) 100vw, 1024px\" title=\"\"><\/p>\n<p><img loading=\"lazy\" decoding=\"async\" class=\"wp-image-19485 size-large aligncenter\" src=\"https:\/\/www.cupssupplier.com\/wp-content\/uploads\/2025\/02\/4-16-1024x1024.webp\" alt=\"custom sport bottles\" width=\"1024\" height=\"1024\" srcset=\"https:\/\/www.cupssupplier.com\/wp-content\/uploads\/2025\/02\/4-16-1024x1024.webp 1024w, https:\/\/www.cupssupplier.com\/wp-content\/uploads\/2025\/02\/4-16-300x300.webp 300w, https:\/\/www.cupssupplier.com\/wp-content\/uploads\/2025\/02\/4-16-150x150.webp 150w, https:\/\/www.cupssupplier.com\/wp-content\/uploads\/2025\/02\/4-16-768x768.webp 768w, https:\/\/www.cupssupplier.com\/wp-content\/uploads\/2025\/02\/4-16-600x600.webp 600w, https:\/\/www.cupssupplier.com\/wp-content\/uploads\/2025\/02\/4-16-100x100.webp 100w, https:\/\/www.cupssupplier.com\/wp-content\/uploads\/2025\/02\/4-16.webp 1200w\" sizes=\"auto, (max-width: 1024px) 100vw, 1024px\" title=\"\"><\/p>\n<p><img loading=\"lazy\" decoding=\"async\" class=\"wp-image-19493 size-large aligncenter\" src=\"https:\/\/www.cupssupplier.com\/wp-content\/uploads\/2025\/02\/5-14-1024x1024.webp\" alt=\"custom sport bottles\" width=\"1024\" height=\"1024\" srcset=\"https:\/\/www.cupssupplier.com\/wp-content\/uploads\/2025\/02\/5-14-1024x1024.webp 1024w, https:\/\/www.cupssupplier.com\/wp-content\/uploads\/2025\/02\/5-14-300x300.webp 300w, https:\/\/www.cupssupplier.com\/wp-content\/uploads\/2025\/02\/5-14-150x150.webp 150w, https:\/\/www.cupssupplier.com\/wp-content\/uploads\/2025\/02\/5-14-768x768.webp 768w, https:\/\/www.cupssupplier.com\/wp-content\/uploads\/2025\/02\/5-14-1536x1536.webp 1536w, https:\/\/www.cupssupplier.com\/wp-content\/uploads\/2025\/02\/5-14-2048x2048.webp 2048w, https:\/\/www.cupssupplier.com\/wp-content\/uploads\/2025\/02\/5-14-600x600.webp 600w, https:\/\/www.cupssupplier.com\/wp-content\/uploads\/2025\/02\/5-14-100x100.webp 100w\" sizes=\"auto, (max-width: 1024px) 100vw, 1024px\" title=\"\"><\/p>\n<p><img loading=\"lazy\" decoding=\"async\" class=\"wp-image-19541 size-large aligncenter\" src=\"https:\/\/www.cupssupplier.com\/wp-content\/uploads\/2025\/02\/5-15-1024x1024.webp\" alt=\"custom sport bottles\" width=\"1024\" height=\"1024\" srcset=\"https:\/\/www.cupssupplier.com\/wp-content\/uploads\/2025\/02\/5-15-1024x1024.webp 1024w, https:\/\/www.cupssupplier.com\/wp-content\/uploads\/2025\/02\/5-15-300x300.webp 300w, https:\/\/www.cupssupplier.com\/wp-content\/uploads\/2025\/02\/5-15-150x150.webp 150w, https:\/\/www.cupssupplier.com\/wp-content\/uploads\/2025\/02\/5-15-768x768.webp 768w, https:\/\/www.cupssupplier.com\/wp-content\/uploads\/2025\/02\/5-15-1536x1536.webp 1536w, https:\/\/www.cupssupplier.com\/wp-content\/uploads\/2025\/02\/5-15-2048x2048.webp 2048w, https:\/\/www.cupssupplier.com\/wp-content\/uploads\/2025\/02\/5-15-600x600.webp 600w, https:\/\/www.cupssupplier.com\/wp-content\/uploads\/2025\/02\/5-15-100x100.webp 100w\" sizes=\"auto, (max-width: 1024px) 100vw, 1024px\" title=\"\"><\/p>\n<p>&nbsp;<\/p>\n<p class=\"\" data-start=\"1237\" data-end=\"1510\">Id\u00e9ales pour les entreprises, les salles de sport, les \u00e9quipes sportives ou les \u00e9v\u00e9nements, nos bouteilles de sport personnalis\u00e9es sont disponibles en gros avec un marquage personnalis\u00e9. Commandez d\u00e8s maintenant pour des bouteilles sur mesure et restez hydrat\u00e9 avec style !<\/p>\n","protected":false},"excerpt":{"rendered":"<p class=\"\" data-start=\"77\" data-end=\"684\">Parfaites pour les athl\u00e8tes, amateurs de fitness et aventuriers en plein air, ces bouteilles durables sont con\u00e7ues pour garder vos boissons fra\u00eeches et facilement accessibles. Fabriqu\u00e9es \u00e0 partir de mat\u00e9riaux sans BPA de haute qualit\u00e9, elles sont id\u00e9ales pour \u00eatre personnalis\u00e9es avec votre logo ou design. Parfaites pour des cadeaux d\u2019entreprise, des promotions en salle de sport ou des \u00e9v\u00e9nements d\u2019\u00e9quipe. Commandez en gros d\u00e8s aujourd\u2019hui pour obtenir vos bouteilles de sport personnalis\u00e9es pour votre prochain \u00e9v\u00e9nement !<\/p>\n<p class=\"\" data-start=\"686\" data-end=\"1002\">\n","protected":false},"featured_media":19462,"template":"","meta":{"om_disable_all_campaigns":false},"product_brand":[],"product_cat":[283],"product_tag":[],"class_list":{"0":"post-19618","1":"product","2":"type-product","3":"status-publish","4":"has-post-thumbnail","6":"product_cat-gourde-en-acier-inoxydable","8":"first","9":"instock","10":"shipping-taxable","11":"product-type-simple"},"_links":{"self":[{"href":"https:\/\/www.cupssupplier.com\/fr\/wp-json\/wp\/v2\/product\/19618","targetHints":{"allow":["GET"]}}],"collection":[{"href":"https:\/\/www.cupssupplier.com\/fr\/wp-json\/wp\/v2\/product"}],"about":[{"href":"https:\/\/www.cupssupplier.com\/fr\/wp-json\/wp\/v2\/types\/product"}],"wp:featuredmedia":[{"embeddable":true,"href":"https:\/\/www.cupssupplier.com\/fr\/wp-json\/wp\/v2\/media\/19462"}],"wp:attachment":[{"href":"https:\/\/www.cupssupplier.com\/fr\/wp-json\/wp\/v2\/media?parent=19618"}],"wp:term":[{"taxonomy":"product_brand","embeddable":true,"href":"https:\/\/www.cupssupplier.com\/fr\/wp-json\/wp\/v2\/product_brand?post=19618"},{"taxonomy":"product_cat","embeddable":true,"href":"https:\/\/www.cupssupplier.com\/fr\/wp-json\/wp\/v2\/product_cat?post=19618"},{"taxonomy":"product_tag","embeddable":true,"href":"https:\/\/www.cupssupplier.com\/fr\/wp-json\/wp\/v2\/product_tag?post=19618"}],"curies":[{"name":"wp","href":"https:\/\/api.w.org\/{rel}","templated":true}]}}