{"id":19307,"date":"2025-02-19T01:34:36","date_gmt":"2025-02-19T06:34:36","guid":{"rendered":"https:\/\/www.cupssupplier.com\/product\/custom-stainless-steel-coffee-mug\/"},"modified":"2025-05-03T05:07:25","modified_gmt":"2025-05-03T09:07:25","slug":"custom-stainless-steel-coffee-mug","status":"publish","type":"product","link":"https:\/\/www.cupssupplier.com\/fr\/custom-stainless-steel-coffee-mug\/","title":{"rendered":"Mug \u00e0 Caf\u00e9 Personnalis\u00e9 en Acier Inoxydable"},"content":{"rendered":"<p data-start=\"490\" data-end=\"651\">Notre <strong data-start=\"494\" data-end=\"531\">mug \u00e0 caf\u00e9 en acier inoxydable <\/strong>personnalis\u00e9 allie fonctionnalit\u00e9 et personnalisation, en faisant un incontournable pour vos pauses caf\u00e9 ou vos campagnes promotionnelles :<\/p>\n<ul data-start=\"653\" data-end=\"1449\">\n<li data-start=\"653\" data-end=\"763\"><strong data-start=\"655\" data-end=\"687\">Acier Inoxydable de Haute Qualit\u00e9 :<\/strong> Durable, r\u00e9sistant \u00e0 la rouille et con\u00e7u pour durer, assurant une longue dur\u00e9e de vie.<\/li>\n<li data-start=\"764\" data-end=\"904\"><strong data-start=\"766\" data-end=\"809\">Temp\u00e9rature Id\u00e9ale Prolong\u00e9e :<\/strong> Conserve vos boissons chaudes ou froides \u00e0 la temp\u00e9rature parfaite pour un plaisir prolong\u00e9.<\/li>\n<li data-start=\"905\" data-end=\"1054\"><strong data-start=\"907\" data-end=\"930\">Design Personnalisable : <\/strong>Ajoutez votre logo, slogan ou design unique \u2013 parfait pour un article promotionnel, un cadeau ou un produit de vente.<\/li>\n<li data-start=\"1055\" data-end=\"1176\"><strong data-start=\"1057\" data-end=\"1084\">\u00c9cologique &amp; R\u00e9utilisable : <\/strong>Une alternative durable aux gobelets jetables, r\u00e9duisant les d\u00e9chets tout en valorisant votre marque.<\/li>\n<li data-start=\"1177\" data-end=\"1317\"><strong data-start=\"1179\" data-end=\"1210\">Confortable &amp; Facile \u00e0 Transporter : <\/strong>Poign\u00e9e \u00e9l\u00e9gante et design ergonomique pour une utilisation agr\u00e9able \u00e0 la maison, au bureau ou en d\u00e9placement.<\/li>\n<li data-start=\"1318\" data-end=\"1449\"><strong data-start=\"1320\" data-end=\"1355\">Id\u00e9al pour les Cadeaux &amp; Entreprises : <\/strong>Parfait pour les cadeaux clients, les \u00e9v\u00e9nements ou les cadeaux d\u2019entreprise \u2013 pour laisser une impression durable.<\/li>\n<\/ul>\n<p><img loading=\"lazy\" decoding=\"async\" class=\"wp-image-16172 size-full aligncenter\" src=\"https:\/\/www.cupssupplier.com\/wp-content\/uploads\/2025\/02\/1-22.webp\" alt=\"custom stainless steel coffee mug\" width=\"800\" height=\"1829\" srcset=\"https:\/\/www.cupssupplier.com\/wp-content\/uploads\/2025\/02\/1-22.webp 800w, https:\/\/www.cupssupplier.com\/wp-content\/uploads\/2025\/02\/1-22-131x300.webp 131w, https:\/\/www.cupssupplier.com\/wp-content\/uploads\/2025\/02\/1-22-448x1024.webp 448w, https:\/\/www.cupssupplier.com\/wp-content\/uploads\/2025\/02\/1-22-768x1756.webp 768w, https:\/\/www.cupssupplier.com\/wp-content\/uploads\/2025\/02\/1-22-672x1536.webp 672w, https:\/\/www.cupssupplier.com\/wp-content\/uploads\/2025\/02\/1-22-300x686.webp 300w, https:\/\/www.cupssupplier.com\/wp-content\/uploads\/2025\/02\/1-22-600x1372.webp 600w\" sizes=\"auto, (max-width: 800px) 100vw, 800px\" title=\"\"><\/p>\n<p><img loading=\"lazy\" decoding=\"async\" class=\"wp-image-16173 size-full aligncenter\" src=\"https:\/\/www.cupssupplier.com\/wp-content\/uploads\/2025\/02\/2-22.webp\" alt=\"custom stainless steel coffee mug\" width=\"789\" height=\"1245\" srcset=\"https:\/\/www.cupssupplier.com\/wp-content\/uploads\/2025\/02\/2-22.webp 789w, https:\/\/www.cupssupplier.com\/wp-content\/uploads\/2025\/02\/2-22-190x300.webp 190w, https:\/\/www.cupssupplier.com\/wp-content\/uploads\/2025\/02\/2-22-649x1024.webp 649w, https:\/\/www.cupssupplier.com\/wp-content\/uploads\/2025\/02\/2-22-768x1212.webp 768w, https:\/\/www.cupssupplier.com\/wp-content\/uploads\/2025\/02\/2-22-300x473.webp 300w, https:\/\/www.cupssupplier.com\/wp-content\/uploads\/2025\/02\/2-22-600x947.webp 600w\" sizes=\"auto, (max-width: 789px) 100vw, 789px\" title=\"\"><\/p>\n<p><img loading=\"lazy\" decoding=\"async\" class=\"wp-image-16174 size-full aligncenter\" src=\"https:\/\/www.cupssupplier.com\/wp-content\/uploads\/2025\/02\/3-23.webp\" alt=\"custom stainless steel coffee mug\" width=\"800\" height=\"1195\" srcset=\"https:\/\/www.cupssupplier.com\/wp-content\/uploads\/2025\/02\/3-23.webp 800w, https:\/\/www.cupssupplier.com\/wp-content\/uploads\/2025\/02\/3-23-201x300.webp 201w, https:\/\/www.cupssupplier.com\/wp-content\/uploads\/2025\/02\/3-23-686x1024.webp 686w, https:\/\/www.cupssupplier.com\/wp-content\/uploads\/2025\/02\/3-23-768x1147.webp 768w, https:\/\/www.cupssupplier.com\/wp-content\/uploads\/2025\/02\/3-23-300x448.webp 300w, https:\/\/www.cupssupplier.com\/wp-content\/uploads\/2025\/02\/3-23-600x896.webp 600w\" sizes=\"auto, (max-width: 800px) 100vw, 800px\" title=\"\"><\/p>\n<p>Parfait pour les entreprises, bureaux, caf\u00e9s et \u00e9v\u00e9nements promotionnels, le <strong data-start=\"1519\" data-end=\"1556\">mug \u00e0 caf\u00e9 en acier inoxydable personnalis\u00e9<\/strong> est disponible en gros avec options de personnalisation. <strong data-start=\"1574\" data-end=\"1607\">Commandez d\u00e8s aujourd\u2019hui en quantit\u00e9 et mettez votre marque en avant !<br \/><\/strong><strong data-start=\"1609\" data-end=\"1678\">Savourez vos boissons pr\u00e9f\u00e9r\u00e9es avec style gr\u00e2ce \u00e0 notre mug \u00e0 caf\u00e9 en acier inoxydable personnalis\u00e9 !<\/strong><\/p>\n","protected":false},"excerpt":{"rendered":"<p>Savourez vos boissons pr\u00e9f\u00e9r\u00e9es avec style gr\u00e2ce \u00e0 notre <strong data-start=\"78\" data-end=\"115\">mug \u00e0 caf\u00e9 personnalis\u00e9 en acier inoxydable <\/strong>! Fabriqu\u00e9 \u00e0 partir d\u2019un acier inoxydable de haute qualit\u00e9, ce mug est parfait pour les boissons chaudes comme froides, en maintenant leur temp\u00e9rature id\u00e9ale plus longtemps. Parfait pour le branding, les cadeaux d\u2019entreprise et un usage personnel, il peut \u00eatre personnalis\u00e9 avec votre logo ou design unique.  <strong data-start=\"369\" data-end=\"455\">Commandez d\u00e8s maintenant en gros et personnalisez vos mugs pour votre prochaine promotion ou \u00e9v\u00e9nement !<\/strong><\/p>\n","protected":false},"featured_media":19309,"template":"","meta":{"om_disable_all_campaigns":false},"product_brand":[],"product_cat":[284],"product_tag":[],"class_list":{"0":"post-19307","1":"product","2":"type-product","3":"status-publish","4":"has-post-thumbnail","6":"product_cat-gobelet","8":"first","9":"instock","10":"shipping-taxable","11":"product-type-simple"},"_links":{"self":[{"href":"https:\/\/www.cupssupplier.com\/fr\/wp-json\/wp\/v2\/product\/19307","targetHints":{"allow":["GET"]}}],"collection":[{"href":"https:\/\/www.cupssupplier.com\/fr\/wp-json\/wp\/v2\/product"}],"about":[{"href":"https:\/\/www.cupssupplier.com\/fr\/wp-json\/wp\/v2\/types\/product"}],"wp:featuredmedia":[{"embeddable":true,"href":"https:\/\/www.cupssupplier.com\/fr\/wp-json\/wp\/v2\/media\/19309"}],"wp:attachment":[{"href":"https:\/\/www.cupssupplier.com\/fr\/wp-json\/wp\/v2\/media?parent=19307"}],"wp:term":[{"taxonomy":"product_brand","embeddable":true,"href":"https:\/\/www.cupssupplier.com\/fr\/wp-json\/wp\/v2\/product_brand?post=19307"},{"taxonomy":"product_cat","embeddable":true,"href":"https:\/\/www.cupssupplier.com\/fr\/wp-json\/wp\/v2\/product_cat?post=19307"},{"taxonomy":"product_tag","embeddable":true,"href":"https:\/\/www.cupssupplier.com\/fr\/wp-json\/wp\/v2\/product_tag?post=19307"}],"curies":[{"name":"wp","href":"https:\/\/api.w.org\/{rel}","templated":true}]}}