{"id":19151,"date":"2025-02-24T04:16:08","date_gmt":"2025-02-24T09:16:08","guid":{"rendered":"https:\/\/www.cupssupplier.com\/product\/personalized-stainless-steel-coffee-travel-mugs\/"},"modified":"2025-05-03T03:26:56","modified_gmt":"2025-05-03T07:26:56","slug":"personalized-stainless-steel-coffee-travel-mugs","status":"publish","type":"product","link":"https:\/\/www.cupssupplier.com\/fr\/personalized-stainless-steel-coffee-travel-mugs\/","title":{"rendered":"Mugs de Voyage en Acier Inoxydable Personnalis\u00e9s pour le Caf\u00e9"},"content":{"rendered":"<p class=\"\" data-start=\"151\" data-end=\"492\">Achetez des mugs de voyage en acier inoxydable personnalis\u00e9s \u2013 parfaits pour les cadeaux d\u2019entreprise, les \u00e9v\u00e9nements ou un usage quotidien ! Personnalisez-les avec votre logo pour cr\u00e9er des articles uniques. Commandez en gros d\u00e8s aujourd\u2019hui !<\/p>\n<p class=\"\" data-start=\"494\" data-end=\"693\">Les Mugs de Voyage en Acier Inoxydable Personnalis\u00e9s sont la combinaison parfaite de commodit\u00e9, de style et de fonctionnalit\u00e9. Parfaits pour offrir, pour des \u00e9v\u00e9nements ou pour votre caf\u00e9 quotidien :<\/p>\n<ul data-start=\"695\" data-end=\"1504\">\n<li class=\"\" data-start=\"695\" data-end=\"850\">\n<p class=\"\" data-start=\"697\" data-end=\"850\"><strong data-start=\"697\" data-end=\"755\">Construction en acier inoxydable de qualit\u00e9 sup\u00e9rieure<\/strong> : R\u00e9sistants, anti-rouille et durables, ces mugs sont con\u00e7us pour une utilisation quotidienne.<\/p>\n<\/li>\n<li class=\"\" data-start=\"851\" data-end=\"1003\">\n<p class=\"\" data-start=\"853\" data-end=\"1003\"><strong data-start=\"853\" data-end=\"881\">R\u00e9tention de temp\u00e9rature<\/strong> : Gardez votre caf\u00e9 chaud pendant jusqu\u2019\u00e0 8 heures ou vos boissons fra\u00eeches pendant jusqu\u2019\u00e0 12 heures, o\u00f9 que vous soyez.<\/p>\n<\/li>\n<li class=\"\" data-start=\"1004\" data-end=\"1141\">\n<p class=\"\" data-start=\"1006\" data-end=\"1141\"><strong data-start=\"1006\" data-end=\"1032\">Design personnalisable<\/strong> : Ajoutez votre logo, slogan ou visuel pour des cadeaux personnalis\u00e9s ou des produits promotionnels uniques.<\/p>\n<\/li>\n<li class=\"\" data-start=\"1142\" data-end=\"1274\">\n<p class=\"\" data-start=\"1144\" data-end=\"1274\"><strong data-start=\"1144\" data-end=\"1174\">\u00c9cologique et r\u00e9utilisable<\/strong> : Une alternative durable aux gobelets jetables, r\u00e9duisant les d\u00e9chets et promouvant la durabilit\u00e9.<\/p>\n<\/li>\n<li class=\"\" data-start=\"1275\" data-end=\"1375\">\n<p class=\"\" data-start=\"1277\" data-end=\"1375\"><strong data-start=\"1277\" data-end=\"1310\">\u00c9tanche et anti-\u00e9claboussures<\/strong> : Le couvercle s\u00e9curis\u00e9 emp\u00eache les fuites, m\u00eame en d\u00e9placement.<\/p>\n<\/li>\n<li class=\"\" data-start=\"1376\" data-end=\"1504\">\n<p class=\"\" data-start=\"1378\" data-end=\"1504\"><strong data-start=\"1378\" data-end=\"1402\">Portable et pratique<\/strong> : Avec une poign\u00e9e confortable et un design adapt\u00e9 aux porte-gobelets, emportez vos boissons partout.<\/p>\n<\/li>\n<\/ul>\n<p><img loading=\"lazy\" decoding=\"async\" class=\"aligncenter wp-image-16204 \" src=\"https:\/\/www.cupssupplier.com\/wp-content\/uploads\/2025\/02\/1-25.webp\" alt=\"personalized stainless steel coffee travel mugs\" width=\"750\" height=\"464\" srcset=\"https:\/\/www.cupssupplier.com\/wp-content\/uploads\/2025\/02\/1-25.webp 970w, https:\/\/www.cupssupplier.com\/wp-content\/uploads\/2025\/02\/1-25-300x186.webp 300w, https:\/\/www.cupssupplier.com\/wp-content\/uploads\/2025\/02\/1-25-768x475.webp 768w, https:\/\/www.cupssupplier.com\/wp-content\/uploads\/2025\/02\/1-25-600x371.webp 600w\" sizes=\"auto, (max-width: 750px) 100vw, 750px\" title=\"\"><img loading=\"lazy\" decoding=\"async\" class=\"wp-image-16205 size-full aligncenter\" src=\"https:\/\/www.cupssupplier.com\/wp-content\/uploads\/2025\/02\/2-26.webp\" alt=\"personalized stainless steel coffee travel mugs\" width=\"750\" height=\"750\" srcset=\"https:\/\/www.cupssupplier.com\/wp-content\/uploads\/2025\/02\/2-26.webp 750w, https:\/\/www.cupssupplier.com\/wp-content\/uploads\/2025\/02\/2-26-300x300.webp 300w, https:\/\/www.cupssupplier.com\/wp-content\/uploads\/2025\/02\/2-26-150x150.webp 150w, https:\/\/www.cupssupplier.com\/wp-content\/uploads\/2025\/02\/2-26-600x600.webp 600w, https:\/\/www.cupssupplier.com\/wp-content\/uploads\/2025\/02\/2-26-100x100.webp 100w\" sizes=\"auto, (max-width: 750px) 100vw, 750px\" title=\"\"><img loading=\"lazy\" decoding=\"async\" class=\"wp-image-16206 aligncenter\" src=\"https:\/\/www.cupssupplier.com\/wp-content\/uploads\/2025\/02\/3-27.webp\" alt=\"personalized stainless steel coffee travel mugs\" width=\"750\" height=\"750\" srcset=\"https:\/\/www.cupssupplier.com\/wp-content\/uploads\/2025\/02\/3-27.webp 800w, https:\/\/www.cupssupplier.com\/wp-content\/uploads\/2025\/02\/3-27-300x300.webp 300w, https:\/\/www.cupssupplier.com\/wp-content\/uploads\/2025\/02\/3-27-150x150.webp 150w, https:\/\/www.cupssupplier.com\/wp-content\/uploads\/2025\/02\/3-27-768x768.webp 768w, https:\/\/www.cupssupplier.com\/wp-content\/uploads\/2025\/02\/3-27-600x600.webp 600w, https:\/\/www.cupssupplier.com\/wp-content\/uploads\/2025\/02\/3-27-100x100.webp 100w\" sizes=\"auto, (max-width: 750px) 100vw, 750px\" title=\"\"><img loading=\"lazy\" decoding=\"async\" class=\"wp-image-16208 aligncenter\" src=\"https:\/\/www.cupssupplier.com\/wp-content\/uploads\/2025\/02\/5-20.webp\" alt=\"personalized stainless steel coffee travel mugs\" width=\"750\" height=\"750\" srcset=\"https:\/\/www.cupssupplier.com\/wp-content\/uploads\/2025\/02\/5-20.webp 800w, https:\/\/www.cupssupplier.com\/wp-content\/uploads\/2025\/02\/5-20-300x300.webp 300w, https:\/\/www.cupssupplier.com\/wp-content\/uploads\/2025\/02\/5-20-150x150.webp 150w, https:\/\/www.cupssupplier.com\/wp-content\/uploads\/2025\/02\/5-20-768x768.webp 768w, https:\/\/www.cupssupplier.com\/wp-content\/uploads\/2025\/02\/5-20-600x600.webp 600w, https:\/\/www.cupssupplier.com\/wp-content\/uploads\/2025\/02\/5-20-100x100.webp 100w\" sizes=\"auto, (max-width: 750px) 100vw, 750px\" title=\"\"><img loading=\"lazy\" decoding=\"async\" class=\"wp-image-16209 aligncenter\" src=\"https:\/\/www.cupssupplier.com\/wp-content\/uploads\/2025\/02\/6-17-1024x1024.webp\" alt=\"personalized stainless steel coffee travel mugs\" width=\"750\" height=\"750\" srcset=\"https:\/\/www.cupssupplier.com\/wp-content\/uploads\/2025\/02\/6-17-1024x1024.webp 1024w, https:\/\/www.cupssupplier.com\/wp-content\/uploads\/2025\/02\/6-17-300x300.webp 300w, https:\/\/www.cupssupplier.com\/wp-content\/uploads\/2025\/02\/6-17-150x150.webp 150w, https:\/\/www.cupssupplier.com\/wp-content\/uploads\/2025\/02\/6-17-768x768.webp 768w, https:\/\/www.cupssupplier.com\/wp-content\/uploads\/2025\/02\/6-17-600x600.webp 600w, https:\/\/www.cupssupplier.com\/wp-content\/uploads\/2025\/02\/6-17-100x100.webp 100w, https:\/\/www.cupssupplier.com\/wp-content\/uploads\/2025\/02\/6-17.webp 1200w\" sizes=\"auto, (max-width: 750px) 100vw, 750px\" title=\"\"><img loading=\"lazy\" decoding=\"async\" class=\"wp-image-16210 aligncenter\" src=\"https:\/\/www.cupssupplier.com\/wp-content\/uploads\/2025\/02\/7-1-1024x1024.webp\" alt=\"personalized stainless steel coffee travel mugs\" width=\"750\" height=\"750\" srcset=\"https:\/\/www.cupssupplier.com\/wp-content\/uploads\/2025\/02\/7-1-1024x1024.webp 1024w, https:\/\/www.cupssupplier.com\/wp-content\/uploads\/2025\/02\/7-1-300x300.webp 300w, https:\/\/www.cupssupplier.com\/wp-content\/uploads\/2025\/02\/7-1-150x150.webp 150w, https:\/\/www.cupssupplier.com\/wp-content\/uploads\/2025\/02\/7-1-768x768.webp 768w, https:\/\/www.cupssupplier.com\/wp-content\/uploads\/2025\/02\/7-1-600x600.webp 600w, https:\/\/www.cupssupplier.com\/wp-content\/uploads\/2025\/02\/7-1-100x100.webp 100w, https:\/\/www.cupssupplier.com\/wp-content\/uploads\/2025\/02\/7-1.webp 1500w\" sizes=\"auto, (max-width: 750px) 100vw, 750px\" title=\"\"><img loading=\"lazy\" decoding=\"async\" class=\"wp-image-16211 aligncenter\" src=\"https:\/\/www.cupssupplier.com\/wp-content\/uploads\/2025\/02\/8-1.webp\" alt=\"personalized stainless steel coffee travel mugs\" width=\"750\" height=\"750\" srcset=\"https:\/\/www.cupssupplier.com\/wp-content\/uploads\/2025\/02\/8-1.webp 800w, https:\/\/www.cupssupplier.com\/wp-content\/uploads\/2025\/02\/8-1-300x300.webp 300w, https:\/\/www.cupssupplier.com\/wp-content\/uploads\/2025\/02\/8-1-150x150.webp 150w, https:\/\/www.cupssupplier.com\/wp-content\/uploads\/2025\/02\/8-1-768x768.webp 768w, https:\/\/www.cupssupplier.com\/wp-content\/uploads\/2025\/02\/8-1-600x600.webp 600w, https:\/\/www.cupssupplier.com\/wp-content\/uploads\/2025\/02\/8-1-100x100.webp 100w\" sizes=\"auto, (max-width: 750px) 100vw, 750px\" title=\"\"><img loading=\"lazy\" decoding=\"async\" class=\"wp-image-16212 aligncenter\" src=\"https:\/\/www.cupssupplier.com\/wp-content\/uploads\/2025\/02\/10-1.webp\" alt=\"personalized stainless steel coffee travel mugs\" width=\"750\" height=\"750\" srcset=\"https:\/\/www.cupssupplier.com\/wp-content\/uploads\/2025\/02\/10-1.webp 800w, https:\/\/www.cupssupplier.com\/wp-content\/uploads\/2025\/02\/10-1-300x300.webp 300w, https:\/\/www.cupssupplier.com\/wp-content\/uploads\/2025\/02\/10-1-150x150.webp 150w, https:\/\/www.cupssupplier.com\/wp-content\/uploads\/2025\/02\/10-1-768x768.webp 768w, https:\/\/www.cupssupplier.com\/wp-content\/uploads\/2025\/02\/10-1-600x600.webp 600w, https:\/\/www.cupssupplier.com\/wp-content\/uploads\/2025\/02\/10-1-100x100.webp 100w\" sizes=\"auto, (max-width: 750px) 100vw, 750px\" title=\"\"><\/p>\n<p>&nbsp;<\/p>\n<p data-start=\"1675\" data-end=\"1982\">Id\u00e9al pour les entreprises, \u00e9v\u00e9nements, caf\u00e9s ou toute personne souhaitant offrir un cadeau personnalis\u00e9 ou promouvoir sa marque. Disponible en gros avec personnalisation. Commandez d\u00e8s aujourd\u2019hui pour votre prochaine campagne promotionnelle !<\/p>\n","protected":false},"excerpt":{"rendered":"<p>Con\u00e7us pour les professionnels occup\u00e9s ou les voyageurs, ces mugs \u00e9l\u00e9gants et durables conservent vos boissons \u00e0 la temp\u00e9rature id\u00e9ale o\u00f9 que vous soyez. Fabriqu\u00e9s en acier inoxydable de haute qualit\u00e9, ils sont enti\u00e8rement personnalisables avec votre logo ou design. Que ce soit pour des cadeaux d\u2019entreprise, des \u00e9v\u00e9nements ou un usage personnel, ces mugs sont une solution \u00e9l\u00e9gante et \u00e9cologique. Commandez en gros d\u00e8s maintenant et personnalisez vos mugs pour votre prochaine campagne promotionnelle !<\/p>\n","protected":false},"featured_media":19153,"template":"","meta":{"om_disable_all_campaigns":false},"product_brand":[],"product_cat":[284],"product_tag":[],"class_list":{"0":"post-19151","1":"product","2":"type-product","3":"status-publish","4":"has-post-thumbnail","6":"product_cat-gobelet","8":"first","9":"instock","10":"shipping-taxable","11":"product-type-simple"},"_links":{"self":[{"href":"https:\/\/www.cupssupplier.com\/fr\/wp-json\/wp\/v2\/product\/19151","targetHints":{"allow":["GET"]}}],"collection":[{"href":"https:\/\/www.cupssupplier.com\/fr\/wp-json\/wp\/v2\/product"}],"about":[{"href":"https:\/\/www.cupssupplier.com\/fr\/wp-json\/wp\/v2\/types\/product"}],"wp:featuredmedia":[{"embeddable":true,"href":"https:\/\/www.cupssupplier.com\/fr\/wp-json\/wp\/v2\/media\/19153"}],"wp:attachment":[{"href":"https:\/\/www.cupssupplier.com\/fr\/wp-json\/wp\/v2\/media?parent=19151"}],"wp:term":[{"taxonomy":"product_brand","embeddable":true,"href":"https:\/\/www.cupssupplier.com\/fr\/wp-json\/wp\/v2\/product_brand?post=19151"},{"taxonomy":"product_cat","embeddable":true,"href":"https:\/\/www.cupssupplier.com\/fr\/wp-json\/wp\/v2\/product_cat?post=19151"},{"taxonomy":"product_tag","embeddable":true,"href":"https:\/\/www.cupssupplier.com\/fr\/wp-json\/wp\/v2\/product_tag?post=19151"}],"curies":[{"name":"wp","href":"https:\/\/api.w.org\/{rel}","templated":true}]}}