{"id":18871,"date":"2025-02-26T02:59:52","date_gmt":"2025-02-26T07:59:52","guid":{"rendered":"https:\/\/www.cupssupplier.com\/product\/custom-stainless-steel-travel-mugs\/"},"modified":"2025-04-24T02:33:56","modified_gmt":"2025-04-24T06:33:56","slug":"custom-stainless-steel-travel-mugs","status":"publish","type":"product","link":"https:\/\/www.cupssupplier.com\/fr\/custom-stainless-steel-travel-mugs\/","title":{"rendered":"Mugs de Voyage Personnalis\u00e9s en Acier Inoxydable"},"content":{"rendered":"<p class=\"\" data-start=\"126\" data-end=\"178\"><strong data-start=\"126\" data-end=\"178\">Mugs de Voyage Personnalis\u00e9s en Acier Inoxydable<\/strong><\/p>\n<p class=\"\" data-start=\"180\" data-end=\"530\">Donnez un coup de boost \u00e0 votre marque avec nos mugs de voyage personnalis\u00e9s en acier inoxydable, la solution \u00e9cologique et r\u00e9utilisable id\u00e9ale pour les entreprises, les \u00e9v\u00e9nements et l\u2019usage quotidien. Que ce soit pour le branding d\u2019entreprise, les articles promotionnels ou la vente au d\u00e9tail, ces mugs haut de gamme sont con\u00e7us pour impressionner.<\/p>\n<p class=\"\" data-start=\"532\" data-end=\"566\"><strong data-start=\"532\" data-end=\"566\">Caract\u00e9ristiques principales :<\/strong><\/p>\n<p class=\"\" data-start=\"568\" data-end=\"1194\">\u2705 <strong data-start=\"570\" data-end=\"608\">Isolation sous vide \u00e0 double paroi<\/strong> \u2013 Garde les boissons chaudes pendant 6 heures et froides pendant 12 heures.<br data-start=\"684\" data-end=\"687\" \/>\u2705 <strong data-start=\"689\" data-end=\"729\">Mat\u00e9riau en acier inoxydable durable<\/strong> \u2013 Sans BPA, r\u00e9sistant \u00e0 la rouille, con\u00e7u pour une utilisation longue dur\u00e9e.<br data-start=\"806\" data-end=\"809\" \/>\u2705 <strong data-start=\"811\" data-end=\"854\">Couvercle \u00e9tanche et anti-\u00e9claboussures<\/strong> \u2013 Pratique et s\u00e9curis\u00e9 pour les d\u00e9placements, le bureau ou les aventures en plein air.<br data-start=\"941\" data-end=\"944\" \/>\u2705 <strong data-start=\"946\" data-end=\"977\">Personnalisation sur mesure<\/strong> \u2013 Ajoutez votre logo, texte ou design pour un cadeau promotionnel ou un produit de revente unique.<br data-start=\"1076\" data-end=\"1079\" \/>\u2705 <strong data-start=\"1081\" data-end=\"1111\">\u00c9cologique et r\u00e9utilisable<\/strong> \u2013 R\u00e9duisez les plastiques \u00e0 usage unique avec une alternative \u00e9l\u00e9gante et durable.<\/p>\n<p><img loading=\"lazy\" decoding=\"async\" class=\"wp-image-16237 size-full aligncenter\" src=\"https:\/\/www.cupssupplier.com\/wp-content\/uploads\/2025\/02\/3-30.webp\" alt=\"personalized stainless steel coffee travel mugs\" width=\"800\" height=\"800\" srcset=\"https:\/\/www.cupssupplier.com\/wp-content\/uploads\/2025\/02\/3-30.webp 800w, https:\/\/www.cupssupplier.com\/wp-content\/uploads\/2025\/02\/3-30-300x300.webp 300w, https:\/\/www.cupssupplier.com\/wp-content\/uploads\/2025\/02\/3-30-150x150.webp 150w, https:\/\/www.cupssupplier.com\/wp-content\/uploads\/2025\/02\/3-30-768x768.webp 768w, https:\/\/www.cupssupplier.com\/wp-content\/uploads\/2025\/02\/3-30-600x600.webp 600w, https:\/\/www.cupssupplier.com\/wp-content\/uploads\/2025\/02\/3-30-100x100.webp 100w\" sizes=\"auto, (max-width: 800px) 100vw, 800px\" title=\"\"><img loading=\"lazy\" decoding=\"async\" class=\"wp-image-16236 size-full aligncenter\" src=\"https:\/\/www.cupssupplier.com\/wp-content\/uploads\/2025\/02\/2-29.webp\" alt=\"personalized stainless steel coffee travel mugs\" width=\"800\" height=\"800\" srcset=\"https:\/\/www.cupssupplier.com\/wp-content\/uploads\/2025\/02\/2-29.webp 800w, https:\/\/www.cupssupplier.com\/wp-content\/uploads\/2025\/02\/2-29-300x300.webp 300w, https:\/\/www.cupssupplier.com\/wp-content\/uploads\/2025\/02\/2-29-150x150.webp 150w, https:\/\/www.cupssupplier.com\/wp-content\/uploads\/2025\/02\/2-29-768x768.webp 768w, https:\/\/www.cupssupplier.com\/wp-content\/uploads\/2025\/02\/2-29-600x600.webp 600w, https:\/\/www.cupssupplier.com\/wp-content\/uploads\/2025\/02\/2-29-100x100.webp 100w\" sizes=\"auto, (max-width: 800px) 100vw, 800px\" title=\"\"><img loading=\"lazy\" decoding=\"async\" class=\"wp-image-16235 size-full aligncenter\" src=\"https:\/\/www.cupssupplier.com\/wp-content\/uploads\/2025\/02\/1-27.webp\" alt=\"personalized stainless steel coffee travel mugs\" width=\"800\" height=\"800\" srcset=\"https:\/\/www.cupssupplier.com\/wp-content\/uploads\/2025\/02\/1-27.webp 800w, https:\/\/www.cupssupplier.com\/wp-content\/uploads\/2025\/02\/1-27-300x300.webp 300w, https:\/\/www.cupssupplier.com\/wp-content\/uploads\/2025\/02\/1-27-150x150.webp 150w, https:\/\/www.cupssupplier.com\/wp-content\/uploads\/2025\/02\/1-27-768x768.webp 768w, https:\/\/www.cupssupplier.com\/wp-content\/uploads\/2025\/02\/1-27-600x600.webp 600w, https:\/\/www.cupssupplier.com\/wp-content\/uploads\/2025\/02\/1-27-100x100.webp 100w\" sizes=\"auto, (max-width: 800px) 100vw, 800px\" title=\"\"><\/p>\n<p><img loading=\"lazy\" decoding=\"async\" class=\"wp-image-16240 size-full aligncenter\" src=\"https:\/\/www.cupssupplier.com\/wp-content\/uploads\/2025\/02\/6-20.webp\" alt=\"personalized stainless steel coffee travel mugs\" width=\"800\" height=\"800\" srcset=\"https:\/\/www.cupssupplier.com\/wp-content\/uploads\/2025\/02\/6-20.webp 800w, https:\/\/www.cupssupplier.com\/wp-content\/uploads\/2025\/02\/6-20-300x300.webp 300w, https:\/\/www.cupssupplier.com\/wp-content\/uploads\/2025\/02\/6-20-150x150.webp 150w, https:\/\/www.cupssupplier.com\/wp-content\/uploads\/2025\/02\/6-20-768x768.webp 768w, https:\/\/www.cupssupplier.com\/wp-content\/uploads\/2025\/02\/6-20-600x600.webp 600w, https:\/\/www.cupssupplier.com\/wp-content\/uploads\/2025\/02\/6-20-100x100.webp 100w\" sizes=\"auto, (max-width: 800px) 100vw, 800px\" title=\"\"><\/p>\n<p class=\"\" data-start=\"1196\" data-end=\"1378\">Parfaits pour les entreprises, les caf\u00e9s, les marques de fitness et les cadeaux d\u2019entreprise, ces mugs personnalis\u00e9s sont un moyen pratique et \u00e9l\u00e9gant de faire rayonner votre marque.<\/p>\n<p class=\"\" data-start=\"1380\" data-end=\"1481\">\ud83d\ude80 <strong data-start=\"1383\" data-end=\"1478\">Commandes en gros &amp; personnalisation disponibles \u2013 Personnalisez vos mugs d\u00e8s aujourd\u2019hui !<\/strong> \ud83d\ude80<\/p>\n","protected":false},"excerpt":{"rendered":"<p>Am\u00e9liorez votre exp\u00e9rience nomade avec nos mugs de voyage personnalis\u00e9s en acier inoxydable. Con\u00e7us pour la durabilit\u00e9 et le style, ces mugs \u00e0 isolation double paroi gardent vos boissons chaudes jusqu\u2019\u00e0 6 heures et froides jusqu\u2019\u00e0 12 heures. Parfaits pour le caf\u00e9, le th\u00e9 ou toute autre boisson, ils sont dot\u00e9s d\u2019un couvercle anti-fuite, d\u2019une prise en main confortable et d\u2019un design \u00e9l\u00e9gant. Personnalisez-les avec votre logo, nom de marque ou design sur mesure \u2013 parfaits pour les cadeaux d\u2019affaires, les promotions ou la revente. Commandez en gros d\u00e8s aujourd\u2019hui et cr\u00e9ez vos propres mugs personnalis\u00e9s !<\/p>\n","protected":false},"featured_media":18873,"template":"","meta":{"om_disable_all_campaigns":false},"product_brand":[],"product_cat":[284],"product_tag":[],"class_list":{"0":"post-18871","1":"product","2":"type-product","3":"status-publish","4":"has-post-thumbnail","6":"product_cat-gobelet","8":"first","9":"instock","10":"shipping-taxable","11":"product-type-simple"},"_links":{"self":[{"href":"https:\/\/www.cupssupplier.com\/fr\/wp-json\/wp\/v2\/product\/18871","targetHints":{"allow":["GET"]}}],"collection":[{"href":"https:\/\/www.cupssupplier.com\/fr\/wp-json\/wp\/v2\/product"}],"about":[{"href":"https:\/\/www.cupssupplier.com\/fr\/wp-json\/wp\/v2\/types\/product"}],"wp:featuredmedia":[{"embeddable":true,"href":"https:\/\/www.cupssupplier.com\/fr\/wp-json\/wp\/v2\/media\/18873"}],"wp:attachment":[{"href":"https:\/\/www.cupssupplier.com\/fr\/wp-json\/wp\/v2\/media?parent=18871"}],"wp:term":[{"taxonomy":"product_brand","embeddable":true,"href":"https:\/\/www.cupssupplier.com\/fr\/wp-json\/wp\/v2\/product_brand?post=18871"},{"taxonomy":"product_cat","embeddable":true,"href":"https:\/\/www.cupssupplier.com\/fr\/wp-json\/wp\/v2\/product_cat?post=18871"},{"taxonomy":"product_tag","embeddable":true,"href":"https:\/\/www.cupssupplier.com\/fr\/wp-json\/wp\/v2\/product_tag?post=18871"}],"curies":[{"name":"wp","href":"https:\/\/api.w.org\/{rel}","templated":true}]}}