{"id":18738,"date":"2025-02-26T05:07:17","date_gmt":"2025-02-26T10:07:17","guid":{"rendered":"https:\/\/www.cupssupplier.com\/product\/tumbler-etanche-500ml\/"},"modified":"2025-04-24T00:59:29","modified_gmt":"2025-04-24T04:59:29","slug":"tumbler-etanche-500ml","status":"publish","type":"product","link":"https:\/\/www.cupssupplier.com\/fr\/tumbler-etanche-500ml\/","title":{"rendered":"Tumbler \u00c9tanche 500ml"},"content":{"rendered":"<p data-start=\"639\" data-end=\"974\"><strong>Tumbler \u00c9tanche 500ml<\/strong><\/p>\n<p data-start=\"639\" data-end=\"974\">Am\u00e9liorez votre exp\u00e9rience de boisson avec notre <strong data-start=\"671\" data-end=\"699\">Tumbler \u00c9tanche 500ml,<\/strong> <strong data-start=\"703\" data-end=\"735\">une solution \u00e9l\u00e9gante, durable<\/strong> et r\u00e9utilisable pour les amateurs de caf\u00e9, de th\u00e9 et les personnes actives. Que vous soyez en d\u00e9placement, \u00e0 l<strong data-start=\"883\" data-end=\"918\">a salle de sport ou en voyage,<\/strong> ce <strong data-start=\"928\" data-end=\"971\">tumbler garantit une exp\u00e9rience sans fuite ni d\u00e9sordre gr\u00e2ce \u00e0 son couvercle s\u00e9curis\u00e9 et son isolation sous vide.<\/strong><\/p>\n<h4 data-start=\"976\" data-end=\"1000\"><strong data-start=\"981\" data-end=\"998\">Caract\u00e9ristiques principales :<\/strong><\/h4>\n<p data-start=\"1001\" data-end=\"1525\">\u2705 <strong data-start=\"1003\" data-end=\"1036\">Isolation sous vide \u00e0 double paroi <\/strong>\u2013 Garde les boissons chaudes pendant <strong data-start=\"1055\" data-end=\"1074\">6 heures <\/strong>et froides<strong data-start=\"1079\" data-end=\"1100\"> pendant 12 heures.<br data-start=\"1101\" data-end=\"1104\" \/><\/strong>\u2705 <strong data-start=\"1106\" data-end=\"1142\">Acier inoxydable de qualit\u00e9 sup\u00e9rieure <\/strong>\u2013 Durable, sans BPA, r\u00e9sistant \u00e0 la rouille et aux odeurs.<br data-start=\"1196\" data-end=\"1199\" \/>\u2705 <strong data-start=\"1201\" data-end=\"1219\">Couvercle \u00e9tanche<\/strong> \u2013 Con\u00e7u pour boire sans d\u00e9versement et un transport facile.<br data-start=\"1276\" data-end=\"1279\" \/>\u2705 <strong data-start=\"1281\" data-end=\"1306\">Capacit\u00e9 de 500ml (17oz) <\/strong>\u2013 Taille id\u00e9ale pour l\u2019hydratation quotidienne.<br data-start=\"1348\" data-end=\"1351\" \/>\u2705 <strong data-start=\"1353\" data-end=\"1378\">Marquage personnalis\u00e9 disponible <\/strong>\u2013 Ajoutez des <strong data-start=\"1385\" data-end=\"1412\">logos, designs ou textes<\/strong> pour un usage promotionnel ou commercial.<br data-start=\"1443\" data-end=\"1446\" \/>\u2705 <strong data-start=\"1448\" data-end=\"1475\" data-is-only-node=\"\">\u00c9cologique et r\u00e9utilisable <\/strong>\u2013 Une alternative durable aux gobelets jetables.<\/p>\n<p><img loading=\"lazy\" decoding=\"async\" class=\"aligncenter wp-image-16259 \" src=\"https:\/\/www.cupssupplier.com\/wp-content\/uploads\/2025\/02\/9-3.webp\" alt=\"Gobelet \u00e9tanche de 500 ml\" width=\"800\" height=\"801\" srcset=\"https:\/\/www.cupssupplier.com\/wp-content\/uploads\/2025\/02\/9-3.webp 809w, https:\/\/www.cupssupplier.com\/wp-content\/uploads\/2025\/02\/9-3-300x300.webp 300w, https:\/\/www.cupssupplier.com\/wp-content\/uploads\/2025\/02\/9-3-150x150.webp 150w, https:\/\/www.cupssupplier.com\/wp-content\/uploads\/2025\/02\/9-3-768x769.webp 768w, https:\/\/www.cupssupplier.com\/wp-content\/uploads\/2025\/02\/9-3-600x601.webp 600w, https:\/\/www.cupssupplier.com\/wp-content\/uploads\/2025\/02\/9-3-100x100.webp 100w\" sizes=\"auto, (max-width: 800px) 100vw, 800px\" title=\"\"><img loading=\"lazy\" decoding=\"async\" class=\"aligncenter wp-image-16263 size-full\" src=\"https:\/\/www.cupssupplier.com\/wp-content\/uploads\/2025\/02\/2-31.webp\" alt=\"Gobelet \u00e9tanche de 500 ml\" width=\"800\" height=\"800\" srcset=\"https:\/\/www.cupssupplier.com\/wp-content\/uploads\/2025\/02\/2-31.webp 800w, https:\/\/www.cupssupplier.com\/wp-content\/uploads\/2025\/02\/2-31-300x300.webp 300w, https:\/\/www.cupssupplier.com\/wp-content\/uploads\/2025\/02\/2-31-150x150.webp 150w, https:\/\/www.cupssupplier.com\/wp-content\/uploads\/2025\/02\/2-31-768x768.webp 768w, https:\/\/www.cupssupplier.com\/wp-content\/uploads\/2025\/02\/2-31-600x600.webp 600w, https:\/\/www.cupssupplier.com\/wp-content\/uploads\/2025\/02\/2-31-100x100.webp 100w\" sizes=\"auto, (max-width: 800px) 100vw, 800px\" title=\"\"><img loading=\"lazy\" decoding=\"async\" class=\"aligncenter wp-image-16262 size-full\" src=\"https:\/\/www.cupssupplier.com\/wp-content\/uploads\/2025\/02\/1-29.webp\" alt=\"Gobelet \u00e9tanche de 500 ml\" width=\"800\" height=\"800\" srcset=\"https:\/\/www.cupssupplier.com\/wp-content\/uploads\/2025\/02\/1-29.webp 800w, https:\/\/www.cupssupplier.com\/wp-content\/uploads\/2025\/02\/1-29-300x300.webp 300w, https:\/\/www.cupssupplier.com\/wp-content\/uploads\/2025\/02\/1-29-150x150.webp 150w, https:\/\/www.cupssupplier.com\/wp-content\/uploads\/2025\/02\/1-29-768x768.webp 768w, https:\/\/www.cupssupplier.com\/wp-content\/uploads\/2025\/02\/1-29-600x600.webp 600w, https:\/\/www.cupssupplier.com\/wp-content\/uploads\/2025\/02\/1-29-100x100.webp 100w\" sizes=\"auto, (max-width: 800px) 100vw, 800px\" title=\"\"><img loading=\"lazy\" decoding=\"async\" class=\"wp-image-16260 size-full aligncenter\" src=\"https:\/\/www.cupssupplier.com\/wp-content\/uploads\/2025\/02\/10-2.webp\" alt=\"Gobelet \u00e9tanche de 500 ml\" width=\"800\" height=\"800\" srcset=\"https:\/\/www.cupssupplier.com\/wp-content\/uploads\/2025\/02\/10-2.webp 800w, https:\/\/www.cupssupplier.com\/wp-content\/uploads\/2025\/02\/10-2-300x300.webp 300w, https:\/\/www.cupssupplier.com\/wp-content\/uploads\/2025\/02\/10-2-150x150.webp 150w, https:\/\/www.cupssupplier.com\/wp-content\/uploads\/2025\/02\/10-2-768x768.webp 768w, https:\/\/www.cupssupplier.com\/wp-content\/uploads\/2025\/02\/10-2-600x600.webp 600w, https:\/\/www.cupssupplier.com\/wp-content\/uploads\/2025\/02\/10-2-100x100.webp 100w\" sizes=\"auto, (max-width: 800px) 100vw, 800px\" title=\"\"><\/p>\n<p data-start=\"1708\" data-end=\"1799\">Id\u00e9al pour les<strong data-start=\"1539\" data-end=\"1615\"> cadeaux d&rsquo;entreprise, les objets promotionnels, les caf\u00e9s et les marques sportives,<\/strong> ce tumbler allie<strong data-start=\"1639\" data-end=\"1666\"> fonctionnalit\u00e9 et style tout <\/strong>en promouvant un mode de vie \u00e9co-responsable.<\/p>\n<p data-start=\"1708\" data-end=\"1799\">\ud83d\ude80 <strong data-start=\"1711\" data-end=\"1794\">Commandes en gros &amp; personnalisation disponibles \u2013 Personnalisez vos tumblers d\u00e8s aujourd\u2019hui ! <\/strong>\ud83d\ude80<\/p>\n","protected":false},"excerpt":{"rendered":"<p>Restez hydrat\u00e9 sans effort avec notre <strong data-start=\"66\" data-end=\"94\">Tumbler \u00c9tanche 500ml<\/strong>, con\u00e7u pour une utilisation <strong data-start=\"109\" data-end=\"134\">nomade et une excellente<\/strong><strong data-start=\"139\" data-end=\"164\"> r\u00e9tention de temp\u00e9rature.<\/strong> Ce tumbler en <strong data-start=\"171\" data-end=\"198\">acier inoxydable <\/strong>est dot\u00e9 <strong data-start=\"208\" data-end=\"234\">d\u2019une isolation \u00e0 double paroi<\/strong>, gardant les boissons chaudes pendant 6 heures et froides <strong data-start=\"254\" data-end=\"279\">pendant 12 heures<\/strong>. Son <strong data-start=\"317\" data-end=\"335\">couvercle \u00e9tanche assure <\/strong>une utilisation sans d\u00e9versement \u2013 <strong data-start=\"284\" data-end=\"311\">id\u00e9al pour les voyages, le travail <\/strong>ou les activit\u00e9s en plein air.<br \/>\nPersonnalisez-le avec votre <strong data-start=\"448\" data-end=\"474\">logo, marque ou design<\/strong> \u2013 parfait pour les cadeaux promotionnels, <strong data-start=\"536\" data-end=\"604\">l\u2019image de marque d\u2019entreprise et la revente.<\/strong><\/p>\n","protected":false},"featured_media":18739,"template":"","meta":{"om_disable_all_campaigns":false},"product_brand":[],"product_cat":[284],"product_tag":[],"class_list":{"0":"post-18738","1":"product","2":"type-product","3":"status-publish","4":"has-post-thumbnail","6":"product_cat-gobelet","8":"first","9":"instock","10":"shipping-taxable","11":"product-type-simple"},"_links":{"self":[{"href":"https:\/\/www.cupssupplier.com\/fr\/wp-json\/wp\/v2\/product\/18738","targetHints":{"allow":["GET"]}}],"collection":[{"href":"https:\/\/www.cupssupplier.com\/fr\/wp-json\/wp\/v2\/product"}],"about":[{"href":"https:\/\/www.cupssupplier.com\/fr\/wp-json\/wp\/v2\/types\/product"}],"wp:featuredmedia":[{"embeddable":true,"href":"https:\/\/www.cupssupplier.com\/fr\/wp-json\/wp\/v2\/media\/18739"}],"wp:attachment":[{"href":"https:\/\/www.cupssupplier.com\/fr\/wp-json\/wp\/v2\/media?parent=18738"}],"wp:term":[{"taxonomy":"product_brand","embeddable":true,"href":"https:\/\/www.cupssupplier.com\/fr\/wp-json\/wp\/v2\/product_brand?post=18738"},{"taxonomy":"product_cat","embeddable":true,"href":"https:\/\/www.cupssupplier.com\/fr\/wp-json\/wp\/v2\/product_cat?post=18738"},{"taxonomy":"product_tag","embeddable":true,"href":"https:\/\/www.cupssupplier.com\/fr\/wp-json\/wp\/v2\/product_tag?post=18738"}],"curies":[{"name":"wp","href":"https:\/\/api.w.org\/{rel}","templated":true}]}}