{"id":17857,"date":"2025-03-03T00:23:58","date_gmt":"2025-03-03T05:23:58","guid":{"rendered":"https:\/\/www.cupssupplier.com\/product\/custom-logo-insulated-water-bottle\/"},"modified":"2025-04-22T01:22:49","modified_gmt":"2025-04-22T05:22:49","slug":"custom-logo-insulated-water-bottle","status":"publish","type":"product","link":"https:\/\/www.cupssupplier.com\/fr\/custom-logo-insulated-water-bottle\/","title":{"rendered":"Bouteille Isotherme Personnalis\u00e9e avec Logo"},"content":{"rendered":"<h3 class=\"\" data-start=\"105\" data-end=\"161\"><strong data-start=\"114\" data-end=\"161\">Bouteille Isotherme Personnalis\u00e9e avec Logo<\/strong><\/h3>\n<p class=\"\" data-start=\"163\" data-end=\"215\"><strong data-start=\"163\" data-end=\"215\">Couleurs et Options de Marquage Personnalisables<\/strong><\/p>\n<p class=\"\" data-start=\"217\" data-end=\"595\">Adaptez votre bouteille \u00e0 votre marque ! Nous proposons une large gamme de finitions sur mesure, notamment :<br data-start=\"325\" data-end=\"328\" \/>\u2705 Rev\u00eatement en poudre pour une prise en main \u00e9l\u00e9gante et durable<br data-start=\"393\" data-end=\"396\" \/>\u2705 Peintures m\u00e9talliques, mates ou nacr\u00e9es pour un rendu haut de gamme<br data-start=\"465\" data-end=\"468\" \/>\u2705 Impression de logo personnalis\u00e9e via impression UV, transfert papier ou transfert \u00e0 l\u2019eau pour un marquage haute d\u00e9finition<\/p>\n<p class=\"\" data-start=\"597\" data-end=\"630\"><strong data-start=\"597\" data-end=\"630\">Certifi\u00e9e S\u00fbre &amp; Usine Audit\u00e9<\/strong><\/p>\n<p class=\"\" data-start=\"632\" data-end=\"926\">Fabriqu\u00e9e selon les normes industrielles les plus strictes, notre bouteille est :<br data-start=\"713\" data-end=\"716\" \/>\u2714 Sans BPA, sans plomb et certifi\u00e9e LFGB pour une hydratation en toute s\u00e9curit\u00e9<br data-start=\"795\" data-end=\"798\" \/>\u2714 Produite dans une usine audit\u00e9e (BSCI, SEDEX, ISO9001, ISO14001, OHSAS18001) garantissant une fabrication \u00e9thique et durable<\/p>\n<p><img loading=\"lazy\" decoding=\"async\" class=\"aligncenter wp-image-16426 size-full\" src=\"https:\/\/www.cupssupplier.com\/wp-content\/uploads\/2025\/03\/1-2.webp\" alt=\"custom logo insulated water bottle\" width=\"750\" height=\"2580\" srcset=\"https:\/\/www.cupssupplier.com\/wp-content\/uploads\/2025\/03\/1-2.webp 750w, https:\/\/www.cupssupplier.com\/wp-content\/uploads\/2025\/03\/1-2-87x300.webp 87w, https:\/\/www.cupssupplier.com\/wp-content\/uploads\/2025\/03\/1-2-298x1024.webp 298w, https:\/\/www.cupssupplier.com\/wp-content\/uploads\/2025\/03\/1-2-595x2048.webp 595w, https:\/\/www.cupssupplier.com\/wp-content\/uploads\/2025\/03\/1-2-300x1032.webp 300w, https:\/\/www.cupssupplier.com\/wp-content\/uploads\/2025\/03\/1-2-600x2064.webp 600w\" sizes=\"auto, (max-width: 750px) 100vw, 750px\" title=\"\"><\/p>\n<p><img loading=\"lazy\" decoding=\"async\" class=\"aligncenter wp-image-16427 size-full\" src=\"https:\/\/www.cupssupplier.com\/wp-content\/uploads\/2025\/03\/2-2.webp\" alt=\"custom logo insulated water bottle\" width=\"750\" height=\"1800\" srcset=\"https:\/\/www.cupssupplier.com\/wp-content\/uploads\/2025\/03\/2-2.webp 750w, https:\/\/www.cupssupplier.com\/wp-content\/uploads\/2025\/03\/2-2-125x300.webp 125w, https:\/\/www.cupssupplier.com\/wp-content\/uploads\/2025\/03\/2-2-427x1024.webp 427w, https:\/\/www.cupssupplier.com\/wp-content\/uploads\/2025\/03\/2-2-640x1536.webp 640w, https:\/\/www.cupssupplier.com\/wp-content\/uploads\/2025\/03\/2-2-300x720.webp 300w, https:\/\/www.cupssupplier.com\/wp-content\/uploads\/2025\/03\/2-2-600x1440.webp 600w\" sizes=\"auto, (max-width: 750px) 100vw, 750px\" title=\"\"><\/p>\n<p><img loading=\"lazy\" decoding=\"async\" class=\"aligncenter wp-image-16428 size-full\" src=\"https:\/\/www.cupssupplier.com\/wp-content\/uploads\/2025\/03\/3-3-e1740982342371.webp\" alt=\"custom logo insulated water bottle\" width=\"750\" height=\"1000\" srcset=\"https:\/\/www.cupssupplier.com\/wp-content\/uploads\/2025\/03\/3-3-e1740982342371.webp 750w, https:\/\/www.cupssupplier.com\/wp-content\/uploads\/2025\/03\/3-3-e1740982342371-225x300.webp 225w, https:\/\/www.cupssupplier.com\/wp-content\/uploads\/2025\/03\/3-3-e1740982342371-300x400.webp 300w, https:\/\/www.cupssupplier.com\/wp-content\/uploads\/2025\/03\/3-3-e1740982342371-600x800.webp 600w\" sizes=\"auto, (max-width: 750px) 100vw, 750px\" title=\"\"><\/p>\n<p class=\"\" data-start=\"928\" data-end=\"988\"><strong data-start=\"928\" data-end=\"988\">Id\u00e9ale pour les Cadeaux d\u2019Entreprise &amp; Commandes en Gros<\/strong><\/p>\n<p class=\"\" data-start=\"990\" data-end=\"1295\">\u00c0 la recherche d\u2019un produit promotionnel haut de gamme ? Ces bouteilles isothermes sont id\u00e9ales pour les cadeaux d\u2019entreprise, les \u00e9quipes sportives, les marques outdoor et les revendeurs. Commandez en gros avec des prix de gros et des options de personnalisation compl\u00e8tes pour valoriser votre marque !<\/p>\n<p class=\"\" data-start=\"1297\" data-end=\"1406\">\ud83d\udce9 Contactez-nous d\u00e8s aujourd\u2019hui pour un devis gratuit et commencez \u00e0 personnaliser votre bouteille id\u00e9ale !<\/p>\n","protected":false},"excerpt":{"rendered":"<p>Fabriqu\u00e9e en acier inoxydable 18\/8 de haute qualit\u00e9, cette bouteille isotherme personnalis\u00e9e avec logo offre une durabilit\u00e9 et des performances in\u00e9gal\u00e9es. Son design triple paroi avec isolation sous vide garde vos boissons chaudes pendant 12 heures et glac\u00e9es pendant 24 heures \u2014 le compagnon d\u2019hydratation id\u00e9al pour toutes vos aventures.<\/p>\n","protected":false},"featured_media":17858,"template":"","meta":{"om_disable_all_campaigns":false},"product_brand":[],"product_cat":[283],"product_tag":[],"class_list":{"0":"post-17857","1":"product","2":"type-product","3":"status-publish","4":"has-post-thumbnail","6":"product_cat-gourde-en-acier-inoxydable","8":"first","9":"instock","10":"shipping-taxable","11":"product-type-simple"},"_links":{"self":[{"href":"https:\/\/www.cupssupplier.com\/fr\/wp-json\/wp\/v2\/product\/17857","targetHints":{"allow":["GET"]}}],"collection":[{"href":"https:\/\/www.cupssupplier.com\/fr\/wp-json\/wp\/v2\/product"}],"about":[{"href":"https:\/\/www.cupssupplier.com\/fr\/wp-json\/wp\/v2\/types\/product"}],"wp:featuredmedia":[{"embeddable":true,"href":"https:\/\/www.cupssupplier.com\/fr\/wp-json\/wp\/v2\/media\/17858"}],"wp:attachment":[{"href":"https:\/\/www.cupssupplier.com\/fr\/wp-json\/wp\/v2\/media?parent=17857"}],"wp:term":[{"taxonomy":"product_brand","embeddable":true,"href":"https:\/\/www.cupssupplier.com\/fr\/wp-json\/wp\/v2\/product_brand?post=17857"},{"taxonomy":"product_cat","embeddable":true,"href":"https:\/\/www.cupssupplier.com\/fr\/wp-json\/wp\/v2\/product_cat?post=17857"},{"taxonomy":"product_tag","embeddable":true,"href":"https:\/\/www.cupssupplier.com\/fr\/wp-json\/wp\/v2\/product_tag?post=17857"}],"curies":[{"name":"wp","href":"https:\/\/api.w.org\/{rel}","templated":true}]}}