{"id":17759,"date":"2025-03-03T00:24:10","date_gmt":"2025-03-03T05:24:10","guid":{"rendered":"https:\/\/www.cupssupplier.com\/product\/cute-stainless-steel-tumbler-with-straw\/"},"modified":"2025-04-20T02:56:19","modified_gmt":"2025-04-20T06:56:19","slug":"cute-stainless-steel-tumbler-with-straw","status":"publish","type":"product","link":"https:\/\/www.cupssupplier.com\/fr\/cute-stainless-steel-tumbler-with-straw\/","title":{"rendered":"Gobelet Isotherme Mignon en Acier Inoxydable avec Paille"},"content":{"rendered":"<h3 class=\"\" data-start=\"202\" data-end=\"273\"><strong data-start=\"211\" data-end=\"271\">Gobelet Isotherme Mignon en Acier Inoxydable avec Paille<\/strong><\/h3>\n<p class=\"\" data-start=\"274\" data-end=\"314\"><strong data-start=\"274\" data-end=\"314\">Qualit\u00e9 Premium &amp; Isolation In\u00e9gal\u00e9e<\/strong><\/p>\n<p class=\"\" data-start=\"316\" data-end=\"572\">Fabriqu\u00e9 en acier inoxydable 18\/8 de haute qualit\u00e9, ce gobelet garantit une durabilit\u00e9 exceptionnelle et une excellente conservation de la temp\u00e9rature. Gr\u00e2ce \u00e0 sa structure triple paroi sous vide, vos boissons restent chaudes ou froides pendant des heures.<\/p>\n<p class=\"\" data-start=\"574\" data-end=\"618\"><strong data-start=\"574\" data-end=\"618\">Design Astucieux pour un Usage Quotidien<\/strong><\/p>\n<p class=\"\" data-start=\"620\" data-end=\"948\">\u2705 <strong data-start=\"622\" data-end=\"645\">Poign\u00e9e Ergonomique<\/strong> : Prise en main facile\u2014id\u00e9al pour l\u2019hydratation en d\u00e9placement.<br data-start=\"709\" data-end=\"712\" \/>\u2705 <strong data-start=\"714\" data-end=\"747\">Couvercle Anti-Fuite &amp; Paille<\/strong> : Le couvercle \u00e0 rabat \u00e9vite les d\u00e9versements et la paille amovible permet une d\u00e9gustation agr\u00e9able.<br data-start=\"848\" data-end=\"851\" \/>\u2705 <strong data-start=\"853\" data-end=\"873\">Nettoyage Facile<\/strong> : Livr\u00e9 avec une brosse de nettoyage d\u00e9di\u00e9e pour un entretien sans effort.<\/p>\n<p class=\"\" data-start=\"950\" data-end=\"984\"><strong data-start=\"950\" data-end=\"984\">S\u00fbr, Durable &amp; Personnalisable<\/strong><\/p>\n<p class=\"\" data-start=\"986\" data-end=\"1291\">\ud83d\udd39 Sans BPA, sans plomb, et certifi\u00e9 CA65 pour une utilisation sans souci.<br data-start=\"1060\" data-end=\"1063\" \/>\ud83d\udd39 Usine audit\u00e9e (BSCI, SEDEX, ISO9001, ISO14001, OHSAS18001) pour une production responsable.<br data-start=\"1157\" data-end=\"1160\" \/>\ud83d\udd39 Disponible en toutes couleurs personnalis\u00e9es avec options d&rsquo;impression de logo (rev\u00eatement en poudre, impression UV, transfert).<\/p>\n<p><img loading=\"lazy\" decoding=\"async\" class=\"aligncenter wp-image-16435 size-full\" src=\"https:\/\/www.cupssupplier.com\/wp-content\/uploads\/2025\/03\/1-4.webp\" alt=\"cute stainless steel tumbler with straw\" width=\"750\" height=\"2068\" srcset=\"https:\/\/www.cupssupplier.com\/wp-content\/uploads\/2025\/03\/1-4.webp 750w, https:\/\/www.cupssupplier.com\/wp-content\/uploads\/2025\/03\/1-4-109x300.webp 109w, https:\/\/www.cupssupplier.com\/wp-content\/uploads\/2025\/03\/1-4-371x1024.webp 371w, https:\/\/www.cupssupplier.com\/wp-content\/uploads\/2025\/03\/1-4-557x1536.webp 557w, https:\/\/www.cupssupplier.com\/wp-content\/uploads\/2025\/03\/1-4-743x2048.webp 743w, https:\/\/www.cupssupplier.com\/wp-content\/uploads\/2025\/03\/1-4-300x827.webp 300w, https:\/\/www.cupssupplier.com\/wp-content\/uploads\/2025\/03\/1-4-600x1654.webp 600w\" sizes=\"auto, (max-width: 750px) 100vw, 750px\" title=\"\"><\/p>\n<p><img loading=\"lazy\" decoding=\"async\" class=\"aligncenter wp-image-16436 size-full\" src=\"https:\/\/www.cupssupplier.com\/wp-content\/uploads\/2025\/03\/2-4.webp\" alt=\"cute stainless steel tumbler with straw\" width=\"750\" height=\"2424\" srcset=\"https:\/\/www.cupssupplier.com\/wp-content\/uploads\/2025\/03\/2-4.webp 750w, https:\/\/www.cupssupplier.com\/wp-content\/uploads\/2025\/03\/2-4-93x300.webp 93w, https:\/\/www.cupssupplier.com\/wp-content\/uploads\/2025\/03\/2-4-317x1024.webp 317w, https:\/\/www.cupssupplier.com\/wp-content\/uploads\/2025\/03\/2-4-475x1536.webp 475w, https:\/\/www.cupssupplier.com\/wp-content\/uploads\/2025\/03\/2-4-634x2048.webp 634w, https:\/\/www.cupssupplier.com\/wp-content\/uploads\/2025\/03\/2-4-300x970.webp 300w, https:\/\/www.cupssupplier.com\/wp-content\/uploads\/2025\/03\/2-4-600x1939.webp 600w\" sizes=\"auto, (max-width: 750px) 100vw, 750px\" title=\"\"><\/p>\n<p><img loading=\"lazy\" decoding=\"async\" class=\"wp-image-16437 size-full aligncenter\" src=\"https:\/\/www.cupssupplier.com\/wp-content\/uploads\/2025\/03\/3-5-e1740982899561.webp\" alt=\"cute stainless steel tumbler with straw\" width=\"748\" height=\"2466\" srcset=\"https:\/\/www.cupssupplier.com\/wp-content\/uploads\/2025\/03\/3-5-e1740982899561.webp 748w, https:\/\/www.cupssupplier.com\/wp-content\/uploads\/2025\/03\/3-5-e1740982899561-91x300.webp 91w, https:\/\/www.cupssupplier.com\/wp-content\/uploads\/2025\/03\/3-5-e1740982899561-311x1024.webp 311w, https:\/\/www.cupssupplier.com\/wp-content\/uploads\/2025\/03\/3-5-e1740982899561-466x1536.webp 466w, https:\/\/www.cupssupplier.com\/wp-content\/uploads\/2025\/03\/3-5-e1740982899561-621x2048.webp 621w, https:\/\/www.cupssupplier.com\/wp-content\/uploads\/2025\/03\/3-5-e1740982899561-300x989.webp 300w, https:\/\/www.cupssupplier.com\/wp-content\/uploads\/2025\/03\/3-5-e1740982899561-600x1978.webp 600w\" sizes=\"auto, (max-width: 748px) 100vw, 748px\" title=\"\"><\/p>\n<p class=\"\" data-start=\"1293\" data-end=\"1358\"><strong data-start=\"1293\" data-end=\"1358\">Parfait pour la Vente en Gros &amp; la Personnalisation de Marque<\/strong><\/p>\n<p class=\"\" data-start=\"1360\" data-end=\"1528\">\u00c0 la recherche du gobelet promotionnel parfait ? Ce gobelet personnalisable est id\u00e9al pour les cadeaux d\u2019entreprise, les marques de d\u00e9tail, les caf\u00e9s et les \u00e9v\u00e9nements.<\/p>\n<p class=\"\" data-start=\"1530\" data-end=\"1627\">\ud83d\udce9 <strong data-start=\"1533\" data-end=\"1627\">Contactez-nous d\u00e8s aujourd\u2019hui pour vos commandes en gros et options de personnalisation !<\/strong><\/p>\n","protected":false},"excerpt":{"rendered":"<p>Restez styl\u00e9 et hydrat\u00e9 avec ce gobelet en acier inoxydable adorable ! Gr\u00e2ce \u00e0 son isolation triple paroi, il garde les boissons chaudes pendant 12 heures et froides pendant 24 heures. Sa poign\u00e9e ergonomique, son couvercle anti-fuite et sa paille r\u00e9utilisable le rendent parfait pour un usage quotidien. Personnalisez-le avec les couleurs et logos de votre marque\u2014id\u00e9al pour les commandes en gros et les cadeaux promotionnels !<\/p>\n","protected":false},"featured_media":17761,"template":"","meta":{"om_disable_all_campaigns":false},"product_brand":[],"product_cat":[284],"product_tag":[],"class_list":{"0":"post-17759","1":"product","2":"type-product","3":"status-publish","4":"has-post-thumbnail","6":"product_cat-gobelet","8":"first","9":"instock","10":"shipping-taxable","11":"product-type-simple"},"_links":{"self":[{"href":"https:\/\/www.cupssupplier.com\/fr\/wp-json\/wp\/v2\/product\/17759","targetHints":{"allow":["GET"]}}],"collection":[{"href":"https:\/\/www.cupssupplier.com\/fr\/wp-json\/wp\/v2\/product"}],"about":[{"href":"https:\/\/www.cupssupplier.com\/fr\/wp-json\/wp\/v2\/types\/product"}],"wp:featuredmedia":[{"embeddable":true,"href":"https:\/\/www.cupssupplier.com\/fr\/wp-json\/wp\/v2\/media\/17761"}],"wp:attachment":[{"href":"https:\/\/www.cupssupplier.com\/fr\/wp-json\/wp\/v2\/media?parent=17759"}],"wp:term":[{"taxonomy":"product_brand","embeddable":true,"href":"https:\/\/www.cupssupplier.com\/fr\/wp-json\/wp\/v2\/product_brand?post=17759"},{"taxonomy":"product_cat","embeddable":true,"href":"https:\/\/www.cupssupplier.com\/fr\/wp-json\/wp\/v2\/product_cat?post=17759"},{"taxonomy":"product_tag","embeddable":true,"href":"https:\/\/www.cupssupplier.com\/fr\/wp-json\/wp\/v2\/product_tag?post=17759"}],"curies":[{"name":"wp","href":"https:\/\/api.w.org\/{rel}","templated":true}]}}