{"id":17682,"date":"2025-03-03T02:14:19","date_gmt":"2025-03-03T07:14:19","guid":{"rendered":"https:\/\/www.cupssupplier.com\/product\/custom-12-oz-stainless-steel-tumblers\/"},"modified":"2025-04-20T01:39:44","modified_gmt":"2025-04-20T05:39:44","slug":"custom-12-oz-stainless-steel-tumblers","status":"publish","type":"product","link":"https:\/\/www.cupssupplier.com\/fr\/custom-12-oz-stainless-steel-tumblers\/","title":{"rendered":"Gobelets Personnalis\u00e9s en Acier Inoxydable de 12 oz"},"content":{"rendered":"<h3 class=\"\" data-start=\"99\" data-end=\"191\"><strong data-start=\"108\" data-end=\"191\">Gobelets Personnalis\u00e9s en Acier Inoxydable de 12 oz \u2013 Isothermes \u00e0 Triple Paroi<\/strong><\/h3>\n<p class=\"\" data-start=\"193\" data-end=\"675\">D\u00e9couvrez nos gobelets en acier inoxydable de 12 oz au design moderne et \u00e9l\u00e9gant, avec une finition mate douce et une bande d\u00e9corative bicolore autour du couvercle. Le couvercle \u00e0 double fonction est dot\u00e9 d\u2019une poign\u00e9e s\u00e9curis\u00e9e pour un transport facile et d\u2019une ouverture anti-\u00e9claboussures. L\u2019int\u00e9rieur en acier inoxydable poli assure durabilit\u00e9 et facilit\u00e9 de nettoyage. Pr\u00e9sent\u00e9 dans une bo\u00eete blanche \u00e9l\u00e9gante et minimaliste, parfait pour les cadeaux ou l\u2019affichage en magasin.<\/p>\n<p class=\"\" data-start=\"677\" data-end=\"946\">Am\u00e9liorez votre collection de vaisselle avec ces gobelets haut de gamme, con\u00e7us pour une performance thermique exceptionnelle et un style raffin\u00e9. Fabriqu\u00e9s en acier inoxydable 18\/8 de qualit\u00e9 alimentaire, ils sont r\u00e9sistants \u00e0 la rouille, \u00e0 la corrosion et aux odeurs.<\/p>\n<p class=\"\" data-start=\"948\" data-end=\"981\"><strong data-start=\"948\" data-end=\"979\">Design &amp; Personnalisation :<\/strong><\/p>\n<ul data-start=\"982\" data-end=\"1394\">\n<li class=\"\" data-start=\"982\" data-end=\"1064\">\n<p class=\"\" data-start=\"984\" data-end=\"1064\">Capacit\u00e9 : 350 ml \/ 12 oz \u2013 id\u00e9al pour le caf\u00e9, le th\u00e9, les smoothies ou l\u2019eau<\/p>\n<\/li>\n<li class=\"\" data-start=\"1065\" data-end=\"1134\">\n<p class=\"\" data-start=\"1067\" data-end=\"1134\">Mat\u00e9riau : Acier inoxydable 18\/8 sans BPA ni plomb, conforme CA65<\/p>\n<\/li>\n<li class=\"\" data-start=\"1135\" data-end=\"1218\">\n<p class=\"\" data-start=\"1137\" data-end=\"1218\">Couvercle : Anti-\u00e9claboussures avec poign\u00e9e ergonomique et ouverture pour boire<\/p>\n<\/li>\n<li class=\"\" data-start=\"1219\" data-end=\"1317\">\n<p class=\"\" data-start=\"1221\" data-end=\"1317\">Options de finition &amp; logo : Impression par transfert papier, transfert d\u2019eau ou impression UV<\/p>\n<\/li>\n<li class=\"\" data-start=\"1318\" data-end=\"1394\">\n<p class=\"\" data-start=\"1320\" data-end=\"1394\">Couleurs personnalis\u00e9es disponibles pour s\u2019adapter \u00e0 votre image de marque<\/p>\n<\/li>\n<\/ul>\n<p class=\"\" data-start=\"1396\" data-end=\"1430\"><strong data-start=\"1396\" data-end=\"1428\">Certifications &amp; Standards :<\/strong><\/p>\n<ul data-start=\"1431\" data-end=\"1543\">\n<li class=\"\" data-start=\"1431\" data-end=\"1490\">\n<p class=\"\" data-start=\"1433\" data-end=\"1490\">Conformit\u00e9 : BSCI, SEDEX, ISO9001, ISO14001, OHSAS18001<\/p>\n<\/li>\n<li class=\"\" data-start=\"1491\" data-end=\"1543\">\n<p class=\"\" data-start=\"1493\" data-end=\"1543\">Certifi\u00e9 LFGB, sans BPA, sans plomb, conforme CA65<\/p>\n<\/li>\n<\/ul>\n<p class=\"\" data-start=\"1545\" data-end=\"1688\">Parfaits pour les entreprises, les \u00e9v\u00e9nements promotionnels ou la vente au d\u00e9tail, ces gobelets allient fonctionnalit\u00e9 et visibilit\u00e9 de marque.<\/p>\n<div class=\"attribute-item\"><\/div>\n<div class=\"attribute-item\">\n<div class=\"right\" data-spm-anchor-id=\"a2700.details.0.i86.3fd03ca5BSHr37\">\n<table style=\"border-collapse: collapse; width: 1128px; height: 568px;\" border=\"0\" width=\"837\" cellspacing=\"0\" cellpadding=\"0\">\n<tbody>\n<tr style=\"height: 44.00pt;\">\n<td class=\"et2\" style=\"height: 44.00pt; width: 134.25pt;\" width=\"179\" height=\"58\">Mat\u00e9riau :<\/td>\n<td class=\"et2\" style=\"width: 493.50pt;\" width=\"658\">Acier inoxydable 304 18\/8, couvercle en PP<\/td>\n<\/tr>\n<tr style=\"height: 44.00pt;\">\n<td class=\"et2\" style=\"height: 44.00pt; width: 134.25pt;\" width=\"179\" height=\"58\">Accessoires :<\/td>\n<td class=\"et2\" style=\"width: 493.50pt;\" width=\"658\">Poign\u00e9e, bouton, boucle, bumper, housse<\/td>\n<\/tr>\n<tr style=\"height: 44.00pt;\">\n<td class=\"et2\" style=\"height: 44.00pt; width: 134.25pt;\" width=\"179\" height=\"58\">Emballage :<\/td>\n<td class=\"et2\" style=\"width: 493.50pt;\" width=\"658\">Bo\u00eete couleur personnalis\u00e9e, bo\u00eete \u00e0 fen\u00eatre, bo\u00eete de pr\u00e9sentation<\/td>\n<\/tr>\n<tr style=\"height: 44.00pt;\">\n<td class=\"et2\" style=\"height: 44.00pt; width: 134.25pt;\" width=\"179\" height=\"58\">OEM\/ODM :<\/td>\n<td class=\"et2\" style=\"width: 493.50pt;\" width=\"658\">Bienvenue \u2013 plus de 30 designers<\/td>\n<\/tr>\n<tr style=\"height: 44.00pt;\">\n<td class=\"et2\" style=\"height: 44.00pt; width: 134.25pt;\" width=\"179\" height=\"58\">Usage :<\/td>\n<td class=\"et2\" style=\"width: 493.50pt;\" width=\"658\">Eau, vin, bi\u00e8re, th\u00e9, caf\u00e9 \u2013 isotherme et sous vide<\/td>\n<\/tr>\n<tr style=\"height: 44.00pt;\">\n<td class=\"et2\" style=\"height: 44.00pt; width: 134.25pt;\" width=\"179\" height=\"58\">S\u00e9curit\u00e9 :<\/td>\n<td class=\"et2\" style=\"width: 493.50pt;\" width=\"658\">Sans BPA, alimentaire, non toxique, sans odeur<\/td>\n<\/tr>\n<tr style=\"height: 44.00pt;\">\n<td class=\"et2\" style=\"height: 44.00pt; width: 134.25pt;\" width=\"179\" height=\"58\">Propri\u00e9t\u00e9s :<\/td>\n<td class=\"et2\" style=\"width: 493.50pt;\" width=\"658\">Isolant, thermique, r\u00e9utilisable, \u00e9tanche, \u00e9cologique<\/td>\n<\/tr>\n<tr style=\"height: 44.00pt;\">\n<td class=\"et2\" style=\"height: 44.00pt; width: 134.25pt;\" width=\"179\" height=\"58\">Forme :<\/td>\n<td class=\"et2\" style=\"width: 493.50pt;\" width=\"658\">Poign\u00e9e ergonomique<\/td>\n<\/tr>\n<\/tbody>\n<\/table>\n<\/div>\n<\/div>\n<p><img loading=\"lazy\" decoding=\"async\" class=\"aligncenter wp-image-16452 size-full\" src=\"https:\/\/www.cupssupplier.com\/wp-content\/uploads\/2025\/03\/2-7.webp\" alt=\"custom 12 oz stainless steel tumblers\" width=\"750\" height=\"2817\" srcset=\"https:\/\/www.cupssupplier.com\/wp-content\/uploads\/2025\/03\/2-7.webp 750w, https:\/\/www.cupssupplier.com\/wp-content\/uploads\/2025\/03\/2-7-80x300.webp 80w, https:\/\/www.cupssupplier.com\/wp-content\/uploads\/2025\/03\/2-7-273x1024.webp 273w, https:\/\/www.cupssupplier.com\/wp-content\/uploads\/2025\/03\/2-7-409x1536.webp 409w, https:\/\/www.cupssupplier.com\/wp-content\/uploads\/2025\/03\/2-7-545x2048.webp 545w, https:\/\/www.cupssupplier.com\/wp-content\/uploads\/2025\/03\/2-7-300x1127.webp 300w, https:\/\/www.cupssupplier.com\/wp-content\/uploads\/2025\/03\/2-7-600x2254.webp 600w\" sizes=\"auto, (max-width: 750px) 100vw, 750px\" title=\"\"><\/p>\n<p><img loading=\"lazy\" decoding=\"async\" class=\"wp-image-16453 size-full aligncenter\" src=\"https:\/\/www.cupssupplier.com\/wp-content\/uploads\/2025\/03\/3-7.webp\" alt=\"custom 12 oz stainless steel tumblers\" width=\"750\" height=\"2994\" srcset=\"https:\/\/www.cupssupplier.com\/wp-content\/uploads\/2025\/03\/3-7.webp 750w, https:\/\/www.cupssupplier.com\/wp-content\/uploads\/2025\/03\/3-7-75x300.webp 75w, https:\/\/www.cupssupplier.com\/wp-content\/uploads\/2025\/03\/3-7-385x1536.webp 385w, https:\/\/www.cupssupplier.com\/wp-content\/uploads\/2025\/03\/3-7-513x2048.webp 513w, https:\/\/www.cupssupplier.com\/wp-content\/uploads\/2025\/03\/3-7-300x1198.webp 300w, https:\/\/www.cupssupplier.com\/wp-content\/uploads\/2025\/03\/3-7-600x2395.webp 600w\" sizes=\"auto, (max-width: 750px) 100vw, 750px\" title=\"\"> <img loading=\"lazy\" decoding=\"async\" class=\"wp-image-16454 size-full aligncenter\" src=\"https:\/\/www.cupssupplier.com\/wp-content\/uploads\/2025\/03\/4-6-e1740985762187.webp\" alt=\"custom 12 oz stainless steel tumblers\" width=\"750\" height=\"2924\" srcset=\"https:\/\/www.cupssupplier.com\/wp-content\/uploads\/2025\/03\/4-6-e1740985762187.webp 750w, https:\/\/www.cupssupplier.com\/wp-content\/uploads\/2025\/03\/4-6-e1740985762187-77x300.webp 77w, https:\/\/www.cupssupplier.com\/wp-content\/uploads\/2025\/03\/4-6-e1740985762187-263x1024.webp 263w, https:\/\/www.cupssupplier.com\/wp-content\/uploads\/2025\/03\/4-6-e1740985762187-394x1536.webp 394w, https:\/\/www.cupssupplier.com\/wp-content\/uploads\/2025\/03\/4-6-e1740985762187-525x2048.webp 525w, https:\/\/www.cupssupplier.com\/wp-content\/uploads\/2025\/03\/4-6-e1740985762187-300x1170.webp 300w, https:\/\/www.cupssupplier.com\/wp-content\/uploads\/2025\/03\/4-6-e1740985762187-600x2339.webp 600w\" sizes=\"auto, (max-width: 750px) 100vw, 750px\" title=\"\"><\/p>\n<p data-pm-slice=\"1 1 []\">Vous recherchez de la vaisselle haut de gamme pour votre entreprise ou votre marque ? Commandes en gros et personnalis\u00e9es disponibles ! Contactez-nous d\u00e8s aujourd\u2019hui pour cr\u00e9er vos propres gobelets en acier inoxydable personnalis\u00e9s et impressionnez vos clients avec style et qualit\u00e9.<\/p>\n","protected":false},"excerpt":{"rendered":"<p data-pm-slice=\"1 1 []\">D\u00e9couvrez le parfait \u00e9quilibre entre style et fonctionnalit\u00e9 avec nos gobelets personnalis\u00e9s de 12 oz en acier inoxydable. Con\u00e7us pour une durabilit\u00e9 maximale et une isolation thermique sup\u00e9rieure, ces gobelets \u00e0 triple paroi et isolation sous vide gardent vos boissons chaudes pendant 12 heures et froides pendant 24 heures. Disponibles dans une large gamme de couleurs et personnalisables avec votre logo, ils sont id\u00e9als pour l\u2019hydratation quotidienne, les d\u00e9placements ou les cadeaux d\u2019entreprise.<\/p>\n","protected":false},"featured_media":17683,"template":"","meta":{"om_disable_all_campaigns":false},"product_brand":[],"product_cat":[284],"product_tag":[],"class_list":{"0":"post-17682","1":"product","2":"type-product","3":"status-publish","4":"has-post-thumbnail","6":"product_cat-gobelet","8":"first","9":"instock","10":"shipping-taxable","11":"product-type-simple"},"_links":{"self":[{"href":"https:\/\/www.cupssupplier.com\/fr\/wp-json\/wp\/v2\/product\/17682","targetHints":{"allow":["GET"]}}],"collection":[{"href":"https:\/\/www.cupssupplier.com\/fr\/wp-json\/wp\/v2\/product"}],"about":[{"href":"https:\/\/www.cupssupplier.com\/fr\/wp-json\/wp\/v2\/types\/product"}],"wp:featuredmedia":[{"embeddable":true,"href":"https:\/\/www.cupssupplier.com\/fr\/wp-json\/wp\/v2\/media\/17683"}],"wp:attachment":[{"href":"https:\/\/www.cupssupplier.com\/fr\/wp-json\/wp\/v2\/media?parent=17682"}],"wp:term":[{"taxonomy":"product_brand","embeddable":true,"href":"https:\/\/www.cupssupplier.com\/fr\/wp-json\/wp\/v2\/product_brand?post=17682"},{"taxonomy":"product_cat","embeddable":true,"href":"https:\/\/www.cupssupplier.com\/fr\/wp-json\/wp\/v2\/product_cat?post=17682"},{"taxonomy":"product_tag","embeddable":true,"href":"https:\/\/www.cupssupplier.com\/fr\/wp-json\/wp\/v2\/product_tag?post=17682"}],"curies":[{"name":"wp","href":"https:\/\/api.w.org\/{rel}","templated":true}]}}