{"id":17191,"date":"2025-03-08T01:05:35","date_gmt":"2025-03-08T06:05:35","guid":{"rendered":"https:\/\/www.cupssupplier.com\/product\/stainless-steel-direct-drinking-coffee-tumblers\/"},"modified":"2025-04-16T06:04:25","modified_gmt":"2025-04-16T10:04:25","slug":"stainless-steel-direct-drinking-coffee-tumblers","status":"publish","type":"product","link":"https:\/\/www.cupssupplier.com\/fr\/stainless-steel-direct-drinking-coffee-tumblers\/","title":{"rendered":"Gobelets \u00e0 Caf\u00e9 en Acier Inoxydable \u00e0 Boire Directement"},"content":{"rendered":"<p><strong>Gobelets \u00e0 Caf\u00e9 en Acier Inoxydable \u00e0 Boire Directement<\/strong><\/p>\n<p class=\"\" data-start=\"215\" data-end=\"460\">Ce gobelet pr\u00e9sente une finition mate pastel et un corps profil\u00e9 lisse pour une prise en main confortable. Le couvercle \u00e0 boire directement est dot\u00e9 d\u2019une ouverture s\u00e9curis\u00e9e pour un acc\u00e8s facile, id\u00e9al pour ceux qui pr\u00e9f\u00e8rent boire sans paille.<\/p>\n<p class=\"\" data-start=\"462\" data-end=\"656\">Commencez votre journ\u00e9e du bon pied avec notre Gobelet \u00e0 Caf\u00e9 en Acier Inoxydable \u2013 une solution \u00e9cologique et haut de gamme pour les caf\u00e9s, les entreprises et les professionnels en d\u00e9placement.<\/p>\n<p class=\"\" data-start=\"658\" data-end=\"1466\"><strong data-start=\"658\" data-end=\"685\">Caract\u00e9ristiques cl\u00e9s :<\/strong><br data-start=\"685\" data-end=\"688\" \/>\u2705 Acier inoxydable 18\/8 de qualit\u00e9 sup\u00e9rieure \u2013 Durable, r\u00e9sistant \u00e0 la rouille et sans BPA pour une utilisation s\u00fbre et durable.<br data-start=\"817\" data-end=\"820\" \/>\u2705 Isolation \u00e0 double paroi sous vide \u2013 Garde les boissons chaudes pendant 6 heures et froides pendant 12 heures.<br data-start=\"932\" data-end=\"935\" \/>\u2705 Couvercle \u00e0 boire directement \u2013 Facile \u00e0 utiliser sans paille, avec un capuchon anti-\u00e9claboussures pour plus de praticit\u00e9.<br data-start=\"1059\" data-end=\"1062\" \/>\u2705 Design ergonomique et \u00e9l\u00e9gant \u2013 Prise en main confortable, finition moderne et couleurs personnalisables.<br data-start=\"1169\" data-end=\"1172\" \/>\u2705 Grande capacit\u00e9 (770 ml) \u2013 Id\u00e9al pour le caf\u00e9, le th\u00e9 ou les boissons glac\u00e9es tout au long de la journ\u00e9e.<br data-start=\"1279\" data-end=\"1282\" \/>\u2705 Options de personnalisation \u2013 Logo s\u00e9rigraphi\u00e9, gravure laser ou impression 3D pour vos besoins promotionnels.<br data-start=\"1394\" data-end=\"1397\" \/>\u2705 Passe au lave-vaisselle \u2013 Entretien facile pour un usage quotidien.<\/p>\n<p>&nbsp;<\/p>\n<p><img loading=\"lazy\" decoding=\"async\" class=\"aligncenter wp-image-16536 size-full\" src=\"https:\/\/www.cupssupplier.com\/wp-content\/uploads\/2025\/03\/2-17.webp\" alt=\"stainless steel direct drinking coffee tumblers\" width=\"750\" height=\"3084\" srcset=\"https:\/\/www.cupssupplier.com\/wp-content\/uploads\/2025\/03\/2-17.webp 750w, https:\/\/www.cupssupplier.com\/wp-content\/uploads\/2025\/03\/2-17-73x300.webp 73w, https:\/\/www.cupssupplier.com\/wp-content\/uploads\/2025\/03\/2-17-249x1024.webp 249w, https:\/\/www.cupssupplier.com\/wp-content\/uploads\/2025\/03\/2-17-498x2048.webp 498w, https:\/\/www.cupssupplier.com\/wp-content\/uploads\/2025\/03\/2-17-300x1234.webp 300w, https:\/\/www.cupssupplier.com\/wp-content\/uploads\/2025\/03\/2-17-600x2467.webp 600w\" sizes=\"auto, (max-width: 750px) 100vw, 750px\" title=\"\"><\/p>\n<p><img loading=\"lazy\" decoding=\"async\" class=\"aligncenter wp-image-16537 size-full\" src=\"https:\/\/www.cupssupplier.com\/wp-content\/uploads\/2025\/03\/3-16-e1741414668908.webp\" alt=\"stainless steel direct drinking coffee tumblers\" width=\"750\" height=\"795\" srcset=\"https:\/\/www.cupssupplier.com\/wp-content\/uploads\/2025\/03\/3-16-e1741414668908.webp 750w, https:\/\/www.cupssupplier.com\/wp-content\/uploads\/2025\/03\/3-16-e1741414668908-283x300.webp 283w, https:\/\/www.cupssupplier.com\/wp-content\/uploads\/2025\/03\/3-16-e1741414668908-300x318.webp 300w, https:\/\/www.cupssupplier.com\/wp-content\/uploads\/2025\/03\/3-16-e1741414668908-600x636.webp 600w\" sizes=\"auto, (max-width: 750px) 100vw, 750px\" title=\"\"><\/p>\n<p><img loading=\"lazy\" decoding=\"async\" class=\"wp-image-16544 size-full aligncenter\" src=\"https:\/\/www.cupssupplier.com\/wp-content\/uploads\/2025\/03\/4-15.webp\" alt=\"stainless steel direct drinking coffee tumblers\" width=\"750\" height=\"1206\" srcset=\"https:\/\/www.cupssupplier.com\/wp-content\/uploads\/2025\/03\/4-15.webp 750w, https:\/\/www.cupssupplier.com\/wp-content\/uploads\/2025\/03\/4-15-187x300.webp 187w, https:\/\/www.cupssupplier.com\/wp-content\/uploads\/2025\/03\/4-15-637x1024.webp 637w, https:\/\/www.cupssupplier.com\/wp-content\/uploads\/2025\/03\/4-15-300x482.webp 300w, https:\/\/www.cupssupplier.com\/wp-content\/uploads\/2025\/03\/4-15-600x965.webp 600w\" sizes=\"auto, (max-width: 750px) 100vw, 750px\" title=\"\"><\/p>\n<p><strong data-start=\"1468\" data-end=\"1552\">Vous cherchez des gobelets personnalis\u00e9s pour votre marque, caf\u00e9 ou entreprise ?<\/strong><br data-start=\"1552\" data-end=\"1555\" \/>Profitez de tarifs de gros et d&rsquo;options de personnalisation pour faire briller votre marque ! Contactez-nous d\u00e8s aujourd&rsquo;hui pour un devis gratuit.<\/p>\n","protected":false},"excerpt":{"rendered":"<p>Am\u00e9liorez votre routine caf\u00e9 quotidienne avec notre gobelet en acier inoxydable \u00e0 boisson directe ! Con\u00e7u pour allier praticit\u00e9 et \u00e9l\u00e9gance, ce gobelet \u00e0 double paroi et isolation sous vide garde vos boissons chaudes jusqu&rsquo;\u00e0 6 heures et froides jusqu&rsquo;\u00e0 12 heures. Avec son design ergonomique et \u00e9l\u00e9gant et son couvercle \u00e0 boisson directe, il est le compagnon id\u00e9al des amateurs de caf\u00e9 nomades. Disponible en couleurs personnalis\u00e9es avec options d&rsquo;impression et de gravure de logo pour les commandes en gros et le branding d&rsquo;entreprise.<\/p>\n","protected":false},"featured_media":17193,"template":"","meta":{"om_disable_all_campaigns":false},"product_brand":[],"product_cat":[284],"product_tag":[],"class_list":{"0":"post-17191","1":"product","2":"type-product","3":"status-publish","4":"has-post-thumbnail","6":"product_cat-gobelet","8":"first","9":"instock","10":"shipping-taxable","11":"product-type-simple"},"_links":{"self":[{"href":"https:\/\/www.cupssupplier.com\/fr\/wp-json\/wp\/v2\/product\/17191","targetHints":{"allow":["GET"]}}],"collection":[{"href":"https:\/\/www.cupssupplier.com\/fr\/wp-json\/wp\/v2\/product"}],"about":[{"href":"https:\/\/www.cupssupplier.com\/fr\/wp-json\/wp\/v2\/types\/product"}],"wp:featuredmedia":[{"embeddable":true,"href":"https:\/\/www.cupssupplier.com\/fr\/wp-json\/wp\/v2\/media\/17193"}],"wp:attachment":[{"href":"https:\/\/www.cupssupplier.com\/fr\/wp-json\/wp\/v2\/media?parent=17191"}],"wp:term":[{"taxonomy":"product_brand","embeddable":true,"href":"https:\/\/www.cupssupplier.com\/fr\/wp-json\/wp\/v2\/product_brand?post=17191"},{"taxonomy":"product_cat","embeddable":true,"href":"https:\/\/www.cupssupplier.com\/fr\/wp-json\/wp\/v2\/product_cat?post=17191"},{"taxonomy":"product_tag","embeddable":true,"href":"https:\/\/www.cupssupplier.com\/fr\/wp-json\/wp\/v2\/product_tag?post=17191"}],"curies":[{"name":"wp","href":"https:\/\/api.w.org\/{rel}","templated":true}]}}