{"id":17107,"date":"2025-03-08T01:27:56","date_gmt":"2025-03-08T06:27:56","guid":{"rendered":"https:\/\/www.cupssupplier.com\/product\/wholesale-stainless-steel-vacuum-insulated-bottle\/"},"modified":"2025-04-16T01:36:58","modified_gmt":"2025-04-16T05:36:58","slug":"wholesale-stainless-steel-vacuum-insulated-bottle","status":"publish","type":"product","link":"https:\/\/www.cupssupplier.com\/fr\/wholesale-stainless-steel-vacuum-insulated-bottle\/","title":{"rendered":"Bouteille Isotherme Sous Vide en Acier Inoxydable en Gros"},"content":{"rendered":"<p data-start=\"1101\" data-end=\"2049\">Bouteille Isotherme Sous Vide en Acier Inoxydable en Gros<\/p>\n<p class=\"\" data-start=\"177\" data-end=\"608\">Cette bouteille isotherme pr\u00e9sente une forme cylindrique \u00e9l\u00e9gante avec une prise ergonomique effil\u00e9e pour une manipulation facile. Disponible dans une vari\u00e9t\u00e9 de finitions accrocheuses, allant des tons mats modernes aux d\u00e9grad\u00e9s brillants luxueux ou \u00e0 un rev\u00eatement martel\u00e9 en poudre pour une durabilit\u00e9 suppl\u00e9mentaire. L\u2019impression ou la gravure du logo personnalis\u00e9 ajoute une touche unique, id\u00e9ale pour le marquage d\u2019entreprise.<\/p>\n<p class=\"\" data-start=\"610\" data-end=\"887\">Am\u00e9liorez votre hydratation avec notre bouteille isotherme en acier inoxydable, con\u00e7ue pour la durabilit\u00e9, le contr\u00f4le de la temp\u00e9rature et un marquage \u00e9l\u00e9gant. Que vous cibliez les athl\u00e8tes, les professionnels ou les aventuriers, cette bouteille est con\u00e7ue pour impressionner.<\/p>\n<p class=\"\" data-start=\"889\" data-end=\"919\"><strong data-start=\"889\" data-end=\"919\">Caract\u00e9ristiques Premium :<\/strong><\/p>\n<p class=\"\" data-start=\"921\" data-end=\"1786\">\u2714 <strong data-start=\"923\" data-end=\"953\">Acier Inoxydable Sup\u00e9rieur<\/strong> \u2013 Fabriqu\u00e9 en acier inoxydable 304 ou 316 de haute qualit\u00e9, r\u00e9sistant \u00e0 la rouille, durable et sans BPA.<br data-start=\"1058\" data-end=\"1061\" \/>\u2714 <strong data-start=\"1063\" data-end=\"1094\">Isolation Sous Vide Avanc\u00e9e<\/strong> \u2013 Garde les boissons chaudes pendant 12 heures et froides pendant 24 heures, parfaite pour le caf\u00e9 ou les boissons glac\u00e9es.<br data-start=\"1218\" data-end=\"1221\" \/>\u2714 <strong data-start=\"1223\" data-end=\"1251\">Finitions Personnalis\u00e9es<\/strong> \u2013 Choisissez entre mat, caoutchout\u00e9, d\u00e9grad\u00e9, brillant ou rev\u00eatement martel\u00e9 selon le style de votre marque.<br data-start=\"1360\" data-end=\"1363\" \/>\u2714 <strong data-start=\"1365\" data-end=\"1388\">Options de Marquage<\/strong> \u2013 Ajoutez votre logo, motif ou design par s\u00e9rigraphie, gravure laser ou impression 3D pour un produit promotionnel unique.<br data-start=\"1511\" data-end=\"1514\" \/>\u2714 <strong data-start=\"1516\" data-end=\"1538\">\u00c9tanche &amp; Pratique<\/strong> \u2013 Con\u00e7ue avec un bouchon viss\u00e9 s\u00e9curis\u00e9 pour \u00e9viter les fuites en d\u00e9placement, au travail ou \u00e0 la salle de sport.<br data-start=\"1652\" data-end=\"1655\" \/>\u2714 <strong data-start=\"1657\" data-end=\"1697\">Tarifs de Gros &amp; Commandes en Volume<\/strong> \u2013 Parfait pour les \u00e9v\u00e9nements promotionnels, cadeaux d\u2019entreprise et la vente au d\u00e9tail.<\/p>\n<p><img loading=\"lazy\" decoding=\"async\" class=\"aligncenter wp-image-16550 size-full\" src=\"https:\/\/www.cupssupplier.com\/wp-content\/uploads\/2025\/03\/1-15.webp\" alt=\"wholesale stainless steel vacuum insulated bottle\" width=\"750\" height=\"2160\" srcset=\"https:\/\/www.cupssupplier.com\/wp-content\/uploads\/2025\/03\/1-15.webp 750w, https:\/\/www.cupssupplier.com\/wp-content\/uploads\/2025\/03\/1-15-104x300.webp 104w, https:\/\/www.cupssupplier.com\/wp-content\/uploads\/2025\/03\/1-15-356x1024.webp 356w, https:\/\/www.cupssupplier.com\/wp-content\/uploads\/2025\/03\/1-15-533x1536.webp 533w, https:\/\/www.cupssupplier.com\/wp-content\/uploads\/2025\/03\/1-15-711x2048.webp 711w, https:\/\/www.cupssupplier.com\/wp-content\/uploads\/2025\/03\/1-15-300x864.webp 300w, https:\/\/www.cupssupplier.com\/wp-content\/uploads\/2025\/03\/1-15-600x1728.webp 600w\" sizes=\"auto, (max-width: 750px) 100vw, 750px\" title=\"\"><\/p>\n<p><img loading=\"lazy\" decoding=\"async\" class=\"aligncenter wp-image-16551 size-full\" src=\"https:\/\/www.cupssupplier.com\/wp-content\/uploads\/2025\/03\/2-19.webp\" alt=\"wholesale stainless steel vacuum insulated bottle\" width=\"750\" height=\"2200\" srcset=\"https:\/\/www.cupssupplier.com\/wp-content\/uploads\/2025\/03\/2-19.webp 750w, https:\/\/www.cupssupplier.com\/wp-content\/uploads\/2025\/03\/2-19-102x300.webp 102w, https:\/\/www.cupssupplier.com\/wp-content\/uploads\/2025\/03\/2-19-349x1024.webp 349w, https:\/\/www.cupssupplier.com\/wp-content\/uploads\/2025\/03\/2-19-524x1536.webp 524w, https:\/\/www.cupssupplier.com\/wp-content\/uploads\/2025\/03\/2-19-698x2048.webp 698w, https:\/\/www.cupssupplier.com\/wp-content\/uploads\/2025\/03\/2-19-300x880.webp 300w, https:\/\/www.cupssupplier.com\/wp-content\/uploads\/2025\/03\/2-19-600x1760.webp 600w\" sizes=\"auto, (max-width: 750px) 100vw, 750px\" title=\"\"><\/p>\n<p><img loading=\"lazy\" decoding=\"async\" class=\"aligncenter wp-image-16552 size-full\" src=\"https:\/\/www.cupssupplier.com\/wp-content\/uploads\/2025\/03\/3-19-e1741416401210.webp\" alt=\"wholesale stainless steel vacuum insulated bottle\" width=\"750\" height=\"918\" srcset=\"https:\/\/www.cupssupplier.com\/wp-content\/uploads\/2025\/03\/3-19-e1741416401210.webp 750w, https:\/\/www.cupssupplier.com\/wp-content\/uploads\/2025\/03\/3-19-e1741416401210-245x300.webp 245w, https:\/\/www.cupssupplier.com\/wp-content\/uploads\/2025\/03\/3-19-e1741416401210-300x367.webp 300w, https:\/\/www.cupssupplier.com\/wp-content\/uploads\/2025\/03\/3-19-e1741416401210-600x734.webp 600w\" sizes=\"auto, (max-width: 750px) 100vw, 750px\" title=\"\"><\/p>\n<p><img loading=\"lazy\" decoding=\"async\" class=\"aligncenter wp-image-16553 size-full\" src=\"https:\/\/www.cupssupplier.com\/wp-content\/uploads\/2025\/03\/4-16.webp\" alt=\"wholesale stainless steel vacuum insulated bottle\" width=\"750\" height=\"1360\" srcset=\"https:\/\/www.cupssupplier.com\/wp-content\/uploads\/2025\/03\/4-16.webp 750w, https:\/\/www.cupssupplier.com\/wp-content\/uploads\/2025\/03\/4-16-165x300.webp 165w, https:\/\/www.cupssupplier.com\/wp-content\/uploads\/2025\/03\/4-16-565x1024.webp 565w, https:\/\/www.cupssupplier.com\/wp-content\/uploads\/2025\/03\/4-16-300x544.webp 300w, https:\/\/www.cupssupplier.com\/wp-content\/uploads\/2025\/03\/4-16-600x1088.webp 600w\" sizes=\"auto, (max-width: 750px) 100vw, 750px\" title=\"\"><\/p>\n<p data-start=\"1101\" data-end=\"2049\">Vous recherchez des bouteilles en acier inoxydable de haute qualit\u00e9 en gros ? Nous sommes sp\u00e9cialis\u00e9s dans les couleurs personnalis\u00e9es, la gravure de logo et les prix de gros pour aider les entreprises \u00e0 cr\u00e9er des articles de boisson haut de gamme personnalis\u00e9s. Contactez-nous d\u00e8s aujourd\u2019hui pour obtenir un devis et commencer \u00e0 personnaliser votre commande !<\/p>\n","protected":false},"excerpt":{"rendered":"<p data-start=\"178\" data-end=\"735\">Restez hydrat\u00e9 toute la journ\u00e9e avec notre bouteille isotherme en acier inoxydable vendue en gros ! Fabriqu\u00e9e en acier inoxydable 304 ou 316 de qualit\u00e9 sup\u00e9rieure, elle dispose d\u2019une isolation sous vide \u00e0 double paroi qui garde les boissons chaudes pendant 12 heures et froides pendant 24 heures. Son design ergonomique et \u00e9l\u00e9gant est disponible dans une vari\u00e9t\u00e9 de finitions : mate, caoutchout\u00e9e, d\u00e9grad\u00e9e, brillante ou martel\u00e9e. Id\u00e9ale pour les entreprises, cadeaux d\u2019entreprise et la vente au d\u00e9tail, avec logo personnalisable via s\u00e9rigraphie, gravure laser ou impression 3D.<\/p>\n","protected":false},"featured_media":17109,"template":"","meta":{"om_disable_all_campaigns":false},"product_brand":[],"product_cat":[283],"product_tag":[],"class_list":{"0":"post-17107","1":"product","2":"type-product","3":"status-publish","4":"has-post-thumbnail","6":"product_cat-gourde-en-acier-inoxydable","8":"first","9":"instock","10":"shipping-taxable","11":"product-type-simple"},"_links":{"self":[{"href":"https:\/\/www.cupssupplier.com\/fr\/wp-json\/wp\/v2\/product\/17107","targetHints":{"allow":["GET"]}}],"collection":[{"href":"https:\/\/www.cupssupplier.com\/fr\/wp-json\/wp\/v2\/product"}],"about":[{"href":"https:\/\/www.cupssupplier.com\/fr\/wp-json\/wp\/v2\/types\/product"}],"wp:featuredmedia":[{"embeddable":true,"href":"https:\/\/www.cupssupplier.com\/fr\/wp-json\/wp\/v2\/media\/17109"}],"wp:attachment":[{"href":"https:\/\/www.cupssupplier.com\/fr\/wp-json\/wp\/v2\/media?parent=17107"}],"wp:term":[{"taxonomy":"product_brand","embeddable":true,"href":"https:\/\/www.cupssupplier.com\/fr\/wp-json\/wp\/v2\/product_brand?post=17107"},{"taxonomy":"product_cat","embeddable":true,"href":"https:\/\/www.cupssupplier.com\/fr\/wp-json\/wp\/v2\/product_cat?post=17107"},{"taxonomy":"product_tag","embeddable":true,"href":"https:\/\/www.cupssupplier.com\/fr\/wp-json\/wp\/v2\/product_tag?post=17107"}],"curies":[{"name":"wp","href":"https:\/\/api.w.org\/{rel}","templated":true}]}}