{"id":16741,"date":"2025-03-14T02:07:17","date_gmt":"2025-03-14T06:07:17","guid":{"rendered":"https:\/\/www.cupssupplier.com\/product\/double-couvercle-double-bouteille-magic-sports-straw-cup\/"},"modified":"2025-04-12T08:26:27","modified_gmt":"2025-04-12T12:26:27","slug":"double-couvercle-double-bouteille-magic-sports-straw-cup","status":"publish","type":"product","link":"https:\/\/www.cupssupplier.com\/fr\/double-couvercle-double-bouteille-magic-sports-straw-cup\/","title":{"rendered":"Double couvercle Double bouteille Magic Sports Straw Cup"},"content":{"rendered":"<p>Le <strong data-start=\"1763\" data-end=\"1814\">gobelet \u00e0 paille Double Lid Double Bottle Magic Sports Straw Cup<\/strong> pr\u00e9sente un <strong data-start=\"1824\" data-end=\"1869\">design \u00e9l\u00e9gant et moderne avec une finition lisse<\/strong>, disponible dans une gamme de <strong data-start=\"1895\" data-end=\"1947\">couleurs mates, brillantes, d\u00e9grad\u00e9es ou poudr\u00e9es<\/strong>. Sa <strong data-start=\"1953\" data-end=\"1972\">forme ergonomique<\/strong> assure une prise en main confortable, tandis que les <strong data-start=\"2011\" data-end=\"2032\">deux couvercles s\u00e9par\u00e9s<\/strong> permettent d&rsquo;acc\u00e9der facilement \u00e0 diff\u00e9rentes boissons. Cette <strong data-start=\"2079\" data-end=\"2100\">bouteille innovante<\/strong> est parfaite pour tous ceux qui aiment la commodit\u00e9, l&rsquo;hydratation et le style.  <\/p>\n<p data-start=\"534\" data-end=\"930\">Say goodbye to carrying multiple bottles! The <strong data-start=\"580\" data-end=\"631\">Double Lid Double Bottle Magic Sports Straw Cup<\/strong> is uniquely designed to <strong data-start=\"656\" data-end=\"700\">hold two different drinks simultaneously<\/strong> while maintaining their ideal temperatures. Whether you want <strong data-start=\"762\" data-end=\"816\">water on one side and an energy drink on the other<\/strong>, or <strong data-start=\"821\" data-end=\"855\">hot coffee and a cold smoothie<\/strong>, this <strong data-start=\"862\" data-end=\"896\">dual-compartment sports bottle<\/strong> offers the best of both worlds.  <\/p>\n<h4 data-start=\"932\" data-end=\"956\"><strong data-start=\"937\" data-end=\"954\">Caract\u00e9ristiques principales :<\/strong><\/h4>\n<p data-start=\"957\" data-end=\"1726\">\u2705 <strong data-start=\"959\" data-end=\"986\">Dual-Compartment Design<\/strong> \u2013 Carry <strong data-start=\"995\" data-end=\"1019\">two beverages in one<\/strong> bottle, perfect for mixing or switching drinks.<br data-start=\"1067\" data-end=\"1070\">\u2705 <strong data-start=\"1072\" data-end=\"1106\">Double Lid &amp; Dual Straw System<\/strong> \u2013 Each side has <strong data-start=\"1123\" data-end=\"1148\">its own lid and straw<\/strong> for easy access.<br data-start=\"1165\" data-end=\"1168\">\u2705 <strong data-start=\"1170\" data-end=\"1203\">Double-Wall Vacuum Insulation<\/strong> \u2013 Keeps <strong data-start=\"1212\" data-end=\"1250\">cold drinks icy for up to 24 hours<\/strong> and <strong data-start=\"1255\" data-end=\"1287\">hot drinks warm for 12 hours<\/strong>.<br data-start=\"1288\" data-end=\"1291\">\u2705 <strong data-start=\"1293\" data-end=\"1320\">Premium Stainless Steel<\/strong> \u2013 Made with <strong data-start=\"1333\" data-end=\"1367\">food-grade 304 stainless steel<\/strong>, ensuring durability and safety.<br data-start=\"1400\" data-end=\"1403\">\u2705 <strong data-start=\"1405\" data-end=\"1437\">Leak-Proof &amp; Spill-Resistant<\/strong> \u2013 Secure lids prevent unwanted leaks, making it ideal for <strong data-start=\"1496\" data-end=\"1532\">sports, travel, and everyday use<\/strong>.<br data-start=\"1533\" data-end=\"1536\">\u2705 <strong data-start=\"1538\" data-end=\"1566\" data-is-only-node=\"\">Custom Colors &amp; Branding<\/strong> \u2013 Personalize with <strong data-start=\"1586\" data-end=\"1643\">screen printing, laser engraving, or 3D logo printing<\/strong>.<br data-start=\"1644\" data-end=\"1647\">\u2705 <strong data-start=\"1649\" data-end=\"1676\">Eco-Friendly &amp; BPA-Free<\/strong> \u2013 A sustainable alternative to plastic bottles.<\/p>\n<p><img loading=\"lazy\" decoding=\"async\" class=\"aligncenter wp-image-16608 size-full\" src=\"https:\/\/www.cupssupplier.com\/wp-content\/uploads\/2025\/03\/3-26.webp\" alt=\"double lid double bottle magic sports straw cup\" width=\"800\" height=\"800\" srcset=\"https:\/\/www.cupssupplier.com\/wp-content\/uploads\/2025\/03\/3-26.webp 800w, https:\/\/www.cupssupplier.com\/wp-content\/uploads\/2025\/03\/3-26-300x300.webp 300w, https:\/\/www.cupssupplier.com\/wp-content\/uploads\/2025\/03\/3-26-150x150.webp 150w, https:\/\/www.cupssupplier.com\/wp-content\/uploads\/2025\/03\/3-26-768x768.webp 768w, https:\/\/www.cupssupplier.com\/wp-content\/uploads\/2025\/03\/3-26-600x600.webp 600w, https:\/\/www.cupssupplier.com\/wp-content\/uploads\/2025\/03\/3-26-100x100.webp 100w\" sizes=\"auto, (max-width: 800px) 100vw, 800px\" title=\"\"><img loading=\"lazy\" decoding=\"async\" class=\"wp-image-16610 aligncenter\" src=\"https:\/\/www.cupssupplier.com\/wp-content\/uploads\/2025\/03\/6-15.webp\" alt=\"double lid double bottle magic sports straw cup\" width=\"800\" height=\"1067\" srcset=\"https:\/\/www.cupssupplier.com\/wp-content\/uploads\/2025\/03\/6-15.webp 750w, https:\/\/www.cupssupplier.com\/wp-content\/uploads\/2025\/03\/6-15-225x300.webp 225w, https:\/\/www.cupssupplier.com\/wp-content\/uploads\/2025\/03\/6-15-300x400.webp 300w, https:\/\/www.cupssupplier.com\/wp-content\/uploads\/2025\/03\/6-15-600x800.webp 600w\" sizes=\"auto, (max-width: 800px) 100vw, 800px\" title=\"\"><img loading=\"lazy\" decoding=\"async\" class=\"aligncenter wp-image-16611 size-full\" src=\"https:\/\/www.cupssupplier.com\/wp-content\/uploads\/2025\/03\/4-22.webp\" alt=\"double lid double bottle magic sports straw cup\" width=\"800\" height=\"800\" srcset=\"https:\/\/www.cupssupplier.com\/wp-content\/uploads\/2025\/03\/4-22.webp 800w, https:\/\/www.cupssupplier.com\/wp-content\/uploads\/2025\/03\/4-22-300x300.webp 300w, https:\/\/www.cupssupplier.com\/wp-content\/uploads\/2025\/03\/4-22-150x150.webp 150w, https:\/\/www.cupssupplier.com\/wp-content\/uploads\/2025\/03\/4-22-768x768.webp 768w, https:\/\/www.cupssupplier.com\/wp-content\/uploads\/2025\/03\/4-22-600x600.webp 600w, https:\/\/www.cupssupplier.com\/wp-content\/uploads\/2025\/03\/4-22-100x100.webp 100w\" sizes=\"auto, (max-width: 800px) 100vw, 800px\" title=\"\"><img loading=\"lazy\" decoding=\"async\" class=\"aligncenter wp-image-16607 size-full\" src=\"https:\/\/www.cupssupplier.com\/wp-content\/uploads\/2025\/03\/2-26.webp\" alt=\"double lid double bottle magic sports straw cup\" width=\"800\" height=\"800\" srcset=\"https:\/\/www.cupssupplier.com\/wp-content\/uploads\/2025\/03\/2-26.webp 800w, https:\/\/www.cupssupplier.com\/wp-content\/uploads\/2025\/03\/2-26-300x300.webp 300w, https:\/\/www.cupssupplier.com\/wp-content\/uploads\/2025\/03\/2-26-150x150.webp 150w, https:\/\/www.cupssupplier.com\/wp-content\/uploads\/2025\/03\/2-26-768x768.webp 768w, https:\/\/www.cupssupplier.com\/wp-content\/uploads\/2025\/03\/2-26-600x600.webp 600w, https:\/\/www.cupssupplier.com\/wp-content\/uploads\/2025\/03\/2-26-100x100.webp 100w\" sizes=\"auto, (max-width: 800px) 100vw, 800px\" title=\"\"><img loading=\"lazy\" decoding=\"async\" class=\"aligncenter wp-image-16606 size-full\" src=\"https:\/\/www.cupssupplier.com\/wp-content\/uploads\/2025\/03\/1-22.webp\" alt=\"double lid double bottle magic sports straw cup\" width=\"800\" height=\"800\" srcset=\"https:\/\/www.cupssupplier.com\/wp-content\/uploads\/2025\/03\/1-22.webp 800w, https:\/\/www.cupssupplier.com\/wp-content\/uploads\/2025\/03\/1-22-300x300.webp 300w, https:\/\/www.cupssupplier.com\/wp-content\/uploads\/2025\/03\/1-22-150x150.webp 150w, https:\/\/www.cupssupplier.com\/wp-content\/uploads\/2025\/03\/1-22-768x768.webp 768w, https:\/\/www.cupssupplier.com\/wp-content\/uploads\/2025\/03\/1-22-600x600.webp 600w, https:\/\/www.cupssupplier.com\/wp-content\/uploads\/2025\/03\/1-22-100x100.webp 100w\" sizes=\"auto, (max-width: 800px) 100vw, 800px\" title=\"\"><\/p>\n<p>Cerchi una borraccia sportiva innovativa e <strong data-start=\"2640\" data-end=\"2682\">personalizzabile per il tuo marchio<\/strong> o la tua attivit\u00e0? Offriamo ordini all&rsquo;ingrosso <strong data-start=\"2720\" data-end=\"2794\">con colori, loghi e finiture di alta qualit\u00e0 personalizzati.<\/strong><strong data-start=\"2806\" data-end=\"2866\"> Ideale per palestre, regali aziendali, vendita al dettaglio e omaggi promozionali. <\/strong>Contattaci oggi stesso per <strong data-start=\"2889\" data-end=\"2936\">prezzi all&rsquo;ingrosso e opzioni di personalizzazione!<\/strong>   <\/p>\n","protected":false},"excerpt":{"rendered":"<p>Scopri la <strong data-start=\"50\" data-end=\"101\">Double Lid Double Bottle Magic Sports Straw Cup:<\/strong> una vera rivoluzione nell&rsquo;idratazione! Con un innovativo design a <strong data-start=\"150\" data-end=\"173\">doppio scomparto, <\/strong>questa borraccia ti permette di trasportare <strong data-start=\"202\" data-end=\"236\">due bevande diverse in una. <\/strong>Perfetta per atleti, frequentatori di palestra e viaggiatori,<strong data-start=\"298\" data-end=\"369\"> \u00e8 dotata di due coperchi, cannucce integrate e una resistente struttura<\/strong> in acciaio inossidabile per la massima praticit\u00e0 e versatilit\u00e0. <strong data-start=\"425\" data-end=\"442\">Disponibile in colori<\/strong> personalizzati con possibilit\u00e0 di stampa del logo.   <\/p>\n","protected":false},"featured_media":16744,"template":"","meta":{"om_disable_all_campaigns":false},"product_brand":[],"product_cat":[284],"product_tag":[],"class_list":{"0":"post-16741","1":"product","2":"type-product","3":"status-publish","4":"has-post-thumbnail","6":"product_cat-gobelet","8":"first","9":"instock","10":"shipping-taxable","11":"product-type-simple"},"_links":{"self":[{"href":"https:\/\/www.cupssupplier.com\/fr\/wp-json\/wp\/v2\/product\/16741","targetHints":{"allow":["GET"]}}],"collection":[{"href":"https:\/\/www.cupssupplier.com\/fr\/wp-json\/wp\/v2\/product"}],"about":[{"href":"https:\/\/www.cupssupplier.com\/fr\/wp-json\/wp\/v2\/types\/product"}],"wp:featuredmedia":[{"embeddable":true,"href":"https:\/\/www.cupssupplier.com\/fr\/wp-json\/wp\/v2\/media\/16744"}],"wp:attachment":[{"href":"https:\/\/www.cupssupplier.com\/fr\/wp-json\/wp\/v2\/media?parent=16741"}],"wp:term":[{"taxonomy":"product_brand","embeddable":true,"href":"https:\/\/www.cupssupplier.com\/fr\/wp-json\/wp\/v2\/product_brand?post=16741"},{"taxonomy":"product_cat","embeddable":true,"href":"https:\/\/www.cupssupplier.com\/fr\/wp-json\/wp\/v2\/product_cat?post=16741"},{"taxonomy":"product_tag","embeddable":true,"href":"https:\/\/www.cupssupplier.com\/fr\/wp-json\/wp\/v2\/product_tag?post=16741"}],"curies":[{"name":"wp","href":"https:\/\/api.w.org\/{rel}","templated":true}]}}