{"id":20696,"date":"2024-09-19T04:40:52","date_gmt":"2024-09-19T08:40:52","guid":{"rendered":"https:\/\/www.cupssupplier.com\/product\/500ml-stainless-steel-water-bottle\/"},"modified":"2025-05-29T02:16:45","modified_gmt":"2025-05-29T06:16:45","slug":"500ml-stainless-steel-water-bottle","status":"publish","type":"product","link":"https:\/\/www.cupssupplier.com\/es\/500ml-stainless-steel-water-bottle\/","title":{"rendered":"Botella de Agua de Acero Inoxidable de 500 ml al por Mayor"},"content":{"rendered":"<p class=\"\" data-start=\"6910\" data-end=\"7009\"><strong data-start=\"6910\" data-end=\"7009\">Botella de Agua de Acero Inoxidable de 500 ml al por Mayor \u2013 Hidrataci\u00f3n Ecol\u00f3gica y Resistente<\/strong><\/p>\n<p class=\"\" data-start=\"7011\" data-end=\"7170\">Experimenta el equilibrio perfecto entre funcionalidad y estilo con la botella de agua de acero inoxidable de 500 ml al por mayor. Esta botella premium ofrece:<\/p>\n<ul data-start=\"7172\" data-end=\"7712\">\n<li class=\"\" data-start=\"7172\" data-end=\"7279\">\n<p class=\"\" data-start=\"7174\" data-end=\"7279\"><strong data-start=\"7174\" data-end=\"7198\">Aislamiento superior<\/strong>: Mantiene las bebidas calientes hasta por 12 horas o fr\u00edas hasta por 24 horas.<\/p>\n<\/li>\n<li class=\"\" data-start=\"7280\" data-end=\"7398\">\n<p class=\"\" data-start=\"7282\" data-end=\"7398\"><strong data-start=\"7282\" data-end=\"7310\">Ecol\u00f3gica y reutilizable<\/strong>: Fabricada con acero inoxidable de alta calidad y libre de BPA para reducir residuos.<\/p>\n<\/li>\n<li class=\"\" data-start=\"7399\" data-end=\"7503\">\n<p class=\"\" data-start=\"7401\" data-end=\"7503\"><strong data-start=\"7401\" data-end=\"7431\">Dise\u00f1o elegante y port\u00e1til<\/strong>: Tama\u00f1o compacto de 500 ml, ideal para mochilas, portavasos y bolsos.<\/p>\n<\/li>\n<li class=\"\" data-start=\"7504\" data-end=\"7609\">\n<p class=\"\" data-start=\"7506\" data-end=\"7609\"><strong data-start=\"7506\" data-end=\"7538\">A prueba de fugas y duradera<\/strong>: Dise\u00f1ada para un estilo de vida activo, sin derrames ni accidentes.<\/p>\n<\/li>\n<li class=\"\" data-start=\"7610\" data-end=\"7712\">\n<p class=\"\" data-start=\"7612\" data-end=\"7712\"><strong data-start=\"7612\" data-end=\"7628\">Uso vers\u00e1til<\/strong>: Perfecta para el gimnasio, la oficina, aventuras al aire libre o como regalo \u00fatil.<\/p>\n<\/li>\n<\/ul>\n<p class=\"\" data-start=\"7714\" data-end=\"7863\">Mantente hidratado donde sea con la botella de agua de acero inoxidable de 500 ml al por mayor: la combinaci\u00f3n ideal de practicidad y sostenibilidad.<\/p>\n<p class=\"\" data-start=\"7865\" data-end=\"8130\"><strong data-start=\"7865\" data-end=\"8130\">Hidr\u00e1tate con estilo con nuestra botella de 500 ml al por mayor. Resistente, ecol\u00f3gica y conveniente, mantiene tus bebidas calientes o fr\u00edas durante horas. Ideal para entrenamientos, viajes o el d\u00eda a d\u00eda: tu compa\u00f1era confiable para una hidrataci\u00f3n consciente.<\/strong><\/p>\n<p><img loading=\"lazy\" decoding=\"async\" class=\"aligncenter wp-image-1481 size-full\" src=\"https:\/\/www.cupssupplier.com\/wp-content\/uploads\/2024\/09\/2-1.webp\" alt=\"500ml stainless steel water bottle\" width=\"750\" height=\"602\" srcset=\"https:\/\/www.cupssupplier.com\/wp-content\/uploads\/2024\/09\/2-1.webp 750w, https:\/\/www.cupssupplier.com\/wp-content\/uploads\/2024\/09\/2-1-300x241.webp 300w, https:\/\/www.cupssupplier.com\/wp-content\/uploads\/2024\/09\/2-1-600x482.webp 600w, https:\/\/www.cupssupplier.com\/wp-content\/uploads\/2024\/09\/2-1-15x12.webp 15w\" sizes=\"auto, (max-width: 750px) 100vw, 750px\" title=\"\"><img loading=\"lazy\" decoding=\"async\" class=\"aligncenter wp-image-1482 size-full\" src=\"https:\/\/www.cupssupplier.com\/wp-content\/uploads\/2024\/09\/3-1.webp\" alt=\"500ml Stainless Steel Water Bottle\" width=\"750\" height=\"602\" srcset=\"https:\/\/www.cupssupplier.com\/wp-content\/uploads\/2024\/09\/3-1.webp 750w, https:\/\/www.cupssupplier.com\/wp-content\/uploads\/2024\/09\/3-1-300x241.webp 300w, https:\/\/www.cupssupplier.com\/wp-content\/uploads\/2024\/09\/3-1-600x482.webp 600w, https:\/\/www.cupssupplier.com\/wp-content\/uploads\/2024\/09\/3-1-15x12.webp 15w\" sizes=\"auto, (max-width: 750px) 100vw, 750px\" title=\"\"><\/p>\n<p><img loading=\"lazy\" decoding=\"async\" class=\"aligncenter wp-image-1480 size-full\" src=\"https:\/\/www.cupssupplier.com\/wp-content\/uploads\/2024\/09\/1-1.webp\" alt=\"500ml Stainless Steel Water Bottle\" width=\"750\" height=\"602\" srcset=\"https:\/\/www.cupssupplier.com\/wp-content\/uploads\/2024\/09\/1-1.webp 750w, https:\/\/www.cupssupplier.com\/wp-content\/uploads\/2024\/09\/1-1-300x241.webp 300w, https:\/\/www.cupssupplier.com\/wp-content\/uploads\/2024\/09\/1-1-600x482.webp 600w, https:\/\/www.cupssupplier.com\/wp-content\/uploads\/2024\/09\/1-1-15x12.webp 15w\" sizes=\"auto, (max-width: 750px) 100vw, 750px\" title=\"\"><img loading=\"lazy\" decoding=\"async\" class=\"aligncenter wp-image-1483 size-full\" src=\"https:\/\/www.cupssupplier.com\/wp-content\/uploads\/2024\/09\/4-1.webp\" alt=\"500ml Stainless Steel Water Bottle\" width=\"750\" height=\"602\" srcset=\"https:\/\/www.cupssupplier.com\/wp-content\/uploads\/2024\/09\/4-1.webp 750w, https:\/\/www.cupssupplier.com\/wp-content\/uploads\/2024\/09\/4-1-300x241.webp 300w, https:\/\/www.cupssupplier.com\/wp-content\/uploads\/2024\/09\/4-1-600x482.webp 600w, https:\/\/www.cupssupplier.com\/wp-content\/uploads\/2024\/09\/4-1-15x12.webp 15w\" sizes=\"auto, (max-width: 750px) 100vw, 750px\" title=\"\"><\/p>\n","protected":false},"excerpt":{"rendered":"<p><strong data-start=\"4196\" data-end=\"4301\">Mantente hidratado con estilo con nuestra botella de agua de acero inoxidable de 500 ml al por mayor.<\/strong><br data-start=\"4301\" data-end=\"4304\" \/>Duradera, ecol\u00f3gica y dise\u00f1ada para la comodidad, esta elegante botella mantiene tus bebidas calientes o fr\u00edas durante horas. Perfecta para entrenamientos, viajes o el uso diario: es tu compa\u00f1era ideal de hidrataci\u00f3n.<\/p>\n","protected":false},"featured_media":3298,"template":"","meta":{"om_disable_all_campaigns":false},"product_brand":[],"product_cat":[324],"product_tag":[],"class_list":{"0":"post-20696","1":"product","2":"type-product","3":"status-publish","4":"has-post-thumbnail","6":"product_cat-botella-de-agua-de-acero-inoxidable","8":"first","9":"instock","10":"shipping-taxable","11":"product-type-simple"},"_links":{"self":[{"href":"https:\/\/www.cupssupplier.com\/es\/wp-json\/wp\/v2\/product\/20696","targetHints":{"allow":["GET"]}}],"collection":[{"href":"https:\/\/www.cupssupplier.com\/es\/wp-json\/wp\/v2\/product"}],"about":[{"href":"https:\/\/www.cupssupplier.com\/es\/wp-json\/wp\/v2\/types\/product"}],"wp:featuredmedia":[{"embeddable":true,"href":"https:\/\/www.cupssupplier.com\/es\/wp-json\/wp\/v2\/media\/3298"}],"wp:attachment":[{"href":"https:\/\/www.cupssupplier.com\/es\/wp-json\/wp\/v2\/media?parent=20696"}],"wp:term":[{"taxonomy":"product_brand","embeddable":true,"href":"https:\/\/www.cupssupplier.com\/es\/wp-json\/wp\/v2\/product_brand?post=20696"},{"taxonomy":"product_cat","embeddable":true,"href":"https:\/\/www.cupssupplier.com\/es\/wp-json\/wp\/v2\/product_cat?post=20696"},{"taxonomy":"product_tag","embeddable":true,"href":"https:\/\/www.cupssupplier.com\/es\/wp-json\/wp\/v2\/product_tag?post=20696"}],"curies":[{"name":"wp","href":"https:\/\/api.w.org\/{rel}","templated":true}]}}